{"id":778,"date":"2022-06-13T18:50:34","date_gmt":"2022-06-13T16:50:34","guid":{"rendered":"https:\/\/infoseite.lmente.de\/?page_id=778"},"modified":"2023-05-07T23:07:51","modified_gmt":"2023-05-07T21:07:51","slug":"%d0%bf%d1%80%d0%be%d0%b6%d0%b8%d0%b2%d0%b0%d1%82%d0%b8","status":"publish","type":"page","link":"https:\/\/behinderung-und-flucht.isl-ev.de\/uk\/%d0%bf%d1%80%d0%be%d0%b6%d0%b8%d0%b2%d0%b0%d1%82%d0%b8\/","title":{"rendered":"\u041f\u0440\u043e\u0436\u0438\u0432\u0430\u0442\u0438"},"content":{"rendered":"\n<h3 class=\"wp-block-heading\">\u041a\u043e\u0440\u0438\u0441\u043d\u0456 \u043f\u043e\u0441\u0438\u043b\u0430\u043d\u043d\u044f \u0434\u043b\u044f \u043f\u043e\u0448\u0443\u043a\u0443 \u0436\u0438\u0442\u043b\u0430:<\/h3>\n\n\n\n<p>\u0416\u0438\u0442\u0442\u044f \u0431\u0435\u0437 \u0431\u0430\u0440\u2019\u0454\u0440\u0456\u0432 \u0442\u0430\/\u0430\u0431\u043e \u0436\u0438\u0442\u0442\u044f, \u044f\u043a\u0435 \u0431\u0430\u0437\u0443\u0454\u0442\u044c\u0441\u044f \u043d\u0430 \u043f\u043e\u0442\u0440\u0435\u0431\u0430\u0445, \u0454 \u043d\u0435\u043e\u0431\u0445\u0456\u0434\u043d\u043e\u044e \u0443\u043c\u043e\u0432\u043e\u044e \u0434\u043b\u044f \u0443\u0447\u0430\u0441\u0442\u0456 \u0432 \u0436\u0438\u0442\u0442\u0456 \u0441\u0443\u0441\u043f\u0456\u043b\u044c\u0441\u0442\u0432\u0430.<\/p>\n\n\n\n<div class=\"wp-block-columns kachelmenu is-layout-flex wp-container-core-columns-is-layout-9d6595d7 wp-block-columns-is-layout-flex\">\n<div class=\"wp-block-column kachelspalte is-layout-flow wp-block-column-is-layout-flow\">\n<h4 class=\"wp-block-heading\">\u041f\u0440\u043e\u0436\u0438\u0432\u0430\u043d\u043d\u044f \u0423\u043a\u0440\u0430\u0457\u043d\u0430<\/h4>\n\n\n\n<p>\u041f\u043b\u0430\u0442\u0444\u043e\u0440\u043c\u0430 \u0434\u043b\u044f \u043f\u0440\u044f\u043c\u043e\u0433\u043e \u0437\u0432\u2019\u044f\u0437\u043a\u0443 \u0442\u0430 \u0441\u043e\u043b\u0456\u0434\u0430\u0440\u043d\u043e\u0441\u0442\u0456<\/p>\n\n\n\n<div class=\"wp-block-buttons is-layout-flex wp-block-buttons-is-layout-flex\">\n<div class=\"wp-block-button\"><a class=\"wp-block-button__link wp-element-button\" href=\"https:\/\/unterkunft-ukraine.de\/?lang=uk\">\u0412\u0456\u0434\u0432\u0456\u0434\u0430\u0439\u0442\u0435 \u0441\u0430\u0439\u0442<\/a><\/div>\n<\/div>\n<\/div>\n\n\n\n<div class=\"wp-block-column is-layout-flow wp-block-column-is-layout-flow\">\n<h4 class=\"wp-block-heading\">Wunderflats<\/h4>\n\n\n\n<p><\/p>\n\n\n\n<div class=\"wp-block-buttons is-layout-flex wp-block-buttons-is-layout-flex\">\n<div class=\"wp-block-button\"><a class=\"wp-block-button__link wp-element-button\" href=\"https:\/\/wunderflats.com\/page\/ukraine\/tenants-in-need-en\">\u0412\u0456\u0434\u0432\u0456\u0434\u0430\u0439\u0442\u0435 \u0441\u0430\u0439\u0442<\/a><\/div>\n<\/div>\n<\/div>\n\n\n\n<div class=\"wp-block-column kachelspalte is-layout-flow wp-block-column-is-layout-flow\">\n<h4 class=\"wp-block-heading\">Drk Wohlfahrt<\/h4>\n\n\n\n<p>\u041f\u0456\u0434\u0442\u0440\u0438\u043c\u043a\u0430 \u043b\u044e\u0434\u0435\u0439 \u0437 \u043e\u0431\u043c\u0435\u0436\u0435\u043d\u0438\u043c\u0438 \u043c\u043e\u0436\u043b\u0438\u0432\u043e\u0441\u0442\u044f\u043c\u0438 \u0442\u0430\/\u0430\u0431\u043e \u043f\u043e\u0442\u0440\u0435\u0431\u0430\u043c\u0438 \u0434\u043e\u0433\u043b\u044f\u0434\u0443 \u0432 \u0431\u0456\u0433\u0443<\/p>\n\n\n\n<div class=\"wp-block-buttons is-layout-flex wp-block-buttons-is-layout-flex\">\n<div class=\"wp-block-button\"><a class=\"wp-block-button__link wp-element-button\" href=\"https:\/\/drk-wohlfahrt.de\/bundeskontaktstelle\/\">\u0412\u0456\u0434\u0432\u0456\u0434\u0430\u0439\u0442\u0435 \u0441\u0430\u0439\u0442<\/a><\/div>\n<\/div>\n<\/div>\n<\/div>\n\n\n\n<div class=\"wp-block-columns kachelmenu is-layout-flex wp-container-core-columns-is-layout-9d6595d7 wp-block-columns-is-layout-flex\">\n<div class=\"wp-block-column kachelspalte is-layout-flow wp-block-column-is-layout-flow\">\n<h4 class=\"wp-block-heading\">\u0412 \u043f\u0440\u043e\u0446\u0435\u0441\u0456<\/h4>\n\n\n\n<p><\/p>\n\n\n\n<div class=\"wp-block-buttons is-layout-flex wp-block-buttons-is-layout-flex\">\n<div class=\"wp-block-button\"><a class=\"wp-block-button__link wp-element-button\">\u0412 \u043f\u0440\u043e\u0446\u0435\u0441\u0456<\/a><\/div>\n<\/div>\n<\/div>\n\n\n\n<div class=\"wp-block-column kachelspalte is-layout-flow wp-block-column-is-layout-flow\">\n<h4 class=\"wp-block-heading\">\u0412 \u043f\u0440\u043e\u0446\u0435\u0441\u0456<\/h4>\n\n\n\n<p><\/p>\n\n\n\n<div class=\"wp-block-buttons is-layout-flex wp-block-buttons-is-layout-flex\">\n<div class=\"wp-block-button\"><a class=\"wp-block-button__link wp-element-button\">\u0412 \u043f\u0440\u043e\u0446\u0435\u0441\u0456<\/a><\/div>\n<\/div>\n<\/div>\n\n\n\n<div class=\"wp-block-column is-layout-flow wp-block-column-is-layout-flow\">\n<h4 class=\"wp-block-heading\">\u0412 \u043f\u0440\u043e\u0446\u0435\u0441\u0456<\/h4>\n\n\n\n<p><\/p>\n<\/div>\n<\/div>\n","protected":false},"excerpt":{"rendered":"<p>\u041a\u043e\u0440\u0438\u0441\u043d\u0456 \u043f\u043e\u0441\u0438\u043b\u0430\u043d\u043d\u044f \u0434\u043b\u044f \u043f\u043e\u0448\u0443\u043a\u0443 \u0436\u0438\u0442\u043b\u0430: \u0416\u0438\u0442\u0442\u044f \u0431\u0435\u0437 \u0431\u0430\u0440\u2019\u0454\u0440\u0456\u0432 \u0442\u0430\/\u0430\u0431\u043e \u0436\u0438\u0442\u0442\u044f, \u044f\u043a\u0435 \u0431\u0430\u0437\u0443\u0454\u0442\u044c\u0441\u044f \u043d\u0430 \u043f\u043e\u0442\u0440\u0435\u0431\u0430\u0445, \u0454 \u043d\u0435\u043e\u0431\u0445\u0456\u0434\u043d\u043e\u044e \u0443\u043c\u043e\u0432\u043e\u044e \u0434\u043b\u044f \u0443\u0447\u0430\u0441\u0442\u0456 \u0432 \u0436\u0438\u0442\u0442\u0456 \u0441\u0443\u0441\u043f\u0456\u043b\u044c\u0441\u0442\u0432\u0430. \u041f\u0440\u043e\u0436\u0438\u0432\u0430\u043d\u043d\u044f \u0423\u043a\u0440\u0430\u0457\u043d\u0430 \u041f\u043b\u0430\u0442\u0444\u043e\u0440\u043c\u0430 \u0434\u043b\u044f \u043f\u0440\u044f\u043c\u043e\u0433\u043e \u0437\u0432\u2019\u044f\u0437\u043a\u0443 \u0442\u0430 \u0441\u043e\u043b\u0456\u0434\u0430\u0440\u043d\u043e\u0441\u0442\u0456 Wunderflats Drk Wohlfahrt \u041f\u0456\u0434\u0442\u0440\u0438\u043c\u043a\u0430 \u043b\u044e\u0434\u0435\u0439 \u0437 \u043e\u0431\u043c\u0435\u0436\u0435\u043d\u0438\u043c\u0438 \u043c\u043e\u0436\u043b\u0438\u0432\u043e\u0441\u0442\u044f\u043c\u0438 \u0442\u0430\/\u0430\u0431\u043e \u043f\u043e\u0442\u0440\u0435\u0431\u0430\u043c\u0438 \u0434\u043e\u0433\u043b\u044f\u0434\u0443 \u0432 \u0431\u0456\u0433\u0443 \u0412 \u043f\u0440\u043e\u0446\u0435\u0441\u0456 \u0412 \u043f\u0440\u043e\u0446\u0435\u0441\u0456 \u0412 \u043f\u0440\u043e\u0446\u0435\u0441\u0456<\/p>\n","protected":false},"author":1,"featured_media":0,"parent":0,"menu_order":103,"comment_status":"closed","ping_status":"closed","template":"","meta":{"ub_ctt_via":"","inline_featured_image":false,"_themeisle_gutenberg_block_has_review":false,"_mc_calendar":[],"footnotes":""},"categories":[],"tags":[],"class_list":["post-778","page","type-page","status-publish","hentry","entry"],"featured_image_src":null,"yoast_head":"<!-- This site is optimized with the Yoast SEO plugin v21.4 - https:\/\/yoast.com\/wordpress\/plugins\/seo\/ -->\n<title>\u041f\u0440\u043e\u0436\u0438\u0432\u0430\u0442\u0438 - Infoseite der Interessenvertretung Selbstbestimmt Leben in Deutschland e.V.<\/title>\n<meta name=\"description\" content=\"\u0416\u0438\u0442\u0442\u044f \u0431\u0435\u0437 \u0431\u0430\u0440\u2019\u0454\u0440\u0456\u0432 \u0442\u0430\/\u0430\u0431\u043e \u0436\u0438\u0442\u0442\u044f, \u044f\u043a\u0435 \u0431\u0430\u0437\u0443\u0454\u0442\u044c\u0441\u044f \u043d\u0430 \u043f\u043e\u0442\u0440\u0435\u0431\u0430\u0445, \u0454 \u043d\u0435\u043e\u0431\u0445\u0456\u0434\u043d\u043e\u044e \u0443\u043c\u043e\u0432\u043e\u044e \u0434\u043b\u044f \u0443\u0447\u0430\u0441\u0442\u0456 \u0432 \u0436\u0438\u0442\u0442\u0456 \u0441\u0443\u0441\u043f\u0456\u043b\u044c\u0441\u0442\u0432\u0430.\" \/>\n<meta name=\"robots\" content=\"index, follow, max-snippet:-1, max-image-preview:large, max-video-preview:-1\" \/>\n<link rel=\"canonical\" href=\"https:\/\/behinderung-und-flucht.isl-ev.de\/uk\/%d0%bf%d1%80%d0%be%d0%b6%d0%b8%d0%b2%d0%b0%d1%82%d0%b8\/\" \/>\n<meta property=\"og:locale\" content=\"uk_UA\" \/>\n<meta property=\"og:type\" content=\"article\" \/>\n<meta property=\"og:title\" content=\"\u041f\u0440\u043e\u0436\u0438\u0432\u0430\u0442\u0438 - Infoseite der Interessenvertretung Selbstbestimmt Leben in Deutschland e.V.\" \/>\n<meta property=\"og:description\" content=\"\u0416\u0438\u0442\u0442\u044f \u0431\u0435\u0437 \u0431\u0430\u0440\u2019\u0454\u0440\u0456\u0432 \u0442\u0430\/\u0430\u0431\u043e \u0436\u0438\u0442\u0442\u044f, \u044f\u043a\u0435 \u0431\u0430\u0437\u0443\u0454\u0442\u044c\u0441\u044f \u043d\u0430 \u043f\u043e\u0442\u0440\u0435\u0431\u0430\u0445, \u0454 \u043d\u0435\u043e\u0431\u0445\u0456\u0434\u043d\u043e\u044e \u0443\u043c\u043e\u0432\u043e\u044e \u0434\u043b\u044f \u0443\u0447\u0430\u0441\u0442\u0456 \u0432 \u0436\u0438\u0442\u0442\u0456 \u0441\u0443\u0441\u043f\u0456\u043b\u044c\u0441\u0442\u0432\u0430.\" \/>\n<meta property=\"og:url\" content=\"https:\/\/behinderung-und-flucht.isl-ev.de\/uk\/%d0%bf%d1%80%d0%be%d0%b6%d0%b8%d0%b2%d0%b0%d1%82%d0%b8\/\" \/>\n<meta property=\"og:site_name\" content=\"Infoseite der Interessenvertretung Selbstbestimmt Leben in Deutschland e.V.\" \/>\n<meta property=\"article:modified_time\" content=\"2023-05-07T21:07:51+00:00\" \/>\n<meta name=\"twitter:card\" content=\"summary_large_image\" \/>\n<meta name=\"twitter:label1\" content=\"\u041f\u0440\u0438\u0431\u043b. \u0447\u0430\u0441 \u0447\u0438\u0442\u0430\u043d\u043d\u044f\" \/>\n\t<meta name=\"twitter:data1\" content=\"1 \u0445\u0432\u0438\u043b\u0438\u043d\u0430\" \/>\n<script type=\"application\/ld+json\" class=\"yoast-schema-graph\">{\"@context\":\"https:\/\/schema.org\",\"@graph\":[{\"@type\":\"WebPage\",\"@id\":\"https:\/\/behinderung-und-flucht.isl-ev.de\/uk\/%d0%bf%d1%80%d0%be%d0%b6%d0%b8%d0%b2%d0%b0%d1%82%d0%b8\/\",\"url\":\"https:\/\/behinderung-und-flucht.isl-ev.de\/uk\/%d0%bf%d1%80%d0%be%d0%b6%d0%b8%d0%b2%d0%b0%d1%82%d0%b8\/\",\"name\":\"\u041f\u0440\u043e\u0436\u0438\u0432\u0430\u0442\u0438 - Infoseite der Interessenvertretung Selbstbestimmt Leben in Deutschland e.V.\",\"isPartOf\":{\"@id\":\"https:\/\/behinderung-und-flucht.isl-ev.de\/uk\/#website\"},\"datePublished\":\"2022-06-13T16:50:34+00:00\",\"dateModified\":\"2023-05-07T21:07:51+00:00\",\"description\":\"\u0416\u0438\u0442\u0442\u044f \u0431\u0435\u0437 \u0431\u0430\u0440\u2019\u0454\u0440\u0456\u0432 \u0442\u0430\/\u0430\u0431\u043e \u0436\u0438\u0442\u0442\u044f, \u044f\u043a\u0435 \u0431\u0430\u0437\u0443\u0454\u0442\u044c\u0441\u044f \u043d\u0430 \u043f\u043e\u0442\u0440\u0435\u0431\u0430\u0445, \u0454 \u043d\u0435\u043e\u0431\u0445\u0456\u0434\u043d\u043e\u044e \u0443\u043c\u043e\u0432\u043e\u044e \u0434\u043b\u044f \u0443\u0447\u0430\u0441\u0442\u0456 \u0432 \u0436\u0438\u0442\u0442\u0456 \u0441\u0443\u0441\u043f\u0456\u043b\u044c\u0441\u0442\u0432\u0430.\",\"breadcrumb\":{\"@id\":\"https:\/\/behinderung-und-flucht.isl-ev.de\/uk\/%d0%bf%d1%80%d0%be%d0%b6%d0%b8%d0%b2%d0%b0%d1%82%d0%b8\/#breadcrumb\"},\"inLanguage\":\"uk\",\"potentialAction\":[{\"@type\":\"ReadAction\",\"target\":[\"https:\/\/behinderung-und-flucht.isl-ev.de\/uk\/%d0%bf%d1%80%d0%be%d0%b6%d0%b8%d0%b2%d0%b0%d1%82%d0%b8\/\"]}]},{\"@type\":\"BreadcrumbList\",\"@id\":\"https:\/\/behinderung-und-flucht.isl-ev.de\/uk\/%d0%bf%d1%80%d0%be%d0%b6%d0%b8%d0%b2%d0%b0%d1%82%d0%b8\/#breadcrumb\",\"itemListElement\":[{\"@type\":\"ListItem\",\"position\":1,\"name\":\"Startseite\",\"item\":\"https:\/\/behinderung-und-flucht.isl-ev.de\/uk\/\"},{\"@type\":\"ListItem\",\"position\":2,\"name\":\"\u041f\u0440\u043e\u0436\u0438\u0432\u0430\u0442\u0438\"}]},{\"@type\":\"WebSite\",\"@id\":\"https:\/\/behinderung-und-flucht.isl-ev.de\/uk\/#website\",\"url\":\"https:\/\/behinderung-und-flucht.isl-ev.de\/uk\/\",\"name\":\"Infoseite f\u00fcr gefl\u00fcchtete Menschen mit Behinderungen oder chronischen Erkrankungen\",\"description\":\"Informationen f\u00fcr gefl\u00fcchtete Menschen mit Behinderungen oder chronischen Erkrankungen\",\"publisher\":{\"@id\":\"https:\/\/behinderung-und-flucht.isl-ev.de\/uk\/#organization\"},\"alternateName\":\"Infoseite f\u00fcr gefl\u00fcchtete Menschen mit Behinderungen\",\"potentialAction\":[{\"@type\":\"SearchAction\",\"target\":{\"@type\":\"EntryPoint\",\"urlTemplate\":\"https:\/\/behinderung-und-flucht.isl-ev.de\/uk\/?s={search_term_string}\"},\"query-input\":\"required name=search_term_string\"}],\"inLanguage\":\"uk\"},{\"@type\":\"Organization\",\"@id\":\"https:\/\/behinderung-und-flucht.isl-ev.de\/uk\/#organization\",\"name\":\"Infoseite der Interessenvertretung Selbstbestimmt Leben in Deutschland e.V.\",\"url\":\"https:\/\/behinderung-und-flucht.isl-ev.de\/uk\/\",\"logo\":{\"@type\":\"ImageObject\",\"inLanguage\":\"uk\",\"@id\":\"https:\/\/behinderung-und-flucht.isl-ev.de\/uk\/#\/schema\/logo\/image\/\",\"url\":\"https:\/\/behinderung-und-flucht.isl-ev.de\/wp-content\/uploads\/2022\/09\/logo-infoseite-04.svg\",\"contentUrl\":\"https:\/\/behinderung-und-flucht.isl-ev.de\/wp-content\/uploads\/2022\/09\/logo-infoseite-04.svg\",\"caption\":\"Infoseite der Interessenvertretung Selbstbestimmt Leben in Deutschland e.V.\"},\"image\":{\"@id\":\"https:\/\/behinderung-und-flucht.isl-ev.de\/uk\/#\/schema\/logo\/image\/\"}}]}<\/script>\n<!-- \/ Yoast SEO plugin. -->","yoast_head_json":{"title":"\u041f\u0440\u043e\u0436\u0438\u0432\u0430\u0442\u0438 - Infoseite der Interessenvertretung Selbstbestimmt Leben in Deutschland e.V.","description":"\u0416\u0438\u0442\u0442\u044f \u0431\u0435\u0437 \u0431\u0430\u0440\u2019\u0454\u0440\u0456\u0432 \u0442\u0430\/\u0430\u0431\u043e \u0436\u0438\u0442\u0442\u044f, \u044f\u043a\u0435 \u0431\u0430\u0437\u0443\u0454\u0442\u044c\u0441\u044f \u043d\u0430 \u043f\u043e\u0442\u0440\u0435\u0431\u0430\u0445, \u0454 \u043d\u0435\u043e\u0431\u0445\u0456\u0434\u043d\u043e\u044e \u0443\u043c\u043e\u0432\u043e\u044e \u0434\u043b\u044f \u0443\u0447\u0430\u0441\u0442\u0456 \u0432 \u0436\u0438\u0442\u0442\u0456 \u0441\u0443\u0441\u043f\u0456\u043b\u044c\u0441\u0442\u0432\u0430.","robots":{"index":"index","follow":"follow","max-snippet":"max-snippet:-1","max-image-preview":"max-image-preview:large","max-video-preview":"max-video-preview:-1"},"canonical":"https:\/\/behinderung-und-flucht.isl-ev.de\/uk\/%d0%bf%d1%80%d0%be%d0%b6%d0%b8%d0%b2%d0%b0%d1%82%d0%b8\/","og_locale":"uk_UA","og_type":"article","og_title":"\u041f\u0440\u043e\u0436\u0438\u0432\u0430\u0442\u0438 - Infoseite der Interessenvertretung Selbstbestimmt Leben in Deutschland e.V.","og_description":"\u0416\u0438\u0442\u0442\u044f \u0431\u0435\u0437 \u0431\u0430\u0440\u2019\u0454\u0440\u0456\u0432 \u0442\u0430\/\u0430\u0431\u043e \u0436\u0438\u0442\u0442\u044f, \u044f\u043a\u0435 \u0431\u0430\u0437\u0443\u0454\u0442\u044c\u0441\u044f \u043d\u0430 \u043f\u043e\u0442\u0440\u0435\u0431\u0430\u0445, \u0454 \u043d\u0435\u043e\u0431\u0445\u0456\u0434\u043d\u043e\u044e \u0443\u043c\u043e\u0432\u043e\u044e \u0434\u043b\u044f \u0443\u0447\u0430\u0441\u0442\u0456 \u0432 \u0436\u0438\u0442\u0442\u0456 \u0441\u0443\u0441\u043f\u0456\u043b\u044c\u0441\u0442\u0432\u0430.","og_url":"https:\/\/behinderung-und-flucht.isl-ev.de\/uk\/%d0%bf%d1%80%d0%be%d0%b6%d0%b8%d0%b2%d0%b0%d1%82%d0%b8\/","og_site_name":"Infoseite der Interessenvertretung Selbstbestimmt Leben in Deutschland e.V.","article_modified_time":"2023-05-07T21:07:51+00:00","twitter_card":"summary_large_image","twitter_misc":{"\u041f\u0440\u0438\u0431\u043b. \u0447\u0430\u0441 \u0447\u0438\u0442\u0430\u043d\u043d\u044f":"1 \u0445\u0432\u0438\u043b\u0438\u043d\u0430"},"schema":{"@context":"https:\/\/schema.org","@graph":[{"@type":"WebPage","@id":"https:\/\/behinderung-und-flucht.isl-ev.de\/uk\/%d0%bf%d1%80%d0%be%d0%b6%d0%b8%d0%b2%d0%b0%d1%82%d0%b8\/","url":"https:\/\/behinderung-und-flucht.isl-ev.de\/uk\/%d0%bf%d1%80%d0%be%d0%b6%d0%b8%d0%b2%d0%b0%d1%82%d0%b8\/","name":"\u041f\u0440\u043e\u0436\u0438\u0432\u0430\u0442\u0438 - Infoseite der Interessenvertretung Selbstbestimmt Leben in Deutschland e.V.","isPartOf":{"@id":"https:\/\/behinderung-und-flucht.isl-ev.de\/uk\/#website"},"datePublished":"2022-06-13T16:50:34+00:00","dateModified":"2023-05-07T21:07:51+00:00","description":"\u0416\u0438\u0442\u0442\u044f \u0431\u0435\u0437 \u0431\u0430\u0440\u2019\u0454\u0440\u0456\u0432 \u0442\u0430\/\u0430\u0431\u043e \u0436\u0438\u0442\u0442\u044f, \u044f\u043a\u0435 \u0431\u0430\u0437\u0443\u0454\u0442\u044c\u0441\u044f \u043d\u0430 \u043f\u043e\u0442\u0440\u0435\u0431\u0430\u0445, \u0454 \u043d\u0435\u043e\u0431\u0445\u0456\u0434\u043d\u043e\u044e \u0443\u043c\u043e\u0432\u043e\u044e \u0434\u043b\u044f \u0443\u0447\u0430\u0441\u0442\u0456 \u0432 \u0436\u0438\u0442\u0442\u0456 \u0441\u0443\u0441\u043f\u0456\u043b\u044c\u0441\u0442\u0432\u0430.","breadcrumb":{"@id":"https:\/\/behinderung-und-flucht.isl-ev.de\/uk\/%d0%bf%d1%80%d0%be%d0%b6%d0%b8%d0%b2%d0%b0%d1%82%d0%b8\/#breadcrumb"},"inLanguage":"uk","potentialAction":[{"@type":"ReadAction","target":["https:\/\/behinderung-und-flucht.isl-ev.de\/uk\/%d0%bf%d1%80%d0%be%d0%b6%d0%b8%d0%b2%d0%b0%d1%82%d0%b8\/"]}]},{"@type":"BreadcrumbList","@id":"https:\/\/behinderung-und-flucht.isl-ev.de\/uk\/%d0%bf%d1%80%d0%be%d0%b6%d0%b8%d0%b2%d0%b0%d1%82%d0%b8\/#breadcrumb","itemListElement":[{"@type":"ListItem","position":1,"name":"Startseite","item":"https:\/\/behinderung-und-flucht.isl-ev.de\/uk\/"},{"@type":"ListItem","position":2,"name":"\u041f\u0440\u043e\u0436\u0438\u0432\u0430\u0442\u0438"}]},{"@type":"WebSite","@id":"https:\/\/behinderung-und-flucht.isl-ev.de\/uk\/#website","url":"https:\/\/behinderung-und-flucht.isl-ev.de\/uk\/","name":"Infoseite f\u00fcr gefl\u00fcchtete Menschen mit Behinderungen oder chronischen Erkrankungen","description":"Informationen f\u00fcr gefl\u00fcchtete Menschen mit Behinderungen oder chronischen Erkrankungen","publisher":{"@id":"https:\/\/behinderung-und-flucht.isl-ev.de\/uk\/#organization"},"alternateName":"Infoseite f\u00fcr gefl\u00fcchtete Menschen mit Behinderungen","potentialAction":[{"@type":"SearchAction","target":{"@type":"EntryPoint","urlTemplate":"https:\/\/behinderung-und-flucht.isl-ev.de\/uk\/?s={search_term_string}"},"query-input":"required name=search_term_string"}],"inLanguage":"uk"},{"@type":"Organization","@id":"https:\/\/behinderung-und-flucht.isl-ev.de\/uk\/#organization","name":"Infoseite der Interessenvertretung Selbstbestimmt Leben in Deutschland e.V.","url":"https:\/\/behinderung-und-flucht.isl-ev.de\/uk\/","logo":{"@type":"ImageObject","inLanguage":"uk","@id":"https:\/\/behinderung-und-flucht.isl-ev.de\/uk\/#\/schema\/logo\/image\/","url":"https:\/\/behinderung-und-flucht.isl-ev.de\/wp-content\/uploads\/2022\/09\/logo-infoseite-04.svg","contentUrl":"https:\/\/behinderung-und-flucht.isl-ev.de\/wp-content\/uploads\/2022\/09\/logo-infoseite-04.svg","caption":"Infoseite der Interessenvertretung Selbstbestimmt Leben in Deutschland e.V."},"image":{"@id":"https:\/\/behinderung-und-flucht.isl-ev.de\/uk\/#\/schema\/logo\/image\/"}}]}},"_links":{"self":[{"href":"https:\/\/behinderung-und-flucht.isl-ev.de\/uk\/wp-json\/wp\/v2\/pages\/778","targetHints":{"allow":["GET"]}}],"collection":[{"href":"https:\/\/behinderung-und-flucht.isl-ev.de\/uk\/wp-json\/wp\/v2\/pages"}],"about":[{"href":"https:\/\/behinderung-und-flucht.isl-ev.de\/uk\/wp-json\/wp\/v2\/types\/page"}],"author":[{"embeddable":true,"href":"https:\/\/behinderung-und-flucht.isl-ev.de\/uk\/wp-json\/wp\/v2\/users\/1"}],"replies":[{"embeddable":true,"href":"https:\/\/behinderung-und-flucht.isl-ev.de\/uk\/wp-json\/wp\/v2\/comments?post=778"}],"version-history":[{"count":12,"href":"https:\/\/behinderung-und-flucht.isl-ev.de\/uk\/wp-json\/wp\/v2\/pages\/778\/revisions"}],"predecessor-version":[{"id":4257,"href":"https:\/\/behinderung-und-flucht.isl-ev.de\/uk\/wp-json\/wp\/v2\/pages\/778\/revisions\/4257"}],"wp:attachment":[{"href":"https:\/\/behinderung-und-flucht.isl-ev.de\/uk\/wp-json\/wp\/v2\/media?parent=778"}],"wp:term":[{"taxonomy":"category","embeddable":true,"href":"https:\/\/behinderung-und-flucht.isl-ev.de\/uk\/wp-json\/wp\/v2\/categories?post=778"},{"taxonomy":"post_tag","embeddable":true,"href":"https:\/\/behinderung-und-flucht.isl-ev.de\/uk\/wp-json\/wp\/v2\/tags?post=778"}],"curies":[{"name":"wp","href":"https:\/\/api.w.org\/{rel}","templated":true}]}}