{"id":758,"date":"2022-08-17T18:35:38","date_gmt":"2022-08-17T16:35:38","guid":{"rendered":"https:\/\/infoseite.lmente.de\/?page_id=758"},"modified":"2023-05-07T23:16:24","modified_gmt":"2023-05-07T21:16:24","slug":"impressum-ukr","status":"publish","type":"page","link":"https:\/\/behinderung-und-flucht.isl-ev.de\/uk\/impressum-ukr\/","title":{"rendered":"\u0432\u0456\u0434\u0431\u0438\u0442\u043e\u043a"},"content":{"rendered":"\n<p><strong>\u0444\u0435\u0434\u0435\u0440\u0430\u043b\u044c\u043d\u0435 \u0432\u0456\u0434\u043e\u043c\u0441\u0442\u0432\u043e<\/strong><\/p>\n\n\n\n<p>\u041f\u0440\u0435\u0434\u0441\u0442\u0430\u0432\u043d\u0438\u0446\u0442\u0432\u043e \u0456\u043d\u0442\u0435\u0440\u0435\u0441\u0456\u0432 \u0421\u0430\u043c\u043e\u0441\u0442\u0456\u0439\u043d\u0435 \u043f\u0440\u043e\u0436\u0438\u0432\u0430\u043d\u043d\u044f \u0432 \u041d\u0456\u043c\u0435\u0447\u0447\u0438\u043d\u0456 e. \u0412.\u2014\u0406\u0421\u041b<\/p>\n\n\n\n<p>Leipziger Strasse 61<br>10117 \u0411\u0435\u0440\u043b\u0456\u043d<\/p>\n\n\n\n<p>\u0422\u0435\u043b\u0435\u0444\u043e\u043d: +49 30 4057 1409<br>\u0424\u0430\u043a\u0441: +49 30 3101 1251<\/p>\n\n\n\n<p>\u0415\u043b\u0435\u043a\u0442\u0440\u043e\u043d\u043d\u0430 \u0430\u0434\u0440\u0435\u0441\u0430: away@isl-ev.de<br>\u0406\u043d\u0442\u0435\u0440\u043d\u0435\u0442: https:\/\/www.isl-ev.de\/<\/p>\n\n\n\n<p>\u0417 \u043f\u0438\u0442\u0430\u043d\u043d\u044f\u043c\u0438, \u043f\u0440\u043e\u043f\u043e\u0437\u0438\u0446\u0456\u044f\u043c\u0438 \u0442\u043e\u0449\u043e \u0449\u043e\u0434\u043e \u043f\u043e\u0440\u0442\u0430\u043b\u0443 \u0441\u043a\u043e\u0440\u0438\u0441\u0442\u0430\u0439\u0442\u0435\u0441\u044f \u0444\u0443\u043d\u043a\u0446\u0456\u0454\u044e \u0437\u0432\u043e\u0440\u043e\u0442\u043d\u043e\u0433\u043e \u0437\u0432\u2019\u044f\u0437\u043a\u0443 \u0432 \u043d\u0438\u0436\u043d\u044c\u043e\u043c\u0443 \u043a\u043e\u043b\u043e\u043d\u0442\u0438\u0442\u0443\u043b\u0456.<\/p>\n\n\n\n<p><strong>\u043a\u043b\u0443\u0431\u043d\u0435 \u0441\u0438\u0434\u0456\u043d\u043d\u044f<\/strong><\/p>\n\n\n\n<p>\u041f\u0440\u0435\u0434\u0441\u0442\u0430\u0432\u043d\u0438\u0446\u0442\u0432\u043e \u0456\u043d\u0442\u0435\u0440\u0435\u0441\u0456\u0432 \u0421\u0430\u043c\u043e\u0441\u0442\u0456\u0439\u043d\u0435 \u043f\u0440\u043e\u0436\u0438\u0432\u0430\u043d\u043d\u044f \u0432 \u041d\u0456\u043c\u0435\u0447\u0447\u0438\u043d\u0456 e. \u0412.\u2014\u0406\u0421\u041b<\/p>\n\n\n\n<p>\u0417\u0430\u043a\u043b\u0430\u0434 \u0421\u0435\u043c\u044e\u0435\u043b\u044f \u0411\u0435\u043a\u043a\u0435\u0442\u0430 6<br>34119 \u041a\u0430\u0441\u0441\u0435\u043b\u044c<\/p>\n\n\n\n<p>\u0420\u0435\u0454\u0441\u0442\u0440\u0430\u0446\u0456\u0439\u043d\u0438\u0439 \u0441\u0443\u0434: \u043e\u043a\u0440\u0443\u0436\u043d\u0438\u0439 \u0441\u0443\u0434 \u041a\u0430\u0441\u0441\u0435\u043b\u044f<br>\u0420\u0435\u0454\u0441\u0442\u0440\u0430\u0446\u0456\u0439\u043d\u0438\u0439 \u043d\u043e\u043c\u0435\u0440: \u0412\u0420 2818<\/p>\n\n\n\n<p>\u0420\u0430\u0434\u0430 \u0434\u0438\u0440\u0435\u043a\u0442\u043e\u0440\u0456\u0432, \u0443\u043f\u043e\u0432\u043d\u043e\u0432\u0430\u0436\u0435\u043d\u0430 \u043f\u0440\u0435\u0434\u0441\u0442\u0430\u0432\u043b\u044f\u0442\u0438<br>\u0425\u043e\u0440\u0441\u0442 \u0424\u0440\u0435\u0445\u0435, \u0423\u0432\u0435 \u0424\u0440\u0435\u0432\u0435\u0440\u0442, \u0414\u0436\u0435\u043d\u043d\u0456 \u0411\u0456\u0441\u043c\u0430\u043d\u043d<\/p>\n\n\n\n<p>\u0412\u0456\u0434\u043f\u043e\u0432\u0456\u0434\u0430\u043b\u044c\u043d\u0438\u0439 \u0437\u0430 \u0432\u043c\u0456\u0441\u0442 \u0437\u0433\u0456\u0434\u043d\u043e \u0437 \u00a7 6 MDStV:<br>\u0415\u043c\u0456\u043d\u0435 \u041a\u0430\u043b\u0430\u043b\u0456<\/p>\n\n\n\n<p><strong>\u0412\u0456\u0434\u043c\u043e\u0432\u0430 \u0432\u0456\u0434 \u0432\u0456\u0434\u043f\u043e\u0432\u0456\u0434\u0430\u043b\u044c\u043d\u043e\u0441\u0442\u0456:<\/strong><\/p>\n\n\n\n<p>\u041d\u0435\u0437\u0432\u0430\u0436\u0430\u044e\u0447\u0438 \u043d\u0430 \u0440\u0435\u0442\u0435\u043b\u044c\u043d\u0438\u0439 \u043a\u043e\u043d\u0442\u0440\u043e\u043b\u044c \u0432\u043c\u0456\u0441\u0442\u0443, \u043c\u0438 \u043d\u0435 \u043d\u0435\u0441\u0435\u043c\u043e \u0432\u0456\u0434\u043f\u043e\u0432\u0456\u0434\u0430\u043b\u044c\u043d\u043e\u0441\u0442\u0456 \u0437\u0430 \u0432\u043c\u0456\u0441\u0442 \u0437\u043e\u0432\u043d\u0456\u0448\u043d\u0456\u0445 \u043f\u043e\u0441\u0438\u043b\u0430\u043d\u044c. \u041e\u043f\u0435\u0440\u0430\u0442\u043e\u0440\u0438 \u0441\u0442\u043e\u0440\u0456\u043d\u043e\u043a, \u043d\u0430 \u044f\u043a\u0456 \u043f\u043e\u0441\u0438\u043b\u0430\u044e\u0442\u044c\u0441\u044f, \u043d\u0435\u0441\u0443\u0442\u044c \u043f\u043e\u0432\u043d\u0443 \u0432\u0456\u0434\u043f\u043e\u0432\u0456\u0434\u0430\u043b\u044c\u043d\u0456\u0441\u0442\u044c \u0437\u0430 \u0457\u0445\u043d\u0456\u0439 \u0432\u043c\u0456\u0441\u0442.<\/p>\n\n\n\n<p>\u041d\u0435\u0437\u0432\u0430\u0436\u0430\u044e\u0447\u0438 \u043d\u0430 \u0440\u0435\u0442\u0435\u043b\u044c\u043d\u0438\u0439 \u0432\u0456\u0434\u0431\u0456\u0440 \u0442\u0430 \u0434\u043e\u0441\u043b\u0456\u0434\u0436\u0435\u043d\u043d\u044f, \u043d\u0430\u0441\u043a\u0456\u043b\u044c\u043a\u0438 \u043d\u0430\u043c \u0432\u0456\u0434\u043e\u043c\u043e, \u043c\u0438 \u043d\u0435 \u043c\u043e\u0436\u0435\u043c\u043e \u0432\u0437\u044f\u0442\u0438 \u043d\u0430 \u0441\u0435\u0431\u0435 \u0436\u043e\u0434\u043d\u043e\u0457 \u0432\u0456\u0434\u043f\u043e\u0432\u0456\u0434\u0430\u043b\u044c\u043d\u043e\u0441\u0442\u0456\/\u0433\u0430\u0440\u0430\u043d\u0442\u0456\u0457 \u0437\u0430 \u0442\u043e\u0447\u043d\u0456\u0441\u0442\u044c \u0456\u043d\u0444\u043e\u0440\u043c\u0430\u0446\u0456\u0457, \u043d\u0430\u0434\u0430\u043d\u043e\u0457 \u0442\u0443\u0442. \u042f\u043a\u0449\u043e \u0432\u0438 \u0432\u0438\u044f\u0432\u0438\u043b\u0438 \u043f\u043e\u043c\u0438\u043b\u043a\u0443, \u0431\u0443\u0434\u044c \u043b\u0430\u0441\u043a\u0430, \u043d\u0435\u0433\u0430\u0439\u043d\u043e \u0437\u0432&#8217;\u044f\u0436\u0456\u0442\u044c\u0441\u044f \u0437 \u043d\u0430\u043c\u0438 \u0437\u0430 \u0430\u0434\u0440\u0435\u0441\u043e\u044e flucht@isl-ev.de \u0430\u0431\u043e \u0437\u0430 \u0434\u043e\u043f\u043e\u043c\u043e\u0433\u043e\u044e \u043a\u043e\u043d\u0442\u0430\u043a\u0442\u043d\u043e\u0457 \u0444\u043e\u0440\u043c\u0438 \u0432 \u043f\u0443\u043d\u043a\u0442\u0456 \u043c\u0435\u043d\u044e &#8220;\u041a\u043e\u043d\u0442\u0430\u043a\u0442\u0438&#8221; \u0447\u0438 \u0437\u0430 <a href=\"https:\/\/behinderung-und-flucht.isl-ev.de\/uk\/%d0%ba%d0%be%d0%bd%d1%82%d0%b0%d0%ba%d1%82\/\">\u0446\u0438\u043c \u043f\u043e\u0441\u0438\u043b\u0430\u043d\u043d\u044f\u043c<\/a>.<\/p>\n\n\n\n<p><strong>\u0414\u043e\u0441\u0442\u0443\u043f\u043d\u0456\u0441\u0442\u044c:<\/strong><\/p>\n\n\n\n<p>\u041c\u0438 \u0434\u043e\u043a\u043b\u0430\u0434\u0430\u0454\u043c\u043e \u0432\u0441\u0456\u0445 \u0437\u0443\u0441\u0438\u043b\u044c, \u0449\u043e\u0431 \u0437\u0440\u043e\u0431\u0438\u0442\u0438 \u0432\u0441\u044e \u0456\u043d\u0444\u043e\u0440\u043c\u0430\u0446\u0456\u044e<br>\u0442\u0430 \u0437\u0443\u0441\u0442\u0440\u0456\u0447\u0456 \u0431\u0443\u043b\u0438 \u043c\u0430\u043a\u0441\u0438\u043c\u0430\u043b\u044c\u043d\u043e \u0431\u0435\u0437\u0431\u0430\u0440&#8217;\u0454\u0440\u043d\u0438\u043c\u0438. \u042f\u043a\u0449\u043e \u043c\u0438 \u043d\u0435 \u0434\u043e\u0441\u044f\u0433\u043b\u0438 \u0443\u0441\u043f\u0456\u0445\u0443 \u0432 \u0434\u0435\u044f\u043a\u0438\u0445 \u043c\u043e\u043c\u0435\u043d\u0442\u0430\u0445<br>\u0456 \u0432\u0430\u043c \u0432\u0441\u0435 \u0449\u0435 \u043f\u043e\u0442\u0440\u0456\u0431\u043d\u0456 \u0437\u0430\u0445\u043e\u0434\u0438, \u044f\u043a\u0456 \u043c\u0438 \u043c\u043e\u0436\u0435\u043c\u043e \u0432\u0436\u0438\u0442\u0438, \u0431\u0443\u0434\u044c \u043b\u0430\u0441\u043a\u0430, \u0434\u0430\u0439\u0442\u0435 \u043d\u0430\u043c \u0437\u043d\u0430\u0442\u0438. \u0411\u0443\u0434\u044c \u043b\u0430\u0441\u043a\u0430, \u0441\u043a\u043e\u0440\u0438\u0441\u0442\u0430\u0439\u0442\u0435\u0441\u044f \u043d\u0430\u0448\u043e\u044e \u043a\u043e\u043d\u0442\u0430\u043a\u0442\u043d\u043e\u044e \u0444\u043e\u0440\u043c\u043e\u044e \u0430\u0431\u043e \u043d\u0430\u043f\u0438\u0448\u0456\u0442\u044c \u0435\u043b\u0435\u043a\u0442\u0440\u043e\u043d\u043d\u043e\u0433\u043e \u043b\u0438\u0441\u0442\u0430 \u0431\u0435\u0437\u043f\u043e\u0441\u0435\u0440\u0435\u0434\u043d\u044c\u043e \u043d\u0430 flucht@isl-ev.de.<\/p>\n","protected":false},"excerpt":{"rendered":"<p>\u0444\u0435\u0434\u0435\u0440\u0430\u043b\u044c\u043d\u0435 \u0432\u0456\u0434\u043e\u043c\u0441\u0442\u0432\u043e \u041f\u0440\u0435\u0434\u0441\u0442\u0430\u0432\u043d\u0438\u0446\u0442\u0432\u043e \u0456\u043d\u0442\u0435\u0440\u0435\u0441\u0456\u0432 \u0421\u0430\u043c\u043e\u0441\u0442\u0456\u0439\u043d\u0435 \u043f\u0440\u043e\u0436\u0438\u0432\u0430\u043d\u043d\u044f \u0432 \u041d\u0456\u043c\u0435\u0447\u0447\u0438\u043d\u0456 e. \u0412.\u2014\u0406\u0421\u041b Leipziger Strasse 6110117 \u0411\u0435\u0440\u043b\u0456\u043d \u0422\u0435\u043b\u0435\u0444\u043e\u043d: +49 30 4057 1409\u0424\u0430\u043a\u0441: +49 30 3101 1251 \u0415\u043b\u0435\u043a\u0442\u0440\u043e\u043d\u043d\u0430 \u0430\u0434\u0440\u0435\u0441\u0430: away@isl-ev.de\u0406\u043d\u0442\u0435\u0440\u043d\u0435\u0442: https:\/\/www.isl-ev.de\/ \u0417 \u043f\u0438\u0442\u0430\u043d\u043d\u044f\u043c\u0438, \u043f\u0440\u043e\u043f\u043e\u0437\u0438\u0446\u0456\u044f\u043c\u0438 \u0442\u043e\u0449\u043e \u0449\u043e\u0434\u043e \u043f\u043e\u0440\u0442\u0430\u043b\u0443 \u0441\u043a\u043e\u0440\u0438\u0441\u0442\u0430\u0439\u0442\u0435\u0441\u044f \u0444\u0443\u043d\u043a\u0446\u0456\u0454\u044e \u0437\u0432\u043e\u0440\u043e\u0442\u043d\u043e\u0433\u043e \u0437\u0432\u2019\u044f\u0437\u043a\u0443 \u0432 \u043d\u0438\u0436\u043d\u044c\u043e\u043c\u0443 \u043a\u043e\u043b\u043e\u043d\u0442\u0438\u0442\u0443\u043b\u0456. \u043a\u043b\u0443\u0431\u043d\u0435 \u0441\u0438\u0434\u0456\u043d\u043d\u044f \u041f\u0440\u0435\u0434\u0441\u0442\u0430\u0432\u043d\u0438\u0446\u0442\u0432\u043e \u0456\u043d\u0442\u0435\u0440\u0435\u0441\u0456\u0432 \u0421\u0430\u043c\u043e\u0441\u0442\u0456\u0439\u043d\u0435 \u043f\u0440\u043e\u0436\u0438\u0432\u0430\u043d\u043d\u044f \u0432 \u041d\u0456\u043c\u0435\u0447\u0447\u0438\u043d\u0456 e. \u0412.\u2014\u0406\u0421\u041b \u0417\u0430\u043a\u043b\u0430\u0434 \u0421\u0435\u043c\u044e\u0435\u043b\u044f \u0411\u0435\u043a\u043a\u0435\u0442\u0430 634119 \u041a\u0430\u0441\u0441\u0435\u043b\u044c&hellip; <a class=\"more-link\" href=\"https:\/\/behinderung-und-flucht.isl-ev.de\/uk\/impressum-ukr\/\">\u0427\u0438\u0442\u0430\u0442\u0438 \u0434\u0430\u043b\u0456 <span class=\"screen-reader-text\">\u0432\u0456\u0434\u0431\u0438\u0442\u043e\u043a<\/span><\/a><\/p>\n","protected":false},"author":1,"featured_media":0,"parent":0,"menu_order":87,"comment_status":"closed","ping_status":"closed","template":"","meta":{"ub_ctt_via":"","inline_featured_image":false,"_themeisle_gutenberg_block_has_review":false,"_mc_calendar":[],"footnotes":""},"categories":[],"tags":[],"class_list":["post-758","page","type-page","status-publish","hentry","entry"],"featured_image_src":null,"yoast_head":"<!-- This site is optimized with the Yoast SEO plugin v21.4 - https:\/\/yoast.com\/wordpress\/plugins\/seo\/ -->\n<title>\u0432\u0456\u0434\u0431\u0438\u0442\u043e\u043a - Infoseite der Interessenvertretung Selbstbestimmt Leben in Deutschland e.V.<\/title>\n<meta name=\"robots\" content=\"index, follow, max-snippet:-1, max-image-preview:large, max-video-preview:-1\" \/>\n<link rel=\"canonical\" href=\"https:\/\/behinderung-und-flucht.isl-ev.de\/uk\/impressum-ukr\/\" \/>\n<meta property=\"og:locale\" content=\"uk_UA\" \/>\n<meta property=\"og:type\" content=\"article\" \/>\n<meta property=\"og:title\" content=\"\u0432\u0456\u0434\u0431\u0438\u0442\u043e\u043a - Infoseite der Interessenvertretung Selbstbestimmt Leben in Deutschland e.V.\" \/>\n<meta property=\"og:description\" content=\"\u0444\u0435\u0434\u0435\u0440\u0430\u043b\u044c\u043d\u0435 \u0432\u0456\u0434\u043e\u043c\u0441\u0442\u0432\u043e \u041f\u0440\u0435\u0434\u0441\u0442\u0430\u0432\u043d\u0438\u0446\u0442\u0432\u043e \u0456\u043d\u0442\u0435\u0440\u0435\u0441\u0456\u0432 \u0421\u0430\u043c\u043e\u0441\u0442\u0456\u0439\u043d\u0435 \u043f\u0440\u043e\u0436\u0438\u0432\u0430\u043d\u043d\u044f \u0432 \u041d\u0456\u043c\u0435\u0447\u0447\u0438\u043d\u0456 e. \u0412.\u2014\u0406\u0421\u041b Leipziger Strasse 6110117 \u0411\u0435\u0440\u043b\u0456\u043d \u0422\u0435\u043b\u0435\u0444\u043e\u043d: +49 30 4057 1409\u0424\u0430\u043a\u0441: +49 30 3101 1251 \u0415\u043b\u0435\u043a\u0442\u0440\u043e\u043d\u043d\u0430 \u0430\u0434\u0440\u0435\u0441\u0430: away@isl-ev.de\u0406\u043d\u0442\u0435\u0440\u043d\u0435\u0442: https:\/\/www.isl-ev.de\/ \u0417 \u043f\u0438\u0442\u0430\u043d\u043d\u044f\u043c\u0438, \u043f\u0440\u043e\u043f\u043e\u0437\u0438\u0446\u0456\u044f\u043c\u0438 \u0442\u043e\u0449\u043e \u0449\u043e\u0434\u043e \u043f\u043e\u0440\u0442\u0430\u043b\u0443 \u0441\u043a\u043e\u0440\u0438\u0441\u0442\u0430\u0439\u0442\u0435\u0441\u044f \u0444\u0443\u043d\u043a\u0446\u0456\u0454\u044e \u0437\u0432\u043e\u0440\u043e\u0442\u043d\u043e\u0433\u043e \u0437\u0432\u2019\u044f\u0437\u043a\u0443 \u0432 \u043d\u0438\u0436\u043d\u044c\u043e\u043c\u0443 \u043a\u043e\u043b\u043e\u043d\u0442\u0438\u0442\u0443\u043b\u0456. \u043a\u043b\u0443\u0431\u043d\u0435 \u0441\u0438\u0434\u0456\u043d\u043d\u044f \u041f\u0440\u0435\u0434\u0441\u0442\u0430\u0432\u043d\u0438\u0446\u0442\u0432\u043e \u0456\u043d\u0442\u0435\u0440\u0435\u0441\u0456\u0432 \u0421\u0430\u043c\u043e\u0441\u0442\u0456\u0439\u043d\u0435 \u043f\u0440\u043e\u0436\u0438\u0432\u0430\u043d\u043d\u044f \u0432 \u041d\u0456\u043c\u0435\u0447\u0447\u0438\u043d\u0456 e. \u0412.\u2014\u0406\u0421\u041b \u0417\u0430\u043a\u043b\u0430\u0434 \u0421\u0435\u043c\u044e\u0435\u043b\u044f \u0411\u0435\u043a\u043a\u0435\u0442\u0430 634119 \u041a\u0430\u0441\u0441\u0435\u043b\u044c&hellip; \u0427\u0438\u0442\u0430\u0442\u0438 \u0434\u0430\u043b\u0456 \u0432\u0456\u0434\u0431\u0438\u0442\u043e\u043a\" \/>\n<meta property=\"og:url\" content=\"https:\/\/behinderung-und-flucht.isl-ev.de\/uk\/impressum-ukr\/\" \/>\n<meta property=\"og:site_name\" content=\"Infoseite der Interessenvertretung Selbstbestimmt Leben in Deutschland e.V.\" \/>\n<meta property=\"article:modified_time\" content=\"2023-05-07T21:16:24+00:00\" \/>\n<meta name=\"twitter:card\" content=\"summary_large_image\" \/>\n<meta name=\"twitter:label1\" content=\"\u041f\u0440\u0438\u0431\u043b. \u0447\u0430\u0441 \u0447\u0438\u0442\u0430\u043d\u043d\u044f\" \/>\n\t<meta name=\"twitter:data1\" content=\"2 \u0445\u0432\u0438\u043b\u0438\u043d\u0438\" \/>\n<script type=\"application\/ld+json\" class=\"yoast-schema-graph\">{\"@context\":\"https:\/\/schema.org\",\"@graph\":[{\"@type\":\"WebPage\",\"@id\":\"https:\/\/behinderung-und-flucht.isl-ev.de\/uk\/impressum-ukr\/\",\"url\":\"https:\/\/behinderung-und-flucht.isl-ev.de\/uk\/impressum-ukr\/\",\"name\":\"\u0432\u0456\u0434\u0431\u0438\u0442\u043e\u043a - Infoseite der Interessenvertretung Selbstbestimmt Leben in Deutschland e.V.\",\"isPartOf\":{\"@id\":\"https:\/\/behinderung-und-flucht.isl-ev.de\/uk\/#website\"},\"datePublished\":\"2022-08-17T16:35:38+00:00\",\"dateModified\":\"2023-05-07T21:16:24+00:00\",\"breadcrumb\":{\"@id\":\"https:\/\/behinderung-und-flucht.isl-ev.de\/uk\/impressum-ukr\/#breadcrumb\"},\"inLanguage\":\"uk\",\"potentialAction\":[{\"@type\":\"ReadAction\",\"target\":[\"https:\/\/behinderung-und-flucht.isl-ev.de\/uk\/impressum-ukr\/\"]}]},{\"@type\":\"BreadcrumbList\",\"@id\":\"https:\/\/behinderung-und-flucht.isl-ev.de\/uk\/impressum-ukr\/#breadcrumb\",\"itemListElement\":[{\"@type\":\"ListItem\",\"position\":1,\"name\":\"Startseite\",\"item\":\"https:\/\/behinderung-und-flucht.isl-ev.de\/uk\/\"},{\"@type\":\"ListItem\",\"position\":2,\"name\":\"\u0432\u0456\u0434\u0431\u0438\u0442\u043e\u043a\"}]},{\"@type\":\"WebSite\",\"@id\":\"https:\/\/behinderung-und-flucht.isl-ev.de\/uk\/#website\",\"url\":\"https:\/\/behinderung-und-flucht.isl-ev.de\/uk\/\",\"name\":\"Infoseite f\u00fcr gefl\u00fcchtete Menschen mit Behinderungen oder chronischen Erkrankungen\",\"description\":\"Informationen f\u00fcr gefl\u00fcchtete Menschen mit Behinderungen oder chronischen Erkrankungen\",\"publisher\":{\"@id\":\"https:\/\/behinderung-und-flucht.isl-ev.de\/uk\/#organization\"},\"alternateName\":\"Infoseite f\u00fcr gefl\u00fcchtete Menschen mit Behinderungen\",\"potentialAction\":[{\"@type\":\"SearchAction\",\"target\":{\"@type\":\"EntryPoint\",\"urlTemplate\":\"https:\/\/behinderung-und-flucht.isl-ev.de\/uk\/?s={search_term_string}\"},\"query-input\":\"required name=search_term_string\"}],\"inLanguage\":\"uk\"},{\"@type\":\"Organization\",\"@id\":\"https:\/\/behinderung-und-flucht.isl-ev.de\/uk\/#organization\",\"name\":\"Infoseite der Interessenvertretung Selbstbestimmt Leben in Deutschland e.V.\",\"url\":\"https:\/\/behinderung-und-flucht.isl-ev.de\/uk\/\",\"logo\":{\"@type\":\"ImageObject\",\"inLanguage\":\"uk\",\"@id\":\"https:\/\/behinderung-und-flucht.isl-ev.de\/uk\/#\/schema\/logo\/image\/\",\"url\":\"https:\/\/behinderung-und-flucht.isl-ev.de\/wp-content\/uploads\/2022\/09\/logo-infoseite-04.svg\",\"contentUrl\":\"https:\/\/behinderung-und-flucht.isl-ev.de\/wp-content\/uploads\/2022\/09\/logo-infoseite-04.svg\",\"caption\":\"Infoseite der Interessenvertretung Selbstbestimmt Leben in Deutschland e.V.\"},\"image\":{\"@id\":\"https:\/\/behinderung-und-flucht.isl-ev.de\/uk\/#\/schema\/logo\/image\/\"}}]}<\/script>\n<!-- \/ Yoast SEO plugin. -->","yoast_head_json":{"title":"\u0432\u0456\u0434\u0431\u0438\u0442\u043e\u043a - Infoseite der Interessenvertretung Selbstbestimmt Leben in Deutschland e.V.","robots":{"index":"index","follow":"follow","max-snippet":"max-snippet:-1","max-image-preview":"max-image-preview:large","max-video-preview":"max-video-preview:-1"},"canonical":"https:\/\/behinderung-und-flucht.isl-ev.de\/uk\/impressum-ukr\/","og_locale":"uk_UA","og_type":"article","og_title":"\u0432\u0456\u0434\u0431\u0438\u0442\u043e\u043a - Infoseite der Interessenvertretung Selbstbestimmt Leben in Deutschland e.V.","og_description":"\u0444\u0435\u0434\u0435\u0440\u0430\u043b\u044c\u043d\u0435 \u0432\u0456\u0434\u043e\u043c\u0441\u0442\u0432\u043e \u041f\u0440\u0435\u0434\u0441\u0442\u0430\u0432\u043d\u0438\u0446\u0442\u0432\u043e \u0456\u043d\u0442\u0435\u0440\u0435\u0441\u0456\u0432 \u0421\u0430\u043c\u043e\u0441\u0442\u0456\u0439\u043d\u0435 \u043f\u0440\u043e\u0436\u0438\u0432\u0430\u043d\u043d\u044f \u0432 \u041d\u0456\u043c\u0435\u0447\u0447\u0438\u043d\u0456 e. \u0412.\u2014\u0406\u0421\u041b Leipziger Strasse 6110117 \u0411\u0435\u0440\u043b\u0456\u043d \u0422\u0435\u043b\u0435\u0444\u043e\u043d: +49 30 4057 1409\u0424\u0430\u043a\u0441: +49 30 3101 1251 \u0415\u043b\u0435\u043a\u0442\u0440\u043e\u043d\u043d\u0430 \u0430\u0434\u0440\u0435\u0441\u0430: away@isl-ev.de\u0406\u043d\u0442\u0435\u0440\u043d\u0435\u0442: https:\/\/www.isl-ev.de\/ \u0417 \u043f\u0438\u0442\u0430\u043d\u043d\u044f\u043c\u0438, \u043f\u0440\u043e\u043f\u043e\u0437\u0438\u0446\u0456\u044f\u043c\u0438 \u0442\u043e\u0449\u043e \u0449\u043e\u0434\u043e \u043f\u043e\u0440\u0442\u0430\u043b\u0443 \u0441\u043a\u043e\u0440\u0438\u0441\u0442\u0430\u0439\u0442\u0435\u0441\u044f \u0444\u0443\u043d\u043a\u0446\u0456\u0454\u044e \u0437\u0432\u043e\u0440\u043e\u0442\u043d\u043e\u0433\u043e \u0437\u0432\u2019\u044f\u0437\u043a\u0443 \u0432 \u043d\u0438\u0436\u043d\u044c\u043e\u043c\u0443 \u043a\u043e\u043b\u043e\u043d\u0442\u0438\u0442\u0443\u043b\u0456. \u043a\u043b\u0443\u0431\u043d\u0435 \u0441\u0438\u0434\u0456\u043d\u043d\u044f \u041f\u0440\u0435\u0434\u0441\u0442\u0430\u0432\u043d\u0438\u0446\u0442\u0432\u043e \u0456\u043d\u0442\u0435\u0440\u0435\u0441\u0456\u0432 \u0421\u0430\u043c\u043e\u0441\u0442\u0456\u0439\u043d\u0435 \u043f\u0440\u043e\u0436\u0438\u0432\u0430\u043d\u043d\u044f \u0432 \u041d\u0456\u043c\u0435\u0447\u0447\u0438\u043d\u0456 e. \u0412.\u2014\u0406\u0421\u041b \u0417\u0430\u043a\u043b\u0430\u0434 \u0421\u0435\u043c\u044e\u0435\u043b\u044f \u0411\u0435\u043a\u043a\u0435\u0442\u0430 634119 \u041a\u0430\u0441\u0441\u0435\u043b\u044c&hellip; \u0427\u0438\u0442\u0430\u0442\u0438 \u0434\u0430\u043b\u0456 \u0432\u0456\u0434\u0431\u0438\u0442\u043e\u043a","og_url":"https:\/\/behinderung-und-flucht.isl-ev.de\/uk\/impressum-ukr\/","og_site_name":"Infoseite der Interessenvertretung Selbstbestimmt Leben in Deutschland e.V.","article_modified_time":"2023-05-07T21:16:24+00:00","twitter_card":"summary_large_image","twitter_misc":{"\u041f\u0440\u0438\u0431\u043b. \u0447\u0430\u0441 \u0447\u0438\u0442\u0430\u043d\u043d\u044f":"2 \u0445\u0432\u0438\u043b\u0438\u043d\u0438"},"schema":{"@context":"https:\/\/schema.org","@graph":[{"@type":"WebPage","@id":"https:\/\/behinderung-und-flucht.isl-ev.de\/uk\/impressum-ukr\/","url":"https:\/\/behinderung-und-flucht.isl-ev.de\/uk\/impressum-ukr\/","name":"\u0432\u0456\u0434\u0431\u0438\u0442\u043e\u043a - Infoseite der Interessenvertretung Selbstbestimmt Leben in Deutschland e.V.","isPartOf":{"@id":"https:\/\/behinderung-und-flucht.isl-ev.de\/uk\/#website"},"datePublished":"2022-08-17T16:35:38+00:00","dateModified":"2023-05-07T21:16:24+00:00","breadcrumb":{"@id":"https:\/\/behinderung-und-flucht.isl-ev.de\/uk\/impressum-ukr\/#breadcrumb"},"inLanguage":"uk","potentialAction":[{"@type":"ReadAction","target":["https:\/\/behinderung-und-flucht.isl-ev.de\/uk\/impressum-ukr\/"]}]},{"@type":"BreadcrumbList","@id":"https:\/\/behinderung-und-flucht.isl-ev.de\/uk\/impressum-ukr\/#breadcrumb","itemListElement":[{"@type":"ListItem","position":1,"name":"Startseite","item":"https:\/\/behinderung-und-flucht.isl-ev.de\/uk\/"},{"@type":"ListItem","position":2,"name":"\u0432\u0456\u0434\u0431\u0438\u0442\u043e\u043a"}]},{"@type":"WebSite","@id":"https:\/\/behinderung-und-flucht.isl-ev.de\/uk\/#website","url":"https:\/\/behinderung-und-flucht.isl-ev.de\/uk\/","name":"Infoseite f\u00fcr gefl\u00fcchtete Menschen mit Behinderungen oder chronischen Erkrankungen","description":"Informationen f\u00fcr gefl\u00fcchtete Menschen mit Behinderungen oder chronischen Erkrankungen","publisher":{"@id":"https:\/\/behinderung-und-flucht.isl-ev.de\/uk\/#organization"},"alternateName":"Infoseite f\u00fcr gefl\u00fcchtete Menschen mit Behinderungen","potentialAction":[{"@type":"SearchAction","target":{"@type":"EntryPoint","urlTemplate":"https:\/\/behinderung-und-flucht.isl-ev.de\/uk\/?s={search_term_string}"},"query-input":"required name=search_term_string"}],"inLanguage":"uk"},{"@type":"Organization","@id":"https:\/\/behinderung-und-flucht.isl-ev.de\/uk\/#organization","name":"Infoseite der Interessenvertretung Selbstbestimmt Leben in Deutschland e.V.","url":"https:\/\/behinderung-und-flucht.isl-ev.de\/uk\/","logo":{"@type":"ImageObject","inLanguage":"uk","@id":"https:\/\/behinderung-und-flucht.isl-ev.de\/uk\/#\/schema\/logo\/image\/","url":"https:\/\/behinderung-und-flucht.isl-ev.de\/wp-content\/uploads\/2022\/09\/logo-infoseite-04.svg","contentUrl":"https:\/\/behinderung-und-flucht.isl-ev.de\/wp-content\/uploads\/2022\/09\/logo-infoseite-04.svg","caption":"Infoseite der Interessenvertretung Selbstbestimmt Leben in Deutschland e.V."},"image":{"@id":"https:\/\/behinderung-und-flucht.isl-ev.de\/uk\/#\/schema\/logo\/image\/"}}]}},"_links":{"self":[{"href":"https:\/\/behinderung-und-flucht.isl-ev.de\/uk\/wp-json\/wp\/v2\/pages\/758","targetHints":{"allow":["GET"]}}],"collection":[{"href":"https:\/\/behinderung-und-flucht.isl-ev.de\/uk\/wp-json\/wp\/v2\/pages"}],"about":[{"href":"https:\/\/behinderung-und-flucht.isl-ev.de\/uk\/wp-json\/wp\/v2\/types\/page"}],"author":[{"embeddable":true,"href":"https:\/\/behinderung-und-flucht.isl-ev.de\/uk\/wp-json\/wp\/v2\/users\/1"}],"replies":[{"embeddable":true,"href":"https:\/\/behinderung-und-flucht.isl-ev.de\/uk\/wp-json\/wp\/v2\/comments?post=758"}],"version-history":[{"count":6,"href":"https:\/\/behinderung-und-flucht.isl-ev.de\/uk\/wp-json\/wp\/v2\/pages\/758\/revisions"}],"predecessor-version":[{"id":4262,"href":"https:\/\/behinderung-und-flucht.isl-ev.de\/uk\/wp-json\/wp\/v2\/pages\/758\/revisions\/4262"}],"wp:attachment":[{"href":"https:\/\/behinderung-und-flucht.isl-ev.de\/uk\/wp-json\/wp\/v2\/media?parent=758"}],"wp:term":[{"taxonomy":"category","embeddable":true,"href":"https:\/\/behinderung-und-flucht.isl-ev.de\/uk\/wp-json\/wp\/v2\/categories?post=758"},{"taxonomy":"post_tag","embeddable":true,"href":"https:\/\/behinderung-und-flucht.isl-ev.de\/uk\/wp-json\/wp\/v2\/tags?post=758"}],"curies":[{"name":"wp","href":"https:\/\/api.w.org\/{rel}","templated":true}]}}