{"id":4734,"date":"2023-10-24T20:43:31","date_gmt":"2023-10-24T18:43:31","guid":{"rendered":"https:\/\/behinderung-und-flucht.isl-ev.de\/?page_id=4734"},"modified":"2023-10-24T20:55:39","modified_gmt":"2023-10-24T18:55:39","slug":"sunflower-care-e-v","status":"publish","type":"page","link":"https:\/\/behinderung-und-flucht.isl-ev.de\/uk\/sunflower-care-e-v\/","title":{"rendered":"Sunflower Care e.V."},"content":{"rendered":"\n<p>\u0417 24 \u043b\u044e\u0442\u043e\u0433\u043e 2022 \u0440\u043e\u043a\u0443 \u043f\u0456\u0441\u043b\u044f \u0432\u0456\u0439\u0441\u044c\u043a\u043e\u0432\u043e\u0433\u043e \u0432\u0442\u043e\u0440\u0433\u043d\u0435\u043d\u043d\u044f \u043d\u0430 \u0442\u0435\u0440\u0438\u0442\u043e\u0440\u0456\u044e \u0432\u0441\u0456\u0454\u0457 \u0423\u043a\u0440\u0430\u0457\u043d\u0438&nbsp;\u0436\u0438\u0442\u0442\u044f \u043a\u043e\u0436\u043d\u043e\u0457 \u0434\u0438\u0442\u0438\u043d\u0438 \u0437 \u0456\u043d\u0432\u0430\u043b\u0456\u0434\u043d\u0456\u0441\u0442\u044e, \u0445\u0440\u043e\u043d\u0456\u0447\u043d\u0438\u043c\u0438 \u0437\u0430\u0445\u0432\u043e\u0440\u044e\u0432\u0430\u043d\u043d\u044f\u043c\u0438, \u043c\u0435\u043d\u0442\u0430\u043b\u044c\u043d\u0438\u043c\u0438 \u043e\u0441\u043e\u0431\u043b\u0438\u0432\u043e\u0441\u0442\u044f\u043c\u0438, \u0430 \u0442\u0430\u043a\u043e\u0436 \u0432\u0441\u0456\u0445 \u043d\u0435\u0439\u0440\u043e\u0432\u0456\u0434\u043c\u0456\u043d\u043d\u0438\u0445 \u0434\u0456\u0442\u0435\u0439 \u0442\u0430 \u043b\u044e\u0434\u0435\u0439, \u0449\u043e \u0457\u0445 \u0434\u043e\u0433\u043b\u044f\u0434\u0430\u044e\u0442\u044c, \u043f\u0456\u0434 \u0437\u0430\u0433\u0440\u043e\u0437\u043e\u044e.&nbsp;\u0411\u0430\u0433\u0430\u0442\u043e \u0441\u0456\u043c\u0435\u0439 \u0437 \u0442\u0430\u043a\u0438\u043c\u0438 \u0434\u0456\u0442\u044c\u043c\u0438 \u0432\u0438\u043c\u0443\u0448\u0435\u043d\u0456 \u0448\u0443\u043a\u0430\u0442\u0438 \u0431\u0435\u0437\u043f\u0435\u0447\u043d\u0435 \u043c\u0456\u0441\u0446\u0435 \u0437 2014 \u0440\u043e\u043a\u0443 \u2013 \u043f\u043e\u0447\u0430\u0442\u043a\u0443 \u0432\u0456\u0439\u043d\u0438 \u2013 \u0456 \u043f\u0435\u0440\u0435\u0436\u0438\u0432\u0430\u044e\u0442\u044c \u0432\u0436\u0435 \u043d\u0435 \u043f\u0435\u0440\u0448\u0443 \u0442\u0440\u0430\u0432\u043c\u0443.<\/p>\n\n\n\n<p>\u041d\u0430\u0448\u0430 \u0432\u043e\u043b\u043e\u043d\u0442\u0435\u0440\u0441\u044c\u043a\u0430 \u0433\u0440\u0443\u043f\u0430 Sunflower Care \u0434\u043e\u043f\u043e\u043c\u0430\u0433\u0430\u0454 \u0446\u0438\u043c \u0441\u0456\u043c\u2019\u044f\u043c \u0432\u0438\u0457\u0445\u0430\u0442\u0438 \u0437 \u0423\u043a\u0440\u0430\u0457\u043d\u0438, \u044f\u043a\u0449\u043e \u0432\u043e\u043d\u0438 \u0446\u044c\u043e\u0433\u043e \u0445\u043e\u0447\u0443\u0442\u044c, \u0442\u0430 \u043f\u0435\u0440\u0435\u0457\u0445\u0430\u0442\u0438 \u0432 \u0432 \u0443\u043c\u043e\u0432\u0438, \u044f\u043a\u0456 \u0457\u043c \u043f\u0456\u0434\u0445\u043e\u0434\u044f\u0442\u044c \u0431\u0456\u043b\u044c\u0448\u0435.<\/p>\n\n\n\n<div class=\"wp-block-buttons is-content-justification-left is-layout-flex wp-container-core-buttons-is-layout-fdcfc74e wp-block-buttons-is-layout-flex\">\n<div class=\"wp-block-button\"><a class=\"wp-block-button__link has-background wp-element-button\" href=\"https:\/\/sunflower-care.org\/uk\/glavnaja\/\" style=\"background-color:#91025b\">\u041f\u0435\u0440\u0435\u0433\u043b\u044f\u043d\u0443\u0442\u0438 \u0441\u0442\u043e\u0440\u0456\u043d\u043a\u0443<\/a><\/div>\n<\/div>\n","protected":false},"excerpt":{"rendered":"<p>\u0417 24 \u043b\u044e\u0442\u043e\u0433\u043e 2022 \u0440\u043e\u043a\u0443 \u043f\u0456\u0441\u043b\u044f \u0432\u0456\u0439\u0441\u044c\u043a\u043e\u0432\u043e\u0433\u043e \u0432\u0442\u043e\u0440\u0433\u043d\u0435\u043d\u043d\u044f \u043d\u0430 \u0442\u0435\u0440\u0438\u0442\u043e\u0440\u0456\u044e \u0432\u0441\u0456\u0454\u0457 \u0423\u043a\u0440\u0430\u0457\u043d\u0438&nbsp;\u0436\u0438\u0442\u0442\u044f \u043a\u043e\u0436\u043d\u043e\u0457 \u0434\u0438\u0442\u0438\u043d\u0438 \u0437 \u0456\u043d\u0432\u0430\u043b\u0456\u0434\u043d\u0456\u0441\u0442\u044e, \u0445\u0440\u043e\u043d\u0456\u0447\u043d\u0438\u043c\u0438 \u0437\u0430\u0445\u0432\u043e\u0440\u044e\u0432\u0430\u043d\u043d\u044f\u043c\u0438, \u043c\u0435\u043d\u0442\u0430\u043b\u044c\u043d\u0438\u043c\u0438 \u043e\u0441\u043e\u0431\u043b\u0438\u0432\u043e\u0441\u0442\u044f\u043c\u0438, \u0430 \u0442\u0430\u043a\u043e\u0436 \u0432\u0441\u0456\u0445 \u043d\u0435\u0439\u0440\u043e\u0432\u0456\u0434\u043c\u0456\u043d\u043d\u0438\u0445 \u0434\u0456\u0442\u0435\u0439 \u0442\u0430 \u043b\u044e\u0434\u0435\u0439, \u0449\u043e \u0457\u0445 \u0434\u043e\u0433\u043b\u044f\u0434\u0430\u044e\u0442\u044c, \u043f\u0456\u0434 \u0437\u0430\u0433\u0440\u043e\u0437\u043e\u044e.&nbsp;\u0411\u0430\u0433\u0430\u0442\u043e \u0441\u0456\u043c\u0435\u0439 \u0437 \u0442\u0430\u043a\u0438\u043c\u0438 \u0434\u0456\u0442\u044c\u043c\u0438 \u0432\u0438\u043c\u0443\u0448\u0435\u043d\u0456 \u0448\u0443\u043a\u0430\u0442\u0438 \u0431\u0435\u0437\u043f\u0435\u0447\u043d\u0435 \u043c\u0456\u0441\u0446\u0435 \u0437 2014 \u0440\u043e\u043a\u0443 \u2013 \u043f\u043e\u0447\u0430\u0442\u043a\u0443 \u0432\u0456\u0439\u043d\u0438 \u2013 \u0456 \u043f\u0435\u0440\u0435\u0436\u0438\u0432\u0430\u044e\u0442\u044c \u0432\u0436\u0435 \u043d\u0435 \u043f\u0435\u0440\u0448\u0443 \u0442\u0440\u0430\u0432\u043c\u0443. \u041d\u0430\u0448\u0430 \u0432\u043e\u043b\u043e\u043d\u0442\u0435\u0440\u0441\u044c\u043a\u0430&hellip; <a class=\"more-link\" href=\"https:\/\/behinderung-und-flucht.isl-ev.de\/uk\/sunflower-care-e-v\/\">\u0427\u0438\u0442\u0430\u0442\u0438 \u0434\u0430\u043b\u0456 <span class=\"screen-reader-text\">Sunflower Care e.V.<\/span><\/a><\/p>\n","protected":false},"author":1,"featured_media":0,"parent":0,"menu_order":0,"comment_status":"closed","ping_status":"closed","template":"","meta":{"ub_ctt_via":"","inline_featured_image":false,"_themeisle_gutenberg_block_has_review":false,"_mc_calendar":[],"footnotes":""},"categories":[],"tags":[],"class_list":["post-4734","page","type-page","status-publish","hentry","entry"],"featured_image_src":null,"yoast_head":"<!-- This site is optimized with the Yoast SEO plugin v21.4 - https:\/\/yoast.com\/wordpress\/plugins\/seo\/ -->\n<title>Sunflower Care e.V. - Infoseite der Interessenvertretung Selbstbestimmt Leben in Deutschland e.V.<\/title>\n<meta name=\"robots\" content=\"index, follow, max-snippet:-1, max-image-preview:large, max-video-preview:-1\" \/>\n<link rel=\"canonical\" href=\"https:\/\/behinderung-und-flucht.isl-ev.de\/uk\/sunflower-care-e-v\/\" \/>\n<meta property=\"og:locale\" content=\"uk_UA\" \/>\n<meta property=\"og:type\" content=\"article\" \/>\n<meta property=\"og:title\" content=\"Sunflower Care e.V. - Infoseite der Interessenvertretung Selbstbestimmt Leben in Deutschland e.V.\" \/>\n<meta property=\"og:description\" content=\"\u0417 24 \u043b\u044e\u0442\u043e\u0433\u043e 2022 \u0440\u043e\u043a\u0443 \u043f\u0456\u0441\u043b\u044f \u0432\u0456\u0439\u0441\u044c\u043a\u043e\u0432\u043e\u0433\u043e \u0432\u0442\u043e\u0440\u0433\u043d\u0435\u043d\u043d\u044f \u043d\u0430 \u0442\u0435\u0440\u0438\u0442\u043e\u0440\u0456\u044e \u0432\u0441\u0456\u0454\u0457 \u0423\u043a\u0440\u0430\u0457\u043d\u0438&nbsp;\u0436\u0438\u0442\u0442\u044f \u043a\u043e\u0436\u043d\u043e\u0457 \u0434\u0438\u0442\u0438\u043d\u0438 \u0437 \u0456\u043d\u0432\u0430\u043b\u0456\u0434\u043d\u0456\u0441\u0442\u044e, \u0445\u0440\u043e\u043d\u0456\u0447\u043d\u0438\u043c\u0438 \u0437\u0430\u0445\u0432\u043e\u0440\u044e\u0432\u0430\u043d\u043d\u044f\u043c\u0438, \u043c\u0435\u043d\u0442\u0430\u043b\u044c\u043d\u0438\u043c\u0438 \u043e\u0441\u043e\u0431\u043b\u0438\u0432\u043e\u0441\u0442\u044f\u043c\u0438, \u0430 \u0442\u0430\u043a\u043e\u0436 \u0432\u0441\u0456\u0445 \u043d\u0435\u0439\u0440\u043e\u0432\u0456\u0434\u043c\u0456\u043d\u043d\u0438\u0445 \u0434\u0456\u0442\u0435\u0439 \u0442\u0430 \u043b\u044e\u0434\u0435\u0439, \u0449\u043e \u0457\u0445 \u0434\u043e\u0433\u043b\u044f\u0434\u0430\u044e\u0442\u044c, \u043f\u0456\u0434 \u0437\u0430\u0433\u0440\u043e\u0437\u043e\u044e.&nbsp;\u0411\u0430\u0433\u0430\u0442\u043e \u0441\u0456\u043c\u0435\u0439 \u0437 \u0442\u0430\u043a\u0438\u043c\u0438 \u0434\u0456\u0442\u044c\u043c\u0438 \u0432\u0438\u043c\u0443\u0448\u0435\u043d\u0456 \u0448\u0443\u043a\u0430\u0442\u0438 \u0431\u0435\u0437\u043f\u0435\u0447\u043d\u0435 \u043c\u0456\u0441\u0446\u0435 \u0437 2014 \u0440\u043e\u043a\u0443 \u2013 \u043f\u043e\u0447\u0430\u0442\u043a\u0443 \u0432\u0456\u0439\u043d\u0438 \u2013 \u0456 \u043f\u0435\u0440\u0435\u0436\u0438\u0432\u0430\u044e\u0442\u044c \u0432\u0436\u0435 \u043d\u0435 \u043f\u0435\u0440\u0448\u0443 \u0442\u0440\u0430\u0432\u043c\u0443. \u041d\u0430\u0448\u0430 \u0432\u043e\u043b\u043e\u043d\u0442\u0435\u0440\u0441\u044c\u043a\u0430&hellip; \u0427\u0438\u0442\u0430\u0442\u0438 \u0434\u0430\u043b\u0456 Sunflower Care e.V.\" \/>\n<meta property=\"og:url\" content=\"https:\/\/behinderung-und-flucht.isl-ev.de\/uk\/sunflower-care-e-v\/\" \/>\n<meta property=\"og:site_name\" content=\"Infoseite der Interessenvertretung Selbstbestimmt Leben in Deutschland e.V.\" \/>\n<meta property=\"article:modified_time\" content=\"2023-10-24T18:55:39+00:00\" \/>\n<meta name=\"twitter:card\" content=\"summary_large_image\" \/>\n<meta name=\"twitter:label1\" content=\"\u041f\u0440\u0438\u0431\u043b. \u0447\u0430\u0441 \u0447\u0438\u0442\u0430\u043d\u043d\u044f\" \/>\n\t<meta name=\"twitter:data1\" content=\"1 \u0445\u0432\u0438\u043b\u0438\u043d\u0430\" \/>\n<script type=\"application\/ld+json\" class=\"yoast-schema-graph\">{\"@context\":\"https:\/\/schema.org\",\"@graph\":[{\"@type\":\"WebPage\",\"@id\":\"https:\/\/behinderung-und-flucht.isl-ev.de\/uk\/sunflower-care-e-v\/\",\"url\":\"https:\/\/behinderung-und-flucht.isl-ev.de\/uk\/sunflower-care-e-v\/\",\"name\":\"Sunflower Care e.V. - Infoseite der Interessenvertretung Selbstbestimmt Leben in Deutschland e.V.\",\"isPartOf\":{\"@id\":\"https:\/\/behinderung-und-flucht.isl-ev.de\/uk\/#website\"},\"datePublished\":\"2023-10-24T18:43:31+00:00\",\"dateModified\":\"2023-10-24T18:55:39+00:00\",\"breadcrumb\":{\"@id\":\"https:\/\/behinderung-und-flucht.isl-ev.de\/uk\/sunflower-care-e-v\/#breadcrumb\"},\"inLanguage\":\"uk\",\"potentialAction\":[{\"@type\":\"ReadAction\",\"target\":[\"https:\/\/behinderung-und-flucht.isl-ev.de\/uk\/sunflower-care-e-v\/\"]}]},{\"@type\":\"BreadcrumbList\",\"@id\":\"https:\/\/behinderung-und-flucht.isl-ev.de\/uk\/sunflower-care-e-v\/#breadcrumb\",\"itemListElement\":[{\"@type\":\"ListItem\",\"position\":1,\"name\":\"Startseite\",\"item\":\"https:\/\/behinderung-und-flucht.isl-ev.de\/uk\/\"},{\"@type\":\"ListItem\",\"position\":2,\"name\":\"Sunflower Care e.V.\"}]},{\"@type\":\"WebSite\",\"@id\":\"https:\/\/behinderung-und-flucht.isl-ev.de\/uk\/#website\",\"url\":\"https:\/\/behinderung-und-flucht.isl-ev.de\/uk\/\",\"name\":\"Infoseite f\u00fcr gefl\u00fcchtete Menschen mit Behinderungen oder chronischen Erkrankungen\",\"description\":\"Informationen f\u00fcr gefl\u00fcchtete Menschen mit Behinderungen oder chronischen Erkrankungen\",\"publisher\":{\"@id\":\"https:\/\/behinderung-und-flucht.isl-ev.de\/uk\/#organization\"},\"alternateName\":\"Infoseite f\u00fcr gefl\u00fcchtete Menschen mit Behinderungen\",\"potentialAction\":[{\"@type\":\"SearchAction\",\"target\":{\"@type\":\"EntryPoint\",\"urlTemplate\":\"https:\/\/behinderung-und-flucht.isl-ev.de\/uk\/?s={search_term_string}\"},\"query-input\":\"required name=search_term_string\"}],\"inLanguage\":\"uk\"},{\"@type\":\"Organization\",\"@id\":\"https:\/\/behinderung-und-flucht.isl-ev.de\/uk\/#organization\",\"name\":\"Infoseite der Interessenvertretung Selbstbestimmt Leben in Deutschland e.V.\",\"url\":\"https:\/\/behinderung-und-flucht.isl-ev.de\/uk\/\",\"logo\":{\"@type\":\"ImageObject\",\"inLanguage\":\"uk\",\"@id\":\"https:\/\/behinderung-und-flucht.isl-ev.de\/uk\/#\/schema\/logo\/image\/\",\"url\":\"https:\/\/behinderung-und-flucht.isl-ev.de\/wp-content\/uploads\/2022\/09\/logo-infoseite-04.svg\",\"contentUrl\":\"https:\/\/behinderung-und-flucht.isl-ev.de\/wp-content\/uploads\/2022\/09\/logo-infoseite-04.svg\",\"caption\":\"Infoseite der Interessenvertretung Selbstbestimmt Leben in Deutschland e.V.\"},\"image\":{\"@id\":\"https:\/\/behinderung-und-flucht.isl-ev.de\/uk\/#\/schema\/logo\/image\/\"}}]}<\/script>\n<!-- \/ Yoast SEO plugin. -->","yoast_head_json":{"title":"Sunflower Care e.V. - Infoseite der Interessenvertretung Selbstbestimmt Leben in Deutschland e.V.","robots":{"index":"index","follow":"follow","max-snippet":"max-snippet:-1","max-image-preview":"max-image-preview:large","max-video-preview":"max-video-preview:-1"},"canonical":"https:\/\/behinderung-und-flucht.isl-ev.de\/uk\/sunflower-care-e-v\/","og_locale":"uk_UA","og_type":"article","og_title":"Sunflower Care e.V. - Infoseite der Interessenvertretung Selbstbestimmt Leben in Deutschland e.V.","og_description":"\u0417 24 \u043b\u044e\u0442\u043e\u0433\u043e 2022 \u0440\u043e\u043a\u0443 \u043f\u0456\u0441\u043b\u044f \u0432\u0456\u0439\u0441\u044c\u043a\u043e\u0432\u043e\u0433\u043e \u0432\u0442\u043e\u0440\u0433\u043d\u0435\u043d\u043d\u044f \u043d\u0430 \u0442\u0435\u0440\u0438\u0442\u043e\u0440\u0456\u044e \u0432\u0441\u0456\u0454\u0457 \u0423\u043a\u0440\u0430\u0457\u043d\u0438&nbsp;\u0436\u0438\u0442\u0442\u044f \u043a\u043e\u0436\u043d\u043e\u0457 \u0434\u0438\u0442\u0438\u043d\u0438 \u0437 \u0456\u043d\u0432\u0430\u043b\u0456\u0434\u043d\u0456\u0441\u0442\u044e, \u0445\u0440\u043e\u043d\u0456\u0447\u043d\u0438\u043c\u0438 \u0437\u0430\u0445\u0432\u043e\u0440\u044e\u0432\u0430\u043d\u043d\u044f\u043c\u0438, \u043c\u0435\u043d\u0442\u0430\u043b\u044c\u043d\u0438\u043c\u0438 \u043e\u0441\u043e\u0431\u043b\u0438\u0432\u043e\u0441\u0442\u044f\u043c\u0438, \u0430 \u0442\u0430\u043a\u043e\u0436 \u0432\u0441\u0456\u0445 \u043d\u0435\u0439\u0440\u043e\u0432\u0456\u0434\u043c\u0456\u043d\u043d\u0438\u0445 \u0434\u0456\u0442\u0435\u0439 \u0442\u0430 \u043b\u044e\u0434\u0435\u0439, \u0449\u043e \u0457\u0445 \u0434\u043e\u0433\u043b\u044f\u0434\u0430\u044e\u0442\u044c, \u043f\u0456\u0434 \u0437\u0430\u0433\u0440\u043e\u0437\u043e\u044e.&nbsp;\u0411\u0430\u0433\u0430\u0442\u043e \u0441\u0456\u043c\u0435\u0439 \u0437 \u0442\u0430\u043a\u0438\u043c\u0438 \u0434\u0456\u0442\u044c\u043c\u0438 \u0432\u0438\u043c\u0443\u0448\u0435\u043d\u0456 \u0448\u0443\u043a\u0430\u0442\u0438 \u0431\u0435\u0437\u043f\u0435\u0447\u043d\u0435 \u043c\u0456\u0441\u0446\u0435 \u0437 2014 \u0440\u043e\u043a\u0443 \u2013 \u043f\u043e\u0447\u0430\u0442\u043a\u0443 \u0432\u0456\u0439\u043d\u0438 \u2013 \u0456 \u043f\u0435\u0440\u0435\u0436\u0438\u0432\u0430\u044e\u0442\u044c \u0432\u0436\u0435 \u043d\u0435 \u043f\u0435\u0440\u0448\u0443 \u0442\u0440\u0430\u0432\u043c\u0443. \u041d\u0430\u0448\u0430 \u0432\u043e\u043b\u043e\u043d\u0442\u0435\u0440\u0441\u044c\u043a\u0430&hellip; \u0427\u0438\u0442\u0430\u0442\u0438 \u0434\u0430\u043b\u0456 Sunflower Care e.V.","og_url":"https:\/\/behinderung-und-flucht.isl-ev.de\/uk\/sunflower-care-e-v\/","og_site_name":"Infoseite der Interessenvertretung Selbstbestimmt Leben in Deutschland e.V.","article_modified_time":"2023-10-24T18:55:39+00:00","twitter_card":"summary_large_image","twitter_misc":{"\u041f\u0440\u0438\u0431\u043b. \u0447\u0430\u0441 \u0447\u0438\u0442\u0430\u043d\u043d\u044f":"1 \u0445\u0432\u0438\u043b\u0438\u043d\u0430"},"schema":{"@context":"https:\/\/schema.org","@graph":[{"@type":"WebPage","@id":"https:\/\/behinderung-und-flucht.isl-ev.de\/uk\/sunflower-care-e-v\/","url":"https:\/\/behinderung-und-flucht.isl-ev.de\/uk\/sunflower-care-e-v\/","name":"Sunflower Care e.V. - Infoseite der Interessenvertretung Selbstbestimmt Leben in Deutschland e.V.","isPartOf":{"@id":"https:\/\/behinderung-und-flucht.isl-ev.de\/uk\/#website"},"datePublished":"2023-10-24T18:43:31+00:00","dateModified":"2023-10-24T18:55:39+00:00","breadcrumb":{"@id":"https:\/\/behinderung-und-flucht.isl-ev.de\/uk\/sunflower-care-e-v\/#breadcrumb"},"inLanguage":"uk","potentialAction":[{"@type":"ReadAction","target":["https:\/\/behinderung-und-flucht.isl-ev.de\/uk\/sunflower-care-e-v\/"]}]},{"@type":"BreadcrumbList","@id":"https:\/\/behinderung-und-flucht.isl-ev.de\/uk\/sunflower-care-e-v\/#breadcrumb","itemListElement":[{"@type":"ListItem","position":1,"name":"Startseite","item":"https:\/\/behinderung-und-flucht.isl-ev.de\/uk\/"},{"@type":"ListItem","position":2,"name":"Sunflower Care e.V."}]},{"@type":"WebSite","@id":"https:\/\/behinderung-und-flucht.isl-ev.de\/uk\/#website","url":"https:\/\/behinderung-und-flucht.isl-ev.de\/uk\/","name":"Infoseite f\u00fcr gefl\u00fcchtete Menschen mit Behinderungen oder chronischen Erkrankungen","description":"Informationen f\u00fcr gefl\u00fcchtete Menschen mit Behinderungen oder chronischen Erkrankungen","publisher":{"@id":"https:\/\/behinderung-und-flucht.isl-ev.de\/uk\/#organization"},"alternateName":"Infoseite f\u00fcr gefl\u00fcchtete Menschen mit Behinderungen","potentialAction":[{"@type":"SearchAction","target":{"@type":"EntryPoint","urlTemplate":"https:\/\/behinderung-und-flucht.isl-ev.de\/uk\/?s={search_term_string}"},"query-input":"required name=search_term_string"}],"inLanguage":"uk"},{"@type":"Organization","@id":"https:\/\/behinderung-und-flucht.isl-ev.de\/uk\/#organization","name":"Infoseite der Interessenvertretung Selbstbestimmt Leben in Deutschland e.V.","url":"https:\/\/behinderung-und-flucht.isl-ev.de\/uk\/","logo":{"@type":"ImageObject","inLanguage":"uk","@id":"https:\/\/behinderung-und-flucht.isl-ev.de\/uk\/#\/schema\/logo\/image\/","url":"https:\/\/behinderung-und-flucht.isl-ev.de\/wp-content\/uploads\/2022\/09\/logo-infoseite-04.svg","contentUrl":"https:\/\/behinderung-und-flucht.isl-ev.de\/wp-content\/uploads\/2022\/09\/logo-infoseite-04.svg","caption":"Infoseite der Interessenvertretung Selbstbestimmt Leben in Deutschland e.V."},"image":{"@id":"https:\/\/behinderung-und-flucht.isl-ev.de\/uk\/#\/schema\/logo\/image\/"}}]}},"_links":{"self":[{"href":"https:\/\/behinderung-und-flucht.isl-ev.de\/uk\/wp-json\/wp\/v2\/pages\/4734","targetHints":{"allow":["GET"]}}],"collection":[{"href":"https:\/\/behinderung-und-flucht.isl-ev.de\/uk\/wp-json\/wp\/v2\/pages"}],"about":[{"href":"https:\/\/behinderung-und-flucht.isl-ev.de\/uk\/wp-json\/wp\/v2\/types\/page"}],"author":[{"embeddable":true,"href":"https:\/\/behinderung-und-flucht.isl-ev.de\/uk\/wp-json\/wp\/v2\/users\/1"}],"replies":[{"embeddable":true,"href":"https:\/\/behinderung-und-flucht.isl-ev.de\/uk\/wp-json\/wp\/v2\/comments?post=4734"}],"version-history":[{"count":3,"href":"https:\/\/behinderung-und-flucht.isl-ev.de\/uk\/wp-json\/wp\/v2\/pages\/4734\/revisions"}],"predecessor-version":[{"id":4745,"href":"https:\/\/behinderung-und-flucht.isl-ev.de\/uk\/wp-json\/wp\/v2\/pages\/4734\/revisions\/4745"}],"wp:attachment":[{"href":"https:\/\/behinderung-und-flucht.isl-ev.de\/uk\/wp-json\/wp\/v2\/media?parent=4734"}],"wp:term":[{"taxonomy":"category","embeddable":true,"href":"https:\/\/behinderung-und-flucht.isl-ev.de\/uk\/wp-json\/wp\/v2\/categories?post=4734"},{"taxonomy":"post_tag","embeddable":true,"href":"https:\/\/behinderung-und-flucht.isl-ev.de\/uk\/wp-json\/wp\/v2\/tags?post=4734"}],"curies":[{"name":"wp","href":"https:\/\/api.w.org\/{rel}","templated":true}]}}