{"id":4487,"date":"2023-06-27T21:39:22","date_gmt":"2023-06-27T19:39:22","guid":{"rendered":"https:\/\/behinderung-und-flucht.isl-ev.de\/?page_id=4487"},"modified":"2023-07-11T22:06:47","modified_gmt":"2023-07-11T20:06:47","slug":"sachsen","status":"publish","type":"page","link":"https:\/\/behinderung-und-flucht.isl-ev.de\/uk\/beratung-selbsthilfe\/sachsen\/","title":{"rendered":"Sachsen"},"content":{"rendered":"\n<div class=\"wp-block-columns has-white-background-color has-background is-layout-flex wp-container-core-columns-is-layout-f9777a04 wp-block-columns-is-layout-flex\" style=\"padding-top:var(--wp--preset--spacing--20);padding-right:var(--wp--preset--spacing--20);padding-bottom:var(--wp--preset--spacing--20);padding-left:var(--wp--preset--spacing--20)\">\n<div class=\"wp-block-column is-layout-flow wp-block-column-is-layout-flow\" style=\"flex-basis:66.66%\">\n<h3 class=\"wp-block-heading\" style=\"font-style:normal;font-weight:400\">Gesundheitslotsen<\/h3>\n\n\n\n<p><strong>Angebot:<\/strong> Gesundheitsberatung<\/p>\n\n\n\n<p>Ansprechpartnerin: Mehrnaz Pohl-Shirazi; Madeleine Steinborn; Katharina Wegmann<\/p>\n\n\n\n<p><strong>Sprache:<\/strong> Deutsch, Englisch, Persisch<\/p>\n\n\n\n<p><strong>Link:<\/strong> <a href=\"https:\/\/lebenshilfe-bremen.de\/angebote\/beratung\/migration-und-behinderung\/\"><\/a><a href=\"https:\/\/lebenshilfe-bremen.de\/angebote\/beratung\/migration-und-behinderung\/\">https:\/\/lebenshilfe-bremen.de\/angebote\/beratung\/migration-und-behinderung\/<\/a><\/p>\n<\/div>\n\n\n\n<div class=\"wp-block-column is-layout-flow wp-block-column-is-layout-flow\" style=\"flex-basis:33.33%\">\n<p>B\u00f6nischplatz 11<\/p>\n\n\n\n<p>01307 Dresden<\/p>\n\n\n\n<p><strong>Telefon:<\/strong> 0179 43 58 38 8; 0176 47 69 68 54; 0176 48 09 34 00<\/p>\n<\/div>\n<\/div>\n\n\n\n<div class=\"wp-block-columns has-white-background-color has-background is-layout-flex wp-container-core-columns-is-layout-f9777a04 wp-block-columns-is-layout-flex\" style=\"padding-top:var(--wp--preset--spacing--20);padding-right:var(--wp--preset--spacing--20);padding-bottom:var(--wp--preset--spacing--20);padding-left:var(--wp--preset--spacing--20)\">\n<div class=\"wp-block-column is-layout-flow wp-block-column-is-layout-flow\" style=\"flex-basis:66.66%\">\n<h3 class=\"wp-block-heading\" style=\"font-style:normal;font-weight:400\">Psychosoziale Beratungsstelle Lebenswege<\/h3>\n\n\n\n<p>Richtet sich an: traumatisierte Kinder, Jugendliche und Familien aus der Ukraine<\/p>\n\n\n\n<p>Herkunftsland: Ukraine<\/p>\n\n\n\n<p><strong>Angebot:<\/strong> Psychosoziale Beratung<\/p>\n\n\n\n<p><strong>Sprache:<\/strong> deutsch, russisch, ukrainsich<\/p>\n\n\n\n<p><strong>Link:<\/strong> <a href=\"https:\/\/www.caritas-dresden.de\/hilfe-und-beratung\/projekt-lebenswege\/\">https:\/\/www.caritas-dresden.de\/hilfe-und-beratung\/projekt-lebenswege\/<\/a><\/p>\n<\/div>\n\n\n\n<div class=\"wp-block-column is-layout-flow wp-block-column-is-layout-flow\" style=\"flex-basis:33.33%\">\n<p>Dornbl\u00fcthstra\u00dfe 24<\/p>\n\n\n\n<p>01277 Dresden<\/p>\n\n\n\n<p><strong>Telefon:<\/strong> +49 351 81160510<\/p>\n<\/div>\n<\/div>\n\n\n\n<div class=\"wp-block-columns has-white-background-color has-background is-layout-flex wp-container-core-columns-is-layout-f9777a04 wp-block-columns-is-layout-flex\" style=\"padding-top:var(--wp--preset--spacing--20);padding-right:var(--wp--preset--spacing--20);padding-bottom:var(--wp--preset--spacing--20);padding-left:var(--wp--preset--spacing--20)\">\n<div class=\"wp-block-column is-layout-flow wp-block-column-is-layout-flow\" style=\"flex-basis:66.66%\">\n<h3 class=\"wp-block-heading\" style=\"font-style:normal;font-weight:400\">BLICKPUNKT Auge<\/h3>\n\n\n\n<p><strong>Gerichtet an:<\/strong> Menschen mit Sehbehinderung<\/p>\n\n\n\n<p><strong>Angebot:<\/strong> Beratung zu Sehhilfen, Hilfsmittel; Rechtliche und finanzielle Anspr\u00fcche; Schulungen zur sicheren Orientierung im Stra\u00dfenverkehr; etc.<\/p>\n\n\n\n<p><strong>Art des Angebots:<\/strong> [\u00dcbersicht zu Beratungen in 13 Bundesl\u00e4ndern]<\/p>\n\n\n\n<p><strong>Link:<\/strong> <a href=\"https:\/\/blickpunkt-auge.de\/regionen.html\">https:\/\/blickpunkt-auge.de\/regionen.html<\/a><\/p>\n<\/div>\n\n\n\n<div class=\"wp-block-column is-layout-flow wp-block-column-is-layout-flow\" style=\"flex-basis:33.33%\">\n<p><\/p>\n<\/div>\n<\/div>\n","protected":false},"excerpt":{"rendered":"<p>Gesundheitslotsen Angebot: Gesundheitsberatung Ansprechpartnerin: Mehrnaz Pohl-Shirazi; Madeleine Steinborn; Katharina Wegmann Sprache: Deutsch, Englisch, Persisch Link: https:\/\/lebenshilfe-bremen.de\/angebote\/beratung\/migration-und-behinderung\/ B\u00f6nischplatz 11 01307 Dresden Telefon: 0179 43 58 38 8; 0176 47 69 68 54; 0176 48 09 34 00 Psychosoziale Beratungsstelle Lebenswege Richtet sich an: traumatisierte Kinder, Jugendliche und Familien aus der Ukraine Herkunftsland: Ukraine Angebot: Psychosoziale Beratung&hellip; <a class=\"more-link\" href=\"https:\/\/behinderung-und-flucht.isl-ev.de\/uk\/beratung-selbsthilfe\/sachsen\/\">\u0427\u0438\u0442\u0430\u0442\u0438 \u0434\u0430\u043b\u0456 <span class=\"screen-reader-text\">Sachsen<\/span><\/a><\/p>\n","protected":false},"author":1,"featured_media":0,"parent":132,"menu_order":0,"comment_status":"closed","ping_status":"closed","template":"","meta":{"ub_ctt_via":"","inline_featured_image":false,"_themeisle_gutenberg_block_has_review":false,"_mc_calendar":[],"footnotes":""},"categories":[],"tags":[],"class_list":["post-4487","page","type-page","status-publish","hentry","entry"],"featured_image_src":null,"yoast_head":"<!-- This site is optimized with the Yoast SEO plugin v21.4 - https:\/\/yoast.com\/wordpress\/plugins\/seo\/ -->\n<title>Sachsen - Infoseite der Interessenvertretung Selbstbestimmt Leben in Deutschland e.V.<\/title>\n<meta name=\"robots\" content=\"index, follow, max-snippet:-1, max-image-preview:large, max-video-preview:-1\" \/>\n<link rel=\"canonical\" href=\"https:\/\/behinderung-und-flucht.isl-ev.de\/uk\/beratung-selbsthilfe\/sachsen\/\" \/>\n<meta property=\"og:locale\" content=\"uk_UA\" \/>\n<meta property=\"og:type\" content=\"article\" \/>\n<meta property=\"og:title\" content=\"Sachsen - Infoseite der Interessenvertretung Selbstbestimmt Leben in Deutschland e.V.\" \/>\n<meta property=\"og:description\" content=\"Gesundheitslotsen Angebot: Gesundheitsberatung Ansprechpartnerin: Mehrnaz Pohl-Shirazi; Madeleine Steinborn; Katharina Wegmann Sprache: Deutsch, Englisch, Persisch Link: https:\/\/lebenshilfe-bremen.de\/angebote\/beratung\/migration-und-behinderung\/ B\u00f6nischplatz 11 01307 Dresden Telefon: 0179 43 58 38 8; 0176 47 69 68 54; 0176 48 09 34 00 Psychosoziale Beratungsstelle Lebenswege Richtet sich an: traumatisierte Kinder, Jugendliche und Familien aus der Ukraine Herkunftsland: Ukraine Angebot: Psychosoziale Beratung&hellip; \u0427\u0438\u0442\u0430\u0442\u0438 \u0434\u0430\u043b\u0456 Sachsen\" \/>\n<meta property=\"og:url\" content=\"https:\/\/behinderung-und-flucht.isl-ev.de\/uk\/beratung-selbsthilfe\/sachsen\/\" \/>\n<meta property=\"og:site_name\" content=\"Infoseite der Interessenvertretung Selbstbestimmt Leben in Deutschland e.V.\" \/>\n<meta property=\"article:modified_time\" content=\"2023-07-11T20:06:47+00:00\" \/>\n<meta name=\"twitter:card\" content=\"summary_large_image\" \/>\n<meta name=\"twitter:label1\" content=\"\u041f\u0440\u0438\u0431\u043b. \u0447\u0430\u0441 \u0447\u0438\u0442\u0430\u043d\u043d\u044f\" \/>\n\t<meta name=\"twitter:data1\" content=\"1 \u0445\u0432\u0438\u043b\u0438\u043d\u0430\" \/>\n<script type=\"application\/ld+json\" class=\"yoast-schema-graph\">{\"@context\":\"https:\/\/schema.org\",\"@graph\":[{\"@type\":\"WebPage\",\"@id\":\"https:\/\/behinderung-und-flucht.isl-ev.de\/uk\/beratung-selbsthilfe\/sachsen\/\",\"url\":\"https:\/\/behinderung-und-flucht.isl-ev.de\/uk\/beratung-selbsthilfe\/sachsen\/\",\"name\":\"Sachsen - Infoseite der Interessenvertretung Selbstbestimmt Leben in Deutschland e.V.\",\"isPartOf\":{\"@id\":\"https:\/\/behinderung-und-flucht.isl-ev.de\/uk\/#website\"},\"datePublished\":\"2023-06-27T19:39:22+00:00\",\"dateModified\":\"2023-07-11T20:06:47+00:00\",\"breadcrumb\":{\"@id\":\"https:\/\/behinderung-und-flucht.isl-ev.de\/uk\/beratung-selbsthilfe\/sachsen\/#breadcrumb\"},\"inLanguage\":\"uk\",\"potentialAction\":[{\"@type\":\"ReadAction\",\"target\":[\"https:\/\/behinderung-und-flucht.isl-ev.de\/uk\/beratung-selbsthilfe\/sachsen\/\"]}]},{\"@type\":\"BreadcrumbList\",\"@id\":\"https:\/\/behinderung-und-flucht.isl-ev.de\/uk\/beratung-selbsthilfe\/sachsen\/#breadcrumb\",\"itemListElement\":[{\"@type\":\"ListItem\",\"position\":1,\"name\":\"Startseite\",\"item\":\"https:\/\/behinderung-und-flucht.isl-ev.de\/uk\/\"},{\"@type\":\"ListItem\",\"position\":2,\"name\":\"Beratung\/Selbsthilfe\",\"item\":\"https:\/\/behinderung-und-flucht.isl-ev.de\/uk\/beratung-selbsthilfe\/\"},{\"@type\":\"ListItem\",\"position\":3,\"name\":\"Sachsen\"}]},{\"@type\":\"WebSite\",\"@id\":\"https:\/\/behinderung-und-flucht.isl-ev.de\/uk\/#website\",\"url\":\"https:\/\/behinderung-und-flucht.isl-ev.de\/uk\/\",\"name\":\"Infoseite f\u00fcr gefl\u00fcchtete Menschen mit Behinderungen oder chronischen Erkrankungen\",\"description\":\"Informationen f\u00fcr gefl\u00fcchtete Menschen mit Behinderungen oder chronischen Erkrankungen\",\"publisher\":{\"@id\":\"https:\/\/behinderung-und-flucht.isl-ev.de\/uk\/#organization\"},\"alternateName\":\"Infoseite f\u00fcr gefl\u00fcchtete Menschen mit Behinderungen\",\"potentialAction\":[{\"@type\":\"SearchAction\",\"target\":{\"@type\":\"EntryPoint\",\"urlTemplate\":\"https:\/\/behinderung-und-flucht.isl-ev.de\/uk\/?s={search_term_string}\"},\"query-input\":\"required name=search_term_string\"}],\"inLanguage\":\"uk\"},{\"@type\":\"Organization\",\"@id\":\"https:\/\/behinderung-und-flucht.isl-ev.de\/uk\/#organization\",\"name\":\"Infoseite der Interessenvertretung Selbstbestimmt Leben in Deutschland e.V.\",\"url\":\"https:\/\/behinderung-und-flucht.isl-ev.de\/uk\/\",\"logo\":{\"@type\":\"ImageObject\",\"inLanguage\":\"uk\",\"@id\":\"https:\/\/behinderung-und-flucht.isl-ev.de\/uk\/#\/schema\/logo\/image\/\",\"url\":\"https:\/\/behinderung-und-flucht.isl-ev.de\/wp-content\/uploads\/2022\/09\/logo-infoseite-04.svg\",\"contentUrl\":\"https:\/\/behinderung-und-flucht.isl-ev.de\/wp-content\/uploads\/2022\/09\/logo-infoseite-04.svg\",\"caption\":\"Infoseite der Interessenvertretung Selbstbestimmt Leben in Deutschland e.V.\"},\"image\":{\"@id\":\"https:\/\/behinderung-und-flucht.isl-ev.de\/uk\/#\/schema\/logo\/image\/\"}}]}<\/script>\n<!-- \/ Yoast SEO plugin. -->","yoast_head_json":{"title":"Sachsen - Infoseite der Interessenvertretung Selbstbestimmt Leben in Deutschland e.V.","robots":{"index":"index","follow":"follow","max-snippet":"max-snippet:-1","max-image-preview":"max-image-preview:large","max-video-preview":"max-video-preview:-1"},"canonical":"https:\/\/behinderung-und-flucht.isl-ev.de\/uk\/beratung-selbsthilfe\/sachsen\/","og_locale":"uk_UA","og_type":"article","og_title":"Sachsen - Infoseite der Interessenvertretung Selbstbestimmt Leben in Deutschland e.V.","og_description":"Gesundheitslotsen Angebot: Gesundheitsberatung Ansprechpartnerin: Mehrnaz Pohl-Shirazi; Madeleine Steinborn; Katharina Wegmann Sprache: Deutsch, Englisch, Persisch Link: https:\/\/lebenshilfe-bremen.de\/angebote\/beratung\/migration-und-behinderung\/ B\u00f6nischplatz 11 01307 Dresden Telefon: 0179 43 58 38 8; 0176 47 69 68 54; 0176 48 09 34 00 Psychosoziale Beratungsstelle Lebenswege Richtet sich an: traumatisierte Kinder, Jugendliche und Familien aus der Ukraine Herkunftsland: Ukraine Angebot: Psychosoziale Beratung&hellip; \u0427\u0438\u0442\u0430\u0442\u0438 \u0434\u0430\u043b\u0456 Sachsen","og_url":"https:\/\/behinderung-und-flucht.isl-ev.de\/uk\/beratung-selbsthilfe\/sachsen\/","og_site_name":"Infoseite der Interessenvertretung Selbstbestimmt Leben in Deutschland e.V.","article_modified_time":"2023-07-11T20:06:47+00:00","twitter_card":"summary_large_image","twitter_misc":{"\u041f\u0440\u0438\u0431\u043b. \u0447\u0430\u0441 \u0447\u0438\u0442\u0430\u043d\u043d\u044f":"1 \u0445\u0432\u0438\u043b\u0438\u043d\u0430"},"schema":{"@context":"https:\/\/schema.org","@graph":[{"@type":"WebPage","@id":"https:\/\/behinderung-und-flucht.isl-ev.de\/uk\/beratung-selbsthilfe\/sachsen\/","url":"https:\/\/behinderung-und-flucht.isl-ev.de\/uk\/beratung-selbsthilfe\/sachsen\/","name":"Sachsen - Infoseite der Interessenvertretung Selbstbestimmt Leben in Deutschland e.V.","isPartOf":{"@id":"https:\/\/behinderung-und-flucht.isl-ev.de\/uk\/#website"},"datePublished":"2023-06-27T19:39:22+00:00","dateModified":"2023-07-11T20:06:47+00:00","breadcrumb":{"@id":"https:\/\/behinderung-und-flucht.isl-ev.de\/uk\/beratung-selbsthilfe\/sachsen\/#breadcrumb"},"inLanguage":"uk","potentialAction":[{"@type":"ReadAction","target":["https:\/\/behinderung-und-flucht.isl-ev.de\/uk\/beratung-selbsthilfe\/sachsen\/"]}]},{"@type":"BreadcrumbList","@id":"https:\/\/behinderung-und-flucht.isl-ev.de\/uk\/beratung-selbsthilfe\/sachsen\/#breadcrumb","itemListElement":[{"@type":"ListItem","position":1,"name":"Startseite","item":"https:\/\/behinderung-und-flucht.isl-ev.de\/uk\/"},{"@type":"ListItem","position":2,"name":"Beratung\/Selbsthilfe","item":"https:\/\/behinderung-und-flucht.isl-ev.de\/uk\/beratung-selbsthilfe\/"},{"@type":"ListItem","position":3,"name":"Sachsen"}]},{"@type":"WebSite","@id":"https:\/\/behinderung-und-flucht.isl-ev.de\/uk\/#website","url":"https:\/\/behinderung-und-flucht.isl-ev.de\/uk\/","name":"Infoseite f\u00fcr gefl\u00fcchtete Menschen mit Behinderungen oder chronischen Erkrankungen","description":"Informationen f\u00fcr gefl\u00fcchtete Menschen mit Behinderungen oder chronischen Erkrankungen","publisher":{"@id":"https:\/\/behinderung-und-flucht.isl-ev.de\/uk\/#organization"},"alternateName":"Infoseite f\u00fcr gefl\u00fcchtete Menschen mit Behinderungen","potentialAction":[{"@type":"SearchAction","target":{"@type":"EntryPoint","urlTemplate":"https:\/\/behinderung-und-flucht.isl-ev.de\/uk\/?s={search_term_string}"},"query-input":"required name=search_term_string"}],"inLanguage":"uk"},{"@type":"Organization","@id":"https:\/\/behinderung-und-flucht.isl-ev.de\/uk\/#organization","name":"Infoseite der Interessenvertretung Selbstbestimmt Leben in Deutschland e.V.","url":"https:\/\/behinderung-und-flucht.isl-ev.de\/uk\/","logo":{"@type":"ImageObject","inLanguage":"uk","@id":"https:\/\/behinderung-und-flucht.isl-ev.de\/uk\/#\/schema\/logo\/image\/","url":"https:\/\/behinderung-und-flucht.isl-ev.de\/wp-content\/uploads\/2022\/09\/logo-infoseite-04.svg","contentUrl":"https:\/\/behinderung-und-flucht.isl-ev.de\/wp-content\/uploads\/2022\/09\/logo-infoseite-04.svg","caption":"Infoseite der Interessenvertretung Selbstbestimmt Leben in Deutschland e.V."},"image":{"@id":"https:\/\/behinderung-und-flucht.isl-ev.de\/uk\/#\/schema\/logo\/image\/"}}]}},"_links":{"self":[{"href":"https:\/\/behinderung-und-flucht.isl-ev.de\/uk\/wp-json\/wp\/v2\/pages\/4487","targetHints":{"allow":["GET"]}}],"collection":[{"href":"https:\/\/behinderung-und-flucht.isl-ev.de\/uk\/wp-json\/wp\/v2\/pages"}],"about":[{"href":"https:\/\/behinderung-und-flucht.isl-ev.de\/uk\/wp-json\/wp\/v2\/types\/page"}],"author":[{"embeddable":true,"href":"https:\/\/behinderung-und-flucht.isl-ev.de\/uk\/wp-json\/wp\/v2\/users\/1"}],"replies":[{"embeddable":true,"href":"https:\/\/behinderung-und-flucht.isl-ev.de\/uk\/wp-json\/wp\/v2\/comments?post=4487"}],"version-history":[{"count":4,"href":"https:\/\/behinderung-und-flucht.isl-ev.de\/uk\/wp-json\/wp\/v2\/pages\/4487\/revisions"}],"predecessor-version":[{"id":4580,"href":"https:\/\/behinderung-und-flucht.isl-ev.de\/uk\/wp-json\/wp\/v2\/pages\/4487\/revisions\/4580"}],"up":[{"embeddable":true,"href":"https:\/\/behinderung-und-flucht.isl-ev.de\/uk\/wp-json\/wp\/v2\/pages\/132"}],"wp:attachment":[{"href":"https:\/\/behinderung-und-flucht.isl-ev.de\/uk\/wp-json\/wp\/v2\/media?parent=4487"}],"wp:term":[{"taxonomy":"category","embeddable":true,"href":"https:\/\/behinderung-und-flucht.isl-ev.de\/uk\/wp-json\/wp\/v2\/categories?post=4487"},{"taxonomy":"post_tag","embeddable":true,"href":"https:\/\/behinderung-und-flucht.isl-ev.de\/uk\/wp-json\/wp\/v2\/tags?post=4487"}],"curies":[{"name":"wp","href":"https:\/\/api.w.org\/{rel}","templated":true}]}}