{"id":1387,"date":"2022-09-28T21:01:38","date_gmt":"2022-09-28T19:01:38","guid":{"rendered":"https:\/\/behinderung-und-flucht.isl-ev.de\/?page_id=1387"},"modified":"2024-12-31T00:47:42","modified_gmt":"2024-12-30T23:47:42","slug":"selbstvertretung-3","status":"publish","type":"page","link":"https:\/\/behinderung-und-flucht.isl-ev.de\/uk\/selbstvertretung-3\/","title":{"rendered":"\u0441\u0430\u043c\u043e\u0440\u0435\u043f\u0440\u0435\u0437\u0435\u043d\u0442\u0430\u0446\u0456\u044f"},"content":{"rendered":"\n<h5 class=\"wp-block-heading\">\u041d\u0430 \u0446\u0456\u0439 \u0441\u0442\u043e\u0440\u0456\u043d\u0446\u0456 \u043f\u0440\u0435\u0434\u0441\u0442\u0430\u0432\u043b\u0435\u043d\u0430 \u0456\u043d\u0444\u043e\u0440\u043c\u0430\u0446\u0456\u044f \u043f\u0440\u043e<\/h5>\n\n\n\n<h2 class=\"wp-block-heading has-text-color\" style=\"color:#91025b\">\u0421\u0430\u043c\u043e\u043f\u0440\u0435\u0437\u0435\u043d\u0442\u0430\u0446\u0456\u044f \u0431\u0456\u0436\u0435\u043d\u0446\u0456\u0432 \u0437 \u0456\u043d\u0432\u0430\u043b\u0456\u0434\u043d\u0456\u0441\u0442\u044e \u0442\u0430\/\u0430\u0431\u043e \u0445\u0440\u043e\u043d\u0456\u0447\u043d\u0438\u043c\u0438 \u0437\u0430\u0445\u0432\u043e\u0440\u044e\u0432\u0430\u043d\u043d\u044f\u043c\u0438 \u0432 \u041d\u0456\u043c\u0435\u0447\u0447\u0438\u043d\u0456!<\/h2>\n\n\n\n<h4 class=\"wp-block-heading\">\u0417 Interessenvertretung Selbstbestimmt Leben in Deutschland e.V. (\u0421\u0430\u043c\u043e\u0432\u0438\u0437\u043d\u0430\u0447\u0430\u043b\u044c\u043d\u0435 \u0436\u0438\u0442\u0442\u044f \u0432 \u041d\u0456\u043c\u0435\u0447\u0447\u0438\u043d\u0456).<\/h4>\n\n\n\n<h4 class=\"wp-block-heading\"><strong><a href=\"https:\/\/www.isl-ev.de\/index.php\/verband-zentren\/selbstbestimmt-leben-das-original-isl\">\u041f\u043e\u0441\u0438\u043b\u0430\u043d\u043d\u044f \u043d\u0430 \u0441\u0430\u0439\u0442 ISL-ev.de (\u041f\u0440\u043e \u043d\u0430\u0441) <\/a><\/strong><\/h4>\n\n\n\n<div style=\"height:29px\" aria-hidden=\"true\" class=\"wp-block-spacer\"><\/div>\n\n\n\n<p>&#8220;\u041d\u0456\u0447\u043e\u0433\u043e \u043f\u0440\u043e \u043d\u0430\u0441 \u0431\u0435\u0437 \u043d\u0430\u0441&#8221; &#8211; \u0446\u0435 \u043f\u0440\u0438\u043d\u0446\u0438\u043f, \u0437\u0430 \u044f\u043a\u0438\u043c \u043f\u0440\u0430\u0446\u044e\u0454 ISL \u0456 \u0437\u0430 \u044f\u043a\u0438\u043c \u043b\u044e\u0434\u0438 \u0437 \u0431\u0456\u0436\u0435\u043d\u0441\u044c\u043a\u0438\u043c \u043c\u0438\u043d\u0443\u043b\u0438\u043c \u0442\u0430\u043a\u043e\u0436 \u043f\u043e\u0432\u0438\u043d\u043d\u0456 \u043c\u0430\u0442\u0438 \u0437\u043c\u043e\u0433\u0443 \u0434\u0456\u044f\u0442\u0438 \u0442\u0430 \u043f\u0440\u0435\u0434\u0441\u0442\u0430\u0432\u043b\u044f\u0442\u0438 \u0441\u0432\u043e\u0457 \u0432\u043b\u0430\u0441\u043d\u0456 \u0456\u043d\u0442\u0435\u0440\u0435\u0441\u0438. \u0417\u0430\u043d\u0430\u0434\u0442\u043e \u0447\u0430\u0441\u0442\u043e \u0437\u0430 \u043b\u044e\u0434\u0435\u0439 \u0437 \u0431\u0456\u0436\u0435\u043d\u0441\u044c\u043a\u0438\u043c \u043c\u0438\u043d\u0443\u043b\u0438\u043c \u0433\u043e\u0432\u043e\u0440\u044f\u0442\u044c \u0456\u043d\u0448\u0456 \u043b\u044e\u0434\u0438. \u041e\u0441\u043e\u0431\u043b\u0438\u0432\u043e \u0437\u0430 \u043d\u0430\u044f\u0432\u043d\u043e\u0441\u0442\u0456 \u043c\u043d\u043e\u0436\u0438\u043d\u043d\u043e\u0457 \u0434\u0438\u0441\u043a\u0440\u0438\u043c\u0456\u043d\u0430\u0446\u0456\u0457 \u0456\u0441\u043d\u0443\u0454 \u043d\u0435\u0431\u0435\u0437\u043f\u0435\u043a\u0430, \u0449\u043e \u0456\u043d\u0448\u0456 \u0437\u0430\u0432\u0436\u0434\u0438 \u0433\u043e\u0432\u043e\u0440\u0438\u0442\u0438\u043c\u0443\u0442\u044c \u0437\u0430 \u0432\u0430\u0441 \u0442\u0430 \u0443\u0445\u0432\u0430\u043b\u044e\u0432\u0430\u0442\u0438\u043c\u0443\u0442\u044c \u0437\u0430 \u0432\u0430\u0441 \u0440\u0456\u0448\u0435\u043d\u043d\u044f. \u0429\u043e\u0431 \u0437\u043c\u0456\u043d\u0438\u0442\u0438 \u0446\u0435, \u0440\u0435\u0433\u0443\u043b\u044f\u0440\u043d\u0456 \u0437\u0430\u0445\u043e\u0434\u0438 Zoom \u043f\u043e\u043a\u043b\u0438\u043a\u0430\u043d\u0456 \u043d\u0430\u0434\u0430\u0442\u0438 \u043c\u043e\u0436\u043b\u0438\u0432\u0456\u0441\u0442\u044c \u0434\u043b\u044f \u043e\u0431\u043c\u0456\u043d\u0443 \u0434\u0443\u043c\u043a\u0430\u043c\u0438 \u0442\u0430 \u043f\u043b\u0430\u043d\u0443\u0432\u0430\u043d\u043d\u044f \u043f\u043e\u043b\u0456\u0442\u0438\u0447\u043d\u043e\u0433\u043e \u0441\u0430\u043c\u043e\u0437\u0430\u0445\u0438\u0441\u0442\u0443, \u0430 \u0442\u0430\u043a\u043e\u0436 \u0434\u043b\u044f \u043e\u0431\u043c\u0456\u043d\u0443 \u0442\u0430 \u0432\u0437\u0430\u0454\u043c\u043d\u043e\u0457 \u043f\u0456\u0434\u0442\u0440\u0438\u043c\u043a\u0438 \u0432 \u0441\u0435\u043d\u0441\u0456 &#8220;\u043f\u0456\u0434\u0442\u0440\u0438\u043c\u043a\u0438 \u0440\u0456\u0432\u043d\u0438\u0445&#8221;, \u0431\u043e \u043d\u0456\u0445\u0442\u043e \u043d\u0435 \u0437\u043d\u0430\u0454 \u043f\u0440\u043e \u0441\u0438\u0442\u0443\u0430\u0446\u0456\u044e \u043a\u0440\u0430\u0449\u0435, \u043d\u0456\u0436 \u043b\u044e\u0434\u0438, \u044f\u043a\u0456 \u0457\u0457 \u043f\u0435\u0440\u0435\u0436\u0438\u043b\u0438. \u0422\u0430\u043a\u043e\u0436 \u0431\u0443\u0434\u0443\u0442\u044c \u043f\u0440\u043e\u0432\u0435\u0434\u0435\u043d\u0456 \u0437\u0430\u0445\u043e\u0434\u0438, \u043d\u0430 \u044f\u043a\u0438\u0445 \u043c\u043e\u0436\u043d\u0430 \u0431\u0443\u0434\u0435 \u043e\u0442\u0440\u0438\u043c\u0430\u0442\u0438 \u0456\u043d\u0444\u043e\u0440\u043c\u0430\u0446\u0456\u044e \u043f\u0440\u043e \u0441\u0430\u043c\u043e\u0430\u0434\u0432\u043e\u043a\u0430\u0446\u0456\u044e \u0432 \u041d\u0456\u043c\u0435\u0447\u0447\u0438\u043d\u0456 \u0442\u0430 \u0432\u0456\u0434\u043f\u043e\u0432\u0456\u0441\u0442\u0438 \u043d\u0430 \u0432\u0456\u0434\u043a\u0440\u0438\u0442\u0456 \u0437\u0430\u043f\u0438\u0442\u0430\u043d\u043d\u044f \u0437 \u043f\u0438\u0442\u0430\u043d\u044c \u0430\u0434\u0432\u043e\u043a\u0430\u0446\u0456\u0457.<\/p>\n\n\n\n<div style=\"height:17px\" aria-hidden=\"true\" class=\"wp-block-spacer\"><\/div>\n\n\n\n<p><\/p>\n","protected":false},"excerpt":{"rendered":"<p>\u041d\u0430 \u0446\u0456\u0439 \u0441\u0442\u043e\u0440\u0456\u043d\u0446\u0456 \u043f\u0440\u0435\u0434\u0441\u0442\u0430\u0432\u043b\u0435\u043d\u0430 \u0456\u043d\u0444\u043e\u0440\u043c\u0430\u0446\u0456\u044f \u043f\u0440\u043e \u0421\u0430\u043c\u043e\u043f\u0440\u0435\u0437\u0435\u043d\u0442\u0430\u0446\u0456\u044f \u0431\u0456\u0436\u0435\u043d\u0446\u0456\u0432 \u0437 \u0456\u043d\u0432\u0430\u043b\u0456\u0434\u043d\u0456\u0441\u0442\u044e \u0442\u0430\/\u0430\u0431\u043e \u0445\u0440\u043e\u043d\u0456\u0447\u043d\u0438\u043c\u0438 \u0437\u0430\u0445\u0432\u043e\u0440\u044e\u0432\u0430\u043d\u043d\u044f\u043c\u0438 \u0432 \u041d\u0456\u043c\u0435\u0447\u0447\u0438\u043d\u0456! \u0417 Interessenvertretung Selbstbestimmt Leben in Deutschland e.V. (\u0421\u0430\u043c\u043e\u0432\u0438\u0437\u043d\u0430\u0447\u0430\u043b\u044c\u043d\u0435 \u0436\u0438\u0442\u0442\u044f \u0432 \u041d\u0456\u043c\u0435\u0447\u0447\u0438\u043d\u0456). \u041f\u043e\u0441\u0438\u043b\u0430\u043d\u043d\u044f \u043d\u0430 \u0441\u0430\u0439\u0442 ISL-ev.de (\u041f\u0440\u043e \u043d\u0430\u0441) &#8220;\u041d\u0456\u0447\u043e\u0433\u043e \u043f\u0440\u043e \u043d\u0430\u0441 \u0431\u0435\u0437 \u043d\u0430\u0441&#8221; &#8211; \u0446\u0435 \u043f\u0440\u0438\u043d\u0446\u0438\u043f, \u0437\u0430 \u044f\u043a\u0438\u043c \u043f\u0440\u0430\u0446\u044e\u0454 ISL \u0456 \u0437\u0430 \u044f\u043a\u0438\u043c \u043b\u044e\u0434\u0438 \u0437 \u0431\u0456\u0436\u0435\u043d\u0441\u044c\u043a\u0438\u043c \u043c\u0438\u043d\u0443\u043b\u0438\u043c \u0442\u0430\u043a\u043e\u0436 \u043f\u043e\u0432\u0438\u043d\u043d\u0456 \u043c\u0430\u0442\u0438 \u0437\u043c\u043e\u0433\u0443&hellip; <a class=\"more-link\" href=\"https:\/\/behinderung-und-flucht.isl-ev.de\/uk\/selbstvertretung-3\/\">\u0427\u0438\u0442\u0430\u0442\u0438 \u0434\u0430\u043b\u0456 <span class=\"screen-reader-text\">\u0441\u0430\u043c\u043e\u0440\u0435\u043f\u0440\u0435\u0437\u0435\u043d\u0442\u0430\u0446\u0456\u044f<\/span><\/a><\/p>\n","protected":false},"author":1,"featured_media":0,"parent":0,"menu_order":59,"comment_status":"closed","ping_status":"closed","template":"","meta":{"ub_ctt_via":"","inline_featured_image":false,"_themeisle_gutenberg_block_has_review":false,"_mc_calendar":[],"footnotes":""},"categories":[],"tags":[],"class_list":["post-1387","page","type-page","status-publish","hentry","entry"],"featured_image_src":null,"yoast_head":"<!-- This site is optimized with the Yoast SEO plugin v21.4 - https:\/\/yoast.com\/wordpress\/plugins\/seo\/ -->\n<title>\u0441\u0430\u043c\u043e\u0440\u0435\u043f\u0440\u0435\u0437\u0435\u043d\u0442\u0430\u0446\u0456\u044f - Infoseite der Interessenvertretung Selbstbestimmt Leben in Deutschland e.V.<\/title>\n<meta name=\"robots\" content=\"index, follow, max-snippet:-1, max-image-preview:large, max-video-preview:-1\" \/>\n<link rel=\"canonical\" href=\"https:\/\/behinderung-und-flucht.isl-ev.de\/uk\/selbstvertretung-3\/\" \/>\n<meta property=\"og:locale\" content=\"uk_UA\" \/>\n<meta property=\"og:type\" content=\"article\" \/>\n<meta property=\"og:title\" content=\"\u0441\u0430\u043c\u043e\u0440\u0435\u043f\u0440\u0435\u0437\u0435\u043d\u0442\u0430\u0446\u0456\u044f - Infoseite der Interessenvertretung Selbstbestimmt Leben in Deutschland e.V.\" \/>\n<meta property=\"og:description\" content=\"\u041d\u0430 \u0446\u0456\u0439 \u0441\u0442\u043e\u0440\u0456\u043d\u0446\u0456 \u043f\u0440\u0435\u0434\u0441\u0442\u0430\u0432\u043b\u0435\u043d\u0430 \u0456\u043d\u0444\u043e\u0440\u043c\u0430\u0446\u0456\u044f \u043f\u0440\u043e \u0421\u0430\u043c\u043e\u043f\u0440\u0435\u0437\u0435\u043d\u0442\u0430\u0446\u0456\u044f \u0431\u0456\u0436\u0435\u043d\u0446\u0456\u0432 \u0437 \u0456\u043d\u0432\u0430\u043b\u0456\u0434\u043d\u0456\u0441\u0442\u044e \u0442\u0430\/\u0430\u0431\u043e \u0445\u0440\u043e\u043d\u0456\u0447\u043d\u0438\u043c\u0438 \u0437\u0430\u0445\u0432\u043e\u0440\u044e\u0432\u0430\u043d\u043d\u044f\u043c\u0438 \u0432 \u041d\u0456\u043c\u0435\u0447\u0447\u0438\u043d\u0456! \u0417 Interessenvertretung Selbstbestimmt Leben in Deutschland e.V. (\u0421\u0430\u043c\u043e\u0432\u0438\u0437\u043d\u0430\u0447\u0430\u043b\u044c\u043d\u0435 \u0436\u0438\u0442\u0442\u044f \u0432 \u041d\u0456\u043c\u0435\u0447\u0447\u0438\u043d\u0456). \u041f\u043e\u0441\u0438\u043b\u0430\u043d\u043d\u044f \u043d\u0430 \u0441\u0430\u0439\u0442 ISL-ev.de (\u041f\u0440\u043e \u043d\u0430\u0441) &#8220;\u041d\u0456\u0447\u043e\u0433\u043e \u043f\u0440\u043e \u043d\u0430\u0441 \u0431\u0435\u0437 \u043d\u0430\u0441&#8221; &#8211; \u0446\u0435 \u043f\u0440\u0438\u043d\u0446\u0438\u043f, \u0437\u0430 \u044f\u043a\u0438\u043c \u043f\u0440\u0430\u0446\u044e\u0454 ISL \u0456 \u0437\u0430 \u044f\u043a\u0438\u043c \u043b\u044e\u0434\u0438 \u0437 \u0431\u0456\u0436\u0435\u043d\u0441\u044c\u043a\u0438\u043c \u043c\u0438\u043d\u0443\u043b\u0438\u043c \u0442\u0430\u043a\u043e\u0436 \u043f\u043e\u0432\u0438\u043d\u043d\u0456 \u043c\u0430\u0442\u0438 \u0437\u043c\u043e\u0433\u0443&hellip; \u0427\u0438\u0442\u0430\u0442\u0438 \u0434\u0430\u043b\u0456 \u0441\u0430\u043c\u043e\u0440\u0435\u043f\u0440\u0435\u0437\u0435\u043d\u0442\u0430\u0446\u0456\u044f\" \/>\n<meta property=\"og:url\" content=\"https:\/\/behinderung-und-flucht.isl-ev.de\/uk\/selbstvertretung-3\/\" \/>\n<meta property=\"og:site_name\" content=\"Infoseite der Interessenvertretung Selbstbestimmt Leben in Deutschland e.V.\" \/>\n<meta property=\"article:modified_time\" content=\"2024-12-30T23:47:42+00:00\" \/>\n<meta name=\"twitter:card\" content=\"summary_large_image\" \/>\n<meta name=\"twitter:label1\" content=\"\u041f\u0440\u0438\u0431\u043b. \u0447\u0430\u0441 \u0447\u0438\u0442\u0430\u043d\u043d\u044f\" \/>\n\t<meta name=\"twitter:data1\" content=\"1 \u0445\u0432\u0438\u043b\u0438\u043d\u0430\" \/>\n<script type=\"application\/ld+json\" class=\"yoast-schema-graph\">{\"@context\":\"https:\/\/schema.org\",\"@graph\":[{\"@type\":\"WebPage\",\"@id\":\"https:\/\/behinderung-und-flucht.isl-ev.de\/uk\/selbstvertretung-3\/\",\"url\":\"https:\/\/behinderung-und-flucht.isl-ev.de\/uk\/selbstvertretung-3\/\",\"name\":\"\u0441\u0430\u043c\u043e\u0440\u0435\u043f\u0440\u0435\u0437\u0435\u043d\u0442\u0430\u0446\u0456\u044f - Infoseite der Interessenvertretung Selbstbestimmt Leben in Deutschland e.V.\",\"isPartOf\":{\"@id\":\"https:\/\/behinderung-und-flucht.isl-ev.de\/uk\/#website\"},\"datePublished\":\"2022-09-28T19:01:38+00:00\",\"dateModified\":\"2024-12-30T23:47:42+00:00\",\"breadcrumb\":{\"@id\":\"https:\/\/behinderung-und-flucht.isl-ev.de\/uk\/selbstvertretung-3\/#breadcrumb\"},\"inLanguage\":\"uk\",\"potentialAction\":[{\"@type\":\"ReadAction\",\"target\":[\"https:\/\/behinderung-und-flucht.isl-ev.de\/uk\/selbstvertretung-3\/\"]}]},{\"@type\":\"BreadcrumbList\",\"@id\":\"https:\/\/behinderung-und-flucht.isl-ev.de\/uk\/selbstvertretung-3\/#breadcrumb\",\"itemListElement\":[{\"@type\":\"ListItem\",\"position\":1,\"name\":\"Startseite\",\"item\":\"https:\/\/behinderung-und-flucht.isl-ev.de\/uk\/\"},{\"@type\":\"ListItem\",\"position\":2,\"name\":\"\u0441\u0430\u043c\u043e\u0440\u0435\u043f\u0440\u0435\u0437\u0435\u043d\u0442\u0430\u0446\u0456\u044f\"}]},{\"@type\":\"WebSite\",\"@id\":\"https:\/\/behinderung-und-flucht.isl-ev.de\/uk\/#website\",\"url\":\"https:\/\/behinderung-und-flucht.isl-ev.de\/uk\/\",\"name\":\"Infoseite f\u00fcr gefl\u00fcchtete Menschen mit Behinderungen oder chronischen Erkrankungen\",\"description\":\"Informationen f\u00fcr gefl\u00fcchtete Menschen mit Behinderungen oder chronischen Erkrankungen\",\"publisher\":{\"@id\":\"https:\/\/behinderung-und-flucht.isl-ev.de\/uk\/#organization\"},\"alternateName\":\"Infoseite f\u00fcr gefl\u00fcchtete Menschen mit Behinderungen\",\"potentialAction\":[{\"@type\":\"SearchAction\",\"target\":{\"@type\":\"EntryPoint\",\"urlTemplate\":\"https:\/\/behinderung-und-flucht.isl-ev.de\/uk\/?s={search_term_string}\"},\"query-input\":\"required name=search_term_string\"}],\"inLanguage\":\"uk\"},{\"@type\":\"Organization\",\"@id\":\"https:\/\/behinderung-und-flucht.isl-ev.de\/uk\/#organization\",\"name\":\"Infoseite der Interessenvertretung Selbstbestimmt Leben in Deutschland e.V.\",\"url\":\"https:\/\/behinderung-und-flucht.isl-ev.de\/uk\/\",\"logo\":{\"@type\":\"ImageObject\",\"inLanguage\":\"uk\",\"@id\":\"https:\/\/behinderung-und-flucht.isl-ev.de\/uk\/#\/schema\/logo\/image\/\",\"url\":\"https:\/\/behinderung-und-flucht.isl-ev.de\/wp-content\/uploads\/2022\/09\/logo-infoseite-04.svg\",\"contentUrl\":\"https:\/\/behinderung-und-flucht.isl-ev.de\/wp-content\/uploads\/2022\/09\/logo-infoseite-04.svg\",\"caption\":\"Infoseite der Interessenvertretung Selbstbestimmt Leben in Deutschland e.V.\"},\"image\":{\"@id\":\"https:\/\/behinderung-und-flucht.isl-ev.de\/uk\/#\/schema\/logo\/image\/\"}}]}<\/script>\n<!-- \/ Yoast SEO plugin. -->","yoast_head_json":{"title":"\u0441\u0430\u043c\u043e\u0440\u0435\u043f\u0440\u0435\u0437\u0435\u043d\u0442\u0430\u0446\u0456\u044f - Infoseite der Interessenvertretung Selbstbestimmt Leben in Deutschland e.V.","robots":{"index":"index","follow":"follow","max-snippet":"max-snippet:-1","max-image-preview":"max-image-preview:large","max-video-preview":"max-video-preview:-1"},"canonical":"https:\/\/behinderung-und-flucht.isl-ev.de\/uk\/selbstvertretung-3\/","og_locale":"uk_UA","og_type":"article","og_title":"\u0441\u0430\u043c\u043e\u0440\u0435\u043f\u0440\u0435\u0437\u0435\u043d\u0442\u0430\u0446\u0456\u044f - Infoseite der Interessenvertretung Selbstbestimmt Leben in Deutschland e.V.","og_description":"\u041d\u0430 \u0446\u0456\u0439 \u0441\u0442\u043e\u0440\u0456\u043d\u0446\u0456 \u043f\u0440\u0435\u0434\u0441\u0442\u0430\u0432\u043b\u0435\u043d\u0430 \u0456\u043d\u0444\u043e\u0440\u043c\u0430\u0446\u0456\u044f \u043f\u0440\u043e \u0421\u0430\u043c\u043e\u043f\u0440\u0435\u0437\u0435\u043d\u0442\u0430\u0446\u0456\u044f \u0431\u0456\u0436\u0435\u043d\u0446\u0456\u0432 \u0437 \u0456\u043d\u0432\u0430\u043b\u0456\u0434\u043d\u0456\u0441\u0442\u044e \u0442\u0430\/\u0430\u0431\u043e \u0445\u0440\u043e\u043d\u0456\u0447\u043d\u0438\u043c\u0438 \u0437\u0430\u0445\u0432\u043e\u0440\u044e\u0432\u0430\u043d\u043d\u044f\u043c\u0438 \u0432 \u041d\u0456\u043c\u0435\u0447\u0447\u0438\u043d\u0456! \u0417 Interessenvertretung Selbstbestimmt Leben in Deutschland e.V. (\u0421\u0430\u043c\u043e\u0432\u0438\u0437\u043d\u0430\u0447\u0430\u043b\u044c\u043d\u0435 \u0436\u0438\u0442\u0442\u044f \u0432 \u041d\u0456\u043c\u0435\u0447\u0447\u0438\u043d\u0456). \u041f\u043e\u0441\u0438\u043b\u0430\u043d\u043d\u044f \u043d\u0430 \u0441\u0430\u0439\u0442 ISL-ev.de (\u041f\u0440\u043e \u043d\u0430\u0441) &#8220;\u041d\u0456\u0447\u043e\u0433\u043e \u043f\u0440\u043e \u043d\u0430\u0441 \u0431\u0435\u0437 \u043d\u0430\u0441&#8221; &#8211; \u0446\u0435 \u043f\u0440\u0438\u043d\u0446\u0438\u043f, \u0437\u0430 \u044f\u043a\u0438\u043c \u043f\u0440\u0430\u0446\u044e\u0454 ISL \u0456 \u0437\u0430 \u044f\u043a\u0438\u043c \u043b\u044e\u0434\u0438 \u0437 \u0431\u0456\u0436\u0435\u043d\u0441\u044c\u043a\u0438\u043c \u043c\u0438\u043d\u0443\u043b\u0438\u043c \u0442\u0430\u043a\u043e\u0436 \u043f\u043e\u0432\u0438\u043d\u043d\u0456 \u043c\u0430\u0442\u0438 \u0437\u043c\u043e\u0433\u0443&hellip; \u0427\u0438\u0442\u0430\u0442\u0438 \u0434\u0430\u043b\u0456 \u0441\u0430\u043c\u043e\u0440\u0435\u043f\u0440\u0435\u0437\u0435\u043d\u0442\u0430\u0446\u0456\u044f","og_url":"https:\/\/behinderung-und-flucht.isl-ev.de\/uk\/selbstvertretung-3\/","og_site_name":"Infoseite der Interessenvertretung Selbstbestimmt Leben in Deutschland e.V.","article_modified_time":"2024-12-30T23:47:42+00:00","twitter_card":"summary_large_image","twitter_misc":{"\u041f\u0440\u0438\u0431\u043b. \u0447\u0430\u0441 \u0447\u0438\u0442\u0430\u043d\u043d\u044f":"1 \u0445\u0432\u0438\u043b\u0438\u043d\u0430"},"schema":{"@context":"https:\/\/schema.org","@graph":[{"@type":"WebPage","@id":"https:\/\/behinderung-und-flucht.isl-ev.de\/uk\/selbstvertretung-3\/","url":"https:\/\/behinderung-und-flucht.isl-ev.de\/uk\/selbstvertretung-3\/","name":"\u0441\u0430\u043c\u043e\u0440\u0435\u043f\u0440\u0435\u0437\u0435\u043d\u0442\u0430\u0446\u0456\u044f - Infoseite der Interessenvertretung Selbstbestimmt Leben in Deutschland e.V.","isPartOf":{"@id":"https:\/\/behinderung-und-flucht.isl-ev.de\/uk\/#website"},"datePublished":"2022-09-28T19:01:38+00:00","dateModified":"2024-12-30T23:47:42+00:00","breadcrumb":{"@id":"https:\/\/behinderung-und-flucht.isl-ev.de\/uk\/selbstvertretung-3\/#breadcrumb"},"inLanguage":"uk","potentialAction":[{"@type":"ReadAction","target":["https:\/\/behinderung-und-flucht.isl-ev.de\/uk\/selbstvertretung-3\/"]}]},{"@type":"BreadcrumbList","@id":"https:\/\/behinderung-und-flucht.isl-ev.de\/uk\/selbstvertretung-3\/#breadcrumb","itemListElement":[{"@type":"ListItem","position":1,"name":"Startseite","item":"https:\/\/behinderung-und-flucht.isl-ev.de\/uk\/"},{"@type":"ListItem","position":2,"name":"\u0441\u0430\u043c\u043e\u0440\u0435\u043f\u0440\u0435\u0437\u0435\u043d\u0442\u0430\u0446\u0456\u044f"}]},{"@type":"WebSite","@id":"https:\/\/behinderung-und-flucht.isl-ev.de\/uk\/#website","url":"https:\/\/behinderung-und-flucht.isl-ev.de\/uk\/","name":"Infoseite f\u00fcr gefl\u00fcchtete Menschen mit Behinderungen oder chronischen Erkrankungen","description":"Informationen f\u00fcr gefl\u00fcchtete Menschen mit Behinderungen oder chronischen Erkrankungen","publisher":{"@id":"https:\/\/behinderung-und-flucht.isl-ev.de\/uk\/#organization"},"alternateName":"Infoseite f\u00fcr gefl\u00fcchtete Menschen mit Behinderungen","potentialAction":[{"@type":"SearchAction","target":{"@type":"EntryPoint","urlTemplate":"https:\/\/behinderung-und-flucht.isl-ev.de\/uk\/?s={search_term_string}"},"query-input":"required name=search_term_string"}],"inLanguage":"uk"},{"@type":"Organization","@id":"https:\/\/behinderung-und-flucht.isl-ev.de\/uk\/#organization","name":"Infoseite der Interessenvertretung Selbstbestimmt Leben in Deutschland e.V.","url":"https:\/\/behinderung-und-flucht.isl-ev.de\/uk\/","logo":{"@type":"ImageObject","inLanguage":"uk","@id":"https:\/\/behinderung-und-flucht.isl-ev.de\/uk\/#\/schema\/logo\/image\/","url":"https:\/\/behinderung-und-flucht.isl-ev.de\/wp-content\/uploads\/2022\/09\/logo-infoseite-04.svg","contentUrl":"https:\/\/behinderung-und-flucht.isl-ev.de\/wp-content\/uploads\/2022\/09\/logo-infoseite-04.svg","caption":"Infoseite der Interessenvertretung Selbstbestimmt Leben in Deutschland e.V."},"image":{"@id":"https:\/\/behinderung-und-flucht.isl-ev.de\/uk\/#\/schema\/logo\/image\/"}}]}},"_links":{"self":[{"href":"https:\/\/behinderung-und-flucht.isl-ev.de\/uk\/wp-json\/wp\/v2\/pages\/1387","targetHints":{"allow":["GET"]}}],"collection":[{"href":"https:\/\/behinderung-und-flucht.isl-ev.de\/uk\/wp-json\/wp\/v2\/pages"}],"about":[{"href":"https:\/\/behinderung-und-flucht.isl-ev.de\/uk\/wp-json\/wp\/v2\/types\/page"}],"author":[{"embeddable":true,"href":"https:\/\/behinderung-und-flucht.isl-ev.de\/uk\/wp-json\/wp\/v2\/users\/1"}],"replies":[{"embeddable":true,"href":"https:\/\/behinderung-und-flucht.isl-ev.de\/uk\/wp-json\/wp\/v2\/comments?post=1387"}],"version-history":[{"count":50,"href":"https:\/\/behinderung-und-flucht.isl-ev.de\/uk\/wp-json\/wp\/v2\/pages\/1387\/revisions"}],"predecessor-version":[{"id":5524,"href":"https:\/\/behinderung-und-flucht.isl-ev.de\/uk\/wp-json\/wp\/v2\/pages\/1387\/revisions\/5524"}],"wp:attachment":[{"href":"https:\/\/behinderung-und-flucht.isl-ev.de\/uk\/wp-json\/wp\/v2\/media?parent=1387"}],"wp:term":[{"taxonomy":"category","embeddable":true,"href":"https:\/\/behinderung-und-flucht.isl-ev.de\/uk\/wp-json\/wp\/v2\/categories?post=1387"},{"taxonomy":"post_tag","embeddable":true,"href":"https:\/\/behinderung-und-flucht.isl-ev.de\/uk\/wp-json\/wp\/v2\/tags?post=1387"}],"curies":[{"name":"wp","href":"https:\/\/api.w.org\/{rel}","templated":true}]}}