{"id":760,"date":"2022-08-17T18:35:38","date_gmt":"2022-08-17T16:35:38","guid":{"rendered":"https:\/\/infoseite.lmente.de\/?page_id=760"},"modified":"2023-05-07T23:15:52","modified_gmt":"2023-05-07T21:15:52","slug":"impressum-russ","status":"publish","type":"page","link":"https:\/\/behinderung-und-flucht.isl-ev.de\/ru\/impressum-russ\/","title":{"rendered":"\u043e\u0442\u043f\u0435\u0447\u0430\u0442\u043e\u043a"},"content":{"rendered":"\n<p><strong>\u0444\u0435\u0434\u0435\u0440\u0430\u043b\u044c\u043d\u044b\u0439 \u043e\u0444\u0438\u0441<\/strong><\/p>\n\n\n\n<p>\u041f\u0440\u0435\u0434\u0441\u0442\u0430\u0432\u043b\u0435\u043d\u0438\u0435 \u0438\u043d\u0442\u0435\u0440\u0435\u0441\u043e\u0432 \u0421\u0430\u043c\u043e\u0441\u0442\u043e\u044f\u0442\u0435\u043b\u044c\u043d\u043e\u0435 \u043f\u0440\u043e\u0436\u0438\u0432\u0430\u043d\u0438\u0435 \u0432 \u0413\u0435\u0440\u043c\u0430\u043d\u0438\u0438 e. \u0412.\u2014\u0418\u0421\u041b<\/p>\n\n\n\n<p>\u041b\u0435\u0439\u043f\u0446\u0438\u0433\u0435\u0440\u0448\u0442\u0440\u0430\u0441\u0441\u0435 61<br>10117 \u0411\u0435\u0440\u043b\u0438\u043d<\/p>\n\n\n\n<p>\u0422\u0435\u043b\u0435\u0444\u043e\u043d: +49 30 4057 1409<br>\u0424\u0430\u043a\u0441: +49 30 3101 1251<\/p>\n\n\n\n<p>\u042d\u043b\u0435\u043a\u0442\u0440\u043e\u043d\u043d\u0430\u044f \u043f\u043e\u0447\u0442\u0430: away@isl-ev.de<br>\u0418\u043d\u0442\u0435\u0440\u043d\u0435\u0442: https:\/\/www.isl-ev.de\/<\/p>\n\n\n\n<p>\u0414\u043b\u044f \u0432\u043e\u043f\u0440\u043e\u0441\u043e\u0432, \u043f\u0440\u0435\u0434\u043b\u043e\u0436\u0435\u043d\u0438\u0439 \u0438 \u0442.\u0434. \u043e \u043f\u043e\u0440\u0442\u0430\u043b\u0435, \u043f\u043e\u0436\u0430\u043b\u0443\u0439\u0441\u0442\u0430, \u0438\u0441\u043f\u043e\u043b\u044c\u0437\u0443\u0439\u0442\u0435 \u0444\u0443\u043d\u043a\u0446\u0438\u044e \u043e\u0431\u0440\u0430\u0442\u043d\u043e\u0439 \u0441\u0432\u044f\u0437\u0438 \u0432 \u0444\u0443\u0442\u0435\u0440\u0435.<\/p>\n\n\n\n<p><strong>\u043a\u043b\u0443\u0431\u043d\u043e\u0435 \u043c\u0435\u0441\u0442\u043e<\/strong><\/p>\n\n\n\n<p>\u041f\u0440\u0435\u0434\u0441\u0442\u0430\u0432\u043b\u0435\u043d\u0438\u0435 \u0438\u043d\u0442\u0435\u0440\u0435\u0441\u043e\u0432 \u0421\u0430\u043c\u043e\u0441\u0442\u043e\u044f\u0442\u0435\u043b\u044c\u043d\u043e\u0435 \u043f\u0440\u043e\u0436\u0438\u0432\u0430\u043d\u0438\u0435 \u0432 \u0413\u0435\u0440\u043c\u0430\u043d\u0438\u0438 e. \u0412.\u2014\u0418\u0421\u041b<\/p>\n\n\n\n<p>\u041e\u0431\u044a\u0435\u043a\u0442 \u0421\u044d\u043c\u044e\u044d\u043b\u044f \u0411\u0435\u043a\u043a\u0435\u0442\u0430 6<br>34119 \u041a\u0430\u0441\u0441\u0435\u043b\u044c<\/p>\n\n\n\n<p>\u0420\u0435\u0433\u0438\u0441\u0442\u0440\u0430\u0446\u0438\u043e\u043d\u043d\u044b\u0439 \u0441\u0443\u0434: \u041e\u043a\u0440\u0443\u0436\u043d\u043e\u0439 \u0441\u0443\u0434 \u041a\u0430\u0441\u0441\u0435\u043b\u044f<br>\u0420\u0435\u0433\u0438\u0441\u0442\u0440\u0430\u0446\u0438\u043e\u043d\u043d\u044b\u0439 \u043d\u043e\u043c\u0435\u0440: \u0412\u0420 2818<\/p>\n\n\n\n<p>\u0421\u043e\u0432\u0435\u0442 \u0434\u0438\u0440\u0435\u043a\u0442\u043e\u0440\u043e\u0432 \u0443\u043f\u043e\u043b\u043d\u043e\u043c\u043e\u0447\u0435\u043d \u043f\u0440\u0435\u0434\u0441\u0442\u0430\u0432\u043b\u044f\u0442\u044c<br>\u0425\u043e\u0440\u0441\u0442 \u0424\u0440\u0435\u0445\u0435, \u0423\u0432\u0435 \u0424\u0440\u0435\u0432\u0435\u0440\u0442, \u0414\u0436\u0435\u043d\u043d\u0438 \u0411\u0438\u0441\u0441\u043c\u0430\u043d\u043d<\/p>\n\n\n\n<p>\u041e\u0442\u0432\u0435\u0442\u0441\u0442\u0432\u0435\u043d\u043d\u044b\u0439 \u0437\u0430 \u0441\u043e\u0434\u0435\u0440\u0436\u0430\u043d\u0438\u0435 \u0441\u043e\u0433\u043b\u0430\u0441\u043d\u043e \u00a7 6 MDStV:<br>\u042d\u043c\u0438\u043d\u0435 \u041a\u0430\u043b\u0430\u043b\u0438<\/p>\n\n\n\n<p><strong>\u041e\u0442\u043a\u0430\u0437 \u043e\u0442 \u043e\u0442\u0432\u0435\u0442\u0441\u0442\u0432\u0435\u043d\u043d\u043e\u0441\u0442\u0438:<\/strong><\/p>\n\n\n\n<p>\u041d\u0435\u0441\u043c\u043e\u0442\u0440\u044f \u043d\u0430 \u0442\u0449\u0430\u0442\u0435\u043b\u044c\u043d\u044b\u0439 \u043a\u043e\u043d\u0442\u0440\u043e\u043b\u044c \u0441\u043e\u0434\u0435\u0440\u0436\u0430\u043d\u0438\u044f, \u043c\u044b \u043d\u0435 \u043d\u0435\u0441\u0435\u043c \u043e\u0442\u0432\u0435\u0442\u0441\u0442\u0432\u0435\u043d\u043d\u043e\u0441\u0442\u0438 \u0437\u0430 \u0441\u043e\u0434\u0435\u0440\u0436\u0430\u043d\u0438\u0435 \u0432\u043d\u0435\u0448\u043d\u0438\u0445 \u0441\u0441\u044b\u043b\u043e\u043a. \u041e\u043f\u0435\u0440\u0430\u0442\u043e\u0440\u044b \u0441\u0432\u044f\u0437\u0430\u043d\u043d\u044b\u0445 \u0441\u0442\u0440\u0430\u043d\u0438\u0446 \u043d\u0435\u0441\u0443\u0442 \u0438\u0441\u043a\u043b\u044e\u0447\u0438\u0442\u0435\u043b\u044c\u043d\u0443\u044e \u043e\u0442\u0432\u0435\u0442\u0441\u0442\u0432\u0435\u043d\u043d\u043e\u0441\u0442\u044c \u0437\u0430 \u0438\u0445 \u0441\u043e\u0434\u0435\u0440\u0436\u0430\u043d\u0438\u0435.<\/p>\n\n\n\n<p>\u041d\u0435\u0441\u043c\u043e\u0442\u0440\u044f \u043d\u0430 \u0442\u0449\u0430\u0442\u0435\u043b\u044c\u043d\u044b\u0439 \u043e\u0442\u0431\u043e\u0440 \u0438 \u0438\u0441\u0441\u043b\u0435\u0434\u043e\u0432\u0430\u043d\u0438\u0435 \u0432 \u043c\u0435\u0440\u0443 \u043d\u0430\u0448\u0438\u0445 \u0437\u043d\u0430\u043d\u0438\u0439 \u0438 \u0443\u0431\u0435\u0436\u0434\u0435\u043d\u0438\u0439, \u043c\u044b \u043d\u0435 \u043d\u0435\u0441\u0435\u043c \u043d\u0438\u043a\u0430\u043a\u043e\u0439 \u043e\u0442\u0432\u0435\u0442\u0441\u0442\u0432\u0435\u043d\u043d\u043e\u0441\u0442\u0438\/\u0433\u0430\u0440\u0430\u043d\u0442\u0438\u0438 \u0437\u0430 \u0442\u043e\u0447\u043d\u043e\u0441\u0442\u044c \u043f\u0440\u0435\u0434\u0441\u0442\u0430\u0432\u043b\u0435\u043d\u043d\u043e\u0439 \u0437\u0434\u0435\u0441\u044c \u0438\u043d\u0444\u043e\u0440\u043c\u0430\u0446\u0438\u0438. \u0415\u0441\u043b\u0438 \u0432\u044b \u043e\u0431\u043d\u0430\u0440\u0443\u0436\u0438\u043b\u0438 \u043e\u0448\u0438\u0431\u043a\u0443, \u043f\u043e\u0436\u0430\u043b\u0443\u0439\u0441\u0442\u0430, \u043d\u0435\u043c\u0435\u0434\u043b\u0435\u043d\u043d\u043e \u0441\u0432\u044f\u0436\u0438\u0442\u0435\u0441\u044c \u0441 \u043d\u0430\u043c\u0438 \u043f\u043e \u0430\u0434\u0440\u0435\u0441\u0443 flucht@isl-ev.de \u0438\u043b\u0438 \u0441 \u043f\u043e\u043c\u043e\u0449\u044c\u044e \u043a\u043e\u043d\u0442\u0430\u043a\u0442\u043d\u043e\u0439 \u0444\u043e\u0440\u043c\u044b \u0432 \u043f\u0443\u043d\u043a\u0442\u0435 \u043c\u0435\u043d\u044e &#171;\u041a\u043e\u043d\u0442\u0430\u043a\u0442\u044b&#187; \u0438\u043b\u0438 \u043f\u043e <a href=\"https:\/\/behinderung-und-flucht.isl-ev.de\/ru\/%d0%ba%d0%be%d0%bd%d1%82%d0%b0%d0%ba%d1%82-2\/\">\u044d\u0442\u043e\u0439 \u0441\u0441\u044b\u043b\u043a\u0435<\/a>.<\/p>\n\n\n\n<p><strong>\u0414\u043e\u0441\u0442\u0443\u043f\u043d\u043e\u0441\u0442\u044c:<\/strong><\/p>\n\n\n\n<p>\u041c\u044b \u043f\u0440\u0438\u043b\u0430\u0433\u0430\u0435\u043c \u0432\u0441\u0435 \u0443\u0441\u0438\u043b\u0438\u044f, \u0447\u0442\u043e\u0431\u044b \u0432\u0441\u044f \u0438\u043d\u0444\u043e\u0440\u043c\u0430\u0446\u0438\u044f<br>\u0438 \u0432\u0441\u0442\u0440\u0435\u0447\u0438 \u043a\u0430\u043a \u043c\u043e\u0436\u043d\u043e \u0431\u043e\u043b\u0435\u0435 \u0431\u0435\u0437\u0431\u0430\u0440\u044c\u0435\u0440\u043d\u044b\u043c\u0438. \u0415\u0441\u043b\u0438 \u0432 \u043a\u0430\u043a\u0438\u0445-\u0442\u043e \u043c\u043e\u043c\u0435\u043d\u0442\u0430\u0445 \u043d\u0430\u043c \u044d\u0442\u043e \u043d\u0435 \u0443\u0434\u0430\u0435\u0442\u0441\u044f<br>\u0438 \u0432\u0430\u043c \u0432\u0441\u0435 \u0435\u0449\u0435 \u043d\u0443\u0436\u043d\u044b \u043c\u0435\u0440\u044b, \u043a\u043e\u0442\u043e\u0440\u044b\u0435 \u043c\u044b \u043c\u043e\u0436\u0435\u043c \u043f\u0440\u0438\u043d\u044f\u0442\u044c, \u043f\u043e\u0436\u0430\u043b\u0443\u0439\u0441\u0442\u0430, \u0441\u043e\u043e\u0431\u0449\u0438\u0442\u0435 \u043d\u0430\u043c \u043e\u0431 \u044d\u0442\u043e\u043c. \u041f\u043e\u0436\u0430\u043b\u0443\u0439\u0441\u0442\u0430, \u0432\u043e\u0441\u043f\u043e\u043b\u044c\u0437\u0443\u0439\u0442\u0435\u0441\u044c \u043d\u0430\u0448\u0435\u0439 \u043a\u043e\u043d\u0442\u0430\u043a\u0442\u043d\u043e\u0439 \u0444\u043e\u0440\u043c\u043e\u0439 \u0438\u043b\u0438 \u043d\u0430\u043f\u0438\u0448\u0438\u0442\u0435 \u043f\u0438\u0441\u044c\u043c\u043e \u043d\u0435\u043f\u043e\u0441\u0440\u0435\u0434\u0441\u0442\u0432\u0435\u043d\u043d\u043e \u043d\u0430 flucht@isl-ev.de.<\/p>\n","protected":false},"excerpt":{"rendered":"<p>\u0444\u0435\u0434\u0435\u0440\u0430\u043b\u044c\u043d\u044b\u0439 \u043e\u0444\u0438\u0441 \u041f\u0440\u0435\u0434\u0441\u0442\u0430\u0432\u043b\u0435\u043d\u0438\u0435 \u0438\u043d\u0442\u0435\u0440\u0435\u0441\u043e\u0432 \u0421\u0430\u043c\u043e\u0441\u0442\u043e\u044f\u0442\u0435\u043b\u044c\u043d\u043e\u0435 \u043f\u0440\u043e\u0436\u0438\u0432\u0430\u043d\u0438\u0435 \u0432 \u0413\u0435\u0440\u043c\u0430\u043d\u0438\u0438 e. \u0412.\u2014\u0418\u0421\u041b \u041b\u0435\u0439\u043f\u0446\u0438\u0433\u0435\u0440\u0448\u0442\u0440\u0430\u0441\u0441\u0435 6110117 \u0411\u0435\u0440\u043b\u0438\u043d \u0422\u0435\u043b\u0435\u0444\u043e\u043d: +49 30 4057 1409\u0424\u0430\u043a\u0441: +49 30 3101 1251 \u042d\u043b\u0435\u043a\u0442\u0440\u043e\u043d\u043d\u0430\u044f \u043f\u043e\u0447\u0442\u0430: away@isl-ev.de\u0418\u043d\u0442\u0435\u0440\u043d\u0435\u0442: https:\/\/www.isl-ev.de\/ \u0414\u043b\u044f \u0432\u043e\u043f\u0440\u043e\u0441\u043e\u0432, \u043f\u0440\u0435\u0434\u043b\u043e\u0436\u0435\u043d\u0438\u0439 \u0438 \u0442.\u0434. \u043e \u043f\u043e\u0440\u0442\u0430\u043b\u0435, \u043f\u043e\u0436\u0430\u043b\u0443\u0439\u0441\u0442\u0430, \u0438\u0441\u043f\u043e\u043b\u044c\u0437\u0443\u0439\u0442\u0435 \u0444\u0443\u043d\u043a\u0446\u0438\u044e \u043e\u0431\u0440\u0430\u0442\u043d\u043e\u0439 \u0441\u0432\u044f\u0437\u0438 \u0432 \u0444\u0443\u0442\u0435\u0440\u0435. \u043a\u043b\u0443\u0431\u043d\u043e\u0435 \u043c\u0435\u0441\u0442\u043e \u041f\u0440\u0435\u0434\u0441\u0442\u0430\u0432\u043b\u0435\u043d\u0438\u0435 \u0438\u043d\u0442\u0435\u0440\u0435\u0441\u043e\u0432 \u0421\u0430\u043c\u043e\u0441\u0442\u043e\u044f\u0442\u0435\u043b\u044c\u043d\u043e\u0435 \u043f\u0440\u043e\u0436\u0438\u0432\u0430\u043d\u0438\u0435 \u0432 \u0413\u0435\u0440\u043c\u0430\u043d\u0438\u0438 e. \u0412.\u2014\u0418\u0421\u041b \u041e\u0431\u044a\u0435\u043a\u0442 \u0421\u044d\u043c\u044e\u044d\u043b\u044f \u0411\u0435\u043a\u043a\u0435\u0442\u0430 634119 \u041a\u0430\u0441\u0441\u0435\u043b\u044c&hellip; <a class=\"more-link\" href=\"https:\/\/behinderung-und-flucht.isl-ev.de\/ru\/impressum-russ\/\">\u0427\u0438\u0442\u0430\u0442\u044c \u0434\u0430\u043b\u0435\u0435 <span class=\"screen-reader-text\">\u043e\u0442\u043f\u0435\u0447\u0430\u0442\u043e\u043a<\/span><\/a><\/p>\n","protected":false},"author":1,"featured_media":0,"parent":0,"menu_order":87,"comment_status":"closed","ping_status":"closed","template":"","meta":{"ub_ctt_via":"","inline_featured_image":false,"_themeisle_gutenberg_block_has_review":false,"_mc_calendar":[],"footnotes":""},"categories":[],"tags":[],"class_list":["post-760","page","type-page","status-publish","hentry","entry"],"featured_image_src":null,"yoast_head":"<!-- This site is optimized with the Yoast SEO plugin v21.4 - https:\/\/yoast.com\/wordpress\/plugins\/seo\/ -->\n<title>\u043e\u0442\u043f\u0435\u0447\u0430\u0442\u043e\u043a - Infoseite der Interessenvertretung Selbstbestimmt Leben in Deutschland e.V.<\/title>\n<meta name=\"robots\" content=\"index, follow, max-snippet:-1, max-image-preview:large, max-video-preview:-1\" \/>\n<link rel=\"canonical\" href=\"https:\/\/behinderung-und-flucht.isl-ev.de\/ru\/impressum-russ\/\" \/>\n<meta property=\"og:locale\" content=\"ru_RU\" \/>\n<meta property=\"og:type\" content=\"article\" \/>\n<meta property=\"og:title\" content=\"\u043e\u0442\u043f\u0435\u0447\u0430\u0442\u043e\u043a - Infoseite der Interessenvertretung Selbstbestimmt Leben in Deutschland e.V.\" \/>\n<meta property=\"og:description\" content=\"\u0444\u0435\u0434\u0435\u0440\u0430\u043b\u044c\u043d\u044b\u0439 \u043e\u0444\u0438\u0441 \u041f\u0440\u0435\u0434\u0441\u0442\u0430\u0432\u043b\u0435\u043d\u0438\u0435 \u0438\u043d\u0442\u0435\u0440\u0435\u0441\u043e\u0432 \u0421\u0430\u043c\u043e\u0441\u0442\u043e\u044f\u0442\u0435\u043b\u044c\u043d\u043e\u0435 \u043f\u0440\u043e\u0436\u0438\u0432\u0430\u043d\u0438\u0435 \u0432 \u0413\u0435\u0440\u043c\u0430\u043d\u0438\u0438 e. \u0412.\u2014\u0418\u0421\u041b \u041b\u0435\u0439\u043f\u0446\u0438\u0433\u0435\u0440\u0448\u0442\u0440\u0430\u0441\u0441\u0435 6110117 \u0411\u0435\u0440\u043b\u0438\u043d \u0422\u0435\u043b\u0435\u0444\u043e\u043d: +49 30 4057 1409\u0424\u0430\u043a\u0441: +49 30 3101 1251 \u042d\u043b\u0435\u043a\u0442\u0440\u043e\u043d\u043d\u0430\u044f \u043f\u043e\u0447\u0442\u0430: away@isl-ev.de\u0418\u043d\u0442\u0435\u0440\u043d\u0435\u0442: https:\/\/www.isl-ev.de\/ \u0414\u043b\u044f \u0432\u043e\u043f\u0440\u043e\u0441\u043e\u0432, \u043f\u0440\u0435\u0434\u043b\u043e\u0436\u0435\u043d\u0438\u0439 \u0438 \u0442.\u0434. \u043e \u043f\u043e\u0440\u0442\u0430\u043b\u0435, \u043f\u043e\u0436\u0430\u043b\u0443\u0439\u0441\u0442\u0430, \u0438\u0441\u043f\u043e\u043b\u044c\u0437\u0443\u0439\u0442\u0435 \u0444\u0443\u043d\u043a\u0446\u0438\u044e \u043e\u0431\u0440\u0430\u0442\u043d\u043e\u0439 \u0441\u0432\u044f\u0437\u0438 \u0432 \u0444\u0443\u0442\u0435\u0440\u0435. \u043a\u043b\u0443\u0431\u043d\u043e\u0435 \u043c\u0435\u0441\u0442\u043e \u041f\u0440\u0435\u0434\u0441\u0442\u0430\u0432\u043b\u0435\u043d\u0438\u0435 \u0438\u043d\u0442\u0435\u0440\u0435\u0441\u043e\u0432 \u0421\u0430\u043c\u043e\u0441\u0442\u043e\u044f\u0442\u0435\u043b\u044c\u043d\u043e\u0435 \u043f\u0440\u043e\u0436\u0438\u0432\u0430\u043d\u0438\u0435 \u0432 \u0413\u0435\u0440\u043c\u0430\u043d\u0438\u0438 e. \u0412.\u2014\u0418\u0421\u041b \u041e\u0431\u044a\u0435\u043a\u0442 \u0421\u044d\u043c\u044e\u044d\u043b\u044f \u0411\u0435\u043a\u043a\u0435\u0442\u0430 634119 \u041a\u0430\u0441\u0441\u0435\u043b\u044c&hellip; \u0427\u0438\u0442\u0430\u0442\u044c \u0434\u0430\u043b\u0435\u0435 \u043e\u0442\u043f\u0435\u0447\u0430\u0442\u043e\u043a\" \/>\n<meta property=\"og:url\" content=\"https:\/\/behinderung-und-flucht.isl-ev.de\/ru\/impressum-russ\/\" \/>\n<meta property=\"og:site_name\" content=\"Infoseite der Interessenvertretung Selbstbestimmt Leben in Deutschland e.V.\" \/>\n<meta property=\"article:modified_time\" content=\"2023-05-07T21:15:52+00:00\" \/>\n<meta name=\"twitter:card\" content=\"summary_large_image\" \/>\n<meta name=\"twitter:label1\" content=\"\u041f\u0440\u0438\u043c\u0435\u0440\u043d\u043e\u0435 \u0432\u0440\u0435\u043c\u044f \u0434\u043b\u044f \u0447\u0442\u0435\u043d\u0438\u044f\" \/>\n\t<meta name=\"twitter:data1\" content=\"2 \u043c\u0438\u043d\u0443\u0442\u044b\" \/>\n<script type=\"application\/ld+json\" class=\"yoast-schema-graph\">{\"@context\":\"https:\/\/schema.org\",\"@graph\":[{\"@type\":\"WebPage\",\"@id\":\"https:\/\/behinderung-und-flucht.isl-ev.de\/ru\/impressum-russ\/\",\"url\":\"https:\/\/behinderung-und-flucht.isl-ev.de\/ru\/impressum-russ\/\",\"name\":\"\u043e\u0442\u043f\u0435\u0447\u0430\u0442\u043e\u043a - Infoseite der Interessenvertretung Selbstbestimmt Leben in Deutschland e.V.\",\"isPartOf\":{\"@id\":\"https:\/\/behinderung-und-flucht.isl-ev.de\/ru\/#website\"},\"datePublished\":\"2022-08-17T16:35:38+00:00\",\"dateModified\":\"2023-05-07T21:15:52+00:00\",\"breadcrumb\":{\"@id\":\"https:\/\/behinderung-und-flucht.isl-ev.de\/ru\/impressum-russ\/#breadcrumb\"},\"inLanguage\":\"ru-RU\",\"potentialAction\":[{\"@type\":\"ReadAction\",\"target\":[\"https:\/\/behinderung-und-flucht.isl-ev.de\/ru\/impressum-russ\/\"]}]},{\"@type\":\"BreadcrumbList\",\"@id\":\"https:\/\/behinderung-und-flucht.isl-ev.de\/ru\/impressum-russ\/#breadcrumb\",\"itemListElement\":[{\"@type\":\"ListItem\",\"position\":1,\"name\":\"Startseite\",\"item\":\"https:\/\/behinderung-und-flucht.isl-ev.de\/ru\/\"},{\"@type\":\"ListItem\",\"position\":2,\"name\":\"\u043e\u0442\u043f\u0435\u0447\u0430\u0442\u043e\u043a\"}]},{\"@type\":\"WebSite\",\"@id\":\"https:\/\/behinderung-und-flucht.isl-ev.de\/ru\/#website\",\"url\":\"https:\/\/behinderung-und-flucht.isl-ev.de\/ru\/\",\"name\":\"Infoseite f\u00fcr gefl\u00fcchtete Menschen mit Behinderungen oder chronischen Erkrankungen\",\"description\":\"Informationen f\u00fcr gefl\u00fcchtete Menschen mit Behinderungen oder chronischen Erkrankungen\",\"publisher\":{\"@id\":\"https:\/\/behinderung-und-flucht.isl-ev.de\/ru\/#organization\"},\"alternateName\":\"Infoseite f\u00fcr gefl\u00fcchtete Menschen mit Behinderungen\",\"potentialAction\":[{\"@type\":\"SearchAction\",\"target\":{\"@type\":\"EntryPoint\",\"urlTemplate\":\"https:\/\/behinderung-und-flucht.isl-ev.de\/ru\/?s={search_term_string}\"},\"query-input\":\"required name=search_term_string\"}],\"inLanguage\":\"ru-RU\"},{\"@type\":\"Organization\",\"@id\":\"https:\/\/behinderung-und-flucht.isl-ev.de\/ru\/#organization\",\"name\":\"Infoseite der Interessenvertretung Selbstbestimmt Leben in Deutschland e.V.\",\"url\":\"https:\/\/behinderung-und-flucht.isl-ev.de\/ru\/\",\"logo\":{\"@type\":\"ImageObject\",\"inLanguage\":\"ru-RU\",\"@id\":\"https:\/\/behinderung-und-flucht.isl-ev.de\/ru\/#\/schema\/logo\/image\/\",\"url\":\"https:\/\/behinderung-und-flucht.isl-ev.de\/wp-content\/uploads\/2022\/09\/logo-infoseite-04.svg\",\"contentUrl\":\"https:\/\/behinderung-und-flucht.isl-ev.de\/wp-content\/uploads\/2022\/09\/logo-infoseite-04.svg\",\"caption\":\"Infoseite der Interessenvertretung Selbstbestimmt Leben in Deutschland e.V.\"},\"image\":{\"@id\":\"https:\/\/behinderung-und-flucht.isl-ev.de\/ru\/#\/schema\/logo\/image\/\"}}]}<\/script>\n<!-- \/ Yoast SEO plugin. -->","yoast_head_json":{"title":"\u043e\u0442\u043f\u0435\u0447\u0430\u0442\u043e\u043a - Infoseite der Interessenvertretung Selbstbestimmt Leben in Deutschland e.V.","robots":{"index":"index","follow":"follow","max-snippet":"max-snippet:-1","max-image-preview":"max-image-preview:large","max-video-preview":"max-video-preview:-1"},"canonical":"https:\/\/behinderung-und-flucht.isl-ev.de\/ru\/impressum-russ\/","og_locale":"ru_RU","og_type":"article","og_title":"\u043e\u0442\u043f\u0435\u0447\u0430\u0442\u043e\u043a - Infoseite der Interessenvertretung Selbstbestimmt Leben in Deutschland e.V.","og_description":"\u0444\u0435\u0434\u0435\u0440\u0430\u043b\u044c\u043d\u044b\u0439 \u043e\u0444\u0438\u0441 \u041f\u0440\u0435\u0434\u0441\u0442\u0430\u0432\u043b\u0435\u043d\u0438\u0435 \u0438\u043d\u0442\u0435\u0440\u0435\u0441\u043e\u0432 \u0421\u0430\u043c\u043e\u0441\u0442\u043e\u044f\u0442\u0435\u043b\u044c\u043d\u043e\u0435 \u043f\u0440\u043e\u0436\u0438\u0432\u0430\u043d\u0438\u0435 \u0432 \u0413\u0435\u0440\u043c\u0430\u043d\u0438\u0438 e. \u0412.\u2014\u0418\u0421\u041b \u041b\u0435\u0439\u043f\u0446\u0438\u0433\u0435\u0440\u0448\u0442\u0440\u0430\u0441\u0441\u0435 6110117 \u0411\u0435\u0440\u043b\u0438\u043d \u0422\u0435\u043b\u0435\u0444\u043e\u043d: +49 30 4057 1409\u0424\u0430\u043a\u0441: +49 30 3101 1251 \u042d\u043b\u0435\u043a\u0442\u0440\u043e\u043d\u043d\u0430\u044f \u043f\u043e\u0447\u0442\u0430: away@isl-ev.de\u0418\u043d\u0442\u0435\u0440\u043d\u0435\u0442: https:\/\/www.isl-ev.de\/ \u0414\u043b\u044f \u0432\u043e\u043f\u0440\u043e\u0441\u043e\u0432, \u043f\u0440\u0435\u0434\u043b\u043e\u0436\u0435\u043d\u0438\u0439 \u0438 \u0442.\u0434. \u043e \u043f\u043e\u0440\u0442\u0430\u043b\u0435, \u043f\u043e\u0436\u0430\u043b\u0443\u0439\u0441\u0442\u0430, \u0438\u0441\u043f\u043e\u043b\u044c\u0437\u0443\u0439\u0442\u0435 \u0444\u0443\u043d\u043a\u0446\u0438\u044e \u043e\u0431\u0440\u0430\u0442\u043d\u043e\u0439 \u0441\u0432\u044f\u0437\u0438 \u0432 \u0444\u0443\u0442\u0435\u0440\u0435. \u043a\u043b\u0443\u0431\u043d\u043e\u0435 \u043c\u0435\u0441\u0442\u043e \u041f\u0440\u0435\u0434\u0441\u0442\u0430\u0432\u043b\u0435\u043d\u0438\u0435 \u0438\u043d\u0442\u0435\u0440\u0435\u0441\u043e\u0432 \u0421\u0430\u043c\u043e\u0441\u0442\u043e\u044f\u0442\u0435\u043b\u044c\u043d\u043e\u0435 \u043f\u0440\u043e\u0436\u0438\u0432\u0430\u043d\u0438\u0435 \u0432 \u0413\u0435\u0440\u043c\u0430\u043d\u0438\u0438 e. \u0412.\u2014\u0418\u0421\u041b \u041e\u0431\u044a\u0435\u043a\u0442 \u0421\u044d\u043c\u044e\u044d\u043b\u044f \u0411\u0435\u043a\u043a\u0435\u0442\u0430 634119 \u041a\u0430\u0441\u0441\u0435\u043b\u044c&hellip; \u0427\u0438\u0442\u0430\u0442\u044c \u0434\u0430\u043b\u0435\u0435 \u043e\u0442\u043f\u0435\u0447\u0430\u0442\u043e\u043a","og_url":"https:\/\/behinderung-und-flucht.isl-ev.de\/ru\/impressum-russ\/","og_site_name":"Infoseite der Interessenvertretung Selbstbestimmt Leben in Deutschland e.V.","article_modified_time":"2023-05-07T21:15:52+00:00","twitter_card":"summary_large_image","twitter_misc":{"\u041f\u0440\u0438\u043c\u0435\u0440\u043d\u043e\u0435 \u0432\u0440\u0435\u043c\u044f \u0434\u043b\u044f \u0447\u0442\u0435\u043d\u0438\u044f":"2 \u043c\u0438\u043d\u0443\u0442\u044b"},"schema":{"@context":"https:\/\/schema.org","@graph":[{"@type":"WebPage","@id":"https:\/\/behinderung-und-flucht.isl-ev.de\/ru\/impressum-russ\/","url":"https:\/\/behinderung-und-flucht.isl-ev.de\/ru\/impressum-russ\/","name":"\u043e\u0442\u043f\u0435\u0447\u0430\u0442\u043e\u043a - Infoseite der Interessenvertretung Selbstbestimmt Leben in Deutschland e.V.","isPartOf":{"@id":"https:\/\/behinderung-und-flucht.isl-ev.de\/ru\/#website"},"datePublished":"2022-08-17T16:35:38+00:00","dateModified":"2023-05-07T21:15:52+00:00","breadcrumb":{"@id":"https:\/\/behinderung-und-flucht.isl-ev.de\/ru\/impressum-russ\/#breadcrumb"},"inLanguage":"ru-RU","potentialAction":[{"@type":"ReadAction","target":["https:\/\/behinderung-und-flucht.isl-ev.de\/ru\/impressum-russ\/"]}]},{"@type":"BreadcrumbList","@id":"https:\/\/behinderung-und-flucht.isl-ev.de\/ru\/impressum-russ\/#breadcrumb","itemListElement":[{"@type":"ListItem","position":1,"name":"Startseite","item":"https:\/\/behinderung-und-flucht.isl-ev.de\/ru\/"},{"@type":"ListItem","position":2,"name":"\u043e\u0442\u043f\u0435\u0447\u0430\u0442\u043e\u043a"}]},{"@type":"WebSite","@id":"https:\/\/behinderung-und-flucht.isl-ev.de\/ru\/#website","url":"https:\/\/behinderung-und-flucht.isl-ev.de\/ru\/","name":"Infoseite f\u00fcr gefl\u00fcchtete Menschen mit Behinderungen oder chronischen Erkrankungen","description":"Informationen f\u00fcr gefl\u00fcchtete Menschen mit Behinderungen oder chronischen Erkrankungen","publisher":{"@id":"https:\/\/behinderung-und-flucht.isl-ev.de\/ru\/#organization"},"alternateName":"Infoseite f\u00fcr gefl\u00fcchtete Menschen mit Behinderungen","potentialAction":[{"@type":"SearchAction","target":{"@type":"EntryPoint","urlTemplate":"https:\/\/behinderung-und-flucht.isl-ev.de\/ru\/?s={search_term_string}"},"query-input":"required name=search_term_string"}],"inLanguage":"ru-RU"},{"@type":"Organization","@id":"https:\/\/behinderung-und-flucht.isl-ev.de\/ru\/#organization","name":"Infoseite der Interessenvertretung Selbstbestimmt Leben in Deutschland e.V.","url":"https:\/\/behinderung-und-flucht.isl-ev.de\/ru\/","logo":{"@type":"ImageObject","inLanguage":"ru-RU","@id":"https:\/\/behinderung-und-flucht.isl-ev.de\/ru\/#\/schema\/logo\/image\/","url":"https:\/\/behinderung-und-flucht.isl-ev.de\/wp-content\/uploads\/2022\/09\/logo-infoseite-04.svg","contentUrl":"https:\/\/behinderung-und-flucht.isl-ev.de\/wp-content\/uploads\/2022\/09\/logo-infoseite-04.svg","caption":"Infoseite der Interessenvertretung Selbstbestimmt Leben in Deutschland e.V."},"image":{"@id":"https:\/\/behinderung-und-flucht.isl-ev.de\/ru\/#\/schema\/logo\/image\/"}}]}},"_links":{"self":[{"href":"https:\/\/behinderung-und-flucht.isl-ev.de\/ru\/wp-json\/wp\/v2\/pages\/760","targetHints":{"allow":["GET"]}}],"collection":[{"href":"https:\/\/behinderung-und-flucht.isl-ev.de\/ru\/wp-json\/wp\/v2\/pages"}],"about":[{"href":"https:\/\/behinderung-und-flucht.isl-ev.de\/ru\/wp-json\/wp\/v2\/types\/page"}],"author":[{"embeddable":true,"href":"https:\/\/behinderung-und-flucht.isl-ev.de\/ru\/wp-json\/wp\/v2\/users\/1"}],"replies":[{"embeddable":true,"href":"https:\/\/behinderung-und-flucht.isl-ev.de\/ru\/wp-json\/wp\/v2\/comments?post=760"}],"version-history":[{"count":5,"href":"https:\/\/behinderung-und-flucht.isl-ev.de\/ru\/wp-json\/wp\/v2\/pages\/760\/revisions"}],"predecessor-version":[{"id":4261,"href":"https:\/\/behinderung-und-flucht.isl-ev.de\/ru\/wp-json\/wp\/v2\/pages\/760\/revisions\/4261"}],"wp:attachment":[{"href":"https:\/\/behinderung-und-flucht.isl-ev.de\/ru\/wp-json\/wp\/v2\/media?parent=760"}],"wp:term":[{"taxonomy":"category","embeddable":true,"href":"https:\/\/behinderung-und-flucht.isl-ev.de\/ru\/wp-json\/wp\/v2\/categories?post=760"},{"taxonomy":"post_tag","embeddable":true,"href":"https:\/\/behinderung-und-flucht.isl-ev.de\/ru\/wp-json\/wp\/v2\/tags?post=760"}],"curies":[{"name":"wp","href":"https:\/\/api.w.org\/{rel}","templated":true}]}}