{"id":4610,"date":"2023-03-01T18:52:48","date_gmt":"2023-03-01T17:52:48","guid":{"rendered":"https:\/\/behinderung-und-flucht.isl-ev.de\/?page_id=4610"},"modified":"2023-08-28T21:34:18","modified_gmt":"2023-08-28T19:34:18","slug":"%d0%ba%d0%b8%d0%bd%d0%be","status":"publish","type":"page","link":"https:\/\/behinderung-und-flucht.isl-ev.de\/ru\/kulturguide\/4601-2\/%d0%ba%d0%b8%d0%bd%d0%be\/","title":{"rendered":"\u041a\u0438\u043d\u043e"},"content":{"rendered":"\n<p><\/p>\n\n\n\n<div id=\"wp-block-themeisle-blocks-accordion-35e4df50\" data-has-schema=\"false\" class=\"wp-block-themeisle-blocks-accordion exclusive has-gap\">\n<details class=\"wp-block-themeisle-blocks-accordion-item\"><summary class=\"wp-block-themeisle-blocks-accordion-item__title\"><h2><strong>\u041a\u0438\u043d\u043e\u043f\u043e\u043b\u0438\u0441 \u0411\u043e\u043d\u043d \u0411\u0430\u0434 \u0413\u043e\u0434\u0435\u0441\u0431\u0435\u0440\u0433 <\/strong> <img decoding=\"async\" class=\"wp-image-2947\" style=\"width: 60px\" src=\"https:\/\/behinderung-und-flucht.isl-ev.de\/wp-content\/uploads\/2023\/02\/WKU-Icons_Behindertenparkplaetze-vorhanden.svg\" alt=\"Behindertenparkpl\u00e4tze vorhanden Es stehen gekennzeichnete Parkpl\u00e4tze in Eingangsn\u00e4he zur Verf\u00fcgung.\"><img decoding=\"async\" class=\"wp-image-2931\" style=\"width: 60px\" src=\"https:\/\/behinderung-und-flucht.isl-ev.de\/wp-content\/uploads\/2023\/02\/WKU-Icons_Barrierefreie-Toilette.svg\" alt=\"Barrierefreie Toilette Die Toilette ist barrierefrei zug\u00e4nglich und rollstuhlgerecht eingerichtet\"><img decoding=\"async\" class=\"wp-image-2915\" style=\"width: 60px\" src=\"https:\/\/behinderung-und-flucht.isl-ev.de\/wp-content\/uploads\/2023\/02\/WKU-Icons_Audiodeskription.svg\" alt=\"Audiodeskription F\u00fcr visuelle Beitr\u00e4ge ist eine akustische Bildbeschreibung verf\u00fcgbar.\"><img decoding=\"async\" class=\"wp-image-2995\" style=\"width: 60px\" src=\"https:\/\/behinderung-und-flucht.isl-ev.de\/wp-content\/uploads\/2023\/02\/WKU-Icons_Untertitel.svg\" alt=\"Untertitel Video- und Audio-Beitr\u00e4ge enthalten Untertitel.\"><img decoding=\"async\" class=\"wp-image-2911\" style=\"width: 60px\" src=\"https:\/\/behinderung-und-flucht.isl-ev.de\/wp-content\/uploads\/2023\/02\/WKU-Icons_Assistenzhund-willkommen.svg\" alt=\"Assistenzhund willkommen Es ist m\u00f6glich einen Assistenzhund mitzuf\u00fchren.\"><\/h2><\/summary><div class=\"wp-block-themeisle-blocks-accordion-item__content\">\n<h3 class=\"wp-block-heading\">\u041a\u0438\u043d\u043e\u043f\u043e\u043b\u0438\u0441 \u0411\u043e\u043d\u043d \u0411\u0430\u0434 \u0413\u043e\u0434\u0435\u0441\u0431\u0435\u0440\u0433<\/h3>\n\n\n\n<h4 class=\"wp-block-heading\">\u041e\u0431\u044a\u044f\u0441\u043d\u0435\u043d\u0438\u0435<\/h4>\n\n\n\n<p>\u041a\u0438\u043d\u043e\u043f\u043e\u043b\u0438\u0441 \u0432 \u0411\u043e\u043d\u043d-\u0411\u0430\u0434-\u0413\u043e\u0434\u0435\u0441\u0431\u0435\u0440\u0433\u0435 \u2013 \u044d\u0442\u043e \u0431\u043e\u043b\u044c\u0448\u043e\u0439 \u043a\u0438\u043d\u043e\u0442\u0435\u0430\u0442\u0440 \u0441 11 \u0440\u0430\u0437\u043b\u0438\u0447\u043d\u044b\u043c\u0438 \u043a\u0438\u043d\u043e\u0437\u0430\u043b\u0430\u043c\u0438.<br>\u041f\u0440\u043e\u0433\u0440\u0430\u043c\u043c\u0430 \u0440\u0430\u0437\u043d\u043e\u043e\u0431\u0440\u0430\u0437\u043d\u0430 \u0438 \u043f\u043e\u0434\u0445\u043e\u0434\u0438\u0442 \u043a\u0430\u043a \u0434\u043b\u044f \u0432\u0437\u0440\u043e\u0441\u043b\u044b\u0445, \u0442\u0430\u043a \u0438 \u0434\u043b\u044f \u0434\u0435\u0442\u0435\u0439.<\/p>\n\n\n\n<div class=\"wp-block-columns is-style-default is-layout-flex wp-container-core-columns-is-layout-9d6595d7 wp-block-columns-is-layout-flex\">\n<div class=\"wp-block-column is-layout-flow wp-block-column-is-layout-flow\">\n<h4 class=\"wp-block-heading\">\u0411\u0435\u0437\u0431\u0430\u0440\u044c\u0435\u0440\u043d\u043e\u0441\u0442\u044c<\/h4>\n\n\n\n<figure class=\"wp-block-table\"><table class=\"has-white-background-color has-background\"><tbody><tr><td><img decoding=\"async\" class=\"wp-image-2947\" style=\"width: 150px\" src=\"https:\/\/behinderung-und-flucht.isl-ev.de\/wp-content\/uploads\/2023\/02\/WKU-Icons_Behindertenparkplaetze-vorhanden.svg\" alt=\"Behindertenparkpl\u00e4tze vorhanden Es stehen gekennzeichnete Parkpl\u00e4tze in Eingangsn\u00e4he zur Verf\u00fcgung.\"><\/td><td>2 \u043e\u0431\u0449\u0435\u0441\u0442\u0432\u0435\u043d\u043d\u044b\u0435 \u0430\u0432\u0442\u043e\u0441\u0442\u043e\u044f\u043d\u043a\u0438 \u0434\u043b\u044f \u0438\u043d\u0432\u0430\u043b\u0438\u0434\u043e\u0432 \u043d\u0430 \u0432\u044b\u0441\u043e\u0442\u0435 \u041c\u043e\u043b\u044c\u0442\u043a\u0435\u0448\u0442\u0440\u0430\u0441\u0441\u0435 5<\/td><\/tr><tr><td><img decoding=\"async\" class=\"wp-image-2931\" style=\"width: NaNpx\" src=\"https:\/\/behinderung-und-flucht.isl-ev.de\/wp-content\/uploads\/2023\/02\/WKU-Icons_Barrierefreie-Toilette.svg\" alt=\"Barrierefreie Toilette Die Toilette ist barrierefrei zug\u00e4nglich und rollstuhlgerecht eingerichtet\"><\/td><td>\u0431\u0435\u0437\u0431\u0430\u0440\u044c\u0435\u0440\u043d\u044b\u0439 \u0442\u0443\u0430\u043b\u0435\u0442<\/td><\/tr><tr><td><img decoding=\"async\" class=\"wp-image-2915\" style=\"width: NaNpx\" src=\"https:\/\/behinderung-und-flucht.isl-ev.de\/wp-content\/uploads\/2023\/02\/WKU-Icons_Audiodeskription.svg\" alt=\"Audiodeskription F\u00fcr visuelle Beitr\u00e4ge ist eine akustische Bildbeschreibung verf\u00fcgbar.\"><\/td><td>\u0430\u0443\u0434\u0438\u043e \u043e\u043f\u0438\u0441\u0430\u043d\u0438\u0435<\/td><\/tr><tr><td><img decoding=\"async\" class=\"wp-image-2995\" style=\"width: NaNpx\" src=\"https:\/\/behinderung-und-flucht.isl-ev.de\/wp-content\/uploads\/2023\/02\/WKU-Icons_Untertitel.svg\" alt=\"Untertitel Video- und Audio-Beitr\u00e4ge enthalten Untertitel.\"><\/td><td>\u0441\u0443\u0431\u0442\u0438\u0442\u0440\u044b<\/td><\/tr><tr><td><img decoding=\"async\" class=\"wp-image-2911\" style=\"width: NaNpx\" src=\"https:\/\/behinderung-und-flucht.isl-ev.de\/wp-content\/uploads\/2023\/02\/WKU-Icons_Assistenzhund-willkommen.svg\" alt=\"Assistenzhund willkommen Es ist m\u00f6glich einen Assistenzhund mitzuf\u00fchren.\"><\/td><td>\u0440\u0430\u0437\u0440\u0435\u0448\u0430\u0435\u0442\u0441\u044f \u043f\u0440\u0435\u0431\u044b\u0432\u0430\u043d\u0438\u0435 \u0441 \u0441\u043e\u0431\u0430\u043a\u043e\u0439-\u043f\u043e\u043c\u043e\u0449\u043d\u0438\u043a\u043e\u043c<\/td><\/tr><\/tbody><\/table><\/figure>\n\n\n\n<p>\u0414\u043e\u043f\u043e\u043b\u043d\u0438\u0442\u0435\u043b\u044c\u043d\u0430\u044f \u0438\u043d\u0444\u043e\u0440\u043c\u0430\u0446\u0438\u044f \u043e \u0431\u0435\u0437\u0431\u0430\u0440\u044c\u0435\u0440\u043d\u043e\u0441\u0442\u0438<\/p>\n\n\n\n<ul class=\"wp-block-list\">\n<li>\u0434\u043e\u0441\u0442\u0443\u043f\u043d\u044b\u043c\u0438 \u0434\u043b\u044f \u0438\u043d\u0432\u0430\u043b\u0438\u0434\u043d\u044b\u0445 \u043a\u043e\u043b\u044f\u0441\u043e\u043a \u044f\u0432\u043b\u044f\u044e\u0442\u0441\u044f \u0437\u0430\u043b\u044b \u0441 1 \u043f\u043e 4.<\/li>\n\n\n\n<li>\u043e \u0434\u043e\u0441\u0442\u0443\u043f\u0435 \u043d\u0430 \u044d\u043b\u0435\u043a\u0442\u0440\u0438\u0447\u0435\u0441\u043a\u043e\u0439 \u043a\u043e\u043b\u044f\u0441\u043a\u0435 \u0441\u043b\u0435\u0434\u0443\u0435\u0442 \u0441\u043f\u0440\u0430\u0448\u0438\u0432\u0430\u0442\u044c \u0437\u0430\u0440\u0430\u043d\u0435\u0435, \u0443\u0447\u0438\u0442\u044b\u0432\u0430\u044f \u0448\u0438\u0440\u0438\u043d\u0443 \u0434\u0432\u0435\u0440\u0435\u0439<\/li>\n\n\n\n<li>\u043a \u0441\u043e\u0436\u0430\u043b\u0435\u043d\u0438\u044e, \u043d\u0435 \u0431\u044b\u043b\u043e \u0441\u0432\u043e\u0435\u0432\u0440\u0435\u043c\u0435\u043d\u043d\u043e\u0439 \u043e\u0431\u0440\u0430\u0442\u043d\u043e\u0439 \u0441\u0432\u044f\u0437\u0438 \u043f\u043e \u0431\u0435\u0437\u0431\u0430\u0440\u044c\u0435\u0440\u043d\u044b\u043c \u0442\u0443\u0430\u043b\u0435\u0442\u0430\u043c. \u041f\u043e\u044d\u0442\u043e\u043c\u0443 \u043d\u0435 \u0433\u0430\u0440\u0430\u043d\u0442\u0438\u0440\u0443\u0435\u0442\u0441\u044f, \u0447\u0442\u043e \u043e\u043d\u0438 \u0441\u043e\u043e\u0442\u0432\u0435\u0442\u0441\u0442\u0432\u0443\u044e\u0442 \u0441\u0442\u0430\u043d\u0434\u0430\u0440\u0442\u0443 DIN.<\/li>\n\n\n\n<li>\u0430\u0443\u0434\u0438\u043e\u043e\u043f\u0438\u0441\u0430\u043d\u0438\u0435 \u0438 \u0441\u0443\u0431\u0442\u0438\u0442\u0440\u044b \u0442\u043e\u043b\u044c\u043a\u043e \u0447\u0435\u0440\u0435\u0437 \u043f\u0440\u0438\u043b\u043e\u0436\u0435\u043d\u0438\u0435 \u00abGreta\u00bb: <a href=\"https:\/\/www.gretaundstarks.de\/greta\/greta\">https:\/\/www.gretaundstarks.de\/greta\/greta<\/a><\/li>\n<\/ul>\n<\/div>\n\n\n\n<div class=\"wp-block-column is-layout-flow wp-block-column-is-layout-flow\">\n<h4 class=\"wp-block-heading\">\u041a\u043e\u043d\u0442\u0430\u043a\u0442\u043d\u0430\u044f \u0438\u043d\u0444\u043e\u0440\u043c\u0430\u0446\u0438\u044f<\/h4>\n\n\n\n<p>\u041a\u0438\u043d\u043e\u043f\u043e\u043b\u0438\u0441 \u0411\u043e\u043d\u043d-\u0411\u0430\u0434-\u0413\u043e\u0434\u0435\u0441\u0431\u0435\u0440\u0433<\/p>\n\n\n\n<p>\u041c\u043e\u043b\u044c\u0442\u043a\u0435\u0448\u0442\u0440\u0430\u0441\u0441\u0435 7-9<\/p>\n\n\n\n<p>53173 \u0411\u043e\u043d\u043d-\u0411\u0430\u0434-\u0413\u043e\u0434\u0435\u0441\u0431\u0435\u0440\u0433<\/p>\n\n\n\n<p>\u0412\u0435\u0431-\u0441\u0430\u0439\u0442: <a href=\"https:\/\/www.kinopolis.de\/bn\">https:\/\/www.kinopolis.de\/bn<\/a><\/p>\n\n\n\n<h4 class=\"wp-block-heading\"><em>\u0412\u0440\u0435\u043c\u044f \u0440\u0430\u0431\u043e\u0442\u044b<\/em><\/h4>\n\n\n\n<p>\u041f\u043e\u043d\u0435\u0434\u0435\u043b\u044c\u043d\u0438\u043a-\u043f\u044f\u0442\u043d\u0438\u0446\u0430 \u0441 15:30<\/p>\n\n\n\n<p>\u0421\u0443\u0431\u0431\u043e\u0442\u0430 \u0438 \u0432\u043e\u0441\u043a\u0440\u0435\u0441\u0435\u043d\u044c\u0435 \u0441 13:30<\/p>\n\n\n\n<p>\u041f\u043e\u0441\u043b\u0435\u0434\u043d\u0438\u0439 \u0441\u0435\u0430\u043d\u0441 \u043f\u0440\u0438\u043c\u0435\u0440\u043d\u043e \u0432 21:00<\/p>\n\n\n\n<h4 class=\"wp-block-heading\"><em>\u0414\u043e\u0441\u0442\u0443\u043f\u043d\u043e\u0441\u0442\u044c \u043e\u0431\u0449\u0435\u0441\u0442\u0432\u0435\u043d\u043d\u044b\u043c \u0442\u0440\u0430\u043d\u0441\u043f\u043e\u0440\u0442\u043e\u043c<\/em><\/h4>\n\n\n\n<p>\u041e\u0441\u0442\u0430\u043d\u043e\u0432\u043a\u0430 \u0423\u043b\u0438\u0446\u0430 \u041f\u043b\u0438\u0442\u0442\u0435\u0440\u0441\u0434\u043e\u0440\u0444\u0435\u0440 \u0448\u0442\u0440\u0430\u0441\u0441\u0435<\/p>\n\n\n\n<p>\u041c\u0430\u0440\u0448\u0440\u0443\u0442\u044b \u0448\u0442\u0430\u0434\u0442\u0431\u0430\u043d\u0430 16, 63 \u0438 67<\/p>\n\n\n\n<p>\u041e\u0441\u0442\u0430\u043d\u043e\u0432\u043a\u0430 \u0412\u043e\u043a\u0437\u0430\u043b \u0411\u0430\u0434 \u0413\u043e\u0434\u0435\u0441\u0431\u0435\u0440\u0433 \/ \u041c\u043e\u043b\u044c\u0442\u043a\u0435\u0448\u0442\u0440\u0430\u0441\u0441\u0435<\/p>\n\n\n\n<p>\u0410\u0432\u0442\u043e\u0431\u0443\u0441\u043d\u044b\u0435 \u043c\u0430\u0440\u0448\u0440\u0443\u0442\u044b 611, 612, 613, 614, 639, 856 \u0438 857<\/p>\n\n\n\n<h4 class=\"wp-block-heading\"><em>\u0411\u043e\u043d\u043d\u0441\u043a\u043e\u0435 \u0443\u0434\u043e\u0441\u0442\u043e\u0432\u0435\u0440\u0435\u043d\u0438\u0435<\/em><\/h4>\n\n\n\n<p>\u041d\u0435\u0442<\/p>\n\n\n\n<h4 class=\"wp-block-heading\"><em>\u041f\u0440\u0435\u0434\u043b\u043e\u0436\u0435\u043d\u0438\u0435 \u0434\u043b\u044f \u0431\u0435\u0436\u0435\u043d\u0446\u0435\u0432<\/em><\/h4>\n\n\n\n<p>\u041d\u0435\u0442<\/p>\n\n\n\n<h4 class=\"wp-block-heading\"><em>\u0412\u0445\u043e\u0434\u00a0<\/em><\/h4>\n\n\n\n<p>\u041e\u0442 6,99 \u0435\u0432\u0440\u043e<\/p>\n<\/div>\n<\/div>\n<\/div><\/details>\n<\/div>\n\n\n\n<div class=\"wp-block-buttons is-horizontal is-content-justification-left is-layout-flex wp-container-core-buttons-is-layout-7e5fce0a wp-block-buttons-is-layout-flex\">\n<div class=\"wp-block-button has-custom-font-size has-small-font-size\"><a class=\"wp-block-button__link has-background wp-element-button\" href=\"https:\/\/behinderung-und-flucht.isl-ev.de\/kulturguide\/bonn\/\" style=\"border-radius:55px;background-color:#91025b;padding-top:var(--wp--preset--spacing--20);padding-right:var(--wp--preset--spacing--20);padding-bottom:var(--wp--preset--spacing--20);padding-left:var(--wp--preset--spacing--20)\">Zur\u00fcck zur \u00dcbersicht<\/a><\/div>\n<\/div>\n","protected":false},"excerpt":{"rendered":"","protected":false},"author":1,"featured_media":0,"parent":4601,"menu_order":0,"comment_status":"closed","ping_status":"closed","template":"","meta":{"ub_ctt_via":"","inline_featured_image":false,"_themeisle_gutenberg_block_has_review":false,"_mc_calendar":[],"footnotes":""},"categories":[],"tags":[],"class_list":["post-4610","page","type-page","status-publish","hentry","entry"],"featured_image_src":null,"yoast_head":"<!-- This site is optimized with the Yoast SEO plugin v21.4 - https:\/\/yoast.com\/wordpress\/plugins\/seo\/ -->\n<title>\u041a\u0438\u043d\u043e - Infoseite der Interessenvertretung Selbstbestimmt Leben in Deutschland e.V.<\/title>\n<meta name=\"robots\" content=\"index, follow, max-snippet:-1, max-image-preview:large, max-video-preview:-1\" \/>\n<link rel=\"canonical\" href=\"https:\/\/behinderung-und-flucht.isl-ev.de\/ru\/kulturguide\/4601-2\/%d0%ba%d0%b8%d0%bd%d0%be\/\" \/>\n<meta property=\"og:locale\" content=\"ru_RU\" \/>\n<meta property=\"og:type\" content=\"article\" \/>\n<meta property=\"og:title\" content=\"\u041a\u0438\u043d\u043e - Infoseite der Interessenvertretung Selbstbestimmt Leben in Deutschland e.V.\" \/>\n<meta property=\"og:url\" content=\"https:\/\/behinderung-und-flucht.isl-ev.de\/ru\/kulturguide\/4601-2\/%d0%ba%d0%b8%d0%bd%d0%be\/\" \/>\n<meta property=\"og:site_name\" content=\"Infoseite der Interessenvertretung Selbstbestimmt Leben in Deutschland e.V.\" \/>\n<meta property=\"article:modified_time\" content=\"2023-08-28T19:34:18+00:00\" \/>\n<meta property=\"og:image\" content=\"https:\/\/behinderung-und-flucht.isl-ev.de\/wp-content\/uploads\/2023\/02\/WKU-Icons_Behindertenparkplaetze-vorhanden.svg\" \/>\n<meta name=\"twitter:card\" content=\"summary_large_image\" \/>\n<meta name=\"twitter:label1\" content=\"\u041f\u0440\u0438\u043c\u0435\u0440\u043d\u043e\u0435 \u0432\u0440\u0435\u043c\u044f \u0434\u043b\u044f \u0447\u0442\u0435\u043d\u0438\u044f\" \/>\n\t<meta name=\"twitter:data1\" content=\"3 \u043c\u0438\u043d\u0443\u0442\u044b\" \/>\n<script type=\"application\/ld+json\" class=\"yoast-schema-graph\">{\"@context\":\"https:\/\/schema.org\",\"@graph\":[{\"@type\":\"WebPage\",\"@id\":\"https:\/\/behinderung-und-flucht.isl-ev.de\/ru\/kulturguide\/4601-2\/%d0%ba%d0%b8%d0%bd%d0%be\/\",\"url\":\"https:\/\/behinderung-und-flucht.isl-ev.de\/ru\/kulturguide\/4601-2\/%d0%ba%d0%b8%d0%bd%d0%be\/\",\"name\":\"\u041a\u0438\u043d\u043e - Infoseite der Interessenvertretung Selbstbestimmt Leben in Deutschland e.V.\",\"isPartOf\":{\"@id\":\"https:\/\/behinderung-und-flucht.isl-ev.de\/ru\/#website\"},\"datePublished\":\"2023-03-01T17:52:48+00:00\",\"dateModified\":\"2023-08-28T19:34:18+00:00\",\"breadcrumb\":{\"@id\":\"https:\/\/behinderung-und-flucht.isl-ev.de\/ru\/kulturguide\/4601-2\/%d0%ba%d0%b8%d0%bd%d0%be\/#breadcrumb\"},\"inLanguage\":\"ru-RU\",\"potentialAction\":[{\"@type\":\"ReadAction\",\"target\":[\"https:\/\/behinderung-und-flucht.isl-ev.de\/ru\/kulturguide\/4601-2\/%d0%ba%d0%b8%d0%bd%d0%be\/\"]}]},{\"@type\":\"BreadcrumbList\",\"@id\":\"https:\/\/behinderung-und-flucht.isl-ev.de\/ru\/kulturguide\/4601-2\/%d0%ba%d0%b8%d0%bd%d0%be\/#breadcrumb\",\"itemListElement\":[{\"@type\":\"ListItem\",\"position\":1,\"name\":\"Startseite\",\"item\":\"https:\/\/behinderung-und-flucht.isl-ev.de\/ru\/\"},{\"@type\":\"ListItem\",\"position\":2,\"name\":\"\u041f\u0443\u0442\u0435\u0432\u043e\u0434\u0438\u0442\u0435\u043b\u044c \u043f\u043e \u043a\u0443\u043b\u044c\u0442\u0443\u0440\u0435\",\"item\":\"https:\/\/behinderung-und-flucht.isl-ev.de\/ru\/kulturguide\/\"},{\"@type\":\"ListItem\",\"position\":3,\"name\":\"\u0411\u043e\u043d\u043d\u0435\",\"item\":\"https:\/\/behinderung-und-flucht.isl-ev.de\/ru\/kulturguide\/4601-2\/\"},{\"@type\":\"ListItem\",\"position\":4,\"name\":\"\u041a\u0438\u043d\u043e\"}]},{\"@type\":\"WebSite\",\"@id\":\"https:\/\/behinderung-und-flucht.isl-ev.de\/ru\/#website\",\"url\":\"https:\/\/behinderung-und-flucht.isl-ev.de\/ru\/\",\"name\":\"Infoseite f\u00fcr gefl\u00fcchtete Menschen mit Behinderungen oder chronischen Erkrankungen\",\"description\":\"Informationen f\u00fcr gefl\u00fcchtete Menschen mit Behinderungen oder chronischen Erkrankungen\",\"publisher\":{\"@id\":\"https:\/\/behinderung-und-flucht.isl-ev.de\/ru\/#organization\"},\"alternateName\":\"Infoseite f\u00fcr gefl\u00fcchtete Menschen mit Behinderungen\",\"potentialAction\":[{\"@type\":\"SearchAction\",\"target\":{\"@type\":\"EntryPoint\",\"urlTemplate\":\"https:\/\/behinderung-und-flucht.isl-ev.de\/ru\/?s={search_term_string}\"},\"query-input\":\"required name=search_term_string\"}],\"inLanguage\":\"ru-RU\"},{\"@type\":\"Organization\",\"@id\":\"https:\/\/behinderung-und-flucht.isl-ev.de\/ru\/#organization\",\"name\":\"Infoseite der Interessenvertretung Selbstbestimmt Leben in Deutschland e.V.\",\"url\":\"https:\/\/behinderung-und-flucht.isl-ev.de\/ru\/\",\"logo\":{\"@type\":\"ImageObject\",\"inLanguage\":\"ru-RU\",\"@id\":\"https:\/\/behinderung-und-flucht.isl-ev.de\/ru\/#\/schema\/logo\/image\/\",\"url\":\"https:\/\/behinderung-und-flucht.isl-ev.de\/wp-content\/uploads\/2022\/09\/logo-infoseite-04.svg\",\"contentUrl\":\"https:\/\/behinderung-und-flucht.isl-ev.de\/wp-content\/uploads\/2022\/09\/logo-infoseite-04.svg\",\"caption\":\"Infoseite der Interessenvertretung Selbstbestimmt Leben in Deutschland e.V.\"},\"image\":{\"@id\":\"https:\/\/behinderung-und-flucht.isl-ev.de\/ru\/#\/schema\/logo\/image\/\"}}]}<\/script>\n<!-- \/ Yoast SEO plugin. -->","yoast_head_json":{"title":"\u041a\u0438\u043d\u043e - Infoseite der Interessenvertretung Selbstbestimmt Leben in Deutschland e.V.","robots":{"index":"index","follow":"follow","max-snippet":"max-snippet:-1","max-image-preview":"max-image-preview:large","max-video-preview":"max-video-preview:-1"},"canonical":"https:\/\/behinderung-und-flucht.isl-ev.de\/ru\/kulturguide\/4601-2\/%d0%ba%d0%b8%d0%bd%d0%be\/","og_locale":"ru_RU","og_type":"article","og_title":"\u041a\u0438\u043d\u043e - Infoseite der Interessenvertretung Selbstbestimmt Leben in Deutschland e.V.","og_url":"https:\/\/behinderung-und-flucht.isl-ev.de\/ru\/kulturguide\/4601-2\/%d0%ba%d0%b8%d0%bd%d0%be\/","og_site_name":"Infoseite der Interessenvertretung Selbstbestimmt Leben in Deutschland e.V.","article_modified_time":"2023-08-28T19:34:18+00:00","og_image":[{"url":"https:\/\/behinderung-und-flucht.isl-ev.de\/wp-content\/uploads\/2023\/02\/WKU-Icons_Behindertenparkplaetze-vorhanden.svg"}],"twitter_card":"summary_large_image","twitter_misc":{"\u041f\u0440\u0438\u043c\u0435\u0440\u043d\u043e\u0435 \u0432\u0440\u0435\u043c\u044f \u0434\u043b\u044f \u0447\u0442\u0435\u043d\u0438\u044f":"3 \u043c\u0438\u043d\u0443\u0442\u044b"},"schema":{"@context":"https:\/\/schema.org","@graph":[{"@type":"WebPage","@id":"https:\/\/behinderung-und-flucht.isl-ev.de\/ru\/kulturguide\/4601-2\/%d0%ba%d0%b8%d0%bd%d0%be\/","url":"https:\/\/behinderung-und-flucht.isl-ev.de\/ru\/kulturguide\/4601-2\/%d0%ba%d0%b8%d0%bd%d0%be\/","name":"\u041a\u0438\u043d\u043e - Infoseite der Interessenvertretung Selbstbestimmt Leben in Deutschland e.V.","isPartOf":{"@id":"https:\/\/behinderung-und-flucht.isl-ev.de\/ru\/#website"},"datePublished":"2023-03-01T17:52:48+00:00","dateModified":"2023-08-28T19:34:18+00:00","breadcrumb":{"@id":"https:\/\/behinderung-und-flucht.isl-ev.de\/ru\/kulturguide\/4601-2\/%d0%ba%d0%b8%d0%bd%d0%be\/#breadcrumb"},"inLanguage":"ru-RU","potentialAction":[{"@type":"ReadAction","target":["https:\/\/behinderung-und-flucht.isl-ev.de\/ru\/kulturguide\/4601-2\/%d0%ba%d0%b8%d0%bd%d0%be\/"]}]},{"@type":"BreadcrumbList","@id":"https:\/\/behinderung-und-flucht.isl-ev.de\/ru\/kulturguide\/4601-2\/%d0%ba%d0%b8%d0%bd%d0%be\/#breadcrumb","itemListElement":[{"@type":"ListItem","position":1,"name":"Startseite","item":"https:\/\/behinderung-und-flucht.isl-ev.de\/ru\/"},{"@type":"ListItem","position":2,"name":"\u041f\u0443\u0442\u0435\u0432\u043e\u0434\u0438\u0442\u0435\u043b\u044c \u043f\u043e \u043a\u0443\u043b\u044c\u0442\u0443\u0440\u0435","item":"https:\/\/behinderung-und-flucht.isl-ev.de\/ru\/kulturguide\/"},{"@type":"ListItem","position":3,"name":"\u0411\u043e\u043d\u043d\u0435","item":"https:\/\/behinderung-und-flucht.isl-ev.de\/ru\/kulturguide\/4601-2\/"},{"@type":"ListItem","position":4,"name":"\u041a\u0438\u043d\u043e"}]},{"@type":"WebSite","@id":"https:\/\/behinderung-und-flucht.isl-ev.de\/ru\/#website","url":"https:\/\/behinderung-und-flucht.isl-ev.de\/ru\/","name":"Infoseite f\u00fcr gefl\u00fcchtete Menschen mit Behinderungen oder chronischen Erkrankungen","description":"Informationen f\u00fcr gefl\u00fcchtete Menschen mit Behinderungen oder chronischen Erkrankungen","publisher":{"@id":"https:\/\/behinderung-und-flucht.isl-ev.de\/ru\/#organization"},"alternateName":"Infoseite f\u00fcr gefl\u00fcchtete Menschen mit Behinderungen","potentialAction":[{"@type":"SearchAction","target":{"@type":"EntryPoint","urlTemplate":"https:\/\/behinderung-und-flucht.isl-ev.de\/ru\/?s={search_term_string}"},"query-input":"required name=search_term_string"}],"inLanguage":"ru-RU"},{"@type":"Organization","@id":"https:\/\/behinderung-und-flucht.isl-ev.de\/ru\/#organization","name":"Infoseite der Interessenvertretung Selbstbestimmt Leben in Deutschland e.V.","url":"https:\/\/behinderung-und-flucht.isl-ev.de\/ru\/","logo":{"@type":"ImageObject","inLanguage":"ru-RU","@id":"https:\/\/behinderung-und-flucht.isl-ev.de\/ru\/#\/schema\/logo\/image\/","url":"https:\/\/behinderung-und-flucht.isl-ev.de\/wp-content\/uploads\/2022\/09\/logo-infoseite-04.svg","contentUrl":"https:\/\/behinderung-und-flucht.isl-ev.de\/wp-content\/uploads\/2022\/09\/logo-infoseite-04.svg","caption":"Infoseite der Interessenvertretung Selbstbestimmt Leben in Deutschland e.V."},"image":{"@id":"https:\/\/behinderung-und-flucht.isl-ev.de\/ru\/#\/schema\/logo\/image\/"}}]}},"_links":{"self":[{"href":"https:\/\/behinderung-und-flucht.isl-ev.de\/ru\/wp-json\/wp\/v2\/pages\/4610","targetHints":{"allow":["GET"]}}],"collection":[{"href":"https:\/\/behinderung-und-flucht.isl-ev.de\/ru\/wp-json\/wp\/v2\/pages"}],"about":[{"href":"https:\/\/behinderung-und-flucht.isl-ev.de\/ru\/wp-json\/wp\/v2\/types\/page"}],"author":[{"embeddable":true,"href":"https:\/\/behinderung-und-flucht.isl-ev.de\/ru\/wp-json\/wp\/v2\/users\/1"}],"replies":[{"embeddable":true,"href":"https:\/\/behinderung-und-flucht.isl-ev.de\/ru\/wp-json\/wp\/v2\/comments?post=4610"}],"version-history":[{"count":3,"href":"https:\/\/behinderung-und-flucht.isl-ev.de\/ru\/wp-json\/wp\/v2\/pages\/4610\/revisions"}],"predecessor-version":[{"id":4614,"href":"https:\/\/behinderung-und-flucht.isl-ev.de\/ru\/wp-json\/wp\/v2\/pages\/4610\/revisions\/4614"}],"up":[{"embeddable":true,"href":"https:\/\/behinderung-und-flucht.isl-ev.de\/ru\/wp-json\/wp\/v2\/pages\/4601"}],"wp:attachment":[{"href":"https:\/\/behinderung-und-flucht.isl-ev.de\/ru\/wp-json\/wp\/v2\/media?parent=4610"}],"wp:term":[{"taxonomy":"category","embeddable":true,"href":"https:\/\/behinderung-und-flucht.isl-ev.de\/ru\/wp-json\/wp\/v2\/categories?post=4610"},{"taxonomy":"post_tag","embeddable":true,"href":"https:\/\/behinderung-und-flucht.isl-ev.de\/ru\/wp-json\/wp\/v2\/tags?post=4610"}],"curies":[{"name":"wp","href":"https:\/\/api.w.org\/{rel}","templated":true}]}}