{"id":4592,"date":"2023-07-17T23:08:55","date_gmt":"2023-07-17T21:08:55","guid":{"rendered":"https:\/\/behinderung-und-flucht.isl-ev.de\/?page_id=4592"},"modified":"2023-09-12T21:42:46","modified_gmt":"2023-09-12T19:42:46","slug":"thueringen","status":"publish","type":"page","link":"https:\/\/behinderung-und-flucht.isl-ev.de\/ru\/beratung-selbsthilfe\/thueringen\/","title":{"rendered":"Th\u00fcringen"},"content":{"rendered":"\n<div class=\"wp-block-columns has-white-background-color has-background is-layout-flex wp-container-core-columns-is-layout-f9777a04 wp-block-columns-is-layout-flex\" style=\"padding-top:var(--wp--preset--spacing--20);padding-right:var(--wp--preset--spacing--20);padding-bottom:var(--wp--preset--spacing--20);padding-left:var(--wp--preset--spacing--20)\">\n<div class=\"wp-block-column is-layout-flow wp-block-column-is-layout-flow\" style=\"flex-basis:66.66%\">\n<h3 class=\"wp-block-heading\" style=\"font-style:normal;font-weight:400\">Beratungen f\u00fcr Zugewanderte<\/h3>\n\n\n\n<p>Gerichtet an: Zugewanderte<\/p>\n\n\n\n<p><strong>Angebot:<\/strong> Beratung f\u00fcr Zugewanderte<\/p>\n\n\n\n<p><strong>Sprache:<\/strong> Deutsch, Englisch, Arabisch, Kurdisch und Russisch<\/p>\n\n\n\n<p><strong>Link:<\/strong> http:\/\/www.integration-migration-thueringen.de\/zentrum\/content\/angebot_beratung.htm<\/p>\n<\/div>\n\n\n\n<div class=\"wp-block-column is-layout-flow wp-block-column-is-layout-flow\" style=\"flex-basis:33.33%\">\n<p>Rosa-Luxemburg-Stra\u00dfe 50<\/p>\n\n\n\n<p>99086 Erfurt<\/p>\n\n\n\n<p><strong>Telefon:<\/strong> &nbsp;03 61 &#8212; 6 43 15 35<\/p>\n<\/div>\n<\/div>\n\n\n\n<div class=\"wp-block-columns has-white-background-color has-background is-layout-flex wp-container-core-columns-is-layout-f9777a04 wp-block-columns-is-layout-flex\" style=\"padding-top:var(--wp--preset--spacing--20);padding-right:var(--wp--preset--spacing--20);padding-bottom:var(--wp--preset--spacing--20);padding-left:var(--wp--preset--spacing--20)\">\n<div class=\"wp-block-column is-layout-flow wp-block-column-is-layout-flow\" style=\"flex-basis:66.66%\">\n<h3 class=\"wp-block-heading\" style=\"font-style:normal;font-weight:400\">Integrationsbegleiter*innen in Erfurt<\/h3>\n\n\n\n<p><strong>Angebot:<\/strong> Beratung f\u00fcr Zugewanderte<\/p>\n\n\n\n<p>Ansprechpartner: Anita M\u00fcller<\/p>\n\n\n\n<p>Art des Angebots: Begleitung im Alltag<\/p>\n\n\n\n<p><strong>Link:<\/strong> <a href=\"https:\/\/www.integrationsbegleiter-erfurt.de\/anmeldung\/\"><a href=\"https:\/\/www.integrationsbegleiter-erfurt.de\/anmeldung\/\">https:\/\/www.integrationsbegleiter-erfurt.de\/anmeldung\/<\/a><\/a><\/p>\n<\/div>\n\n\n\n<div class=\"wp-block-column is-layout-flow wp-block-column-is-layout-flow\" style=\"flex-basis:33.33%\">\n<p>Rosa-Luxemburg-Stra\u00dfe 50<\/p>\n\n\n\n<p>99086 Erfurt<\/p>\n\n\n\n<p><strong>Telefon:<\/strong> &nbsp;03 61 &#8212; 6 43 15 35<\/p>\n<\/div>\n<\/div>\n\n\n\n<div class=\"wp-block-columns has-white-background-color has-background is-layout-flex wp-container-core-columns-is-layout-f9777a04 wp-block-columns-is-layout-flex\" style=\"padding-top:var(--wp--preset--spacing--20);padding-right:var(--wp--preset--spacing--20);padding-bottom:var(--wp--preset--spacing--20);padding-left:var(--wp--preset--spacing--20)\">\n<div class=\"wp-block-column is-layout-flow wp-block-column-is-layout-flow\" style=\"flex-basis:66.66%\">\n<h3 class=\"wp-block-heading\" style=\"font-style:normal;font-weight:400\">Migrationsberatung, Psychosoziale Beratung und Rechtsberatung<\/h3>\n\n\n\n<p><\/p>\n\n\n\n<p><strong>Link:<\/strong> <a href=\"https:\/\/www.integration-migration-thueringen.de\/netzwerk\/content\/ang_beratung.htm\">https:\/\/www.integration-migration-thueringen.de\/netzwerk\/content\/ang_beratung.htm<\/a><\/p>\n<\/div>\n\n\n\n<div class=\"wp-block-column is-layout-flow wp-block-column-is-layout-flow\" style=\"flex-basis:33.33%\">\n<p>Rosa-Luxemburg-Stra\u00dfe 50<\/p>\n\n\n\n<p>99086 Erfurt<\/p>\n\n\n\n<p><strong>Telefon:<\/strong> &nbsp;03 61 &#8212; 6 43 15 35<\/p>\n<\/div>\n<\/div>\n","protected":false},"excerpt":{"rendered":"<p>Beratungen f\u00fcr Zugewanderte Gerichtet an: Zugewanderte Angebot: Beratung f\u00fcr Zugewanderte Sprache: Deutsch, Englisch, Arabisch, Kurdisch und Russisch Link: http:\/\/www.integration-migration-thueringen.de\/zentrum\/content\/angebot_beratung.htm Rosa-Luxemburg-Stra\u00dfe 50 99086 Erfurt Telefon: &nbsp;03 61 &#8212; 6 43 15 35 Integrationsbegleiter*innen in Erfurt Angebot: Beratung f\u00fcr Zugewanderte Ansprechpartner: Anita M\u00fcller Art des Angebots: Begleitung im Alltag Link: https:\/\/www.integrationsbegleiter-erfurt.de\/anmeldung\/ Rosa-Luxemburg-Stra\u00dfe 50 99086 Erfurt Telefon: &nbsp;03&hellip; <a class=\"more-link\" href=\"https:\/\/behinderung-und-flucht.isl-ev.de\/ru\/beratung-selbsthilfe\/thueringen\/\">\u0427\u0438\u0442\u0430\u0442\u044c \u0434\u0430\u043b\u0435\u0435 <span class=\"screen-reader-text\">Th\u00fcringen<\/span><\/a><\/p>\n","protected":false},"author":1,"featured_media":0,"parent":132,"menu_order":0,"comment_status":"closed","ping_status":"closed","template":"","meta":{"ub_ctt_via":"","inline_featured_image":false,"_themeisle_gutenberg_block_has_review":false,"_mc_calendar":[],"footnotes":""},"categories":[],"tags":[],"class_list":["post-4592","page","type-page","status-publish","hentry","entry"],"featured_image_src":null,"yoast_head":"<!-- This site is optimized with the Yoast SEO plugin v21.4 - https:\/\/yoast.com\/wordpress\/plugins\/seo\/ -->\n<title>Th\u00fcringen - Infoseite der Interessenvertretung Selbstbestimmt Leben in Deutschland e.V.<\/title>\n<meta name=\"robots\" content=\"index, follow, max-snippet:-1, max-image-preview:large, max-video-preview:-1\" \/>\n<link rel=\"canonical\" href=\"https:\/\/behinderung-und-flucht.isl-ev.de\/ru\/beratung-selbsthilfe\/thueringen\/\" \/>\n<meta property=\"og:locale\" content=\"ru_RU\" \/>\n<meta property=\"og:type\" content=\"article\" \/>\n<meta property=\"og:title\" content=\"Th\u00fcringen - Infoseite der Interessenvertretung Selbstbestimmt Leben in Deutschland e.V.\" \/>\n<meta property=\"og:description\" content=\"Beratungen f\u00fcr Zugewanderte Gerichtet an: Zugewanderte Angebot: Beratung f\u00fcr Zugewanderte Sprache: Deutsch, Englisch, Arabisch, Kurdisch und Russisch Link: http:\/\/www.integration-migration-thueringen.de\/zentrum\/content\/angebot_beratung.htm Rosa-Luxemburg-Stra\u00dfe 50 99086 Erfurt Telefon: &nbsp;03 61 &#8212; 6 43 15 35 Integrationsbegleiter*innen in Erfurt Angebot: Beratung f\u00fcr Zugewanderte Ansprechpartner: Anita M\u00fcller Art des Angebots: Begleitung im Alltag Link: https:\/\/www.integrationsbegleiter-erfurt.de\/anmeldung\/ Rosa-Luxemburg-Stra\u00dfe 50 99086 Erfurt Telefon: &nbsp;03&hellip; \u0427\u0438\u0442\u0430\u0442\u044c \u0434\u0430\u043b\u0435\u0435 Th\u00fcringen\" \/>\n<meta property=\"og:url\" content=\"https:\/\/behinderung-und-flucht.isl-ev.de\/ru\/beratung-selbsthilfe\/thueringen\/\" \/>\n<meta property=\"og:site_name\" content=\"Infoseite der Interessenvertretung Selbstbestimmt Leben in Deutschland e.V.\" \/>\n<meta property=\"article:modified_time\" content=\"2023-09-12T19:42:46+00:00\" \/>\n<meta name=\"twitter:card\" content=\"summary_large_image\" \/>\n<meta name=\"twitter:label1\" content=\"\u041f\u0440\u0438\u043c\u0435\u0440\u043d\u043e\u0435 \u0432\u0440\u0435\u043c\u044f \u0434\u043b\u044f \u0447\u0442\u0435\u043d\u0438\u044f\" \/>\n\t<meta name=\"twitter:data1\" content=\"1 \u043c\u0438\u043d\u0443\u0442\u0430\" \/>\n<script type=\"application\/ld+json\" class=\"yoast-schema-graph\">{\"@context\":\"https:\/\/schema.org\",\"@graph\":[{\"@type\":\"WebPage\",\"@id\":\"https:\/\/behinderung-und-flucht.isl-ev.de\/ru\/beratung-selbsthilfe\/thueringen\/\",\"url\":\"https:\/\/behinderung-und-flucht.isl-ev.de\/ru\/beratung-selbsthilfe\/thueringen\/\",\"name\":\"Th\u00fcringen - Infoseite der Interessenvertretung Selbstbestimmt Leben in Deutschland e.V.\",\"isPartOf\":{\"@id\":\"https:\/\/behinderung-und-flucht.isl-ev.de\/ru\/#website\"},\"datePublished\":\"2023-07-17T21:08:55+00:00\",\"dateModified\":\"2023-09-12T19:42:46+00:00\",\"breadcrumb\":{\"@id\":\"https:\/\/behinderung-und-flucht.isl-ev.de\/ru\/beratung-selbsthilfe\/thueringen\/#breadcrumb\"},\"inLanguage\":\"ru-RU\",\"potentialAction\":[{\"@type\":\"ReadAction\",\"target\":[\"https:\/\/behinderung-und-flucht.isl-ev.de\/ru\/beratung-selbsthilfe\/thueringen\/\"]}]},{\"@type\":\"BreadcrumbList\",\"@id\":\"https:\/\/behinderung-und-flucht.isl-ev.de\/ru\/beratung-selbsthilfe\/thueringen\/#breadcrumb\",\"itemListElement\":[{\"@type\":\"ListItem\",\"position\":1,\"name\":\"Startseite\",\"item\":\"https:\/\/behinderung-und-flucht.isl-ev.de\/ru\/\"},{\"@type\":\"ListItem\",\"position\":2,\"name\":\"Beratung\/Selbsthilfe\",\"item\":\"https:\/\/behinderung-und-flucht.isl-ev.de\/ru\/beratung-selbsthilfe\/\"},{\"@type\":\"ListItem\",\"position\":3,\"name\":\"Th\u00fcringen\"}]},{\"@type\":\"WebSite\",\"@id\":\"https:\/\/behinderung-und-flucht.isl-ev.de\/ru\/#website\",\"url\":\"https:\/\/behinderung-und-flucht.isl-ev.de\/ru\/\",\"name\":\"Infoseite f\u00fcr gefl\u00fcchtete Menschen mit Behinderungen oder chronischen Erkrankungen\",\"description\":\"Informationen f\u00fcr gefl\u00fcchtete Menschen mit Behinderungen oder chronischen Erkrankungen\",\"publisher\":{\"@id\":\"https:\/\/behinderung-und-flucht.isl-ev.de\/ru\/#organization\"},\"alternateName\":\"Infoseite f\u00fcr gefl\u00fcchtete Menschen mit Behinderungen\",\"potentialAction\":[{\"@type\":\"SearchAction\",\"target\":{\"@type\":\"EntryPoint\",\"urlTemplate\":\"https:\/\/behinderung-und-flucht.isl-ev.de\/ru\/?s={search_term_string}\"},\"query-input\":\"required name=search_term_string\"}],\"inLanguage\":\"ru-RU\"},{\"@type\":\"Organization\",\"@id\":\"https:\/\/behinderung-und-flucht.isl-ev.de\/ru\/#organization\",\"name\":\"Infoseite der Interessenvertretung Selbstbestimmt Leben in Deutschland e.V.\",\"url\":\"https:\/\/behinderung-und-flucht.isl-ev.de\/ru\/\",\"logo\":{\"@type\":\"ImageObject\",\"inLanguage\":\"ru-RU\",\"@id\":\"https:\/\/behinderung-und-flucht.isl-ev.de\/ru\/#\/schema\/logo\/image\/\",\"url\":\"https:\/\/behinderung-und-flucht.isl-ev.de\/wp-content\/uploads\/2022\/09\/logo-infoseite-04.svg\",\"contentUrl\":\"https:\/\/behinderung-und-flucht.isl-ev.de\/wp-content\/uploads\/2022\/09\/logo-infoseite-04.svg\",\"caption\":\"Infoseite der Interessenvertretung Selbstbestimmt Leben in Deutschland e.V.\"},\"image\":{\"@id\":\"https:\/\/behinderung-und-flucht.isl-ev.de\/ru\/#\/schema\/logo\/image\/\"}}]}<\/script>\n<!-- \/ Yoast SEO plugin. -->","yoast_head_json":{"title":"Th\u00fcringen - Infoseite der Interessenvertretung Selbstbestimmt Leben in Deutschland e.V.","robots":{"index":"index","follow":"follow","max-snippet":"max-snippet:-1","max-image-preview":"max-image-preview:large","max-video-preview":"max-video-preview:-1"},"canonical":"https:\/\/behinderung-und-flucht.isl-ev.de\/ru\/beratung-selbsthilfe\/thueringen\/","og_locale":"ru_RU","og_type":"article","og_title":"Th\u00fcringen - Infoseite der Interessenvertretung Selbstbestimmt Leben in Deutschland e.V.","og_description":"Beratungen f\u00fcr Zugewanderte Gerichtet an: Zugewanderte Angebot: Beratung f\u00fcr Zugewanderte Sprache: Deutsch, Englisch, Arabisch, Kurdisch und Russisch Link: http:\/\/www.integration-migration-thueringen.de\/zentrum\/content\/angebot_beratung.htm Rosa-Luxemburg-Stra\u00dfe 50 99086 Erfurt Telefon: &nbsp;03 61 &#8212; 6 43 15 35 Integrationsbegleiter*innen in Erfurt Angebot: Beratung f\u00fcr Zugewanderte Ansprechpartner: Anita M\u00fcller Art des Angebots: Begleitung im Alltag Link: https:\/\/www.integrationsbegleiter-erfurt.de\/anmeldung\/ Rosa-Luxemburg-Stra\u00dfe 50 99086 Erfurt Telefon: &nbsp;03&hellip; \u0427\u0438\u0442\u0430\u0442\u044c \u0434\u0430\u043b\u0435\u0435 Th\u00fcringen","og_url":"https:\/\/behinderung-und-flucht.isl-ev.de\/ru\/beratung-selbsthilfe\/thueringen\/","og_site_name":"Infoseite der Interessenvertretung Selbstbestimmt Leben in Deutschland e.V.","article_modified_time":"2023-09-12T19:42:46+00:00","twitter_card":"summary_large_image","twitter_misc":{"\u041f\u0440\u0438\u043c\u0435\u0440\u043d\u043e\u0435 \u0432\u0440\u0435\u043c\u044f \u0434\u043b\u044f \u0447\u0442\u0435\u043d\u0438\u044f":"1 \u043c\u0438\u043d\u0443\u0442\u0430"},"schema":{"@context":"https:\/\/schema.org","@graph":[{"@type":"WebPage","@id":"https:\/\/behinderung-und-flucht.isl-ev.de\/ru\/beratung-selbsthilfe\/thueringen\/","url":"https:\/\/behinderung-und-flucht.isl-ev.de\/ru\/beratung-selbsthilfe\/thueringen\/","name":"Th\u00fcringen - Infoseite der Interessenvertretung Selbstbestimmt Leben in Deutschland e.V.","isPartOf":{"@id":"https:\/\/behinderung-und-flucht.isl-ev.de\/ru\/#website"},"datePublished":"2023-07-17T21:08:55+00:00","dateModified":"2023-09-12T19:42:46+00:00","breadcrumb":{"@id":"https:\/\/behinderung-und-flucht.isl-ev.de\/ru\/beratung-selbsthilfe\/thueringen\/#breadcrumb"},"inLanguage":"ru-RU","potentialAction":[{"@type":"ReadAction","target":["https:\/\/behinderung-und-flucht.isl-ev.de\/ru\/beratung-selbsthilfe\/thueringen\/"]}]},{"@type":"BreadcrumbList","@id":"https:\/\/behinderung-und-flucht.isl-ev.de\/ru\/beratung-selbsthilfe\/thueringen\/#breadcrumb","itemListElement":[{"@type":"ListItem","position":1,"name":"Startseite","item":"https:\/\/behinderung-und-flucht.isl-ev.de\/ru\/"},{"@type":"ListItem","position":2,"name":"Beratung\/Selbsthilfe","item":"https:\/\/behinderung-und-flucht.isl-ev.de\/ru\/beratung-selbsthilfe\/"},{"@type":"ListItem","position":3,"name":"Th\u00fcringen"}]},{"@type":"WebSite","@id":"https:\/\/behinderung-und-flucht.isl-ev.de\/ru\/#website","url":"https:\/\/behinderung-und-flucht.isl-ev.de\/ru\/","name":"Infoseite f\u00fcr gefl\u00fcchtete Menschen mit Behinderungen oder chronischen Erkrankungen","description":"Informationen f\u00fcr gefl\u00fcchtete Menschen mit Behinderungen oder chronischen Erkrankungen","publisher":{"@id":"https:\/\/behinderung-und-flucht.isl-ev.de\/ru\/#organization"},"alternateName":"Infoseite f\u00fcr gefl\u00fcchtete Menschen mit Behinderungen","potentialAction":[{"@type":"SearchAction","target":{"@type":"EntryPoint","urlTemplate":"https:\/\/behinderung-und-flucht.isl-ev.de\/ru\/?s={search_term_string}"},"query-input":"required name=search_term_string"}],"inLanguage":"ru-RU"},{"@type":"Organization","@id":"https:\/\/behinderung-und-flucht.isl-ev.de\/ru\/#organization","name":"Infoseite der Interessenvertretung Selbstbestimmt Leben in Deutschland e.V.","url":"https:\/\/behinderung-und-flucht.isl-ev.de\/ru\/","logo":{"@type":"ImageObject","inLanguage":"ru-RU","@id":"https:\/\/behinderung-und-flucht.isl-ev.de\/ru\/#\/schema\/logo\/image\/","url":"https:\/\/behinderung-und-flucht.isl-ev.de\/wp-content\/uploads\/2022\/09\/logo-infoseite-04.svg","contentUrl":"https:\/\/behinderung-und-flucht.isl-ev.de\/wp-content\/uploads\/2022\/09\/logo-infoseite-04.svg","caption":"Infoseite der Interessenvertretung Selbstbestimmt Leben in Deutschland e.V."},"image":{"@id":"https:\/\/behinderung-und-flucht.isl-ev.de\/ru\/#\/schema\/logo\/image\/"}}]}},"_links":{"self":[{"href":"https:\/\/behinderung-und-flucht.isl-ev.de\/ru\/wp-json\/wp\/v2\/pages\/4592","targetHints":{"allow":["GET"]}}],"collection":[{"href":"https:\/\/behinderung-und-flucht.isl-ev.de\/ru\/wp-json\/wp\/v2\/pages"}],"about":[{"href":"https:\/\/behinderung-und-flucht.isl-ev.de\/ru\/wp-json\/wp\/v2\/types\/page"}],"author":[{"embeddable":true,"href":"https:\/\/behinderung-und-flucht.isl-ev.de\/ru\/wp-json\/wp\/v2\/users\/1"}],"replies":[{"embeddable":true,"href":"https:\/\/behinderung-und-flucht.isl-ev.de\/ru\/wp-json\/wp\/v2\/comments?post=4592"}],"version-history":[{"count":3,"href":"https:\/\/behinderung-und-flucht.isl-ev.de\/ru\/wp-json\/wp\/v2\/pages\/4592\/revisions"}],"predecessor-version":[{"id":4644,"href":"https:\/\/behinderung-und-flucht.isl-ev.de\/ru\/wp-json\/wp\/v2\/pages\/4592\/revisions\/4644"}],"up":[{"embeddable":true,"href":"https:\/\/behinderung-und-flucht.isl-ev.de\/ru\/wp-json\/wp\/v2\/pages\/132"}],"wp:attachment":[{"href":"https:\/\/behinderung-und-flucht.isl-ev.de\/ru\/wp-json\/wp\/v2\/media?parent=4592"}],"wp:term":[{"taxonomy":"category","embeddable":true,"href":"https:\/\/behinderung-und-flucht.isl-ev.de\/ru\/wp-json\/wp\/v2\/categories?post=4592"},{"taxonomy":"post_tag","embeddable":true,"href":"https:\/\/behinderung-und-flucht.isl-ev.de\/ru\/wp-json\/wp\/v2\/tags?post=4592"}],"curies":[{"name":"wp","href":"https:\/\/api.w.org\/{rel}","templated":true}]}}