{"id":4581,"date":"2023-07-11T22:09:34","date_gmt":"2023-07-11T20:09:34","guid":{"rendered":"https:\/\/behinderung-und-flucht.isl-ev.de\/?page_id=4581"},"modified":"2023-07-11T22:09:49","modified_gmt":"2023-07-11T20:09:49","slug":"sachsen-anhalt","status":"publish","type":"page","link":"https:\/\/behinderung-und-flucht.isl-ev.de\/ru\/beratung-selbsthilfe\/sachsen-anhalt\/","title":{"rendered":"Sachsen-Anhalt"},"content":{"rendered":"\n<div id=\"wp-block-themeisle-blocks-accordion-d7fbeffa\" class=\"wp-block-themeisle-blocks-accordion exclusive\">\n<details class=\"wp-block-themeisle-blocks-accordion-item\"><summary class=\"wp-block-themeisle-blocks-accordion-item__title\"><div>Magdeburg<\/div><\/summary><div class=\"wp-block-themeisle-blocks-accordion-item__content\">\n<div class=\"wp-block-columns has-white-background-color has-background is-layout-flex wp-container-core-columns-is-layout-f9777a04 wp-block-columns-is-layout-flex\" style=\"padding-top:var(--wp--preset--spacing--20);padding-right:var(--wp--preset--spacing--20);padding-bottom:var(--wp--preset--spacing--20);padding-left:var(--wp--preset--spacing--20)\">\n<div class=\"wp-block-column is-layout-flow wp-block-column-is-layout-flow\" style=\"flex-basis:66.66%\">\n<h3 class=\"wp-block-heading\" style=\"font-style:normal;font-weight:400\">Psychosoziales Zentrum (PSZ) L\u00fcneburg<\/h3>\n\n\n\n<p><strong>Angebot:<\/strong> Ansprechpartner*innen f\u00fcr alle Fragen im Kontext Migration und Behinderung sowie bei psychischen Problemen<\/p>\n\n\n\n<p><strong>Gerichtet an:<\/strong> Menschen mit Migrationshintergrund, die an einer Behinderung bzw. psychischen Problemen leiden sowie deren Angeh\u00f6rige und Betreuer*innen<\/p>\n\n\n\n<p>Ansprechpartner*in: Ekrem Tahiri<\/p>\n\n\n\n<p><strong>Sprache:<\/strong> Deutsch, Englisch, Arabisch, Kurdisch, Albanisch, Romani, Kroatisch, Serbisch und Bosnisch. Vielen weitere Sprachen durch die kostenlose Sprachmittlung SiSA: 0345\/ 213 893 99 (Mo \u2013 Fr von 8 \u2013 16 Uhr)<\/p>\n\n\n\n<p>Angebotsart: kostenlos und anonym<\/p>\n\n\n\n<p><strong>Link:<\/strong> https:\/\/www.lamsa.de\/projekte\/misa-migration-und-inklusion-in-sachsen-anhalt\/projektbeschreibung\/<\/p>\n<\/div>\n\n\n\n<div class=\"wp-block-column is-layout-flow wp-block-column-is-layout-flow\" style=\"flex-basis:33.33%\">\n<p>Brandenburger Str. 9<\/p>\n\n\n\n<p>39104 Magdeburg<\/p>\n\n\n\n<p><strong>Telefon:<\/strong> 0391 99 05 97 91<\/p>\n<\/div>\n<\/div>\n<\/div><\/details>\n\n\n\n<details class=\"wp-block-themeisle-blocks-accordion-item\"><summary class=\"wp-block-themeisle-blocks-accordion-item__title\"><div>Halle\/Saale<\/div><\/summary><div class=\"wp-block-themeisle-blocks-accordion-item__content\">\n<div class=\"wp-block-columns has-white-background-color has-background is-layout-flex wp-container-core-columns-is-layout-f9777a04 wp-block-columns-is-layout-flex\" style=\"padding-top:var(--wp--preset--spacing--20);padding-right:var(--wp--preset--spacing--20);padding-bottom:var(--wp--preset--spacing--20);padding-left:var(--wp--preset--spacing--20)\">\n<div class=\"wp-block-column is-layout-flow wp-block-column-is-layout-flow\" style=\"flex-basis:66.66%\">\n<h3 class=\"wp-block-heading\" style=\"font-style:normal;font-weight:400\">MISA &#8212; Migration und Inklusion in Sachsen-Anhalt<\/h3>\n\n\n\n<p><strong>Angebot:<\/strong> Ansprechpartner*innen f\u00fcr alle Fragen im Kontext Migration und Behinderung sowie bei psychischen Problemen<\/p>\n\n\n\n<p>Ansprechpartner*in: Frau Dr. Khuzama Zena, Frau Friederike Lettow, Herr Mustafa Bico<\/p>\n\n\n\n<p><strong>Gerichtet an:<\/strong> Menschen mit Migrationshintergrund, die an einer Behinderung bzw. psychischen Problemen leiden sowie deren Angeh\u00f6rige und Betreuer*innen<\/p>\n\n\n\n<p>Art des Angebots: kostenlos und anonym<\/p>\n\n\n\n<p><strong>Sprache:<\/strong> Arabisch, Deutsch, Englisch, Spanisch und Farsi gef\u00fchrt werden (teilweise mit Unterst\u00fctzung von Dolmetschenden) F\u00fcr andere Sprachen bitten wir um Anmeldung<\/p>\n\n\n\n<p><strong>Link:<\/strong> https:\/\/www.lamsa.de\/projekte\/misa-migration-und-inklusion-in-sachsen-anhalt\/projektbeschreibung\/<\/p>\n<\/div>\n\n\n\n<div class=\"wp-block-column is-layout-flow wp-block-column-is-layout-flow\" style=\"flex-basis:33.33%\">\n<p>Wilhelm-K\u00fclz-Stra\u00dfe 22<\/p>\n\n\n\n<p>06108 Halle\/Saale<\/p>\n\n\n\n<p><strong>Telefon:<\/strong> 0345 47 00 87 27; 0345 47 00 87 25; 0159 06 35 81 91<\/p>\n<\/div>\n<\/div>\n<\/div><\/details>\n\n\n\n<details class=\"wp-block-themeisle-blocks-accordion-item\"><summary class=\"wp-block-themeisle-blocks-accordion-item__title\"><div>Dessau-Ro\u00dflau<\/div><\/summary><div class=\"wp-block-themeisle-blocks-accordion-item__content\">\n<div class=\"wp-block-columns has-white-background-color has-background is-layout-flex wp-container-core-columns-is-layout-f9777a04 wp-block-columns-is-layout-flex\" style=\"padding-top:var(--wp--preset--spacing--20);padding-right:var(--wp--preset--spacing--20);padding-bottom:var(--wp--preset--spacing--20);padding-left:var(--wp--preset--spacing--20)\">\n<div class=\"wp-block-column is-layout-flow wp-block-column-is-layout-flow\" style=\"flex-basis:66.66%\">\n<h3 class=\"wp-block-heading\" style=\"font-style:normal;font-weight:400\">Psychosoziales Zentrum (PSZ) Osnabr\u00fcck<\/h3>\n\n\n\n<p><strong>Angebot:<\/strong> Ansprechpartner*innen f\u00fcr alle Fragen im Kontext Migration und Behinderung sowie bei psychischen Problemen<\/p>\n\n\n\n<p><\/p>\n\n\n\n<p><strong>Gerichtet an:<\/strong> Menschen mit Migrationshintergrund, die an einer Behinderung bzw. psychischen Problemen leiden sowie deren Angeh\u00f6rige und Betreuer*innen<\/p>\n\n\n\n<p>Ansprechpartner*in: Frau Alaa Yakoub Agha<\/p>\n\n\n\n<p>Art des Angebots: kostenlos und anonym<\/p>\n\n\n\n<p><strong>Sprache:<\/strong> Deutsch, Englisch, Arabisch, Kurdisch, Albanisch, Romani, Kroatisch, Serbisch und Bosnisch. Vielen weitere Sprachen durch die kostenlose Sprachmittlung SiSA: 0345\/ 213 893 99 (Mo \u2013 Fr von 8 \u2013 16 Uhr)<\/p>\n\n\n\n<p><strong>Link:<\/strong> <a href=\"https:\/\/www.lamsa.de\/projekte\/misa-migration-und-inklusion-in-sachsen-anhalt\/projektbeschreibung\/\"><a href=\"https:\/\/www.lamsa.de\/projekte\/misa-migration-und-inklusion-in-sachsen-anhalt\/projektbeschreibung\/\">https:\/\/www.lamsa.de\/projekte\/misa-migration-und-inklusion-in-sachsen-anhalt\/projektbeschreibung\/<\/a><\/a><\/p>\n<\/div>\n\n\n\n<div class=\"wp-block-column is-layout-flow wp-block-column-is-layout-flow\" style=\"flex-basis:33.33%\">\n<p>Schlossplatz 3<\/p>\n\n\n\n<p>06844 Dessau-Ro\u00dflau<\/p>\n\n\n\n<p><strong>Telefon:<\/strong> 0176 48 73 62 71<\/p>\n<\/div>\n<\/div>\n<\/div><\/details>\n<\/div>\n","protected":false},"excerpt":{"rendered":"","protected":false},"author":1,"featured_media":0,"parent":132,"menu_order":0,"comment_status":"closed","ping_status":"closed","template":"","meta":{"ub_ctt_via":"","inline_featured_image":false,"_themeisle_gutenberg_block_has_review":false,"_mc_calendar":[],"footnotes":""},"categories":[],"tags":[],"class_list":["post-4581","page","type-page","status-publish","hentry","entry"],"featured_image_src":null,"yoast_head":"<!-- This site is optimized with the Yoast SEO plugin v21.4 - https:\/\/yoast.com\/wordpress\/plugins\/seo\/ -->\n<title>Sachsen-Anhalt - Infoseite der Interessenvertretung Selbstbestimmt Leben in Deutschland e.V.<\/title>\n<meta name=\"robots\" content=\"index, follow, max-snippet:-1, max-image-preview:large, max-video-preview:-1\" \/>\n<link rel=\"canonical\" href=\"https:\/\/behinderung-und-flucht.isl-ev.de\/ru\/beratung-selbsthilfe\/sachsen-anhalt\/\" \/>\n<meta property=\"og:locale\" content=\"ru_RU\" \/>\n<meta property=\"og:type\" content=\"article\" \/>\n<meta property=\"og:title\" content=\"Sachsen-Anhalt - Infoseite der Interessenvertretung Selbstbestimmt Leben in Deutschland e.V.\" \/>\n<meta property=\"og:url\" content=\"https:\/\/behinderung-und-flucht.isl-ev.de\/ru\/beratung-selbsthilfe\/sachsen-anhalt\/\" \/>\n<meta property=\"og:site_name\" content=\"Infoseite der Interessenvertretung Selbstbestimmt Leben in Deutschland e.V.\" \/>\n<meta property=\"article:modified_time\" content=\"2023-07-11T20:09:49+00:00\" \/>\n<meta name=\"twitter:card\" content=\"summary_large_image\" \/>\n<meta name=\"twitter:label1\" content=\"\u041f\u0440\u0438\u043c\u0435\u0440\u043d\u043e\u0435 \u0432\u0440\u0435\u043c\u044f \u0434\u043b\u044f \u0447\u0442\u0435\u043d\u0438\u044f\" \/>\n\t<meta name=\"twitter:data1\" content=\"2 \u043c\u0438\u043d\u0443\u0442\u044b\" \/>\n<script type=\"application\/ld+json\" class=\"yoast-schema-graph\">{\"@context\":\"https:\/\/schema.org\",\"@graph\":[{\"@type\":\"WebPage\",\"@id\":\"https:\/\/behinderung-und-flucht.isl-ev.de\/ru\/beratung-selbsthilfe\/sachsen-anhalt\/\",\"url\":\"https:\/\/behinderung-und-flucht.isl-ev.de\/ru\/beratung-selbsthilfe\/sachsen-anhalt\/\",\"name\":\"Sachsen-Anhalt - Infoseite der Interessenvertretung Selbstbestimmt Leben in Deutschland e.V.\",\"isPartOf\":{\"@id\":\"https:\/\/behinderung-und-flucht.isl-ev.de\/ru\/#website\"},\"datePublished\":\"2023-07-11T20:09:34+00:00\",\"dateModified\":\"2023-07-11T20:09:49+00:00\",\"breadcrumb\":{\"@id\":\"https:\/\/behinderung-und-flucht.isl-ev.de\/ru\/beratung-selbsthilfe\/sachsen-anhalt\/#breadcrumb\"},\"inLanguage\":\"ru-RU\",\"potentialAction\":[{\"@type\":\"ReadAction\",\"target\":[\"https:\/\/behinderung-und-flucht.isl-ev.de\/ru\/beratung-selbsthilfe\/sachsen-anhalt\/\"]}]},{\"@type\":\"BreadcrumbList\",\"@id\":\"https:\/\/behinderung-und-flucht.isl-ev.de\/ru\/beratung-selbsthilfe\/sachsen-anhalt\/#breadcrumb\",\"itemListElement\":[{\"@type\":\"ListItem\",\"position\":1,\"name\":\"Startseite\",\"item\":\"https:\/\/behinderung-und-flucht.isl-ev.de\/ru\/\"},{\"@type\":\"ListItem\",\"position\":2,\"name\":\"Beratung\/Selbsthilfe\",\"item\":\"https:\/\/behinderung-und-flucht.isl-ev.de\/ru\/beratung-selbsthilfe\/\"},{\"@type\":\"ListItem\",\"position\":3,\"name\":\"Sachsen-Anhalt\"}]},{\"@type\":\"WebSite\",\"@id\":\"https:\/\/behinderung-und-flucht.isl-ev.de\/ru\/#website\",\"url\":\"https:\/\/behinderung-und-flucht.isl-ev.de\/ru\/\",\"name\":\"Infoseite f\u00fcr gefl\u00fcchtete Menschen mit Behinderungen oder chronischen Erkrankungen\",\"description\":\"Informationen f\u00fcr gefl\u00fcchtete Menschen mit Behinderungen oder chronischen Erkrankungen\",\"publisher\":{\"@id\":\"https:\/\/behinderung-und-flucht.isl-ev.de\/ru\/#organization\"},\"alternateName\":\"Infoseite f\u00fcr gefl\u00fcchtete Menschen mit Behinderungen\",\"potentialAction\":[{\"@type\":\"SearchAction\",\"target\":{\"@type\":\"EntryPoint\",\"urlTemplate\":\"https:\/\/behinderung-und-flucht.isl-ev.de\/ru\/?s={search_term_string}\"},\"query-input\":\"required name=search_term_string\"}],\"inLanguage\":\"ru-RU\"},{\"@type\":\"Organization\",\"@id\":\"https:\/\/behinderung-und-flucht.isl-ev.de\/ru\/#organization\",\"name\":\"Infoseite der Interessenvertretung Selbstbestimmt Leben in Deutschland e.V.\",\"url\":\"https:\/\/behinderung-und-flucht.isl-ev.de\/ru\/\",\"logo\":{\"@type\":\"ImageObject\",\"inLanguage\":\"ru-RU\",\"@id\":\"https:\/\/behinderung-und-flucht.isl-ev.de\/ru\/#\/schema\/logo\/image\/\",\"url\":\"https:\/\/behinderung-und-flucht.isl-ev.de\/wp-content\/uploads\/2022\/09\/logo-infoseite-04.svg\",\"contentUrl\":\"https:\/\/behinderung-und-flucht.isl-ev.de\/wp-content\/uploads\/2022\/09\/logo-infoseite-04.svg\",\"caption\":\"Infoseite der Interessenvertretung Selbstbestimmt Leben in Deutschland e.V.\"},\"image\":{\"@id\":\"https:\/\/behinderung-und-flucht.isl-ev.de\/ru\/#\/schema\/logo\/image\/\"}}]}<\/script>\n<!-- \/ Yoast SEO plugin. -->","yoast_head_json":{"title":"Sachsen-Anhalt - Infoseite der Interessenvertretung Selbstbestimmt Leben in Deutschland e.V.","robots":{"index":"index","follow":"follow","max-snippet":"max-snippet:-1","max-image-preview":"max-image-preview:large","max-video-preview":"max-video-preview:-1"},"canonical":"https:\/\/behinderung-und-flucht.isl-ev.de\/ru\/beratung-selbsthilfe\/sachsen-anhalt\/","og_locale":"ru_RU","og_type":"article","og_title":"Sachsen-Anhalt - Infoseite der Interessenvertretung Selbstbestimmt Leben in Deutschland e.V.","og_url":"https:\/\/behinderung-und-flucht.isl-ev.de\/ru\/beratung-selbsthilfe\/sachsen-anhalt\/","og_site_name":"Infoseite der Interessenvertretung Selbstbestimmt Leben in Deutschland e.V.","article_modified_time":"2023-07-11T20:09:49+00:00","twitter_card":"summary_large_image","twitter_misc":{"\u041f\u0440\u0438\u043c\u0435\u0440\u043d\u043e\u0435 \u0432\u0440\u0435\u043c\u044f \u0434\u043b\u044f \u0447\u0442\u0435\u043d\u0438\u044f":"2 \u043c\u0438\u043d\u0443\u0442\u044b"},"schema":{"@context":"https:\/\/schema.org","@graph":[{"@type":"WebPage","@id":"https:\/\/behinderung-und-flucht.isl-ev.de\/ru\/beratung-selbsthilfe\/sachsen-anhalt\/","url":"https:\/\/behinderung-und-flucht.isl-ev.de\/ru\/beratung-selbsthilfe\/sachsen-anhalt\/","name":"Sachsen-Anhalt - Infoseite der Interessenvertretung Selbstbestimmt Leben in Deutschland e.V.","isPartOf":{"@id":"https:\/\/behinderung-und-flucht.isl-ev.de\/ru\/#website"},"datePublished":"2023-07-11T20:09:34+00:00","dateModified":"2023-07-11T20:09:49+00:00","breadcrumb":{"@id":"https:\/\/behinderung-und-flucht.isl-ev.de\/ru\/beratung-selbsthilfe\/sachsen-anhalt\/#breadcrumb"},"inLanguage":"ru-RU","potentialAction":[{"@type":"ReadAction","target":["https:\/\/behinderung-und-flucht.isl-ev.de\/ru\/beratung-selbsthilfe\/sachsen-anhalt\/"]}]},{"@type":"BreadcrumbList","@id":"https:\/\/behinderung-und-flucht.isl-ev.de\/ru\/beratung-selbsthilfe\/sachsen-anhalt\/#breadcrumb","itemListElement":[{"@type":"ListItem","position":1,"name":"Startseite","item":"https:\/\/behinderung-und-flucht.isl-ev.de\/ru\/"},{"@type":"ListItem","position":2,"name":"Beratung\/Selbsthilfe","item":"https:\/\/behinderung-und-flucht.isl-ev.de\/ru\/beratung-selbsthilfe\/"},{"@type":"ListItem","position":3,"name":"Sachsen-Anhalt"}]},{"@type":"WebSite","@id":"https:\/\/behinderung-und-flucht.isl-ev.de\/ru\/#website","url":"https:\/\/behinderung-und-flucht.isl-ev.de\/ru\/","name":"Infoseite f\u00fcr gefl\u00fcchtete Menschen mit Behinderungen oder chronischen Erkrankungen","description":"Informationen f\u00fcr gefl\u00fcchtete Menschen mit Behinderungen oder chronischen Erkrankungen","publisher":{"@id":"https:\/\/behinderung-und-flucht.isl-ev.de\/ru\/#organization"},"alternateName":"Infoseite f\u00fcr gefl\u00fcchtete Menschen mit Behinderungen","potentialAction":[{"@type":"SearchAction","target":{"@type":"EntryPoint","urlTemplate":"https:\/\/behinderung-und-flucht.isl-ev.de\/ru\/?s={search_term_string}"},"query-input":"required name=search_term_string"}],"inLanguage":"ru-RU"},{"@type":"Organization","@id":"https:\/\/behinderung-und-flucht.isl-ev.de\/ru\/#organization","name":"Infoseite der Interessenvertretung Selbstbestimmt Leben in Deutschland e.V.","url":"https:\/\/behinderung-und-flucht.isl-ev.de\/ru\/","logo":{"@type":"ImageObject","inLanguage":"ru-RU","@id":"https:\/\/behinderung-und-flucht.isl-ev.de\/ru\/#\/schema\/logo\/image\/","url":"https:\/\/behinderung-und-flucht.isl-ev.de\/wp-content\/uploads\/2022\/09\/logo-infoseite-04.svg","contentUrl":"https:\/\/behinderung-und-flucht.isl-ev.de\/wp-content\/uploads\/2022\/09\/logo-infoseite-04.svg","caption":"Infoseite der Interessenvertretung Selbstbestimmt Leben in Deutschland e.V."},"image":{"@id":"https:\/\/behinderung-und-flucht.isl-ev.de\/ru\/#\/schema\/logo\/image\/"}}]}},"_links":{"self":[{"href":"https:\/\/behinderung-und-flucht.isl-ev.de\/ru\/wp-json\/wp\/v2\/pages\/4581","targetHints":{"allow":["GET"]}}],"collection":[{"href":"https:\/\/behinderung-und-flucht.isl-ev.de\/ru\/wp-json\/wp\/v2\/pages"}],"about":[{"href":"https:\/\/behinderung-und-flucht.isl-ev.de\/ru\/wp-json\/wp\/v2\/types\/page"}],"author":[{"embeddable":true,"href":"https:\/\/behinderung-und-flucht.isl-ev.de\/ru\/wp-json\/wp\/v2\/users\/1"}],"replies":[{"embeddable":true,"href":"https:\/\/behinderung-und-flucht.isl-ev.de\/ru\/wp-json\/wp\/v2\/comments?post=4581"}],"version-history":[{"count":1,"href":"https:\/\/behinderung-und-flucht.isl-ev.de\/ru\/wp-json\/wp\/v2\/pages\/4581\/revisions"}],"predecessor-version":[{"id":4582,"href":"https:\/\/behinderung-und-flucht.isl-ev.de\/ru\/wp-json\/wp\/v2\/pages\/4581\/revisions\/4582"}],"up":[{"embeddable":true,"href":"https:\/\/behinderung-und-flucht.isl-ev.de\/ru\/wp-json\/wp\/v2\/pages\/132"}],"wp:attachment":[{"href":"https:\/\/behinderung-und-flucht.isl-ev.de\/ru\/wp-json\/wp\/v2\/media?parent=4581"}],"wp:term":[{"taxonomy":"category","embeddable":true,"href":"https:\/\/behinderung-und-flucht.isl-ev.de\/ru\/wp-json\/wp\/v2\/categories?post=4581"},{"taxonomy":"post_tag","embeddable":true,"href":"https:\/\/behinderung-und-flucht.isl-ev.de\/ru\/wp-json\/wp\/v2\/tags?post=4581"}],"curies":[{"name":"wp","href":"https:\/\/api.w.org\/{rel}","templated":true}]}}