{"id":1443,"date":"2022-09-30T13:01:06","date_gmt":"2022-09-30T11:01:06","guid":{"rendered":"https:\/\/behinderung-und-flucht.isl-ev.de\/?page_id=1443"},"modified":"2022-09-30T13:01:07","modified_gmt":"2022-09-30T11:01:07","slug":"%d0%b4%d0%be%d0%bf%d0%be%d0%bb%d0%bd%d0%b8%d1%82%d0%b5%d0%bb%d1%8c%d0%bd%d1%8b%d0%b9-%d0%bd%d0%b5%d0%b7%d0%b0%d0%b2%d0%b8%d1%81%d0%b8%d0%bc%d1%8b%d0%b9-%d1%81%d0%be%d0%b2%d0%b5%d1%82-%d0%bf%d0%be","status":"publish","type":"page","link":"https:\/\/behinderung-und-flucht.isl-ev.de\/ru\/beratung-selbsthilfe-russ\/%d0%b4%d0%be%d0%bf%d0%be%d0%bb%d0%bd%d0%b8%d1%82%d0%b5%d0%bb%d1%8c%d0%bd%d1%8b%d0%b9-%d0%bd%d0%b5%d0%b7%d0%b0%d0%b2%d0%b8%d1%81%d0%b8%d0%bc%d1%8b%d0%b9-%d1%81%d0%be%d0%b2%d0%b5%d1%82-%d0%bf%d0%be\/","title":{"rendered":"\u0414\u043e\u043f\u043e\u043b\u043d\u0438\u0442\u0435\u043b\u044c\u043d\u044b\u0439 \u043d\u0435\u0437\u0430\u0432\u0438\u0441\u0438\u043c\u044b\u0439 \u0441\u043e\u0432\u0435\u0442 \u043f\u043e \u0443\u0447\u0430\u0441\u0442\u0438\u044e"},"content":{"rendered":"\n<p>\u0414\u043e\u043f\u043e\u043b\u043d\u0438\u0442\u0435\u043b\u044c\u043d\u043e\u0435 \u043d\u0435\u0437\u0430\u0432\u0438\u0441\u0438\u043c\u043e\u0435 \u043a\u043e\u043d\u0441\u0443\u043b\u044c\u0442\u0438\u0440\u043e\u0432\u0430\u043d\u0438\u0435 \u043f\u043e \u0432\u043e\u043f\u0440\u043e\u0441\u0430\u043c \u0443\u0447\u0430\u0441\u0442\u0438\u044f, \u0441\u043e\u043a\u0440\u0430\u0449\u0435\u043d\u043d\u043e: EUTB, \u043a\u043e\u043d\u0441\u0443\u043b\u044c\u0442\u0438\u0440\u0443\u0435\u0442 \u043b\u044e\u0434\u0435\u0439 \u0441 \u043e\u0433\u0440\u0430\u043d\u0438\u0447\u0435\u043d\u043d\u044b\u043c\u0438 \u0432\u043e\u0437\u043c\u043e\u0436\u043d\u043e\u0441\u0442\u044f\u043c\u0438 \u0438\/\u0438\u043b\u0438 \u0445\u0440\u043e\u043d\u0438\u0447\u0435\u0441\u043a\u0438\u043c\u0438 \u0437\u0430\u0431\u043e\u043b\u0435\u0432\u0430\u043d\u0438\u044f\u043c\u0438 \u0438\u043b\u0438 \u043b\u044e\u0434\u0435\u0439 \u0441 \u0440\u0438\u0441\u043a\u043e\u043c \u0438\u043d\u0432\u0430\u043b\u0438\u0434\u043d\u043e\u0441\u0442\u0438 \u043f\u043e \u0432\u0441\u0435\u043c \u0432\u043e\u043f\u0440\u043e\u0441\u0430\u043c \u0443\u0447\u0430\u0441\u0442\u0438\u044f, \u043f\u043e\u043c\u043e\u0449\u0438 \u0438 \u0442. \u0434.<\/p>\n\n\n\n<p>\u041a\u043e\u043d\u0441\u0443\u043b\u044c\u0442\u0430\u043d\u0442\u044b \u0441\u0430\u043c\u0438 \u044f\u0432\u043b\u044f\u044e\u0442\u0441\u044f \u043b\u044e\u0434\u044c\u043c\u0438 \u0441 \u0438\u043d\u0432\u0430\u043b\u0438\u0434\u043d\u043e\u0441\u0442\u044c\u044e, \u043f\u043e\u044d\u0442\u043e\u043c\u0443 \u043e\u0447\u0435\u043d\u044c \u0445\u043e\u0440\u043e\u0448\u043e \u0440\u0430\u0437\u0431\u0438\u0440\u0430\u044e\u0442\u0441\u044f \u0438 \u043c\u043d\u043e\u0433\u043e\u0435 \u043f\u043e\u043d\u0438\u043c\u0430\u044e\u0442.<\/p>\n\n\n\n<p>\u041a\u043e\u043d\u0441\u0443\u043b\u044c\u0442\u0430\u0446\u0438\u044f \u043d\u0430 \u043c\u0435\u0441\u0442\u0435 &#8212; \u043f\u0440\u043e\u0441\u0442\u043e \u0432\u0432\u0435\u0434\u0438\u0442\u0435 \u043f\u043e\u0447\u0442\u043e\u0432\u044b\u0439 \u0438\u043d\u0434\u0435\u043a\u0441 \u043d\u0430 \u0441\u0442\u0440\u0430\u043d\u0438\u0446\u0435, \u0430 \u0437\u0430\u0442\u0435\u043c \u0441\u0432\u044f\u0436\u0438\u0442\u0435\u0441\u044c \u0441 \u043d\u0430\u043c\u0438, \u0438\u0441\u043f\u043e\u043b\u044c\u0437\u0443\u044f \u0443\u043a\u0430\u0437\u0430\u043d\u043d\u044b\u0435 \u0442\u0430\u043c \u043a\u043e\u043d\u0442\u0430\u043a\u0442\u043d\u044b\u0435 \u0434\u0430\u043d\u043d\u044b\u0435.<\/p>\n\n\n\n<p><a href=\"https:\/\/www.teilhabeberatung.de\/de-gs\/beratung\/beratungsangebote-der-eutb\">\u041d\u0430\u0436\u043c\u0438\u0442\u0435 \u0437\u0434\u0435\u0441\u044c, \u0447\u0442\u043e\u0431\u044b \u043d\u0430\u0439\u0442\u0438 \u043c\u0435\u0441\u0442\u043d\u044b\u0439 \u043a\u043e\u043d\u0441\u0443\u043b\u044c\u0442\u0430\u0446\u0438\u043e\u043d\u043d\u044b\u0439 \u0446\u0435\u043d\u0442\u0440<\/a><\/p>\n\n\n\n<p><a href=\"https:\/\/www.teilhabeberatung.de\/de-gs\/meldung\/informationen-fuer-gefluechtete-menschen-mit-behinderungen-aus-der-ukraine\">\u0412\u043e\u0442 \u0438\u043d\u0444\u043e\u0440\u043c\u0430\u0446\u0438\u044f \u0434\u043b\u044f \u0431\u0435\u0436\u0435\u043d\u0446\u0435\u0432 \u0438\u0437 \u0423\u043a\u0440\u0430\u0438\u043d\u044b<\/a><\/p>\n\n\n\n<p><\/p>\n","protected":false},"excerpt":{"rendered":"<p>\u0414\u043e\u043f\u043e\u043b\u043d\u0438\u0442\u0435\u043b\u044c\u043d\u043e\u0435 \u043d\u0435\u0437\u0430\u0432\u0438\u0441\u0438\u043c\u043e\u0435 \u043a\u043e\u043d\u0441\u0443\u043b\u044c\u0442\u0438\u0440\u043e\u0432\u0430\u043d\u0438\u0435 \u043f\u043e \u0432\u043e\u043f\u0440\u043e\u0441\u0430\u043c \u0443\u0447\u0430\u0441\u0442\u0438\u044f, \u0441\u043e\u043a\u0440\u0430\u0449\u0435\u043d\u043d\u043e: EUTB, \u043a\u043e\u043d\u0441\u0443\u043b\u044c\u0442\u0438\u0440\u0443\u0435\u0442 \u043b\u044e\u0434\u0435\u0439 \u0441 \u043e\u0433\u0440\u0430\u043d\u0438\u0447\u0435\u043d\u043d\u044b\u043c\u0438 \u0432\u043e\u0437\u043c\u043e\u0436\u043d\u043e\u0441\u0442\u044f\u043c\u0438 \u0438\/\u0438\u043b\u0438 \u0445\u0440\u043e\u043d\u0438\u0447\u0435\u0441\u043a\u0438\u043c\u0438 \u0437\u0430\u0431\u043e\u043b\u0435\u0432\u0430\u043d\u0438\u044f\u043c\u0438 \u0438\u043b\u0438 \u043b\u044e\u0434\u0435\u0439 \u0441 \u0440\u0438\u0441\u043a\u043e\u043c \u0438\u043d\u0432\u0430\u043b\u0438\u0434\u043d\u043e\u0441\u0442\u0438 \u043f\u043e \u0432\u0441\u0435\u043c \u0432\u043e\u043f\u0440\u043e\u0441\u0430\u043c \u0443\u0447\u0430\u0441\u0442\u0438\u044f, \u043f\u043e\u043c\u043e\u0449\u0438 \u0438 \u0442. \u0434. \u041a\u043e\u043d\u0441\u0443\u043b\u044c\u0442\u0430\u043d\u0442\u044b \u0441\u0430\u043c\u0438 \u044f\u0432\u043b\u044f\u044e\u0442\u0441\u044f \u043b\u044e\u0434\u044c\u043c\u0438 \u0441 \u0438\u043d\u0432\u0430\u043b\u0438\u0434\u043d\u043e\u0441\u0442\u044c\u044e, \u043f\u043e\u044d\u0442\u043e\u043c\u0443 \u043e\u0447\u0435\u043d\u044c \u0445\u043e\u0440\u043e\u0448\u043e \u0440\u0430\u0437\u0431\u0438\u0440\u0430\u044e\u0442\u0441\u044f \u0438 \u043c\u043d\u043e\u0433\u043e\u0435 \u043f\u043e\u043d\u0438\u043c\u0430\u044e\u0442. \u041a\u043e\u043d\u0441\u0443\u043b\u044c\u0442\u0430\u0446\u0438\u044f \u043d\u0430 \u043c\u0435\u0441\u0442\u0435 &#8212; \u043f\u0440\u043e\u0441\u0442\u043e \u0432\u0432\u0435\u0434\u0438\u0442\u0435 \u043f\u043e\u0447\u0442\u043e\u0432\u044b\u0439 \u0438\u043d\u0434\u0435\u043a\u0441 \u043d\u0430 \u0441\u0442\u0440\u0430\u043d\u0438\u0446\u0435, \u0430 \u0437\u0430\u0442\u0435\u043c \u0441\u0432\u044f\u0436\u0438\u0442\u0435\u0441\u044c&hellip; <a class=\"more-link\" href=\"https:\/\/behinderung-und-flucht.isl-ev.de\/ru\/beratung-selbsthilfe-russ\/%d0%b4%d0%be%d0%bf%d0%be%d0%bb%d0%bd%d0%b8%d1%82%d0%b5%d0%bb%d1%8c%d0%bd%d1%8b%d0%b9-%d0%bd%d0%b5%d0%b7%d0%b0%d0%b2%d0%b8%d1%81%d0%b8%d0%bc%d1%8b%d0%b9-%d1%81%d0%be%d0%b2%d0%b5%d1%82-%d0%bf%d0%be\/\">\u0427\u0438\u0442\u0430\u0442\u044c \u0434\u0430\u043b\u0435\u0435 <span class=\"screen-reader-text\">\u0414\u043e\u043f\u043e\u043b\u043d\u0438\u0442\u0435\u043b\u044c\u043d\u044b\u0439 \u043d\u0435\u0437\u0430\u0432\u0438\u0441\u0438\u043c\u044b\u0439 \u0441\u043e\u0432\u0435\u0442 \u043f\u043e \u0443\u0447\u0430\u0441\u0442\u0438\u044e<\/span><\/a><\/p>\n","protected":false},"author":1,"featured_media":0,"parent":767,"menu_order":1,"comment_status":"closed","ping_status":"closed","template":"","meta":{"ub_ctt_via":"","inline_featured_image":false,"_themeisle_gutenberg_block_has_review":false,"_mc_calendar":[],"footnotes":""},"categories":[],"tags":[],"class_list":["post-1443","page","type-page","status-publish","hentry","entry"],"featured_image_src":null,"yoast_head":"<!-- This site is optimized with the Yoast SEO plugin v21.4 - https:\/\/yoast.com\/wordpress\/plugins\/seo\/ -->\n<title>\u0414\u043e\u043f\u043e\u043b\u043d\u0438\u0442\u0435\u043b\u044c\u043d\u044b\u0439 \u043d\u0435\u0437\u0430\u0432\u0438\u0441\u0438\u043c\u044b\u0439 \u0441\u043e\u0432\u0435\u0442 \u043f\u043e \u0443\u0447\u0430\u0441\u0442\u0438\u044e - Infoseite der Interessenvertretung Selbstbestimmt Leben in Deutschland e.V.<\/title>\n<meta name=\"robots\" content=\"index, follow, max-snippet:-1, max-image-preview:large, max-video-preview:-1\" \/>\n<link rel=\"canonical\" href=\"https:\/\/behinderung-und-flucht.isl-ev.de\/ru\/beratung-selbsthilfe-russ\/%d0%b4%d0%be%d0%bf%d0%be%d0%bb%d0%bd%d0%b8%d1%82%d0%b5%d0%bb%d1%8c%d0%bd%d1%8b%d0%b9-%d0%bd%d0%b5%d0%b7%d0%b0%d0%b2%d0%b8%d1%81%d0%b8%d0%bc%d1%8b%d0%b9-%d1%81%d0%be%d0%b2%d0%b5%d1%82-%d0%bf%d0%be\/\" \/>\n<meta property=\"og:locale\" content=\"ru_RU\" \/>\n<meta property=\"og:type\" content=\"article\" \/>\n<meta property=\"og:title\" content=\"\u0414\u043e\u043f\u043e\u043b\u043d\u0438\u0442\u0435\u043b\u044c\u043d\u044b\u0439 \u043d\u0435\u0437\u0430\u0432\u0438\u0441\u0438\u043c\u044b\u0439 \u0441\u043e\u0432\u0435\u0442 \u043f\u043e \u0443\u0447\u0430\u0441\u0442\u0438\u044e - Infoseite der Interessenvertretung Selbstbestimmt Leben in Deutschland e.V.\" \/>\n<meta property=\"og:description\" content=\"\u0414\u043e\u043f\u043e\u043b\u043d\u0438\u0442\u0435\u043b\u044c\u043d\u043e\u0435 \u043d\u0435\u0437\u0430\u0432\u0438\u0441\u0438\u043c\u043e\u0435 \u043a\u043e\u043d\u0441\u0443\u043b\u044c\u0442\u0438\u0440\u043e\u0432\u0430\u043d\u0438\u0435 \u043f\u043e \u0432\u043e\u043f\u0440\u043e\u0441\u0430\u043c \u0443\u0447\u0430\u0441\u0442\u0438\u044f, \u0441\u043e\u043a\u0440\u0430\u0449\u0435\u043d\u043d\u043e: EUTB, \u043a\u043e\u043d\u0441\u0443\u043b\u044c\u0442\u0438\u0440\u0443\u0435\u0442 \u043b\u044e\u0434\u0435\u0439 \u0441 \u043e\u0433\u0440\u0430\u043d\u0438\u0447\u0435\u043d\u043d\u044b\u043c\u0438 \u0432\u043e\u0437\u043c\u043e\u0436\u043d\u043e\u0441\u0442\u044f\u043c\u0438 \u0438\/\u0438\u043b\u0438 \u0445\u0440\u043e\u043d\u0438\u0447\u0435\u0441\u043a\u0438\u043c\u0438 \u0437\u0430\u0431\u043e\u043b\u0435\u0432\u0430\u043d\u0438\u044f\u043c\u0438 \u0438\u043b\u0438 \u043b\u044e\u0434\u0435\u0439 \u0441 \u0440\u0438\u0441\u043a\u043e\u043c \u0438\u043d\u0432\u0430\u043b\u0438\u0434\u043d\u043e\u0441\u0442\u0438 \u043f\u043e \u0432\u0441\u0435\u043c \u0432\u043e\u043f\u0440\u043e\u0441\u0430\u043c \u0443\u0447\u0430\u0441\u0442\u0438\u044f, \u043f\u043e\u043c\u043e\u0449\u0438 \u0438 \u0442. \u0434. \u041a\u043e\u043d\u0441\u0443\u043b\u044c\u0442\u0430\u043d\u0442\u044b \u0441\u0430\u043c\u0438 \u044f\u0432\u043b\u044f\u044e\u0442\u0441\u044f \u043b\u044e\u0434\u044c\u043c\u0438 \u0441 \u0438\u043d\u0432\u0430\u043b\u0438\u0434\u043d\u043e\u0441\u0442\u044c\u044e, \u043f\u043e\u044d\u0442\u043e\u043c\u0443 \u043e\u0447\u0435\u043d\u044c \u0445\u043e\u0440\u043e\u0448\u043e \u0440\u0430\u0437\u0431\u0438\u0440\u0430\u044e\u0442\u0441\u044f \u0438 \u043c\u043d\u043e\u0433\u043e\u0435 \u043f\u043e\u043d\u0438\u043c\u0430\u044e\u0442. \u041a\u043e\u043d\u0441\u0443\u043b\u044c\u0442\u0430\u0446\u0438\u044f \u043d\u0430 \u043c\u0435\u0441\u0442\u0435 &#8212; \u043f\u0440\u043e\u0441\u0442\u043e \u0432\u0432\u0435\u0434\u0438\u0442\u0435 \u043f\u043e\u0447\u0442\u043e\u0432\u044b\u0439 \u0438\u043d\u0434\u0435\u043a\u0441 \u043d\u0430 \u0441\u0442\u0440\u0430\u043d\u0438\u0446\u0435, \u0430 \u0437\u0430\u0442\u0435\u043c \u0441\u0432\u044f\u0436\u0438\u0442\u0435\u0441\u044c&hellip; \u0427\u0438\u0442\u0430\u0442\u044c \u0434\u0430\u043b\u0435\u0435 \u0414\u043e\u043f\u043e\u043b\u043d\u0438\u0442\u0435\u043b\u044c\u043d\u044b\u0439 \u043d\u0435\u0437\u0430\u0432\u0438\u0441\u0438\u043c\u044b\u0439 \u0441\u043e\u0432\u0435\u0442 \u043f\u043e \u0443\u0447\u0430\u0441\u0442\u0438\u044e\" \/>\n<meta property=\"og:url\" content=\"https:\/\/behinderung-und-flucht.isl-ev.de\/ru\/beratung-selbsthilfe-russ\/%d0%b4%d0%be%d0%bf%d0%be%d0%bb%d0%bd%d0%b8%d1%82%d0%b5%d0%bb%d1%8c%d0%bd%d1%8b%d0%b9-%d0%bd%d0%b5%d0%b7%d0%b0%d0%b2%d0%b8%d1%81%d0%b8%d0%bc%d1%8b%d0%b9-%d1%81%d0%be%d0%b2%d0%b5%d1%82-%d0%bf%d0%be\/\" \/>\n<meta property=\"og:site_name\" content=\"Infoseite der Interessenvertretung Selbstbestimmt Leben in Deutschland e.V.\" \/>\n<meta property=\"article:modified_time\" content=\"2022-09-30T11:01:07+00:00\" \/>\n<meta name=\"twitter:card\" content=\"summary_large_image\" \/>\n<script type=\"application\/ld+json\" class=\"yoast-schema-graph\">{\"@context\":\"https:\/\/schema.org\",\"@graph\":[{\"@type\":\"WebPage\",\"@id\":\"https:\/\/behinderung-und-flucht.isl-ev.de\/ru\/beratung-selbsthilfe-russ\/%d0%b4%d0%be%d0%bf%d0%be%d0%bb%d0%bd%d0%b8%d1%82%d0%b5%d0%bb%d1%8c%d0%bd%d1%8b%d0%b9-%d0%bd%d0%b5%d0%b7%d0%b0%d0%b2%d0%b8%d1%81%d0%b8%d0%bc%d1%8b%d0%b9-%d1%81%d0%be%d0%b2%d0%b5%d1%82-%d0%bf%d0%be\/\",\"url\":\"https:\/\/behinderung-und-flucht.isl-ev.de\/ru\/beratung-selbsthilfe-russ\/%d0%b4%d0%be%d0%bf%d0%be%d0%bb%d0%bd%d0%b8%d1%82%d0%b5%d0%bb%d1%8c%d0%bd%d1%8b%d0%b9-%d0%bd%d0%b5%d0%b7%d0%b0%d0%b2%d0%b8%d1%81%d0%b8%d0%bc%d1%8b%d0%b9-%d1%81%d0%be%d0%b2%d0%b5%d1%82-%d0%bf%d0%be\/\",\"name\":\"\u0414\u043e\u043f\u043e\u043b\u043d\u0438\u0442\u0435\u043b\u044c\u043d\u044b\u0439 \u043d\u0435\u0437\u0430\u0432\u0438\u0441\u0438\u043c\u044b\u0439 \u0441\u043e\u0432\u0435\u0442 \u043f\u043e \u0443\u0447\u0430\u0441\u0442\u0438\u044e - Infoseite der Interessenvertretung Selbstbestimmt Leben in Deutschland e.V.\",\"isPartOf\":{\"@id\":\"https:\/\/behinderung-und-flucht.isl-ev.de\/ru\/#website\"},\"datePublished\":\"2022-09-30T11:01:06+00:00\",\"dateModified\":\"2022-09-30T11:01:07+00:00\",\"breadcrumb\":{\"@id\":\"https:\/\/behinderung-und-flucht.isl-ev.de\/ru\/beratung-selbsthilfe-russ\/%d0%b4%d0%be%d0%bf%d0%be%d0%bb%d0%bd%d0%b8%d1%82%d0%b5%d0%bb%d1%8c%d0%bd%d1%8b%d0%b9-%d0%bd%d0%b5%d0%b7%d0%b0%d0%b2%d0%b8%d1%81%d0%b8%d0%bc%d1%8b%d0%b9-%d1%81%d0%be%d0%b2%d0%b5%d1%82-%d0%bf%d0%be\/#breadcrumb\"},\"inLanguage\":\"ru-RU\",\"potentialAction\":[{\"@type\":\"ReadAction\",\"target\":[\"https:\/\/behinderung-und-flucht.isl-ev.de\/ru\/beratung-selbsthilfe-russ\/%d0%b4%d0%be%d0%bf%d0%be%d0%bb%d0%bd%d0%b8%d1%82%d0%b5%d0%bb%d1%8c%d0%bd%d1%8b%d0%b9-%d0%bd%d0%b5%d0%b7%d0%b0%d0%b2%d0%b8%d1%81%d0%b8%d0%bc%d1%8b%d0%b9-%d1%81%d0%be%d0%b2%d0%b5%d1%82-%d0%bf%d0%be\/\"]}]},{\"@type\":\"BreadcrumbList\",\"@id\":\"https:\/\/behinderung-und-flucht.isl-ev.de\/ru\/beratung-selbsthilfe-russ\/%d0%b4%d0%be%d0%bf%d0%be%d0%bb%d0%bd%d0%b8%d1%82%d0%b5%d0%bb%d1%8c%d0%bd%d1%8b%d0%b9-%d0%bd%d0%b5%d0%b7%d0%b0%d0%b2%d0%b8%d1%81%d0%b8%d0%bc%d1%8b%d0%b9-%d1%81%d0%be%d0%b2%d0%b5%d1%82-%d0%bf%d0%be\/#breadcrumb\",\"itemListElement\":[{\"@type\":\"ListItem\",\"position\":1,\"name\":\"Startseite\",\"item\":\"https:\/\/behinderung-und-flucht.isl-ev.de\/ru\/\"},{\"@type\":\"ListItem\",\"position\":2,\"name\":\"\u041a\u043e\u043d\u0441\u0443\u043b\u044c\u0442\u0438\u0440\u043e\u0432\u0430\u043d\u0438\u0435 \/ \u0441\u0430\u043c\u043e\u043f\u043e\u043c\u043e\u0449\u044c\",\"item\":\"https:\/\/behinderung-und-flucht.isl-ev.de\/ru\/beratung-selbsthilfe-russ\/\"},{\"@type\":\"ListItem\",\"position\":3,\"name\":\"\u0414\u043e\u043f\u043e\u043b\u043d\u0438\u0442\u0435\u043b\u044c\u043d\u044b\u0439 \u043d\u0435\u0437\u0430\u0432\u0438\u0441\u0438\u043c\u044b\u0439 \u0441\u043e\u0432\u0435\u0442 \u043f\u043e \u0443\u0447\u0430\u0441\u0442\u0438\u044e\"}]},{\"@type\":\"WebSite\",\"@id\":\"https:\/\/behinderung-und-flucht.isl-ev.de\/ru\/#website\",\"url\":\"https:\/\/behinderung-und-flucht.isl-ev.de\/ru\/\",\"name\":\"Infoseite f\u00fcr gefl\u00fcchtete Menschen mit Behinderungen oder chronischen Erkrankungen\",\"description\":\"Informationen f\u00fcr gefl\u00fcchtete Menschen mit Behinderungen oder chronischen Erkrankungen\",\"publisher\":{\"@id\":\"https:\/\/behinderung-und-flucht.isl-ev.de\/ru\/#organization\"},\"alternateName\":\"Infoseite f\u00fcr gefl\u00fcchtete Menschen mit Behinderungen\",\"potentialAction\":[{\"@type\":\"SearchAction\",\"target\":{\"@type\":\"EntryPoint\",\"urlTemplate\":\"https:\/\/behinderung-und-flucht.isl-ev.de\/ru\/?s={search_term_string}\"},\"query-input\":\"required name=search_term_string\"}],\"inLanguage\":\"ru-RU\"},{\"@type\":\"Organization\",\"@id\":\"https:\/\/behinderung-und-flucht.isl-ev.de\/ru\/#organization\",\"name\":\"Infoseite der Interessenvertretung Selbstbestimmt Leben in Deutschland e.V.\",\"url\":\"https:\/\/behinderung-und-flucht.isl-ev.de\/ru\/\",\"logo\":{\"@type\":\"ImageObject\",\"inLanguage\":\"ru-RU\",\"@id\":\"https:\/\/behinderung-und-flucht.isl-ev.de\/ru\/#\/schema\/logo\/image\/\",\"url\":\"https:\/\/behinderung-und-flucht.isl-ev.de\/wp-content\/uploads\/2022\/09\/logo-infoseite-04.svg\",\"contentUrl\":\"https:\/\/behinderung-und-flucht.isl-ev.de\/wp-content\/uploads\/2022\/09\/logo-infoseite-04.svg\",\"caption\":\"Infoseite der Interessenvertretung Selbstbestimmt Leben in Deutschland e.V.\"},\"image\":{\"@id\":\"https:\/\/behinderung-und-flucht.isl-ev.de\/ru\/#\/schema\/logo\/image\/\"}}]}<\/script>\n<!-- \/ Yoast SEO plugin. -->","yoast_head_json":{"title":"\u0414\u043e\u043f\u043e\u043b\u043d\u0438\u0442\u0435\u043b\u044c\u043d\u044b\u0439 \u043d\u0435\u0437\u0430\u0432\u0438\u0441\u0438\u043c\u044b\u0439 \u0441\u043e\u0432\u0435\u0442 \u043f\u043e \u0443\u0447\u0430\u0441\u0442\u0438\u044e - Infoseite der Interessenvertretung Selbstbestimmt Leben in Deutschland e.V.","robots":{"index":"index","follow":"follow","max-snippet":"max-snippet:-1","max-image-preview":"max-image-preview:large","max-video-preview":"max-video-preview:-1"},"canonical":"https:\/\/behinderung-und-flucht.isl-ev.de\/ru\/beratung-selbsthilfe-russ\/%d0%b4%d0%be%d0%bf%d0%be%d0%bb%d0%bd%d0%b8%d1%82%d0%b5%d0%bb%d1%8c%d0%bd%d1%8b%d0%b9-%d0%bd%d0%b5%d0%b7%d0%b0%d0%b2%d0%b8%d1%81%d0%b8%d0%bc%d1%8b%d0%b9-%d1%81%d0%be%d0%b2%d0%b5%d1%82-%d0%bf%d0%be\/","og_locale":"ru_RU","og_type":"article","og_title":"\u0414\u043e\u043f\u043e\u043b\u043d\u0438\u0442\u0435\u043b\u044c\u043d\u044b\u0439 \u043d\u0435\u0437\u0430\u0432\u0438\u0441\u0438\u043c\u044b\u0439 \u0441\u043e\u0432\u0435\u0442 \u043f\u043e \u0443\u0447\u0430\u0441\u0442\u0438\u044e - Infoseite der Interessenvertretung Selbstbestimmt Leben in Deutschland e.V.","og_description":"\u0414\u043e\u043f\u043e\u043b\u043d\u0438\u0442\u0435\u043b\u044c\u043d\u043e\u0435 \u043d\u0435\u0437\u0430\u0432\u0438\u0441\u0438\u043c\u043e\u0435 \u043a\u043e\u043d\u0441\u0443\u043b\u044c\u0442\u0438\u0440\u043e\u0432\u0430\u043d\u0438\u0435 \u043f\u043e \u0432\u043e\u043f\u0440\u043e\u0441\u0430\u043c \u0443\u0447\u0430\u0441\u0442\u0438\u044f, \u0441\u043e\u043a\u0440\u0430\u0449\u0435\u043d\u043d\u043e: EUTB, \u043a\u043e\u043d\u0441\u0443\u043b\u044c\u0442\u0438\u0440\u0443\u0435\u0442 \u043b\u044e\u0434\u0435\u0439 \u0441 \u043e\u0433\u0440\u0430\u043d\u0438\u0447\u0435\u043d\u043d\u044b\u043c\u0438 \u0432\u043e\u0437\u043c\u043e\u0436\u043d\u043e\u0441\u0442\u044f\u043c\u0438 \u0438\/\u0438\u043b\u0438 \u0445\u0440\u043e\u043d\u0438\u0447\u0435\u0441\u043a\u0438\u043c\u0438 \u0437\u0430\u0431\u043e\u043b\u0435\u0432\u0430\u043d\u0438\u044f\u043c\u0438 \u0438\u043b\u0438 \u043b\u044e\u0434\u0435\u0439 \u0441 \u0440\u0438\u0441\u043a\u043e\u043c \u0438\u043d\u0432\u0430\u043b\u0438\u0434\u043d\u043e\u0441\u0442\u0438 \u043f\u043e \u0432\u0441\u0435\u043c \u0432\u043e\u043f\u0440\u043e\u0441\u0430\u043c \u0443\u0447\u0430\u0441\u0442\u0438\u044f, \u043f\u043e\u043c\u043e\u0449\u0438 \u0438 \u0442. \u0434. \u041a\u043e\u043d\u0441\u0443\u043b\u044c\u0442\u0430\u043d\u0442\u044b \u0441\u0430\u043c\u0438 \u044f\u0432\u043b\u044f\u044e\u0442\u0441\u044f \u043b\u044e\u0434\u044c\u043c\u0438 \u0441 \u0438\u043d\u0432\u0430\u043b\u0438\u0434\u043d\u043e\u0441\u0442\u044c\u044e, \u043f\u043e\u044d\u0442\u043e\u043c\u0443 \u043e\u0447\u0435\u043d\u044c \u0445\u043e\u0440\u043e\u0448\u043e \u0440\u0430\u0437\u0431\u0438\u0440\u0430\u044e\u0442\u0441\u044f \u0438 \u043c\u043d\u043e\u0433\u043e\u0435 \u043f\u043e\u043d\u0438\u043c\u0430\u044e\u0442. \u041a\u043e\u043d\u0441\u0443\u043b\u044c\u0442\u0430\u0446\u0438\u044f \u043d\u0430 \u043c\u0435\u0441\u0442\u0435 &#8212; \u043f\u0440\u043e\u0441\u0442\u043e \u0432\u0432\u0435\u0434\u0438\u0442\u0435 \u043f\u043e\u0447\u0442\u043e\u0432\u044b\u0439 \u0438\u043d\u0434\u0435\u043a\u0441 \u043d\u0430 \u0441\u0442\u0440\u0430\u043d\u0438\u0446\u0435, \u0430 \u0437\u0430\u0442\u0435\u043c \u0441\u0432\u044f\u0436\u0438\u0442\u0435\u0441\u044c&hellip; \u0427\u0438\u0442\u0430\u0442\u044c \u0434\u0430\u043b\u0435\u0435 \u0414\u043e\u043f\u043e\u043b\u043d\u0438\u0442\u0435\u043b\u044c\u043d\u044b\u0439 \u043d\u0435\u0437\u0430\u0432\u0438\u0441\u0438\u043c\u044b\u0439 \u0441\u043e\u0432\u0435\u0442 \u043f\u043e \u0443\u0447\u0430\u0441\u0442\u0438\u044e","og_url":"https:\/\/behinderung-und-flucht.isl-ev.de\/ru\/beratung-selbsthilfe-russ\/%d0%b4%d0%be%d0%bf%d0%be%d0%bb%d0%bd%d0%b8%d1%82%d0%b5%d0%bb%d1%8c%d0%bd%d1%8b%d0%b9-%d0%bd%d0%b5%d0%b7%d0%b0%d0%b2%d0%b8%d1%81%d0%b8%d0%bc%d1%8b%d0%b9-%d1%81%d0%be%d0%b2%d0%b5%d1%82-%d0%bf%d0%be\/","og_site_name":"Infoseite der Interessenvertretung Selbstbestimmt Leben in Deutschland e.V.","article_modified_time":"2022-09-30T11:01:07+00:00","twitter_card":"summary_large_image","schema":{"@context":"https:\/\/schema.org","@graph":[{"@type":"WebPage","@id":"https:\/\/behinderung-und-flucht.isl-ev.de\/ru\/beratung-selbsthilfe-russ\/%d0%b4%d0%be%d0%bf%d0%be%d0%bb%d0%bd%d0%b8%d1%82%d0%b5%d0%bb%d1%8c%d0%bd%d1%8b%d0%b9-%d0%bd%d0%b5%d0%b7%d0%b0%d0%b2%d0%b8%d1%81%d0%b8%d0%bc%d1%8b%d0%b9-%d1%81%d0%be%d0%b2%d0%b5%d1%82-%d0%bf%d0%be\/","url":"https:\/\/behinderung-und-flucht.isl-ev.de\/ru\/beratung-selbsthilfe-russ\/%d0%b4%d0%be%d0%bf%d0%be%d0%bb%d0%bd%d0%b8%d1%82%d0%b5%d0%bb%d1%8c%d0%bd%d1%8b%d0%b9-%d0%bd%d0%b5%d0%b7%d0%b0%d0%b2%d0%b8%d1%81%d0%b8%d0%bc%d1%8b%d0%b9-%d1%81%d0%be%d0%b2%d0%b5%d1%82-%d0%bf%d0%be\/","name":"\u0414\u043e\u043f\u043e\u043b\u043d\u0438\u0442\u0435\u043b\u044c\u043d\u044b\u0439 \u043d\u0435\u0437\u0430\u0432\u0438\u0441\u0438\u043c\u044b\u0439 \u0441\u043e\u0432\u0435\u0442 \u043f\u043e \u0443\u0447\u0430\u0441\u0442\u0438\u044e - Infoseite der Interessenvertretung Selbstbestimmt Leben in Deutschland e.V.","isPartOf":{"@id":"https:\/\/behinderung-und-flucht.isl-ev.de\/ru\/#website"},"datePublished":"2022-09-30T11:01:06+00:00","dateModified":"2022-09-30T11:01:07+00:00","breadcrumb":{"@id":"https:\/\/behinderung-und-flucht.isl-ev.de\/ru\/beratung-selbsthilfe-russ\/%d0%b4%d0%be%d0%bf%d0%be%d0%bb%d0%bd%d0%b8%d1%82%d0%b5%d0%bb%d1%8c%d0%bd%d1%8b%d0%b9-%d0%bd%d0%b5%d0%b7%d0%b0%d0%b2%d0%b8%d1%81%d0%b8%d0%bc%d1%8b%d0%b9-%d1%81%d0%be%d0%b2%d0%b5%d1%82-%d0%bf%d0%be\/#breadcrumb"},"inLanguage":"ru-RU","potentialAction":[{"@type":"ReadAction","target":["https:\/\/behinderung-und-flucht.isl-ev.de\/ru\/beratung-selbsthilfe-russ\/%d0%b4%d0%be%d0%bf%d0%be%d0%bb%d0%bd%d0%b8%d1%82%d0%b5%d0%bb%d1%8c%d0%bd%d1%8b%d0%b9-%d0%bd%d0%b5%d0%b7%d0%b0%d0%b2%d0%b8%d1%81%d0%b8%d0%bc%d1%8b%d0%b9-%d1%81%d0%be%d0%b2%d0%b5%d1%82-%d0%bf%d0%be\/"]}]},{"@type":"BreadcrumbList","@id":"https:\/\/behinderung-und-flucht.isl-ev.de\/ru\/beratung-selbsthilfe-russ\/%d0%b4%d0%be%d0%bf%d0%be%d0%bb%d0%bd%d0%b8%d1%82%d0%b5%d0%bb%d1%8c%d0%bd%d1%8b%d0%b9-%d0%bd%d0%b5%d0%b7%d0%b0%d0%b2%d0%b8%d1%81%d0%b8%d0%bc%d1%8b%d0%b9-%d1%81%d0%be%d0%b2%d0%b5%d1%82-%d0%bf%d0%be\/#breadcrumb","itemListElement":[{"@type":"ListItem","position":1,"name":"Startseite","item":"https:\/\/behinderung-und-flucht.isl-ev.de\/ru\/"},{"@type":"ListItem","position":2,"name":"\u041a\u043e\u043d\u0441\u0443\u043b\u044c\u0442\u0438\u0440\u043e\u0432\u0430\u043d\u0438\u0435 \/ \u0441\u0430\u043c\u043e\u043f\u043e\u043c\u043e\u0449\u044c","item":"https:\/\/behinderung-und-flucht.isl-ev.de\/ru\/beratung-selbsthilfe-russ\/"},{"@type":"ListItem","position":3,"name":"\u0414\u043e\u043f\u043e\u043b\u043d\u0438\u0442\u0435\u043b\u044c\u043d\u044b\u0439 \u043d\u0435\u0437\u0430\u0432\u0438\u0441\u0438\u043c\u044b\u0439 \u0441\u043e\u0432\u0435\u0442 \u043f\u043e \u0443\u0447\u0430\u0441\u0442\u0438\u044e"}]},{"@type":"WebSite","@id":"https:\/\/behinderung-und-flucht.isl-ev.de\/ru\/#website","url":"https:\/\/behinderung-und-flucht.isl-ev.de\/ru\/","name":"Infoseite f\u00fcr gefl\u00fcchtete Menschen mit Behinderungen oder chronischen Erkrankungen","description":"Informationen f\u00fcr gefl\u00fcchtete Menschen mit Behinderungen oder chronischen Erkrankungen","publisher":{"@id":"https:\/\/behinderung-und-flucht.isl-ev.de\/ru\/#organization"},"alternateName":"Infoseite f\u00fcr gefl\u00fcchtete Menschen mit Behinderungen","potentialAction":[{"@type":"SearchAction","target":{"@type":"EntryPoint","urlTemplate":"https:\/\/behinderung-und-flucht.isl-ev.de\/ru\/?s={search_term_string}"},"query-input":"required name=search_term_string"}],"inLanguage":"ru-RU"},{"@type":"Organization","@id":"https:\/\/behinderung-und-flucht.isl-ev.de\/ru\/#organization","name":"Infoseite der Interessenvertretung Selbstbestimmt Leben in Deutschland e.V.","url":"https:\/\/behinderung-und-flucht.isl-ev.de\/ru\/","logo":{"@type":"ImageObject","inLanguage":"ru-RU","@id":"https:\/\/behinderung-und-flucht.isl-ev.de\/ru\/#\/schema\/logo\/image\/","url":"https:\/\/behinderung-und-flucht.isl-ev.de\/wp-content\/uploads\/2022\/09\/logo-infoseite-04.svg","contentUrl":"https:\/\/behinderung-und-flucht.isl-ev.de\/wp-content\/uploads\/2022\/09\/logo-infoseite-04.svg","caption":"Infoseite der Interessenvertretung Selbstbestimmt Leben in Deutschland e.V."},"image":{"@id":"https:\/\/behinderung-und-flucht.isl-ev.de\/ru\/#\/schema\/logo\/image\/"}}]}},"_links":{"self":[{"href":"https:\/\/behinderung-und-flucht.isl-ev.de\/ru\/wp-json\/wp\/v2\/pages\/1443","targetHints":{"allow":["GET"]}}],"collection":[{"href":"https:\/\/behinderung-und-flucht.isl-ev.de\/ru\/wp-json\/wp\/v2\/pages"}],"about":[{"href":"https:\/\/behinderung-und-flucht.isl-ev.de\/ru\/wp-json\/wp\/v2\/types\/page"}],"author":[{"embeddable":true,"href":"https:\/\/behinderung-und-flucht.isl-ev.de\/ru\/wp-json\/wp\/v2\/users\/1"}],"replies":[{"embeddable":true,"href":"https:\/\/behinderung-und-flucht.isl-ev.de\/ru\/wp-json\/wp\/v2\/comments?post=1443"}],"version-history":[{"count":1,"href":"https:\/\/behinderung-und-flucht.isl-ev.de\/ru\/wp-json\/wp\/v2\/pages\/1443\/revisions"}],"predecessor-version":[{"id":1444,"href":"https:\/\/behinderung-und-flucht.isl-ev.de\/ru\/wp-json\/wp\/v2\/pages\/1443\/revisions\/1444"}],"up":[{"embeddable":true,"href":"https:\/\/behinderung-und-flucht.isl-ev.de\/ru\/wp-json\/wp\/v2\/pages\/767"}],"wp:attachment":[{"href":"https:\/\/behinderung-und-flucht.isl-ev.de\/ru\/wp-json\/wp\/v2\/media?parent=1443"}],"wp:term":[{"taxonomy":"category","embeddable":true,"href":"https:\/\/behinderung-und-flucht.isl-ev.de\/ru\/wp-json\/wp\/v2\/categories?post=1443"},{"taxonomy":"post_tag","embeddable":true,"href":"https:\/\/behinderung-und-flucht.isl-ev.de\/ru\/wp-json\/wp\/v2\/tags?post=1443"}],"curies":[{"name":"wp","href":"https:\/\/api.w.org\/{rel}","templated":true}]}}