{"id":756,"date":"2022-08-17T18:35:38","date_gmt":"2022-08-17T16:35:38","guid":{"rendered":"https:\/\/infoseite.lmente.de\/?page_id=756"},"modified":"2023-05-07T23:15:25","modified_gmt":"2023-05-07T21:15:25","slug":"impressum-en","status":"publish","type":"page","link":"https:\/\/behinderung-und-flucht.isl-ev.de\/en\/impressum-en\/","title":{"rendered":"Imprint"},"content":{"rendered":"\n<p><strong>Federal office<\/strong><\/p>\n\n\n\n<p>Representation of interests Self-determined living in Germany e. V.\u2014ISL<\/p>\n\n\n\n<p>Leipziger Strasse 61<br>10117 Berlin<\/p>\n\n\n\n<p>Telephone: +49 30 4057 1409<br>Fax: +49 30 3101 1251<\/p>\n\n\n\n<p>Email: away@isl-ev.de<br>Internet: https:\/\/www.isl-ev.de\/<\/p>\n\n\n\n<p>For questions, suggestions etc. about the portal, please use the feedback function in the footer.<\/p>\n\n\n\n<p><strong>Club seat<\/strong><\/p>\n\n\n\n<p>Representation of interests Self-determined living in Germany e. V.\u2014ISL<\/p>\n\n\n\n<p>Samuel Beckett facility 6<br>34119 Kassel<\/p>\n\n\n\n<p>Registration court: district court of Kassel<br>Registration number: VR 2818<\/p>\n\n\n\n<p>Board of Directors authorized to represent<br>Horst Frehe, Uwe Frevert, Jenny Biessmann<\/p>\n\n\n\n<p>Responsible for content according to \u00a7 6 MDStV:<br>Emine Kalali<\/p>\n\n\n\n<p><strong>Disclaimer:<\/strong><\/p>\n\n\n\n<p>Despite careful content control, we assume no liability for the content of external links. The operators of the linked pages are solely responsible for their content.<\/p>\n\n\n\n<p>Despite careful selection and research to the best of our knowledge and belief, we can not give any liability \/ warranty for the accuracy of the information provided here. Should you discover an error, we ask you to contact us immediately at flucht@isl-ev.de or the contact form under the menu item Contact or <a href=\"https:\/\/behinderung-und-flucht.isl-ev.de\/en\/contact\/\">this link<\/a>.<\/p>\n\n\n\n<p><\/p>\n\n\n\n<p><strong>Accessibility:<\/strong><\/p>\n\n\n\n<p>We make every effort to keep all information<br>and the meetings as barrier-free as possible. If we do not succeed at some points<br>and you still need measures that we can take, please let us know. Please use our contact form or write an email directly to flucht@isl-ev.de.<\/p>\n","protected":false},"excerpt":{"rendered":"<p>Federal office Representation of interests Self-determined living in Germany e. V.\u2014ISL Leipziger Strasse 6110117 Berlin Telephone: +49 30 4057 1409Fax: +49 30 3101 1251 Email: away@isl-ev.deInternet: https:\/\/www.isl-ev.de\/ For questions, suggestions etc. about the portal, please use the feedback function in the footer. Club seat Representation of interests Self-determined living in Germany e. V.\u2014ISL Samuel Beckett&hellip; <a class=\"more-link\" href=\"https:\/\/behinderung-und-flucht.isl-ev.de\/en\/impressum-en\/\">Continue reading <span class=\"screen-reader-text\">Imprint<\/span><\/a><\/p>\n","protected":false},"author":1,"featured_media":0,"parent":0,"menu_order":87,"comment_status":"closed","ping_status":"closed","template":"","meta":{"ub_ctt_via":"","inline_featured_image":false,"_themeisle_gutenberg_block_has_review":false,"_mc_calendar":[],"footnotes":""},"categories":[],"tags":[],"class_list":["post-756","page","type-page","status-publish","hentry","entry"],"featured_image_src":null,"yoast_head":"<!-- This site is optimized with the Yoast SEO plugin v21.4 - https:\/\/yoast.com\/wordpress\/plugins\/seo\/ -->\n<title>Imprint - Infoseite der Interessenvertretung Selbstbestimmt Leben in Deutschland e.V.<\/title>\n<meta name=\"robots\" content=\"index, follow, max-snippet:-1, max-image-preview:large, max-video-preview:-1\" \/>\n<link rel=\"canonical\" href=\"https:\/\/behinderung-und-flucht.isl-ev.de\/en\/impressum-en\/\" \/>\n<meta property=\"og:locale\" content=\"en_US\" \/>\n<meta property=\"og:type\" content=\"article\" \/>\n<meta property=\"og:title\" content=\"Imprint - Infoseite der Interessenvertretung Selbstbestimmt Leben in Deutschland e.V.\" \/>\n<meta property=\"og:description\" content=\"Federal office Representation of interests Self-determined living in Germany e. V.\u2014ISL Leipziger Strasse 6110117 Berlin Telephone: +49 30 4057 1409Fax: +49 30 3101 1251 Email: away@isl-ev.deInternet: https:\/\/www.isl-ev.de\/ For questions, suggestions etc. about the portal, please use the feedback function in the footer. Club seat Representation of interests Self-determined living in Germany e. V.\u2014ISL Samuel Beckett&hellip; Continue reading Imprint\" \/>\n<meta property=\"og:url\" content=\"https:\/\/behinderung-und-flucht.isl-ev.de\/en\/impressum-en\/\" \/>\n<meta property=\"og:site_name\" content=\"Infoseite der Interessenvertretung Selbstbestimmt Leben in Deutschland e.V.\" \/>\n<meta property=\"article:modified_time\" content=\"2023-05-07T21:15:25+00:00\" \/>\n<meta name=\"twitter:card\" content=\"summary_large_image\" \/>\n<meta name=\"twitter:label1\" content=\"Est. reading time\" \/>\n\t<meta name=\"twitter:data1\" content=\"2 minutes\" \/>\n<script type=\"application\/ld+json\" class=\"yoast-schema-graph\">{\"@context\":\"https:\/\/schema.org\",\"@graph\":[{\"@type\":\"WebPage\",\"@id\":\"https:\/\/behinderung-und-flucht.isl-ev.de\/en\/impressum-en\/\",\"url\":\"https:\/\/behinderung-und-flucht.isl-ev.de\/en\/impressum-en\/\",\"name\":\"Imprint - Infoseite der Interessenvertretung Selbstbestimmt Leben in Deutschland e.V.\",\"isPartOf\":{\"@id\":\"https:\/\/behinderung-und-flucht.isl-ev.de\/en\/#website\"},\"datePublished\":\"2022-08-17T16:35:38+00:00\",\"dateModified\":\"2023-05-07T21:15:25+00:00\",\"breadcrumb\":{\"@id\":\"https:\/\/behinderung-und-flucht.isl-ev.de\/en\/impressum-en\/#breadcrumb\"},\"inLanguage\":\"en-US\",\"potentialAction\":[{\"@type\":\"ReadAction\",\"target\":[\"https:\/\/behinderung-und-flucht.isl-ev.de\/en\/impressum-en\/\"]}]},{\"@type\":\"BreadcrumbList\",\"@id\":\"https:\/\/behinderung-und-flucht.isl-ev.de\/en\/impressum-en\/#breadcrumb\",\"itemListElement\":[{\"@type\":\"ListItem\",\"position\":1,\"name\":\"Startseite\",\"item\":\"https:\/\/behinderung-und-flucht.isl-ev.de\/en\/\"},{\"@type\":\"ListItem\",\"position\":2,\"name\":\"Imprint\"}]},{\"@type\":\"WebSite\",\"@id\":\"https:\/\/behinderung-und-flucht.isl-ev.de\/en\/#website\",\"url\":\"https:\/\/behinderung-und-flucht.isl-ev.de\/en\/\",\"name\":\"Infoseite f\u00fcr gefl\u00fcchtete Menschen mit Behinderungen oder chronischen Erkrankungen\",\"description\":\"Informationen f\u00fcr gefl\u00fcchtete Menschen mit Behinderungen oder chronischen Erkrankungen\",\"publisher\":{\"@id\":\"https:\/\/behinderung-und-flucht.isl-ev.de\/en\/#organization\"},\"alternateName\":\"Infoseite f\u00fcr gefl\u00fcchtete Menschen mit Behinderungen\",\"potentialAction\":[{\"@type\":\"SearchAction\",\"target\":{\"@type\":\"EntryPoint\",\"urlTemplate\":\"https:\/\/behinderung-und-flucht.isl-ev.de\/en\/?s={search_term_string}\"},\"query-input\":\"required name=search_term_string\"}],\"inLanguage\":\"en-US\"},{\"@type\":\"Organization\",\"@id\":\"https:\/\/behinderung-und-flucht.isl-ev.de\/en\/#organization\",\"name\":\"Infoseite der Interessenvertretung Selbstbestimmt Leben in Deutschland e.V.\",\"url\":\"https:\/\/behinderung-und-flucht.isl-ev.de\/en\/\",\"logo\":{\"@type\":\"ImageObject\",\"inLanguage\":\"en-US\",\"@id\":\"https:\/\/behinderung-und-flucht.isl-ev.de\/en\/#\/schema\/logo\/image\/\",\"url\":\"https:\/\/behinderung-und-flucht.isl-ev.de\/wp-content\/uploads\/2022\/09\/logo-infoseite-04.svg\",\"contentUrl\":\"https:\/\/behinderung-und-flucht.isl-ev.de\/wp-content\/uploads\/2022\/09\/logo-infoseite-04.svg\",\"caption\":\"Infoseite der Interessenvertretung Selbstbestimmt Leben in Deutschland e.V.\"},\"image\":{\"@id\":\"https:\/\/behinderung-und-flucht.isl-ev.de\/en\/#\/schema\/logo\/image\/\"}}]}<\/script>\n<!-- \/ Yoast SEO plugin. -->","yoast_head_json":{"title":"Imprint - Infoseite der Interessenvertretung Selbstbestimmt Leben in Deutschland e.V.","robots":{"index":"index","follow":"follow","max-snippet":"max-snippet:-1","max-image-preview":"max-image-preview:large","max-video-preview":"max-video-preview:-1"},"canonical":"https:\/\/behinderung-und-flucht.isl-ev.de\/en\/impressum-en\/","og_locale":"en_US","og_type":"article","og_title":"Imprint - Infoseite der Interessenvertretung Selbstbestimmt Leben in Deutschland e.V.","og_description":"Federal office Representation of interests Self-determined living in Germany e. V.\u2014ISL Leipziger Strasse 6110117 Berlin Telephone: +49 30 4057 1409Fax: +49 30 3101 1251 Email: away@isl-ev.deInternet: https:\/\/www.isl-ev.de\/ For questions, suggestions etc. about the portal, please use the feedback function in the footer. Club seat Representation of interests Self-determined living in Germany e. V.\u2014ISL Samuel Beckett&hellip; Continue reading Imprint","og_url":"https:\/\/behinderung-und-flucht.isl-ev.de\/en\/impressum-en\/","og_site_name":"Infoseite der Interessenvertretung Selbstbestimmt Leben in Deutschland e.V.","article_modified_time":"2023-05-07T21:15:25+00:00","twitter_card":"summary_large_image","twitter_misc":{"Est. reading time":"2 minutes"},"schema":{"@context":"https:\/\/schema.org","@graph":[{"@type":"WebPage","@id":"https:\/\/behinderung-und-flucht.isl-ev.de\/en\/impressum-en\/","url":"https:\/\/behinderung-und-flucht.isl-ev.de\/en\/impressum-en\/","name":"Imprint - Infoseite der Interessenvertretung Selbstbestimmt Leben in Deutschland e.V.","isPartOf":{"@id":"https:\/\/behinderung-und-flucht.isl-ev.de\/en\/#website"},"datePublished":"2022-08-17T16:35:38+00:00","dateModified":"2023-05-07T21:15:25+00:00","breadcrumb":{"@id":"https:\/\/behinderung-und-flucht.isl-ev.de\/en\/impressum-en\/#breadcrumb"},"inLanguage":"en-US","potentialAction":[{"@type":"ReadAction","target":["https:\/\/behinderung-und-flucht.isl-ev.de\/en\/impressum-en\/"]}]},{"@type":"BreadcrumbList","@id":"https:\/\/behinderung-und-flucht.isl-ev.de\/en\/impressum-en\/#breadcrumb","itemListElement":[{"@type":"ListItem","position":1,"name":"Startseite","item":"https:\/\/behinderung-und-flucht.isl-ev.de\/en\/"},{"@type":"ListItem","position":2,"name":"Imprint"}]},{"@type":"WebSite","@id":"https:\/\/behinderung-und-flucht.isl-ev.de\/en\/#website","url":"https:\/\/behinderung-und-flucht.isl-ev.de\/en\/","name":"Infoseite f\u00fcr gefl\u00fcchtete Menschen mit Behinderungen oder chronischen Erkrankungen","description":"Informationen f\u00fcr gefl\u00fcchtete Menschen mit Behinderungen oder chronischen Erkrankungen","publisher":{"@id":"https:\/\/behinderung-und-flucht.isl-ev.de\/en\/#organization"},"alternateName":"Infoseite f\u00fcr gefl\u00fcchtete Menschen mit Behinderungen","potentialAction":[{"@type":"SearchAction","target":{"@type":"EntryPoint","urlTemplate":"https:\/\/behinderung-und-flucht.isl-ev.de\/en\/?s={search_term_string}"},"query-input":"required name=search_term_string"}],"inLanguage":"en-US"},{"@type":"Organization","@id":"https:\/\/behinderung-und-flucht.isl-ev.de\/en\/#organization","name":"Infoseite der Interessenvertretung Selbstbestimmt Leben in Deutschland e.V.","url":"https:\/\/behinderung-und-flucht.isl-ev.de\/en\/","logo":{"@type":"ImageObject","inLanguage":"en-US","@id":"https:\/\/behinderung-und-flucht.isl-ev.de\/en\/#\/schema\/logo\/image\/","url":"https:\/\/behinderung-und-flucht.isl-ev.de\/wp-content\/uploads\/2022\/09\/logo-infoseite-04.svg","contentUrl":"https:\/\/behinderung-und-flucht.isl-ev.de\/wp-content\/uploads\/2022\/09\/logo-infoseite-04.svg","caption":"Infoseite der Interessenvertretung Selbstbestimmt Leben in Deutschland e.V."},"image":{"@id":"https:\/\/behinderung-und-flucht.isl-ev.de\/en\/#\/schema\/logo\/image\/"}}]}},"_links":{"self":[{"href":"https:\/\/behinderung-und-flucht.isl-ev.de\/en\/wp-json\/wp\/v2\/pages\/756","targetHints":{"allow":["GET"]}}],"collection":[{"href":"https:\/\/behinderung-und-flucht.isl-ev.de\/en\/wp-json\/wp\/v2\/pages"}],"about":[{"href":"https:\/\/behinderung-und-flucht.isl-ev.de\/en\/wp-json\/wp\/v2\/types\/page"}],"author":[{"embeddable":true,"href":"https:\/\/behinderung-und-flucht.isl-ev.de\/en\/wp-json\/wp\/v2\/users\/1"}],"replies":[{"embeddable":true,"href":"https:\/\/behinderung-und-flucht.isl-ev.de\/en\/wp-json\/wp\/v2\/comments?post=756"}],"version-history":[{"count":6,"href":"https:\/\/behinderung-und-flucht.isl-ev.de\/en\/wp-json\/wp\/v2\/pages\/756\/revisions"}],"predecessor-version":[{"id":4260,"href":"https:\/\/behinderung-und-flucht.isl-ev.de\/en\/wp-json\/wp\/v2\/pages\/756\/revisions\/4260"}],"wp:attachment":[{"href":"https:\/\/behinderung-und-flucht.isl-ev.de\/en\/wp-json\/wp\/v2\/media?parent=756"}],"wp:term":[{"taxonomy":"category","embeddable":true,"href":"https:\/\/behinderung-und-flucht.isl-ev.de\/en\/wp-json\/wp\/v2\/categories?post=756"},{"taxonomy":"post_tag","embeddable":true,"href":"https:\/\/behinderung-und-flucht.isl-ev.de\/en\/wp-json\/wp\/v2\/tags?post=756"}],"curies":[{"name":"wp","href":"https:\/\/api.w.org\/{rel}","templated":true}]}}