{"id":5750,"date":"2023-10-31T18:43:50","date_gmt":"2023-10-31T17:43:50","guid":{"rendered":"https:\/\/behinderung-und-flucht.isl-ev.de\/?page_id=5750"},"modified":"2025-03-24T22:30:51","modified_gmt":"2025-03-24T21:30:51","slug":"life-in-hamburg","status":"publish","type":"page","link":"https:\/\/behinderung-und-flucht.isl-ev.de\/en\/kulturguide\/hamburg\/life-in-hamburg\/","title":{"rendered":"Life in Hamburg"},"content":{"rendered":"\n<h2 class=\"wp-block-heading\">Getting around Hamburg using public transport<\/h2>\n\n\n\n<p>Public transport in Hamburg is operated by the Hamburger Verkehrsverbund Gesellschaft (Hamburger Verkehrsverbund), abbreviated to HVV. HVV public transport includes buses, subways, and ferries.<\/p>\n\n\n\n<p>You can purchase tickets on the HVV website, in the HVV app, at ticket machines, or at HVV sales points.<\/p>\n\n\n\n<p>All current information on barrier-free travel with the HVV can be found here: https:\/\/www.hvv.de\/de\/barrierefrei<\/p>\n\n\n\n<p>Information on purchasing tickets for refugees can be found here: https:\/\/www.hvv.de\/de\/gefluechtete<\/p>\n\n\n\n<p>Bus<\/p>\n\n\n\n<p>Low-floor buses are used in Hamburg. These can be lowered at the sides to allow easier boarding. They also have a fold-out ramp that allows wheelchair access. Some bus stops do not yet have raised bus platforms. At these stops, boarding and alighting via the ramp can be very steep and is often only possible with assistance.<\/p>\n\n\n\n<p>To board the bus in a wheelchair, you must choose a door in the middle of the bus. Signal to the bus attendant or press the button with the wheelchair symbol next to the door. The bus attendant will extend the ramp after other passengers have boarded and alighted. The ramp supports a weight of up to 250 kg. The ramps on newer vehicles can support a weight of up to 350 kg. The wheelchair space is usually opposite the middle entrance door.<\/p>\n\n\n\n<p>There are audible announcements and visual signs for the next stop on the bus.<\/p>\n\n\n\n<p>Subway<\/p>\n\n\n\n<p>On this map, all subway stations with step-free access are marked with a wheelchair symbol:<\/p>\n\n\n\n<p><a href=\"https:\/\/www.hvv.de\/resource\/blob\/22142\/1265395dd811e068d2ffea979cc6456f\/hvv_usar-plan.pdf\">https:\/\/www.hvv.de\/resource\/blob\/22142\/1265395dd811e068d2ffea979cc6456f\/hvv_usar-plan.pdf<\/a><\/p>\n\n\n\n<p>These stops have fully or partially raised platforms. The boarding height is a maximum of 5 cm, and the gap between the platform and the train is between 5 and 11 cm. On older subway trains, the height difference and gap width may be greater. People with mobility impairments are advised to always board in the designated area. This area can be identified by a wheelchair symbol on the platform and a checkerboard pattern on the floor tiles. Boarding and alighting in this area is possible at every accessible stop.<\/p>\n\n\n\n<p>Since an elevator is usually required to access the stops, you can find information on whether the elevator is currently operating on the following website: https:\/\/www.hvv.de\/de\/aufzuege . Alternatively, you can inquire by calling the following number: 00 49 40 19 44 9.<\/p>\n\n\n\n<p>All stops are equipped with a display board that provides information about departure times, schedule changes, and service deviations. The destination of the next arriving train is also announced over loudspeakers. Most stops have a tactile guidance system and high-contrast stripes. Emergency call and information columns are also located on the platforms, indicated by studded panels. Most platform edges at subway stations are marked with a wide white warning stripe.<\/p>\n\n\n\n<p>In the subways, a display board provides information about the next stop, possible disruptions, and schedule changes. The next stops are announced acoustically. The doors emit a visual and acoustic signal when they close.<\/p>\n\n\n\n<p><strong>Ferry<\/strong><\/p>\n\n\n\n<p>All ships have barrier-free boarding and passenger areas accessible for wheelchair users. Some ferries are also equipped with barrier-free restrooms. Line 75 and the Cranz-Blankenese line are not wheelchair accessible. Access to the ships is via a floating jetty, which can be reached from the bridges connected to the land. At the St. Pauli Landungsbr\u00fccken stop, step-free access is available at bridges 1, 3, and 10. This access varies in steepness depending on the Elbe&#8217;s water level. An accompanying person is strongly recommended for wheelchair users to negotiate the inclines and declines.<\/p>\n\n\n\n<p><strong>S-Bahn<\/strong><\/p>\n\n\n\n<p>The S-Bahn (suburban railway) lines in Hamburg are operated by Deutsche Bahn. All S-Bahn stops with step-free access are marked with a wheelchair symbol on this map: https:\/\/www.hvv.de\/resource\/blob\/22142\/1265395dd811e068d2ffea979cc6456f\/hvv_usar-plan.pdf Access to the vehicles is via a boarding step with a maximum height of 6 cm. On older S-Bahn trains, the height difference may be greater. At the S3 stops between Fischbek and Agathenburg, there may be a step height of up to 26 cm. Boarding is possible there using a ramp. The ramps can only be used at the first front door. Since an elevator is usually required to access the stops, you can find information on whether the elevator is currently working on the following map: https:\/\/www.hvv.de\/de\/aufzuege . Alternatively, you can inquire at the following telephone number: 00 49 40 19 44 9.<\/p>\n\n\n\n<p>All stops are equipped with a display board providing information about departure times, schedule changes, and service deviations. The destination of the next arriving train is also announced over loudspeakers. Most stops have a tactile guidance system and high-contrast stripes. Emergency call and information columns are also located on the platforms, indicated by studded panels. Most platform edges at S-Bahn stations are marked with a wide white warning stripe.<\/p>\n\n\n\n<p>On S-Bahn trains, a display board provides information about the next stop, possible disruptions, and schedule changes. The next stops are announced acoustically. The doors emit a visual and acoustic signal when they close.<\/p>\n\n\n\n<p><strong>Moia<\/strong><\/p>\n\n\n\n<p>The private company Moia is not part of the public transport system, but it is a good alternative for many people in Hamburg who want to get from A to B without barriers. Moia offers ridesharing, a hybrid of taxi and bus. This means you enter your starting and destination points in the Moia app, and the app shows you the nearest stop where you can get on and off. People traveling the same route as you will also be picked up by this vehicle. So you share a vehicle. Some people get off earlier, others after you. You can book the ride directly or 24 hours in advance. Moia vehicles are recognizable in Hamburg by their gold color. In the app, you can indicate whether you need a wheelchair-accessible vehicle. You can find all the information about barrier-free use of Moia vehicles here: https:\/\/help.moia.io\/hc\/de\/articles\/360000437078<\/p>\n\n\n\n<p>Do you have a severely disabled person&#8217;s ID card with the code B? Then, after registering, you can bring a companion with you free of charge.<\/p>\n\n\n\n<p>Do you have a voucher that allows you to use public transport free of charge in addition to your severely disabled person&#8217;s certificate? Then you can also use the Moia vehicles free of charge after registering. All information about registration and free use of the Moia vehicles for people with disabilities can be found here: https:\/\/help.moia.io\/hc\/de\/articles\/6106241810461<\/p>\n\n\n\n<h2 class=\"wp-block-heading\">Public barrier-free parking spaces in Hamburg<\/h2>\n\n\n\n<p>You can find all accessible parking spaces in the Hamburg city area on the following website: https:\/\/geoportal-hamburg.de\/geo-online\/?layerIDs=453,941&amp;visibility=true,true&amp;transparency=0,0&amp;center=569470.3141220717,5936351.096489686&amp;zoomlevel=0<\/p>\n\n\n\n<p>To park your car in these spaces, you need the blue EU parking permit for people with disabilities. You can find all the information on how to apply for this permit on this page: https:\/\/www.hamburg.de\/mobilitaet\/1560460\/behindertenparkplaetze\/<\/p>\n\n\n\n<h2 class=\"wp-block-heading\"><a><\/a>&nbsp;<\/h2>\n\n\n\n<h2 class=\"wp-block-heading\"><a><\/a>Reeperbahn<\/h2>\n\n\n\n<p>The Reeperbahn is Hamburg&#8217;s most famous street. Located in the St. Pauli district, it is also known as the &#8220;most sinful mile in the world&#8221; because, in addition to its many clubs, bars, and discotheques, it also houses the red-light district. It&#8217;s particularly busy on weekends, and there&#8217;s plenty to experience. 20 million people from all over the world visit this street every year. Some of the cultural highlights in this guide, such as the Schmidt Theater and the Mojo, can be found on the Reeperbahn.<\/p>\n","protected":false},"excerpt":{"rendered":"<p>Getting around Hamburg using public transport Public transport in Hamburg is operated by the Hamburger Verkehrsverbund Gesellschaft (Hamburger Verkehrsverbund), abbreviated to HVV. HVV public transport includes buses, subways, and ferries. You can purchase tickets on the HVV website, in the HVV app, at ticket machines, or at HVV sales points. All current information on barrier-free&hellip; <a class=\"more-link\" href=\"https:\/\/behinderung-und-flucht.isl-ev.de\/en\/kulturguide\/hamburg\/life-in-hamburg\/\">Continue reading <span class=\"screen-reader-text\">Life in Hamburg<\/span><\/a><\/p>\n","protected":false},"author":1,"featured_media":0,"parent":5741,"menu_order":0,"comment_status":"closed","ping_status":"closed","template":"","meta":{"ub_ctt_via":"","inline_featured_image":false,"_themeisle_gutenberg_block_has_review":false,"_mc_calendar":[],"footnotes":""},"categories":[],"tags":[],"class_list":["post-5750","page","type-page","status-publish","hentry","entry"],"featured_image_src":null,"yoast_head":"<!-- This site is optimized with the Yoast SEO plugin v21.4 - https:\/\/yoast.com\/wordpress\/plugins\/seo\/ -->\n<title>Life in Hamburg - Infoseite der Interessenvertretung Selbstbestimmt Leben in Deutschland e.V.<\/title>\n<meta name=\"robots\" content=\"index, follow, max-snippet:-1, max-image-preview:large, max-video-preview:-1\" \/>\n<link rel=\"canonical\" href=\"https:\/\/behinderung-und-flucht.isl-ev.de\/en\/kulturguide\/hamburg\/life-in-hamburg\/\" \/>\n<meta property=\"og:locale\" content=\"en_US\" \/>\n<meta property=\"og:type\" content=\"article\" \/>\n<meta property=\"og:title\" content=\"Life in Hamburg - Infoseite der Interessenvertretung Selbstbestimmt Leben in Deutschland e.V.\" \/>\n<meta property=\"og:description\" content=\"Getting around Hamburg using public transport Public transport in Hamburg is operated by the Hamburger Verkehrsverbund Gesellschaft (Hamburger Verkehrsverbund), abbreviated to HVV. HVV public transport includes buses, subways, and ferries. You can purchase tickets on the HVV website, in the HVV app, at ticket machines, or at HVV sales points. All current information on barrier-free&hellip; Continue reading Life in Hamburg\" \/>\n<meta property=\"og:url\" content=\"https:\/\/behinderung-und-flucht.isl-ev.de\/en\/kulturguide\/hamburg\/life-in-hamburg\/\" \/>\n<meta property=\"og:site_name\" content=\"Infoseite der Interessenvertretung Selbstbestimmt Leben in Deutschland e.V.\" \/>\n<meta property=\"article:modified_time\" content=\"2025-03-24T21:30:51+00:00\" \/>\n<meta name=\"twitter:card\" content=\"summary_large_image\" \/>\n<meta name=\"twitter:label1\" content=\"Est. reading time\" \/>\n\t<meta name=\"twitter:data1\" content=\"7 minutes\" \/>\n<script type=\"application\/ld+json\" class=\"yoast-schema-graph\">{\"@context\":\"https:\/\/schema.org\",\"@graph\":[{\"@type\":\"WebPage\",\"@id\":\"https:\/\/behinderung-und-flucht.isl-ev.de\/en\/kulturguide\/hamburg\/life-in-hamburg\/\",\"url\":\"https:\/\/behinderung-und-flucht.isl-ev.de\/en\/kulturguide\/hamburg\/life-in-hamburg\/\",\"name\":\"Life in Hamburg - Infoseite der Interessenvertretung Selbstbestimmt Leben in Deutschland e.V.\",\"isPartOf\":{\"@id\":\"https:\/\/behinderung-und-flucht.isl-ev.de\/en\/#website\"},\"datePublished\":\"2023-10-31T17:43:50+00:00\",\"dateModified\":\"2025-03-24T21:30:51+00:00\",\"breadcrumb\":{\"@id\":\"https:\/\/behinderung-und-flucht.isl-ev.de\/en\/kulturguide\/hamburg\/life-in-hamburg\/#breadcrumb\"},\"inLanguage\":\"en-US\",\"potentialAction\":[{\"@type\":\"ReadAction\",\"target\":[\"https:\/\/behinderung-und-flucht.isl-ev.de\/en\/kulturguide\/hamburg\/life-in-hamburg\/\"]}]},{\"@type\":\"BreadcrumbList\",\"@id\":\"https:\/\/behinderung-und-flucht.isl-ev.de\/en\/kulturguide\/hamburg\/life-in-hamburg\/#breadcrumb\",\"itemListElement\":[{\"@type\":\"ListItem\",\"position\":1,\"name\":\"Startseite\",\"item\":\"https:\/\/behinderung-und-flucht.isl-ev.de\/en\/\"},{\"@type\":\"ListItem\",\"position\":2,\"name\":\"Cultural Guide\",\"item\":\"https:\/\/behinderung-und-flucht.isl-ev.de\/en\/kulturguide\/\"},{\"@type\":\"ListItem\",\"position\":3,\"name\":\"Hamburg\",\"item\":\"https:\/\/behinderung-und-flucht.isl-ev.de\/en\/kulturguide\/hamburg\/\"},{\"@type\":\"ListItem\",\"position\":4,\"name\":\"Life in Hamburg\"}]},{\"@type\":\"WebSite\",\"@id\":\"https:\/\/behinderung-und-flucht.isl-ev.de\/en\/#website\",\"url\":\"https:\/\/behinderung-und-flucht.isl-ev.de\/en\/\",\"name\":\"Infoseite f\u00fcr gefl\u00fcchtete Menschen mit Behinderungen oder chronischen Erkrankungen\",\"description\":\"Informationen f\u00fcr gefl\u00fcchtete Menschen mit Behinderungen oder chronischen Erkrankungen\",\"publisher\":{\"@id\":\"https:\/\/behinderung-und-flucht.isl-ev.de\/en\/#organization\"},\"alternateName\":\"Infoseite f\u00fcr gefl\u00fcchtete Menschen mit Behinderungen\",\"potentialAction\":[{\"@type\":\"SearchAction\",\"target\":{\"@type\":\"EntryPoint\",\"urlTemplate\":\"https:\/\/behinderung-und-flucht.isl-ev.de\/en\/?s={search_term_string}\"},\"query-input\":\"required name=search_term_string\"}],\"inLanguage\":\"en-US\"},{\"@type\":\"Organization\",\"@id\":\"https:\/\/behinderung-und-flucht.isl-ev.de\/en\/#organization\",\"name\":\"Infoseite der Interessenvertretung Selbstbestimmt Leben in Deutschland e.V.\",\"url\":\"https:\/\/behinderung-und-flucht.isl-ev.de\/en\/\",\"logo\":{\"@type\":\"ImageObject\",\"inLanguage\":\"en-US\",\"@id\":\"https:\/\/behinderung-und-flucht.isl-ev.de\/en\/#\/schema\/logo\/image\/\",\"url\":\"https:\/\/behinderung-und-flucht.isl-ev.de\/wp-content\/uploads\/2022\/09\/logo-infoseite-04.svg\",\"contentUrl\":\"https:\/\/behinderung-und-flucht.isl-ev.de\/wp-content\/uploads\/2022\/09\/logo-infoseite-04.svg\",\"caption\":\"Infoseite der Interessenvertretung Selbstbestimmt Leben in Deutschland e.V.\"},\"image\":{\"@id\":\"https:\/\/behinderung-und-flucht.isl-ev.de\/en\/#\/schema\/logo\/image\/\"}}]}<\/script>\n<!-- \/ Yoast SEO plugin. -->","yoast_head_json":{"title":"Life in Hamburg - Infoseite der Interessenvertretung Selbstbestimmt Leben in Deutschland e.V.","robots":{"index":"index","follow":"follow","max-snippet":"max-snippet:-1","max-image-preview":"max-image-preview:large","max-video-preview":"max-video-preview:-1"},"canonical":"https:\/\/behinderung-und-flucht.isl-ev.de\/en\/kulturguide\/hamburg\/life-in-hamburg\/","og_locale":"en_US","og_type":"article","og_title":"Life in Hamburg - Infoseite der Interessenvertretung Selbstbestimmt Leben in Deutschland e.V.","og_description":"Getting around Hamburg using public transport Public transport in Hamburg is operated by the Hamburger Verkehrsverbund Gesellschaft (Hamburger Verkehrsverbund), abbreviated to HVV. HVV public transport includes buses, subways, and ferries. You can purchase tickets on the HVV website, in the HVV app, at ticket machines, or at HVV sales points. All current information on barrier-free&hellip; Continue reading Life in Hamburg","og_url":"https:\/\/behinderung-und-flucht.isl-ev.de\/en\/kulturguide\/hamburg\/life-in-hamburg\/","og_site_name":"Infoseite der Interessenvertretung Selbstbestimmt Leben in Deutschland e.V.","article_modified_time":"2025-03-24T21:30:51+00:00","twitter_card":"summary_large_image","twitter_misc":{"Est. reading time":"7 minutes"},"schema":{"@context":"https:\/\/schema.org","@graph":[{"@type":"WebPage","@id":"https:\/\/behinderung-und-flucht.isl-ev.de\/en\/kulturguide\/hamburg\/life-in-hamburg\/","url":"https:\/\/behinderung-und-flucht.isl-ev.de\/en\/kulturguide\/hamburg\/life-in-hamburg\/","name":"Life in Hamburg - Infoseite der Interessenvertretung Selbstbestimmt Leben in Deutschland e.V.","isPartOf":{"@id":"https:\/\/behinderung-und-flucht.isl-ev.de\/en\/#website"},"datePublished":"2023-10-31T17:43:50+00:00","dateModified":"2025-03-24T21:30:51+00:00","breadcrumb":{"@id":"https:\/\/behinderung-und-flucht.isl-ev.de\/en\/kulturguide\/hamburg\/life-in-hamburg\/#breadcrumb"},"inLanguage":"en-US","potentialAction":[{"@type":"ReadAction","target":["https:\/\/behinderung-und-flucht.isl-ev.de\/en\/kulturguide\/hamburg\/life-in-hamburg\/"]}]},{"@type":"BreadcrumbList","@id":"https:\/\/behinderung-und-flucht.isl-ev.de\/en\/kulturguide\/hamburg\/life-in-hamburg\/#breadcrumb","itemListElement":[{"@type":"ListItem","position":1,"name":"Startseite","item":"https:\/\/behinderung-und-flucht.isl-ev.de\/en\/"},{"@type":"ListItem","position":2,"name":"Cultural Guide","item":"https:\/\/behinderung-und-flucht.isl-ev.de\/en\/kulturguide\/"},{"@type":"ListItem","position":3,"name":"Hamburg","item":"https:\/\/behinderung-und-flucht.isl-ev.de\/en\/kulturguide\/hamburg\/"},{"@type":"ListItem","position":4,"name":"Life in Hamburg"}]},{"@type":"WebSite","@id":"https:\/\/behinderung-und-flucht.isl-ev.de\/en\/#website","url":"https:\/\/behinderung-und-flucht.isl-ev.de\/en\/","name":"Infoseite f\u00fcr gefl\u00fcchtete Menschen mit Behinderungen oder chronischen Erkrankungen","description":"Informationen f\u00fcr gefl\u00fcchtete Menschen mit Behinderungen oder chronischen Erkrankungen","publisher":{"@id":"https:\/\/behinderung-und-flucht.isl-ev.de\/en\/#organization"},"alternateName":"Infoseite f\u00fcr gefl\u00fcchtete Menschen mit Behinderungen","potentialAction":[{"@type":"SearchAction","target":{"@type":"EntryPoint","urlTemplate":"https:\/\/behinderung-und-flucht.isl-ev.de\/en\/?s={search_term_string}"},"query-input":"required name=search_term_string"}],"inLanguage":"en-US"},{"@type":"Organization","@id":"https:\/\/behinderung-und-flucht.isl-ev.de\/en\/#organization","name":"Infoseite der Interessenvertretung Selbstbestimmt Leben in Deutschland e.V.","url":"https:\/\/behinderung-und-flucht.isl-ev.de\/en\/","logo":{"@type":"ImageObject","inLanguage":"en-US","@id":"https:\/\/behinderung-und-flucht.isl-ev.de\/en\/#\/schema\/logo\/image\/","url":"https:\/\/behinderung-und-flucht.isl-ev.de\/wp-content\/uploads\/2022\/09\/logo-infoseite-04.svg","contentUrl":"https:\/\/behinderung-und-flucht.isl-ev.de\/wp-content\/uploads\/2022\/09\/logo-infoseite-04.svg","caption":"Infoseite der Interessenvertretung Selbstbestimmt Leben in Deutschland e.V."},"image":{"@id":"https:\/\/behinderung-und-flucht.isl-ev.de\/en\/#\/schema\/logo\/image\/"}}]}},"_links":{"self":[{"href":"https:\/\/behinderung-und-flucht.isl-ev.de\/en\/wp-json\/wp\/v2\/pages\/5750","targetHints":{"allow":["GET"]}}],"collection":[{"href":"https:\/\/behinderung-und-flucht.isl-ev.de\/en\/wp-json\/wp\/v2\/pages"}],"about":[{"href":"https:\/\/behinderung-und-flucht.isl-ev.de\/en\/wp-json\/wp\/v2\/types\/page"}],"author":[{"embeddable":true,"href":"https:\/\/behinderung-und-flucht.isl-ev.de\/en\/wp-json\/wp\/v2\/users\/1"}],"replies":[{"embeddable":true,"href":"https:\/\/behinderung-und-flucht.isl-ev.de\/en\/wp-json\/wp\/v2\/comments?post=5750"}],"version-history":[{"count":1,"href":"https:\/\/behinderung-und-flucht.isl-ev.de\/en\/wp-json\/wp\/v2\/pages\/5750\/revisions"}],"predecessor-version":[{"id":5751,"href":"https:\/\/behinderung-und-flucht.isl-ev.de\/en\/wp-json\/wp\/v2\/pages\/5750\/revisions\/5751"}],"up":[{"embeddable":true,"href":"https:\/\/behinderung-und-flucht.isl-ev.de\/en\/wp-json\/wp\/v2\/pages\/5741"}],"wp:attachment":[{"href":"https:\/\/behinderung-und-flucht.isl-ev.de\/en\/wp-json\/wp\/v2\/media?parent=5750"}],"wp:term":[{"taxonomy":"category","embeddable":true,"href":"https:\/\/behinderung-und-flucht.isl-ev.de\/en\/wp-json\/wp\/v2\/categories?post=5750"},{"taxonomy":"post_tag","embeddable":true,"href":"https:\/\/behinderung-und-flucht.isl-ev.de\/en\/wp-json\/wp\/v2\/tags?post=5750"}],"curies":[{"name":"wp","href":"https:\/\/api.w.org\/{rel}","templated":true}]}}