{"id":4453,"date":"2023-06-26T23:03:33","date_gmt":"2023-06-26T21:03:33","guid":{"rendered":"https:\/\/behinderung-und-flucht.isl-ev.de\/?page_id=4453"},"modified":"2023-07-11T22:03:55","modified_gmt":"2023-07-11T20:03:55","slug":"bremen","status":"publish","type":"page","link":"https:\/\/behinderung-und-flucht.isl-ev.de\/en\/beratung-selbsthilfe\/bremen\/","title":{"rendered":"Bremen"},"content":{"rendered":"\n<div class=\"wp-block-columns has-white-background-color has-background is-layout-flex wp-container-core-columns-is-layout-f9777a04 wp-block-columns-is-layout-flex\" style=\"padding-top:var(--wp--preset--spacing--20);padding-right:var(--wp--preset--spacing--20);padding-bottom:var(--wp--preset--spacing--20);padding-left:var(--wp--preset--spacing--20)\">\n<div class=\"wp-block-column is-layout-flow wp-block-column-is-layout-flow\" style=\"flex-basis:66.66%\">\n<h3 class=\"wp-block-heading\" style=\"font-style:normal;font-weight:400\">Lebenshilfe Bremen<\/h3>\n\n\n\n<p><strong>Gerichtet an:<\/strong> Familien und Menschen mit Behinderung<\/p>\n\n\n\n<p><strong>Angebot:<\/strong> Beratung zu Migration und Behinderung<\/p>\n\n\n\n<p>Ansprechpartnerin: Seyda I\u015fik<\/p>\n\n\n\n<p><strong>Angebotsart:<\/strong> Vor Ort<\/p>\n\n\n\n<p><strong>Sprache:<\/strong> t\u00fcrkische und deutsche<\/p>\n\n\n\n<p><strong>Link:<\/strong> <a href=\"https:\/\/lebenshilfe-bremen.de\/angebote\/beratung\/migration-und-behinderung\/\"><\/a><a href=\"https:\/\/lebenshilfe-bremen.de\/angebote\/beratung\/migration-und-behinderung\/\">https:\/\/lebenshilfe-bremen.de\/angebote\/beratung\/migration-und-behinderung\/<\/a><\/p>\n<\/div>\n\n\n\n<div class=\"wp-block-column is-layout-flow wp-block-column-is-layout-flow\" style=\"flex-basis:33.33%\">\n<p>Waller Heerstra\u00dfe 55<\/p>\n\n\n\n<p>28217 Bremen<\/p>\n\n\n\n<p><strong>Telefon:<\/strong> 0421 387 77-65<\/p>\n<\/div>\n<\/div>\n\n\n\n<div class=\"wp-block-columns has-white-background-color has-background is-layout-flex wp-container-core-columns-is-layout-f9777a04 wp-block-columns-is-layout-flex\" style=\"padding-top:var(--wp--preset--spacing--20);padding-right:var(--wp--preset--spacing--20);padding-bottom:var(--wp--preset--spacing--20);padding-left:var(--wp--preset--spacing--20)\">\n<div class=\"wp-block-column is-layout-flow wp-block-column-is-layout-flow\" style=\"flex-basis:66.66%\">\n<h3 class=\"wp-block-heading\" style=\"font-style:normal;font-weight:400\">Deutschkurse f\u00fcr Menschen Beeintr\u00e4chtigung<\/h3>\n\n\n\n<p><strong>Gerichtet an:<\/strong> Menschen mit Beeintr\u00e4chtigung<\/p>\n\n\n\n<p><strong>Angebot:<\/strong> Deutschkurse f\u00fcr Menschen mit Beeintr\u00e4chtigung<\/p>\n\n\n\n<p>Ansprechpartnerin: Nodira Iminova; Nicole Stockrahm<\/p>\n\n\n\n<p><strong>Angebotsart:<\/strong> Vor Ort<\/p>\n\n\n\n<p><strong>Sprache:<\/strong> Deutsch, Englisch, Russisch, T\u00fcrkisch und Usbekisch<\/p>\n\n\n\n<p><strong>Link:<\/strong> <a href=\"https:\/\/www.zsb-drk-bremen.de\/deutschkurse-beeintraechtigung\/\">https:\/\/www.zsb-drk-bremen.de\/deutschkurse-beeintraechtigung\/<\/a><\/p>\n<\/div>\n\n\n\n<div class=\"wp-block-column is-layout-flow wp-block-column-is-layout-flow\" style=\"flex-basis:33.33%\">\n<p>Steffensweg 171<\/p>\n\n\n\n<p>28217 Bremen<\/p>\n\n\n\n<p><strong>Telefon:<\/strong> 01575 \/ 3126124; 0177 \/ 4252842<\/p>\n<\/div>\n<\/div>\n\n\n\n<div class=\"wp-block-columns has-white-background-color has-background is-layout-flex wp-container-core-columns-is-layout-f9777a04 wp-block-columns-is-layout-flex\" style=\"padding-top:var(--wp--preset--spacing--20);padding-right:var(--wp--preset--spacing--20);padding-bottom:var(--wp--preset--spacing--20);padding-left:var(--wp--preset--spacing--20)\">\n<div class=\"wp-block-column is-layout-flow wp-block-column-is-layout-flow\" style=\"flex-basis:66.66%\">\n<h3 class=\"wp-block-heading\" style=\"font-style:normal;font-weight:400\">Selbsthilfe Bremen<\/h3>\n\n\n\n<p><strong>Gerichtet an:<\/strong> Menschen mit Beeintr\u00e4chtigung<\/p>\n\n\n\n<p>Herkunftsl\u00e4nder: osteurop\u00e4ische und franz\u00f6sisch-\/englisch-\/afrikanische Sprachr\u00e4ume<\/p>\n\n\n\n<p><strong>Angebot:<\/strong> Beratung und Selbsthilfe mit und f\u00fcr Menschen mit Behinderungen aus osteurop\u00e4ischen und franz\u00f6sisch-\/englisch-\/afrikanischen Sprachr\u00e4umen!<\/p>\n\n\n\n<p>Ansprechpartnerin: Yulia Kuhn; Mamadou Gayo Balde<\/p>\n\n\n\n<p><strong>Angebotsart:<\/strong> Vor Ort<\/p>\n\n\n\n<p><strong>Sprache:<\/strong> Ukrainisch, Russisch, Arabisch, Farsi\/Dari, Spanisch, T\u00fcrkisch, Ungarisch und andere<\/p>\n\n\n\n<p><strong>Link:<\/strong> <a href=\"https:\/\/www.lags-bremen.de\/ab-sofort-beratung-und-selbsthilfesprechstunden-fuer-menschen-mit-behinderungen-aus-russisch-osteuropaeischem-und-franzoesisch-englisch-afrikanischen-sprachraeumen\/\">https:\/\/www.lags-bremen.de\/ab-sofort-beratung-und-selbsthilfesprechstunden-fuer-menschen-mit-behinderungen-aus-russisch-osteuropaeischem-und-franzoesisch-englisch-afrikanischen-sprachraeumen\/<\/a><\/p>\n<\/div>\n\n\n\n<div class=\"wp-block-column is-layout-flow wp-block-column-is-layout-flow\" style=\"flex-basis:33.33%\">\n<p>Waller Heerstra\u00dfe 55<\/p>\n\n\n\n<p>28217 Bremen<\/p>\n\n\n\n<p><strong>Telefon:<\/strong> 0421\/38777-14; 04212738777-14 oder 38777-180&nbsp;<\/p>\n<\/div>\n<\/div>\n\n\n\n<div class=\"wp-block-columns has-white-background-color has-background is-layout-flex wp-container-core-columns-is-layout-f9777a04 wp-block-columns-is-layout-flex\" style=\"padding-top:var(--wp--preset--spacing--20);padding-right:var(--wp--preset--spacing--20);padding-bottom:var(--wp--preset--spacing--20);padding-left:var(--wp--preset--spacing--20)\">\n<div class=\"wp-block-column is-layout-flow wp-block-column-is-layout-flow\" style=\"flex-basis:66.66%\">\n<h3 class=\"wp-block-heading\" style=\"font-style:normal;font-weight:400\">BLICKPUNKT Auge<\/h3>\n\n\n\n<p><strong>Gerichtet an:<\/strong> Menschen mit Sehbehinderung<\/p>\n\n\n\n<p><strong>Angebot:<\/strong> Beratung zu Sehhilfen, Hilfsmittel; Rechtliche und finanzielle Anspr\u00fcche; Schulungen zur sicheren Orientierung im Stra\u00dfenverkehr; etc.<\/p>\n\n\n\n<p><strong>Art des Angebots:<\/strong> [\u00dcbersicht zu Beratungen in 13 Bundesl\u00e4ndern]<\/p>\n\n\n\n<p><strong>Link:<\/strong> <a href=\"https:\/\/blickpunkt-auge.de\/regionen.html\">https:\/\/blickpunkt-auge.de\/regionen.html<\/a><\/p>\n<\/div>\n\n\n\n<div class=\"wp-block-column is-layout-flow wp-block-column-is-layout-flow\" style=\"flex-basis:33.33%\">\n<p><\/p>\n<\/div>\n<\/div>\n","protected":false},"excerpt":{"rendered":"<p>Lebenshilfe Bremen Gerichtet an: Familien und Menschen mit Behinderung Angebot: Beratung zu Migration und Behinderung Ansprechpartnerin: Seyda I\u015fik Angebotsart: Vor Ort Sprache: t\u00fcrkische und deutsche Link: https:\/\/lebenshilfe-bremen.de\/angebote\/beratung\/migration-und-behinderung\/ Waller Heerstra\u00dfe 55 28217 Bremen Telefon: 0421 387 77-65 Deutschkurse f\u00fcr Menschen Beeintr\u00e4chtigung Gerichtet an: Menschen mit Beeintr\u00e4chtigung Angebot: Deutschkurse f\u00fcr Menschen mit Beeintr\u00e4chtigung Ansprechpartnerin: Nodira Iminova; Nicole&hellip; <a class=\"more-link\" href=\"https:\/\/behinderung-und-flucht.isl-ev.de\/en\/beratung-selbsthilfe\/bremen\/\">Continue reading <span class=\"screen-reader-text\">Bremen<\/span><\/a><\/p>\n","protected":false},"author":1,"featured_media":0,"parent":132,"menu_order":0,"comment_status":"closed","ping_status":"closed","template":"","meta":{"ub_ctt_via":"","inline_featured_image":false,"_themeisle_gutenberg_block_has_review":false,"_mc_calendar":[],"footnotes":""},"categories":[],"tags":[],"class_list":["post-4453","page","type-page","status-publish","hentry","entry"],"featured_image_src":null,"yoast_head":"<!-- This site is optimized with the Yoast SEO plugin v21.4 - https:\/\/yoast.com\/wordpress\/plugins\/seo\/ -->\n<title>Bremen - Infoseite der Interessenvertretung Selbstbestimmt Leben in Deutschland e.V.<\/title>\n<meta name=\"robots\" content=\"index, follow, max-snippet:-1, max-image-preview:large, max-video-preview:-1\" \/>\n<link rel=\"canonical\" href=\"https:\/\/behinderung-und-flucht.isl-ev.de\/en\/beratung-selbsthilfe\/bremen\/\" \/>\n<meta property=\"og:locale\" content=\"en_US\" \/>\n<meta property=\"og:type\" content=\"article\" \/>\n<meta property=\"og:title\" content=\"Bremen - Infoseite der Interessenvertretung Selbstbestimmt Leben in Deutschland e.V.\" \/>\n<meta property=\"og:description\" content=\"Lebenshilfe Bremen Gerichtet an: Familien und Menschen mit Behinderung Angebot: Beratung zu Migration und Behinderung Ansprechpartnerin: Seyda I\u015fik Angebotsart: Vor Ort Sprache: t\u00fcrkische und deutsche Link: https:\/\/lebenshilfe-bremen.de\/angebote\/beratung\/migration-und-behinderung\/ Waller Heerstra\u00dfe 55 28217 Bremen Telefon: 0421 387 77-65 Deutschkurse f\u00fcr Menschen Beeintr\u00e4chtigung Gerichtet an: Menschen mit Beeintr\u00e4chtigung Angebot: Deutschkurse f\u00fcr Menschen mit Beeintr\u00e4chtigung Ansprechpartnerin: Nodira Iminova; Nicole&hellip; Continue reading Bremen\" \/>\n<meta property=\"og:url\" content=\"https:\/\/behinderung-und-flucht.isl-ev.de\/en\/beratung-selbsthilfe\/bremen\/\" \/>\n<meta property=\"og:site_name\" content=\"Infoseite der Interessenvertretung Selbstbestimmt Leben in Deutschland e.V.\" \/>\n<meta property=\"article:modified_time\" content=\"2023-07-11T20:03:55+00:00\" \/>\n<meta name=\"twitter:card\" content=\"summary_large_image\" \/>\n<meta name=\"twitter:label1\" content=\"Est. reading time\" \/>\n\t<meta name=\"twitter:data1\" content=\"1 minute\" \/>\n<script type=\"application\/ld+json\" class=\"yoast-schema-graph\">{\"@context\":\"https:\/\/schema.org\",\"@graph\":[{\"@type\":\"WebPage\",\"@id\":\"https:\/\/behinderung-und-flucht.isl-ev.de\/en\/beratung-selbsthilfe\/bremen\/\",\"url\":\"https:\/\/behinderung-und-flucht.isl-ev.de\/en\/beratung-selbsthilfe\/bremen\/\",\"name\":\"Bremen - Infoseite der Interessenvertretung Selbstbestimmt Leben in Deutschland e.V.\",\"isPartOf\":{\"@id\":\"https:\/\/behinderung-und-flucht.isl-ev.de\/en\/#website\"},\"datePublished\":\"2023-06-26T21:03:33+00:00\",\"dateModified\":\"2023-07-11T20:03:55+00:00\",\"breadcrumb\":{\"@id\":\"https:\/\/behinderung-und-flucht.isl-ev.de\/en\/beratung-selbsthilfe\/bremen\/#breadcrumb\"},\"inLanguage\":\"en-US\",\"potentialAction\":[{\"@type\":\"ReadAction\",\"target\":[\"https:\/\/behinderung-und-flucht.isl-ev.de\/en\/beratung-selbsthilfe\/bremen\/\"]}]},{\"@type\":\"BreadcrumbList\",\"@id\":\"https:\/\/behinderung-und-flucht.isl-ev.de\/en\/beratung-selbsthilfe\/bremen\/#breadcrumb\",\"itemListElement\":[{\"@type\":\"ListItem\",\"position\":1,\"name\":\"Startseite\",\"item\":\"https:\/\/behinderung-und-flucht.isl-ev.de\/en\/\"},{\"@type\":\"ListItem\",\"position\":2,\"name\":\"Beratung\/Selbsthilfe\",\"item\":\"https:\/\/behinderung-und-flucht.isl-ev.de\/en\/beratung-selbsthilfe\/\"},{\"@type\":\"ListItem\",\"position\":3,\"name\":\"Bremen\"}]},{\"@type\":\"WebSite\",\"@id\":\"https:\/\/behinderung-und-flucht.isl-ev.de\/en\/#website\",\"url\":\"https:\/\/behinderung-und-flucht.isl-ev.de\/en\/\",\"name\":\"Infoseite f\u00fcr gefl\u00fcchtete Menschen mit Behinderungen oder chronischen Erkrankungen\",\"description\":\"Informationen f\u00fcr gefl\u00fcchtete Menschen mit Behinderungen oder chronischen Erkrankungen\",\"publisher\":{\"@id\":\"https:\/\/behinderung-und-flucht.isl-ev.de\/en\/#organization\"},\"alternateName\":\"Infoseite f\u00fcr gefl\u00fcchtete Menschen mit Behinderungen\",\"potentialAction\":[{\"@type\":\"SearchAction\",\"target\":{\"@type\":\"EntryPoint\",\"urlTemplate\":\"https:\/\/behinderung-und-flucht.isl-ev.de\/en\/?s={search_term_string}\"},\"query-input\":\"required name=search_term_string\"}],\"inLanguage\":\"en-US\"},{\"@type\":\"Organization\",\"@id\":\"https:\/\/behinderung-und-flucht.isl-ev.de\/en\/#organization\",\"name\":\"Infoseite der Interessenvertretung Selbstbestimmt Leben in Deutschland e.V.\",\"url\":\"https:\/\/behinderung-und-flucht.isl-ev.de\/en\/\",\"logo\":{\"@type\":\"ImageObject\",\"inLanguage\":\"en-US\",\"@id\":\"https:\/\/behinderung-und-flucht.isl-ev.de\/en\/#\/schema\/logo\/image\/\",\"url\":\"https:\/\/behinderung-und-flucht.isl-ev.de\/wp-content\/uploads\/2022\/09\/logo-infoseite-04.svg\",\"contentUrl\":\"https:\/\/behinderung-und-flucht.isl-ev.de\/wp-content\/uploads\/2022\/09\/logo-infoseite-04.svg\",\"caption\":\"Infoseite der Interessenvertretung Selbstbestimmt Leben in Deutschland e.V.\"},\"image\":{\"@id\":\"https:\/\/behinderung-und-flucht.isl-ev.de\/en\/#\/schema\/logo\/image\/\"}}]}<\/script>\n<!-- \/ Yoast SEO plugin. -->","yoast_head_json":{"title":"Bremen - Infoseite der Interessenvertretung Selbstbestimmt Leben in Deutschland e.V.","robots":{"index":"index","follow":"follow","max-snippet":"max-snippet:-1","max-image-preview":"max-image-preview:large","max-video-preview":"max-video-preview:-1"},"canonical":"https:\/\/behinderung-und-flucht.isl-ev.de\/en\/beratung-selbsthilfe\/bremen\/","og_locale":"en_US","og_type":"article","og_title":"Bremen - Infoseite der Interessenvertretung Selbstbestimmt Leben in Deutschland e.V.","og_description":"Lebenshilfe Bremen Gerichtet an: Familien und Menschen mit Behinderung Angebot: Beratung zu Migration und Behinderung Ansprechpartnerin: Seyda I\u015fik Angebotsart: Vor Ort Sprache: t\u00fcrkische und deutsche Link: https:\/\/lebenshilfe-bremen.de\/angebote\/beratung\/migration-und-behinderung\/ Waller Heerstra\u00dfe 55 28217 Bremen Telefon: 0421 387 77-65 Deutschkurse f\u00fcr Menschen Beeintr\u00e4chtigung Gerichtet an: Menschen mit Beeintr\u00e4chtigung Angebot: Deutschkurse f\u00fcr Menschen mit Beeintr\u00e4chtigung Ansprechpartnerin: Nodira Iminova; Nicole&hellip; Continue reading Bremen","og_url":"https:\/\/behinderung-und-flucht.isl-ev.de\/en\/beratung-selbsthilfe\/bremen\/","og_site_name":"Infoseite der Interessenvertretung Selbstbestimmt Leben in Deutschland e.V.","article_modified_time":"2023-07-11T20:03:55+00:00","twitter_card":"summary_large_image","twitter_misc":{"Est. reading time":"1 minute"},"schema":{"@context":"https:\/\/schema.org","@graph":[{"@type":"WebPage","@id":"https:\/\/behinderung-und-flucht.isl-ev.de\/en\/beratung-selbsthilfe\/bremen\/","url":"https:\/\/behinderung-und-flucht.isl-ev.de\/en\/beratung-selbsthilfe\/bremen\/","name":"Bremen - Infoseite der Interessenvertretung Selbstbestimmt Leben in Deutschland e.V.","isPartOf":{"@id":"https:\/\/behinderung-und-flucht.isl-ev.de\/en\/#website"},"datePublished":"2023-06-26T21:03:33+00:00","dateModified":"2023-07-11T20:03:55+00:00","breadcrumb":{"@id":"https:\/\/behinderung-und-flucht.isl-ev.de\/en\/beratung-selbsthilfe\/bremen\/#breadcrumb"},"inLanguage":"en-US","potentialAction":[{"@type":"ReadAction","target":["https:\/\/behinderung-und-flucht.isl-ev.de\/en\/beratung-selbsthilfe\/bremen\/"]}]},{"@type":"BreadcrumbList","@id":"https:\/\/behinderung-und-flucht.isl-ev.de\/en\/beratung-selbsthilfe\/bremen\/#breadcrumb","itemListElement":[{"@type":"ListItem","position":1,"name":"Startseite","item":"https:\/\/behinderung-und-flucht.isl-ev.de\/en\/"},{"@type":"ListItem","position":2,"name":"Beratung\/Selbsthilfe","item":"https:\/\/behinderung-und-flucht.isl-ev.de\/en\/beratung-selbsthilfe\/"},{"@type":"ListItem","position":3,"name":"Bremen"}]},{"@type":"WebSite","@id":"https:\/\/behinderung-und-flucht.isl-ev.de\/en\/#website","url":"https:\/\/behinderung-und-flucht.isl-ev.de\/en\/","name":"Infoseite f\u00fcr gefl\u00fcchtete Menschen mit Behinderungen oder chronischen Erkrankungen","description":"Informationen f\u00fcr gefl\u00fcchtete Menschen mit Behinderungen oder chronischen Erkrankungen","publisher":{"@id":"https:\/\/behinderung-und-flucht.isl-ev.de\/en\/#organization"},"alternateName":"Infoseite f\u00fcr gefl\u00fcchtete Menschen mit Behinderungen","potentialAction":[{"@type":"SearchAction","target":{"@type":"EntryPoint","urlTemplate":"https:\/\/behinderung-und-flucht.isl-ev.de\/en\/?s={search_term_string}"},"query-input":"required name=search_term_string"}],"inLanguage":"en-US"},{"@type":"Organization","@id":"https:\/\/behinderung-und-flucht.isl-ev.de\/en\/#organization","name":"Infoseite der Interessenvertretung Selbstbestimmt Leben in Deutschland e.V.","url":"https:\/\/behinderung-und-flucht.isl-ev.de\/en\/","logo":{"@type":"ImageObject","inLanguage":"en-US","@id":"https:\/\/behinderung-und-flucht.isl-ev.de\/en\/#\/schema\/logo\/image\/","url":"https:\/\/behinderung-und-flucht.isl-ev.de\/wp-content\/uploads\/2022\/09\/logo-infoseite-04.svg","contentUrl":"https:\/\/behinderung-und-flucht.isl-ev.de\/wp-content\/uploads\/2022\/09\/logo-infoseite-04.svg","caption":"Infoseite der Interessenvertretung Selbstbestimmt Leben in Deutschland e.V."},"image":{"@id":"https:\/\/behinderung-und-flucht.isl-ev.de\/en\/#\/schema\/logo\/image\/"}}]}},"_links":{"self":[{"href":"https:\/\/behinderung-und-flucht.isl-ev.de\/en\/wp-json\/wp\/v2\/pages\/4453","targetHints":{"allow":["GET"]}}],"collection":[{"href":"https:\/\/behinderung-und-flucht.isl-ev.de\/en\/wp-json\/wp\/v2\/pages"}],"about":[{"href":"https:\/\/behinderung-und-flucht.isl-ev.de\/en\/wp-json\/wp\/v2\/types\/page"}],"author":[{"embeddable":true,"href":"https:\/\/behinderung-und-flucht.isl-ev.de\/en\/wp-json\/wp\/v2\/users\/1"}],"replies":[{"embeddable":true,"href":"https:\/\/behinderung-und-flucht.isl-ev.de\/en\/wp-json\/wp\/v2\/comments?post=4453"}],"version-history":[{"count":6,"href":"https:\/\/behinderung-und-flucht.isl-ev.de\/en\/wp-json\/wp\/v2\/pages\/4453\/revisions"}],"predecessor-version":[{"id":4575,"href":"https:\/\/behinderung-und-flucht.isl-ev.de\/en\/wp-json\/wp\/v2\/pages\/4453\/revisions\/4575"}],"up":[{"embeddable":true,"href":"https:\/\/behinderung-und-flucht.isl-ev.de\/en\/wp-json\/wp\/v2\/pages\/132"}],"wp:attachment":[{"href":"https:\/\/behinderung-und-flucht.isl-ev.de\/en\/wp-json\/wp\/v2\/media?parent=4453"}],"wp:term":[{"taxonomy":"category","embeddable":true,"href":"https:\/\/behinderung-und-flucht.isl-ev.de\/en\/wp-json\/wp\/v2\/categories?post=4453"},{"taxonomy":"post_tag","embeddable":true,"href":"https:\/\/behinderung-und-flucht.isl-ev.de\/en\/wp-json\/wp\/v2\/tags?post=4453"}],"curies":[{"name":"wp","href":"https:\/\/api.w.org\/{rel}","templated":true}]}}