{"id":4298,"date":"2023-04-18T22:15:38","date_gmt":"2023-04-18T20:15:38","guid":{"rendered":"https:\/\/behinderung-und-flucht.isl-ev.de\/?page_id=4298"},"modified":"2023-05-08T14:40:26","modified_gmt":"2023-05-08T12:40:26","slug":"bayern","status":"publish","type":"page","link":"https:\/\/behinderung-und-flucht.isl-ev.de\/en\/beratung-selbsthilfe-en\/bayern\/","title":{"rendered":"Bayern"},"content":{"rendered":"\n<h4 class=\"wp-block-heading has-white-background-color has-background\">The translation is in progress and will be available soon.<\/h4>\n\n\n\n<div id=\"wp-block-themeisle-blocks-accordion-d7fbeffa\" class=\"wp-block-themeisle-blocks-accordion exclusive\">\n<details class=\"wp-block-themeisle-blocks-accordion-item\"><summary class=\"wp-block-themeisle-blocks-accordion-item__title\"><div><strong>M\u00fcnchen<\/strong><\/div><\/summary><div class=\"wp-block-themeisle-blocks-accordion-item__content\">\n<div class=\"wp-block-columns has-white-background-color has-background is-layout-flex wp-container-core-columns-is-layout-f9777a04 wp-block-columns-is-layout-flex\" style=\"padding-top:var(--wp--preset--spacing--20);padding-right:var(--wp--preset--spacing--20);padding-bottom:var(--wp--preset--spacing--20);padding-left:var(--wp--preset--spacing--20)\">\n<div class=\"wp-block-column is-layout-flow wp-block-column-is-layout-flow\" style=\"flex-basis:66.66%\">\n<h3 class=\"wp-block-heading\" style=\"font-style:normal;font-weight:400\">AbilityAid<\/h3>\n\n\n\n<p><strong>Gerichtet an:<\/strong> Gefl\u00fcchtete und Migrant*innen mit Behinderung oder mit chronischer Erkrankung<\/p>\n\n\n\n<p><strong>Angebot:<\/strong> Beratung zu Pflegeleistungen, Schwerbehindertenausweis, Asyl\/Aufenthalt. Deutschkurse und Computerkurse<\/p>\n\n\n\n<p><strong>Angebotsart:<\/strong> telefonisch oder vor Ort, Beratung nur bei vorheriger Anmeldung&nbsp;<\/p>\n\n\n\n<p><strong>Link:<\/strong> <a href=\"https:\/\/arrivalaid.org\/abilityaid\/\">https:\/\/arrivalaid.org\/abilityaid\/<\/a><\/p>\n<\/div>\n\n\n\n<div class=\"wp-block-column is-layout-flow wp-block-column-is-layout-flow\" style=\"flex-basis:33.33%\">\n<p><strong>Telefon:<\/strong> +49 89 5999 8823&nbsp;<\/p>\n<\/div>\n<\/div>\n\n\n\n<div class=\"wp-block-columns has-white-background-color has-background is-layout-flex wp-container-core-columns-is-layout-f9777a04 wp-block-columns-is-layout-flex\" style=\"padding-top:var(--wp--preset--spacing--20);padding-right:var(--wp--preset--spacing--20);padding-bottom:var(--wp--preset--spacing--20);padding-left:var(--wp--preset--spacing--20)\">\n<div class=\"wp-block-column is-layout-flow wp-block-column-is-layout-flow\" style=\"flex-basis:66.66%\">\n<h3 class=\"wp-block-heading\" style=\"font-style:normal;font-weight:400\">Refugio M\u00fcnchen<\/h3>\n\n\n\n<p><strong>Gerichtet an:<\/strong> Gefl\u00fcchtete Erwachsene und Minderj\u00e4hrige, welche durch Krieg, Verfolgung, Folter und Flucht traumatisiert wurden oder psychisch erkrankt sind<\/p>\n\n\n\n<p><strong>Angebot:<\/strong> Psychotherapie und Sozialberatung<\/p>\n\n\n\n<p><strong>Angebotsart:<\/strong> vor Ort<\/p>\n\n\n\n<p><strong>Sprache:<\/strong> bei Bedarf mit Unterst\u00fctzung von Dolmetscher*innen<\/p>\n\n\n\n<p>Link: <a href=\"https:\/\/www.refugio-muenchen.de\/angebote-fuer-menschen-mit-fluchterfahrung-und-migrationshintergrund\/psychotherapie-und-sozialberatung\/\">https:\/\/www.refugio-muenchen.de\/angebote-fuer-menschen-mit-fluchterfahrung-und-migrationshintergrund\/psychotherapie-und-sozialberatung\/<\/a><\/p>\n<\/div>\n\n\n\n<div class=\"wp-block-column is-layout-flow wp-block-column-is-layout-flow\" style=\"flex-basis:33.33%\">\n<p>Adresse: Rosenheimer Stra\u00dfe 38<\/p>\n\n\n\n<p><strong>Telefon:<\/strong> 089 \/ 98 29 57 0<\/p>\n<\/div>\n<\/div>\n\n\n\n<div class=\"wp-block-columns has-white-background-color has-background is-layout-flex wp-container-core-columns-is-layout-f9777a04 wp-block-columns-is-layout-flex\" style=\"padding-top:var(--wp--preset--spacing--20);padding-right:var(--wp--preset--spacing--20);padding-bottom:var(--wp--preset--spacing--20);padding-left:var(--wp--preset--spacing--20)\">\n<div class=\"wp-block-column is-layout-flow wp-block-column-is-layout-flow\" style=\"flex-basis:66.66%\">\n<h3 class=\"wp-block-heading\" style=\"font-style:normal;font-weight:400\">Refugio M\u00fcnchen<\/h3>\n\n\n\n<h4 class=\"wp-block-heading\">Mental Health Center Ukraine<\/h4>\n\n\n\n<p><strong>Gerichtet an:<\/strong> Ausdr\u00fccklich offen f\u00fcr alle gefl\u00fcchteten Kinder, Jugendliche und Erwachsene aus der Ukraine. Auch Drittstaatsangeh\u00f6rige, ausl\u00e4ndische Student*innen. Besonders die vulnerablen LGBTIQ*-Gefl\u00fcchteten, Rom*nija, der Gruppe der BIPoC (Black, Indigenous, People of Color) sowie Menschen mit Behinderung.<\/p>\n\n\n\n<p>Herkunftsl\u00e4nder: Alle Gefl\u00fcchteten aus Ukraine: Ukrainer, Drittstaatsangeh\u00f6rige, ausl\u00e4ndische Student*innen \u2026<\/p>\n\n\n\n<p><strong>Angebot:<\/strong> Mental Health Center Ukraine<\/p>\n\n\n\n<p><strong>Angebotsart:<\/strong> vor Ort<\/p>\n\n\n\n<p><strong>Link:<\/strong> <a href=\"https:\/\/www.refugio-muenchen.de\/ukraine\/mentalhealthcenterukraine\/\">https:\/\/www.refugio-muenchen.de\/ukraine\/mentalhealthcenterukraine\/<\/a><\/p>\n<\/div>\n\n\n\n<div class=\"wp-block-column is-layout-flow wp-block-column-is-layout-flow\" style=\"flex-basis:33.33%\">\n<p>Adresse: Franziskanerstr. 14<\/p>\n\n\n\n<p><strong>Telefon:<\/strong> 089 \/ 98 29 57 45 (Donnerstag 13-15 Uhr)<\/p>\n<\/div>\n<\/div>\n\n\n\n<div class=\"wp-block-columns has-white-background-color has-background is-layout-flex wp-container-core-columns-is-layout-f9777a04 wp-block-columns-is-layout-flex\" style=\"padding-top:var(--wp--preset--spacing--20);padding-right:var(--wp--preset--spacing--20);padding-bottom:var(--wp--preset--spacing--20);padding-left:var(--wp--preset--spacing--20)\">\n<div class=\"wp-block-column is-layout-flow wp-block-column-is-layout-flow\" style=\"flex-basis:66.66%\">\n<h3 class=\"wp-block-heading\" style=\"font-style:normal;font-weight:400\">Refugio M\u00fcnchen<\/h3>\n\n\n\n<h4 class=\"wp-block-heading\">Linksammlung f\u00fcr Gefl\u00fcchtete aus der Ukraine<\/h4>\n\n\n\n<p><strong>Gerichtet an:<\/strong> Ukrainer<\/p>\n\n\n\n<p><strong>Angebot:<\/strong> Linksammlung f\u00fcr Gefl\u00fcchtete aus der Ukraine<\/p>\n\n\n\n<p><strong>Link:<\/strong> <a href=\"https:\/\/www.refugio-muenchen.de\/ukraine\/links-ukraine\/\">https:\/\/www.refugio-muenchen.de\/ukraine\/links-ukraine\/<\/a><\/p>\n<\/div>\n\n\n\n<div class=\"wp-block-column is-layout-flow wp-block-column-is-layout-flow\" style=\"flex-basis:33.33%\">\n<p>Adresse: Franziskanerstr. 14<\/p>\n\n\n\n<p><strong>Telefon:<\/strong> 089 \/ 98 29 57 45 (Donnerstag 13-15 Uhr)<\/p>\n<\/div>\n<\/div>\n\n\n\n<div class=\"wp-block-columns has-white-background-color has-background is-layout-flex wp-container-core-columns-is-layout-f9777a04 wp-block-columns-is-layout-flex\" style=\"padding-top:var(--wp--preset--spacing--20);padding-right:var(--wp--preset--spacing--20);padding-bottom:var(--wp--preset--spacing--20);padding-left:var(--wp--preset--spacing--20)\">\n<div class=\"wp-block-column is-layout-flow wp-block-column-is-layout-flow\" style=\"flex-basis:66.66%\">\n<h3 class=\"wp-block-heading\" style=\"font-style:normal;font-weight:400\">Diakonie M\u00fcnchen und Oberbayern<\/h3>\n\n\n\n<h4 class=\"wp-block-heading\">Refugee Stairway Center<\/h4>\n\n\n\n<p><strong>Gerichtet an:<\/strong> Gefl\u00fcchtete mit traumatisierende Erfahrungen, psychischen Belastungen<\/p>\n\n\n\n<p><strong>Angebot:<\/strong> Psychosoziale Beratung<\/p>\n\n\n\n<p><strong>Angebotsart:<\/strong> vor Ort<\/p>\n\n\n\n<p><strong>Sprache:<\/strong> bei Bedarf stehen Dolmetscher*innen zur Verf\u00fcgung<\/p>\n\n\n\n<p><strong>Link:<\/strong> <a href=\"https:\/\/www.diakonie-muc-obb.de\/migration\/gefluechtete\/refugee-stairway-center\">https:\/\/www.diakonie-muc-obb.de\/migration\/gefluechtete\/refugee-stairway-center<\/a><\/p>\n<\/div>\n\n\n\n<div class=\"wp-block-column is-layout-flow wp-block-column-is-layout-flow\" style=\"flex-basis:33.33%\">\n<p><strong>Adresse: <\/strong><\/p>\n\n\n\n<p>Seidlstra\u00dfe 4 \/ EG<\/p>\n\n\n\n<p>80335 M\u00fcnchen<\/p>\n\n\n\n<p><strong>Telefon:<\/strong> &nbsp;(089) 12 69 91 5102<\/p>\n<\/div>\n<\/div>\n\n\n\n<div class=\"wp-block-columns has-white-background-color has-background is-layout-flex wp-container-core-columns-is-layout-f9777a04 wp-block-columns-is-layout-flex\" style=\"padding-top:var(--wp--preset--spacing--20);padding-right:var(--wp--preset--spacing--20);padding-bottom:var(--wp--preset--spacing--20);padding-left:var(--wp--preset--spacing--20)\">\n<div class=\"wp-block-column is-layout-flow wp-block-column-is-layout-flow\" style=\"flex-basis:66.66%\">\n<h3 class=\"wp-block-heading\" style=\"font-style:normal;font-weight:400\">Caritas<\/h3>\n\n\n\n<h4 class=\"wp-block-heading\">Psychologischer Dienst f\u00fcr Ausl\u00e4nder<\/h4>\n\n\n\n<p><strong>Gerichtet an:<\/strong> Gefl\u00fcchtete und Traumatisierte<\/p>\n\n\n\n<p>Herkunftsland: Ukraine<\/p>\n\n\n\n<p><strong>Angebot:<\/strong> Psychologische Beratung<\/p>\n\n\n\n<p><strong>Angebotsart:<\/strong> Telefonisch und vor Ort mit vorheriger Anmeldung oder ohne Termin montags-freitags von 10 bis 16 Uhr (offene Sprechstunde)<\/p>\n\n\n\n<p><strong>Sprache:<\/strong> muttersprachliche Mitarbeitende oder dolmetschergest\u00fctzt<\/p>\n\n\n\n<p><strong>Link:<\/strong> <a href=\"https:\/\/www.caritas-psychische-gesundheit-fuer-auslaender.de\/de\">https:\/\/www.caritas-psychische-gesundheit-fuer-auslaender.de\/de<\/a><\/p>\n<\/div>\n\n\n\n<div class=\"wp-block-column is-layout-flow wp-block-column-is-layout-flow\" style=\"flex-basis:33.33%\">\n<p><strong>Adresse: <\/strong><\/p>\n\n\n\n<p>Seidlstra\u00dfe 4 \/ EG<\/p>\n\n\n\n<p>80335 M\u00fcnchen<\/p>\n\n\n\n<p><strong>Telefon:<\/strong> &nbsp;0151 541 38 747; 089 23 11 49 30<\/p>\n<\/div>\n<\/div>\n<\/div><\/details>\n\n\n\n<details class=\"wp-block-themeisle-blocks-accordion-item\"><summary class=\"wp-block-themeisle-blocks-accordion-item__title\"><div><strong>M\u00fcnchen und Oberbayern<\/strong><\/div><\/summary><div class=\"wp-block-themeisle-blocks-accordion-item__content\">\n<div class=\"wp-block-columns has-white-background-color has-background is-layout-flex wp-container-core-columns-is-layout-f9777a04 wp-block-columns-is-layout-flex\" style=\"padding-top:var(--wp--preset--spacing--20);padding-right:var(--wp--preset--spacing--20);padding-bottom:var(--wp--preset--spacing--20);padding-left:var(--wp--preset--spacing--20)\">\n<div class=\"wp-block-column is-layout-flow wp-block-column-is-layout-flow\" style=\"flex-basis:66.66%\">\n<h3 class=\"wp-block-heading\" style=\"font-style:normal;font-weight:400\">Caritas<\/h3>\n\n\n\n<h4 class=\"wp-block-heading\">Fl\u00fcchtlingshilfe Ukraine M\u00fcnchen und Oberbayern<\/h4>\n\n\n\n<p><strong>Herkunftsl\u00e4nder:<\/strong> Ukraine<\/p>\n\n\n\n<p><strong>Angebot:<\/strong> \u00dcbersicht der Fl\u00fcchtlingshilfe Ukraine von Caritas in M\u00fcnchen und Oberbayern&nbsp;<\/p>\n\n\n\n<p><strong>Link:<\/strong> <a href=\"https:\/\/www.caritas-fluechtlingshilfe-ukraine.de\/de\">https:\/\/www.caritas-fluechtlingshilfe-ukraine.de\/de<\/a><\/p>\n<\/div>\n\n\n\n<div class=\"wp-block-column is-layout-flow wp-block-column-is-layout-flow\" style=\"flex-basis:33.33%\">\n<p><\/p>\n<\/div>\n<\/div>\n<\/div><\/details>\n<\/div>\n","protected":false},"excerpt":{"rendered":"<p>The translation is in progress and will be available soon.<\/p>\n","protected":false},"author":1,"featured_media":0,"parent":763,"menu_order":0,"comment_status":"closed","ping_status":"closed","template":"","meta":{"ub_ctt_via":"","inline_featured_image":false,"_themeisle_gutenberg_block_has_review":false,"_mc_calendar":[],"footnotes":""},"categories":[],"tags":[],"class_list":["post-4298","page","type-page","status-publish","hentry","entry"],"featured_image_src":null,"yoast_head":"<!-- This site is optimized with the Yoast SEO plugin v21.4 - https:\/\/yoast.com\/wordpress\/plugins\/seo\/ -->\n<title>Bayern - Infoseite der Interessenvertretung Selbstbestimmt Leben in Deutschland e.V.<\/title>\n<meta name=\"robots\" content=\"index, follow, max-snippet:-1, max-image-preview:large, max-video-preview:-1\" \/>\n<link rel=\"canonical\" href=\"https:\/\/behinderung-und-flucht.isl-ev.de\/en\/beratung-selbsthilfe-en\/bayern\/\" \/>\n<meta property=\"og:locale\" content=\"en_US\" \/>\n<meta property=\"og:type\" content=\"article\" \/>\n<meta property=\"og:title\" content=\"Bayern - Infoseite der Interessenvertretung Selbstbestimmt Leben in Deutschland e.V.\" \/>\n<meta property=\"og:description\" content=\"The translation is in progress and will be available soon.\" \/>\n<meta property=\"og:url\" content=\"https:\/\/behinderung-und-flucht.isl-ev.de\/en\/beratung-selbsthilfe-en\/bayern\/\" \/>\n<meta property=\"og:site_name\" content=\"Infoseite der Interessenvertretung Selbstbestimmt Leben in Deutschland e.V.\" \/>\n<meta property=\"article:modified_time\" content=\"2023-05-08T12:40:26+00:00\" \/>\n<meta name=\"twitter:card\" content=\"summary_large_image\" \/>\n<meta name=\"twitter:label1\" content=\"Est. reading time\" \/>\n\t<meta name=\"twitter:data1\" content=\"2 minutes\" \/>\n<script type=\"application\/ld+json\" class=\"yoast-schema-graph\">{\"@context\":\"https:\/\/schema.org\",\"@graph\":[{\"@type\":\"WebPage\",\"@id\":\"https:\/\/behinderung-und-flucht.isl-ev.de\/en\/beratung-selbsthilfe-en\/bayern\/\",\"url\":\"https:\/\/behinderung-und-flucht.isl-ev.de\/en\/beratung-selbsthilfe-en\/bayern\/\",\"name\":\"Bayern - Infoseite der Interessenvertretung Selbstbestimmt Leben in Deutschland e.V.\",\"isPartOf\":{\"@id\":\"https:\/\/behinderung-und-flucht.isl-ev.de\/en\/#website\"},\"datePublished\":\"2023-04-18T20:15:38+00:00\",\"dateModified\":\"2023-05-08T12:40:26+00:00\",\"breadcrumb\":{\"@id\":\"https:\/\/behinderung-und-flucht.isl-ev.de\/en\/beratung-selbsthilfe-en\/bayern\/#breadcrumb\"},\"inLanguage\":\"en-US\",\"potentialAction\":[{\"@type\":\"ReadAction\",\"target\":[\"https:\/\/behinderung-und-flucht.isl-ev.de\/en\/beratung-selbsthilfe-en\/bayern\/\"]}]},{\"@type\":\"BreadcrumbList\",\"@id\":\"https:\/\/behinderung-und-flucht.isl-ev.de\/en\/beratung-selbsthilfe-en\/bayern\/#breadcrumb\",\"itemListElement\":[{\"@type\":\"ListItem\",\"position\":1,\"name\":\"Startseite\",\"item\":\"https:\/\/behinderung-und-flucht.isl-ev.de\/en\/\"},{\"@type\":\"ListItem\",\"position\":2,\"name\":\"Counseling\/self-help\",\"item\":\"https:\/\/behinderung-und-flucht.isl-ev.de\/en\/beratung-selbsthilfe-en\/\"},{\"@type\":\"ListItem\",\"position\":3,\"name\":\"Bayern\"}]},{\"@type\":\"WebSite\",\"@id\":\"https:\/\/behinderung-und-flucht.isl-ev.de\/en\/#website\",\"url\":\"https:\/\/behinderung-und-flucht.isl-ev.de\/en\/\",\"name\":\"Infoseite f\u00fcr gefl\u00fcchtete Menschen mit Behinderungen oder chronischen Erkrankungen\",\"description\":\"Informationen f\u00fcr gefl\u00fcchtete Menschen mit Behinderungen oder chronischen Erkrankungen\",\"publisher\":{\"@id\":\"https:\/\/behinderung-und-flucht.isl-ev.de\/en\/#organization\"},\"alternateName\":\"Infoseite f\u00fcr gefl\u00fcchtete Menschen mit Behinderungen\",\"potentialAction\":[{\"@type\":\"SearchAction\",\"target\":{\"@type\":\"EntryPoint\",\"urlTemplate\":\"https:\/\/behinderung-und-flucht.isl-ev.de\/en\/?s={search_term_string}\"},\"query-input\":\"required name=search_term_string\"}],\"inLanguage\":\"en-US\"},{\"@type\":\"Organization\",\"@id\":\"https:\/\/behinderung-und-flucht.isl-ev.de\/en\/#organization\",\"name\":\"Infoseite der Interessenvertretung Selbstbestimmt Leben in Deutschland e.V.\",\"url\":\"https:\/\/behinderung-und-flucht.isl-ev.de\/en\/\",\"logo\":{\"@type\":\"ImageObject\",\"inLanguage\":\"en-US\",\"@id\":\"https:\/\/behinderung-und-flucht.isl-ev.de\/en\/#\/schema\/logo\/image\/\",\"url\":\"https:\/\/behinderung-und-flucht.isl-ev.de\/wp-content\/uploads\/2022\/09\/logo-infoseite-04.svg\",\"contentUrl\":\"https:\/\/behinderung-und-flucht.isl-ev.de\/wp-content\/uploads\/2022\/09\/logo-infoseite-04.svg\",\"caption\":\"Infoseite der Interessenvertretung Selbstbestimmt Leben in Deutschland e.V.\"},\"image\":{\"@id\":\"https:\/\/behinderung-und-flucht.isl-ev.de\/en\/#\/schema\/logo\/image\/\"}}]}<\/script>\n<!-- \/ Yoast SEO plugin. -->","yoast_head_json":{"title":"Bayern - Infoseite der Interessenvertretung Selbstbestimmt Leben in Deutschland e.V.","robots":{"index":"index","follow":"follow","max-snippet":"max-snippet:-1","max-image-preview":"max-image-preview:large","max-video-preview":"max-video-preview:-1"},"canonical":"https:\/\/behinderung-und-flucht.isl-ev.de\/en\/beratung-selbsthilfe-en\/bayern\/","og_locale":"en_US","og_type":"article","og_title":"Bayern - Infoseite der Interessenvertretung Selbstbestimmt Leben in Deutschland e.V.","og_description":"The translation is in progress and will be available soon.","og_url":"https:\/\/behinderung-und-flucht.isl-ev.de\/en\/beratung-selbsthilfe-en\/bayern\/","og_site_name":"Infoseite der Interessenvertretung Selbstbestimmt Leben in Deutschland e.V.","article_modified_time":"2023-05-08T12:40:26+00:00","twitter_card":"summary_large_image","twitter_misc":{"Est. reading time":"2 minutes"},"schema":{"@context":"https:\/\/schema.org","@graph":[{"@type":"WebPage","@id":"https:\/\/behinderung-und-flucht.isl-ev.de\/en\/beratung-selbsthilfe-en\/bayern\/","url":"https:\/\/behinderung-und-flucht.isl-ev.de\/en\/beratung-selbsthilfe-en\/bayern\/","name":"Bayern - Infoseite der Interessenvertretung Selbstbestimmt Leben in Deutschland e.V.","isPartOf":{"@id":"https:\/\/behinderung-und-flucht.isl-ev.de\/en\/#website"},"datePublished":"2023-04-18T20:15:38+00:00","dateModified":"2023-05-08T12:40:26+00:00","breadcrumb":{"@id":"https:\/\/behinderung-und-flucht.isl-ev.de\/en\/beratung-selbsthilfe-en\/bayern\/#breadcrumb"},"inLanguage":"en-US","potentialAction":[{"@type":"ReadAction","target":["https:\/\/behinderung-und-flucht.isl-ev.de\/en\/beratung-selbsthilfe-en\/bayern\/"]}]},{"@type":"BreadcrumbList","@id":"https:\/\/behinderung-und-flucht.isl-ev.de\/en\/beratung-selbsthilfe-en\/bayern\/#breadcrumb","itemListElement":[{"@type":"ListItem","position":1,"name":"Startseite","item":"https:\/\/behinderung-und-flucht.isl-ev.de\/en\/"},{"@type":"ListItem","position":2,"name":"Counseling\/self-help","item":"https:\/\/behinderung-und-flucht.isl-ev.de\/en\/beratung-selbsthilfe-en\/"},{"@type":"ListItem","position":3,"name":"Bayern"}]},{"@type":"WebSite","@id":"https:\/\/behinderung-und-flucht.isl-ev.de\/en\/#website","url":"https:\/\/behinderung-und-flucht.isl-ev.de\/en\/","name":"Infoseite f\u00fcr gefl\u00fcchtete Menschen mit Behinderungen oder chronischen Erkrankungen","description":"Informationen f\u00fcr gefl\u00fcchtete Menschen mit Behinderungen oder chronischen Erkrankungen","publisher":{"@id":"https:\/\/behinderung-und-flucht.isl-ev.de\/en\/#organization"},"alternateName":"Infoseite f\u00fcr gefl\u00fcchtete Menschen mit Behinderungen","potentialAction":[{"@type":"SearchAction","target":{"@type":"EntryPoint","urlTemplate":"https:\/\/behinderung-und-flucht.isl-ev.de\/en\/?s={search_term_string}"},"query-input":"required name=search_term_string"}],"inLanguage":"en-US"},{"@type":"Organization","@id":"https:\/\/behinderung-und-flucht.isl-ev.de\/en\/#organization","name":"Infoseite der Interessenvertretung Selbstbestimmt Leben in Deutschland e.V.","url":"https:\/\/behinderung-und-flucht.isl-ev.de\/en\/","logo":{"@type":"ImageObject","inLanguage":"en-US","@id":"https:\/\/behinderung-und-flucht.isl-ev.de\/en\/#\/schema\/logo\/image\/","url":"https:\/\/behinderung-und-flucht.isl-ev.de\/wp-content\/uploads\/2022\/09\/logo-infoseite-04.svg","contentUrl":"https:\/\/behinderung-und-flucht.isl-ev.de\/wp-content\/uploads\/2022\/09\/logo-infoseite-04.svg","caption":"Infoseite der Interessenvertretung Selbstbestimmt Leben in Deutschland e.V."},"image":{"@id":"https:\/\/behinderung-und-flucht.isl-ev.de\/en\/#\/schema\/logo\/image\/"}}]}},"_links":{"self":[{"href":"https:\/\/behinderung-und-flucht.isl-ev.de\/en\/wp-json\/wp\/v2\/pages\/4298","targetHints":{"allow":["GET"]}}],"collection":[{"href":"https:\/\/behinderung-und-flucht.isl-ev.de\/en\/wp-json\/wp\/v2\/pages"}],"about":[{"href":"https:\/\/behinderung-und-flucht.isl-ev.de\/en\/wp-json\/wp\/v2\/types\/page"}],"author":[{"embeddable":true,"href":"https:\/\/behinderung-und-flucht.isl-ev.de\/en\/wp-json\/wp\/v2\/users\/1"}],"replies":[{"embeddable":true,"href":"https:\/\/behinderung-und-flucht.isl-ev.de\/en\/wp-json\/wp\/v2\/comments?post=4298"}],"version-history":[{"count":2,"href":"https:\/\/behinderung-und-flucht.isl-ev.de\/en\/wp-json\/wp\/v2\/pages\/4298\/revisions"}],"predecessor-version":[{"id":4300,"href":"https:\/\/behinderung-und-flucht.isl-ev.de\/en\/wp-json\/wp\/v2\/pages\/4298\/revisions\/4300"}],"up":[{"embeddable":true,"href":"https:\/\/behinderung-und-flucht.isl-ev.de\/en\/wp-json\/wp\/v2\/pages\/763"}],"wp:attachment":[{"href":"https:\/\/behinderung-und-flucht.isl-ev.de\/en\/wp-json\/wp\/v2\/media?parent=4298"}],"wp:term":[{"taxonomy":"category","embeddable":true,"href":"https:\/\/behinderung-und-flucht.isl-ev.de\/en\/wp-json\/wp\/v2\/categories?post=4298"},{"taxonomy":"post_tag","embeddable":true,"href":"https:\/\/behinderung-und-flucht.isl-ev.de\/en\/wp-json\/wp\/v2\/tags?post=4298"}],"curies":[{"name":"wp","href":"https:\/\/api.w.org\/{rel}","templated":true}]}}