{"id":4170,"date":"2023-05-06T17:44:06","date_gmt":"2023-05-06T15:44:06","guid":{"rendered":"https:\/\/behinderung-und-flucht.isl-ev.de\/?page_id=4170"},"modified":"2024-12-31T00:44:29","modified_gmt":"2024-12-30T23:44:29","slug":"project-we-for-us","status":"publish","type":"page","link":"https:\/\/behinderung-und-flucht.isl-ev.de\/en\/selbstvertretung-2\/project-we-for-us\/","title":{"rendered":"Project We for us"},"content":{"rendered":"\n<h5 class=\"wp-block-heading\">This page provides information about the project:<\/h5>\n\n\n\n<h2 class=\"wp-block-heading has-text-color\" style=\"color:#91025b\">We for us! <\/h2>\n\n\n\n<h4 class=\"wp-block-heading\">Self-representation of refugees with disabilities and\/or chronic illnesses in Germany!<\/h4>\n\n\n<div class=\"wp-block-image\">\n<figure class=\"aligncenter size-full is-resized\"><img loading=\"lazy\" decoding=\"async\" width=\"1024\" height=\"456\" src=\"https:\/\/behinderung-und-flucht.isl-ev.de\/wp-content\/uploads\/2022\/10\/2021_DSEE_Logo_Dreizeilig-RGB-1c-schwarz-1024x456px-2-3.png\" alt=\"Logo German Foundation for Commitment and Volunteering\" class=\"wp-image-1655\" style=\"width:256px;height:114px\" srcset=\"https:\/\/behinderung-und-flucht.isl-ev.de\/wp-content\/uploads\/2022\/10\/2021_DSEE_Logo_Dreizeilig-RGB-1c-schwarz-1024x456px-2-3.png 1024w, https:\/\/behinderung-und-flucht.isl-ev.de\/wp-content\/uploads\/2022\/10\/2021_DSEE_Logo_Dreizeilig-RGB-1c-schwarz-1024x456px-2-3-300x134.png 300w, https:\/\/behinderung-und-flucht.isl-ev.de\/wp-content\/uploads\/2022\/10\/2021_DSEE_Logo_Dreizeilig-RGB-1c-schwarz-1024x456px-2-3-768x342.png 768w\" sizes=\"auto, (max-width: 1024px) 100vw, 1024px\" \/><\/figure>\n<\/div>\n\n\n<div style=\"height:31px\" aria-hidden=\"true\" class=\"wp-block-spacer\"><\/div>\n\n\n\n<h4 class=\"wp-block-heading\">Welcome to the project &#8220;We for us!&#8221;<\/h4>\n\n\n\n<p><strong>What is the project &#8220;Wir f\u00fcr Uns! Self-Representation of Refugees with Disabilities and\/or Chronic Illnesses in Germany.&#8221;?<\/strong><\/p>\n\n\n\n<p>In this project, refugees with disabilities and\/or chronic illnesses are invited to meet and talk to each other to help each other with their experiences. Often, people with disabilities and refugee experiences are spread out in Germany and do not have the opportunity to meet regularly with others who have similar concerns and understand them. With the online groups there is the possibility to talk every week with people who have similar experiences and not feel alone.<\/p>\n\n\n\n<p>In the group it is then possible to say what is needed, what problems exist and the other participants but also we as ISL can support to find ways and solutions. If, for example, it turns out that there are many open questions about the possibilities of care in the case of disabilities, we can plan an event at which reports are given on this and questions can be asked on this topic. We can also invite individuals to meetings who can then answer questions. It is important here that the refugees themselves can decide together what they need and help themselves and not other people dictate the offer. All people who are affected and also caring relatives or parents of children with disabilities can participate. If it turns out that other Zoom groups are wanted, we can also offer groups on other days. We can talk about this on Wednesday.<\/p>\n\n\n\n<div style=\"height:16px\" aria-hidden=\"true\" class=\"wp-block-spacer\"><\/div>\n\n\n\n<div class=\"wp-block-group alignfull has-white-background-color has-background\" style=\"padding-top:var(--wp--preset--spacing--70);padding-right:var(--wp--preset--spacing--70);padding-bottom:var(--wp--preset--spacing--70);padding-left:var(--wp--preset--spacing--70)\"><div class=\"wp-block-group__inner-container is-layout-constrained wp-container-core-group-is-layout-80212159 wp-block-group-is-layout-constrained\">\n<h2 class=\"wp-block-heading\"><i class=\"icon fa fa-comments-o\" aria-hidden=\"true\"> <\/i>  Online meeting- Wednesdays<\/h2>\n\n\n\n<h3 class=\"wp-block-heading\"><strong>What is it?<\/strong><\/h3>\n\n\n\n<p>The online video group Wednesdays is an exchange of experiences in Ukrainian\/Russian<br>language, that the Interessenvertretung Selbstbestimmt Leben in Deutschland e.V. (ISL) in th<br>within the framework of the project: &#8220;Wir f\u00fcr Uns! Self-representation of refugees with<br>Disabilities and\/or Chronic Illnesses in Germany.&#8221; offers.<br>It takes place every Wednesday (until 16.12.2022) from 17:00 to 19:00.<\/p>\n<\/div><\/div>\n\n\n\n<h3 class=\"wp-block-heading\">For whom is this group:<\/h3>\n\n\n\n<p>Refugees in Germany with disabilities and\/ or chronic<br>illnesses, who want to get to know each other and talk about their<br>problems, but also want to change something about the conditions together.<br>would like to help organize events in order to make life in Germany better and<br>easier for themselves and others with the same experiences. We from ISL<br>support you with our experience in self-advocacy.<\/p>\n\n\n\n<div class=\"wp-block-group alignfull has-white-background-color has-background\" style=\"padding-top:var(--wp--preset--spacing--70);padding-right:var(--wp--preset--spacing--70);padding-bottom:var(--wp--preset--spacing--70);padding-left:var(--wp--preset--spacing--70)\"><div class=\"wp-block-group__inner-container is-layout-constrained wp-container-core-group-is-layout-80212159 wp-block-group-is-layout-constrained\">\n<h3 class=\"wp-block-heading\">What happens in this group?<\/h3>\n\n\n\n<p>We meet weekly on Wednesdays from 5:00 p.m. to 7:00 p.m. via Zoom (which is a<br>Program that allows people to meet online for video conferencing) to share.<br>A facilitator will guide and support the group, but otherwise the<br>design is very free and the topics can be chosen freely. If the group<br>that certain help is needed, or topics in Germany are unclear, we can look for a solution and<br>topics are unclear, we can look for a solution and plan events on desired topics.<br>plan. In this way, really desired and important questions can be clarified.<\/p>\n<\/div><\/div>\n\n\n\n<p>Here you can download the invitation to the weekly group on Wednesdays in Ukrainian\/Russian for those affected:<\/p>\n\n\n\n<div class=\"wp-block-columns is-layout-flex wp-container-core-columns-is-layout-9d6595d7 wp-block-columns-is-layout-flex\">\n<div class=\"wp-block-column has-white-background-color has-background is-layout-flow wp-block-column-is-layout-flow\">\n<h5 class=\"wp-block-heading\">(DE)<\/h5>\n\n\n\n<p><a href=\"https:\/\/behinderung-und-flucht.isl-ev.de\/wp-content\/uploads\/2022\/11\/Wir-fuer-Uns-Projekt-Einladung_Deutsche-Sprache.pdf\">Einladung<\/a><\/p>\n<\/div>\n\n\n\n<div class=\"wp-block-column has-white-background-color has-background is-layout-flow wp-block-column-is-layout-flow\">\n<h5 class=\"wp-block-heading\">(UKR)<\/h5>\n\n\n\n<p><a href=\"https:\/\/behinderung-und-flucht.isl-ev.de\/wp-content\/uploads\/2022\/11\/Wir-fuer-Uns-Projekt-Einladung_Ukrainische-Sprache.pdf\">\u0437\u0430\u043f\u0440\u043e\u0448\u0435\u043d\u043d\u044f<\/a><\/p>\n<\/div>\n\n\n\n<div class=\"wp-block-column has-white-background-color has-background is-layout-flow wp-block-column-is-layout-flow\">\n<h5 class=\"wp-block-heading\">(RU)<\/h5>\n\n\n\n<p><a href=\"https:\/\/behinderung-und-flucht.isl-ev.de\/wp-content\/uploads\/2022\/11\/Wir-fuer-Uns-Projekt-Einladung_Russische-Sprache.pdf\">\u043f\u0440\u0438\u0433\u043b\u0430\u0448\u0435\u043d\u0438\u044f<\/a><\/p>\n<\/div>\n<\/div>\n\n\n\n<div style=\"height:30px\" aria-hidden=\"true\" class=\"wp-block-spacer\"><\/div>\n\n\n\n<div class=\"wp-block-group alignfull has-white-background-color has-background\"><div class=\"wp-block-group__inner-container is-layout-constrained wp-block-group-is-layout-constrained\">\n<h3 class=\"wp-block-heading\"><i class=\"icon fa fa-bell-o\" aria-hidden=\"true\"> <\/i>  News:<\/h3>\n\n\n\n<p>From the project &#8220;We for us! Self-representation of refugees with disabilities and\/or chronic illnesses in Germany!&#8221; project, which was funded by the German Foundation for Commitment and Volunteering until the end of 2022, the &#8220;Network of Ukrainian people with disabilities in Germany&#8221; was created.<\/p>\n\n\n\n<p>This network meets every Wednesday from 5 to 7 pm via the online platform Zoom.<\/p>\n\n\n\n<p>For questions please write to <a href=\"mailto:flucht@isl-ev.de\">flucht@isl-ev.de<\/a><\/p>\n\n\n\n<p>If you would like to participate just click on the following link on Wednesdays 5pm:<\/p>\n\n\n\n<p><a href=\"https:\/\/zoom.us\/j\/98009732074?pwd=dDVqUHV3ZlM4RWRvL05rdDlIL3gvUT09\">https:\/\/zoom.us\/j\/98009732074?pwd=dDVqUHV3ZlM4RWRvL05rdDlIL3gvUT09<\/a><\/p>\n\n\n\n<p>Everything about the project: <a data-type=\"page\" data-id=\"4155\" href=\"https:\/\/behinderung-und-flucht.isl-ev.de\/selbstvertretung\/projekt-wir-fuer-uns\/\">We for us<\/a> <\/p>\n<\/div><\/div>\n\n\n\n<p><a href=\"https:\/\/behinderung-und-flucht.isl-ev.de\/en\/selbstvertretung-2\/past-events\/\">Past events &gt;&gt;<\/a><\/p>\n\n\n\n<p><\/p>\n","protected":false},"excerpt":{"rendered":"<p>This page provides information about the project: We for us! Self-representation of refugees with disabilities and\/or chronic illnesses in Germany! Welcome to the project &#8220;We for us!&#8221; What is the project &#8220;Wir f\u00fcr Uns! Self-Representation of Refugees with Disabilities and\/or Chronic Illnesses in Germany.&#8221;? In this project, refugees with disabilities and\/or chronic illnesses are invited&hellip; <a class=\"more-link\" href=\"https:\/\/behinderung-und-flucht.isl-ev.de\/en\/selbstvertretung-2\/project-we-for-us\/\">Continue reading <span class=\"screen-reader-text\">Project We for us<\/span><\/a><\/p>\n","protected":false},"author":1,"featured_media":0,"parent":1385,"menu_order":0,"comment_status":"closed","ping_status":"closed","template":"","meta":{"ub_ctt_via":"","inline_featured_image":false,"_themeisle_gutenberg_block_has_review":false,"_mc_calendar":[],"footnotes":""},"categories":[],"tags":[],"class_list":["post-4170","page","type-page","status-publish","hentry","entry"],"featured_image_src":null,"yoast_head":"<!-- This site is optimized with the Yoast SEO plugin v21.4 - https:\/\/yoast.com\/wordpress\/plugins\/seo\/ -->\n<title>Project We for us - Infoseite der Interessenvertretung Selbstbestimmt Leben in Deutschland e.V.<\/title>\n<meta name=\"robots\" content=\"index, follow, max-snippet:-1, max-image-preview:large, max-video-preview:-1\" \/>\n<link rel=\"canonical\" href=\"https:\/\/behinderung-und-flucht.isl-ev.de\/en\/selbstvertretung-2\/project-we-for-us\/\" \/>\n<meta property=\"og:locale\" content=\"en_US\" \/>\n<meta property=\"og:type\" content=\"article\" \/>\n<meta property=\"og:title\" content=\"Project We for us - Infoseite der Interessenvertretung Selbstbestimmt Leben in Deutschland e.V.\" \/>\n<meta property=\"og:description\" content=\"This page provides information about the project: We for us! Self-representation of refugees with disabilities and\/or chronic illnesses in Germany! Welcome to the project &#8220;We for us!&#8221; What is the project &#8220;Wir f\u00fcr Uns! Self-Representation of Refugees with Disabilities and\/or Chronic Illnesses in Germany.&#8221;? In this project, refugees with disabilities and\/or chronic illnesses are invited&hellip; Continue reading Project We for us\" \/>\n<meta property=\"og:url\" content=\"https:\/\/behinderung-und-flucht.isl-ev.de\/en\/selbstvertretung-2\/project-we-for-us\/\" \/>\n<meta property=\"og:site_name\" content=\"Infoseite der Interessenvertretung Selbstbestimmt Leben in Deutschland e.V.\" \/>\n<meta property=\"article:modified_time\" content=\"2024-12-30T23:44:29+00:00\" \/>\n<meta property=\"og:image\" content=\"https:\/\/behinderung-und-flucht.isl-ev.de\/wp-content\/uploads\/2022\/10\/2021_DSEE_Logo_Dreizeilig-RGB-1c-schwarz-1024x456px-2-3.png\" \/>\n<meta name=\"twitter:card\" content=\"summary_large_image\" \/>\n<meta name=\"twitter:label1\" content=\"Est. reading time\" \/>\n\t<meta name=\"twitter:data1\" content=\"4 minutes\" \/>\n<script type=\"application\/ld+json\" class=\"yoast-schema-graph\">{\"@context\":\"https:\/\/schema.org\",\"@graph\":[{\"@type\":\"WebPage\",\"@id\":\"https:\/\/behinderung-und-flucht.isl-ev.de\/en\/selbstvertretung-2\/project-we-for-us\/\",\"url\":\"https:\/\/behinderung-und-flucht.isl-ev.de\/en\/selbstvertretung-2\/project-we-for-us\/\",\"name\":\"Project We for us - Infoseite der Interessenvertretung Selbstbestimmt Leben in Deutschland e.V.\",\"isPartOf\":{\"@id\":\"https:\/\/behinderung-und-flucht.isl-ev.de\/en\/#website\"},\"datePublished\":\"2023-05-06T15:44:06+00:00\",\"dateModified\":\"2024-12-30T23:44:29+00:00\",\"breadcrumb\":{\"@id\":\"https:\/\/behinderung-und-flucht.isl-ev.de\/en\/selbstvertretung-2\/project-we-for-us\/#breadcrumb\"},\"inLanguage\":\"en-US\",\"potentialAction\":[{\"@type\":\"ReadAction\",\"target\":[\"https:\/\/behinderung-und-flucht.isl-ev.de\/en\/selbstvertretung-2\/project-we-for-us\/\"]}]},{\"@type\":\"BreadcrumbList\",\"@id\":\"https:\/\/behinderung-und-flucht.isl-ev.de\/en\/selbstvertretung-2\/project-we-for-us\/#breadcrumb\",\"itemListElement\":[{\"@type\":\"ListItem\",\"position\":1,\"name\":\"Startseite\",\"item\":\"https:\/\/behinderung-und-flucht.isl-ev.de\/en\/\"},{\"@type\":\"ListItem\",\"position\":2,\"name\":\"Self-representation\",\"item\":\"https:\/\/behinderung-und-flucht.isl-ev.de\/en\/selbstvertretung-2\/\"},{\"@type\":\"ListItem\",\"position\":3,\"name\":\"Project We for us\"}]},{\"@type\":\"WebSite\",\"@id\":\"https:\/\/behinderung-und-flucht.isl-ev.de\/en\/#website\",\"url\":\"https:\/\/behinderung-und-flucht.isl-ev.de\/en\/\",\"name\":\"Infoseite f\u00fcr gefl\u00fcchtete Menschen mit Behinderungen oder chronischen Erkrankungen\",\"description\":\"Informationen f\u00fcr gefl\u00fcchtete Menschen mit Behinderungen oder chronischen Erkrankungen\",\"publisher\":{\"@id\":\"https:\/\/behinderung-und-flucht.isl-ev.de\/en\/#organization\"},\"alternateName\":\"Infoseite f\u00fcr gefl\u00fcchtete Menschen mit Behinderungen\",\"potentialAction\":[{\"@type\":\"SearchAction\",\"target\":{\"@type\":\"EntryPoint\",\"urlTemplate\":\"https:\/\/behinderung-und-flucht.isl-ev.de\/en\/?s={search_term_string}\"},\"query-input\":\"required name=search_term_string\"}],\"inLanguage\":\"en-US\"},{\"@type\":\"Organization\",\"@id\":\"https:\/\/behinderung-und-flucht.isl-ev.de\/en\/#organization\",\"name\":\"Infoseite der Interessenvertretung Selbstbestimmt Leben in Deutschland e.V.\",\"url\":\"https:\/\/behinderung-und-flucht.isl-ev.de\/en\/\",\"logo\":{\"@type\":\"ImageObject\",\"inLanguage\":\"en-US\",\"@id\":\"https:\/\/behinderung-und-flucht.isl-ev.de\/en\/#\/schema\/logo\/image\/\",\"url\":\"https:\/\/behinderung-und-flucht.isl-ev.de\/wp-content\/uploads\/2022\/09\/logo-infoseite-04.svg\",\"contentUrl\":\"https:\/\/behinderung-und-flucht.isl-ev.de\/wp-content\/uploads\/2022\/09\/logo-infoseite-04.svg\",\"caption\":\"Infoseite der Interessenvertretung Selbstbestimmt Leben in Deutschland e.V.\"},\"image\":{\"@id\":\"https:\/\/behinderung-und-flucht.isl-ev.de\/en\/#\/schema\/logo\/image\/\"}}]}<\/script>\n<!-- \/ Yoast SEO plugin. -->","yoast_head_json":{"title":"Project We for us - Infoseite der Interessenvertretung Selbstbestimmt Leben in Deutschland e.V.","robots":{"index":"index","follow":"follow","max-snippet":"max-snippet:-1","max-image-preview":"max-image-preview:large","max-video-preview":"max-video-preview:-1"},"canonical":"https:\/\/behinderung-und-flucht.isl-ev.de\/en\/selbstvertretung-2\/project-we-for-us\/","og_locale":"en_US","og_type":"article","og_title":"Project We for us - Infoseite der Interessenvertretung Selbstbestimmt Leben in Deutschland e.V.","og_description":"This page provides information about the project: We for us! Self-representation of refugees with disabilities and\/or chronic illnesses in Germany! Welcome to the project &#8220;We for us!&#8221; What is the project &#8220;Wir f\u00fcr Uns! Self-Representation of Refugees with Disabilities and\/or Chronic Illnesses in Germany.&#8221;? In this project, refugees with disabilities and\/or chronic illnesses are invited&hellip; Continue reading Project We for us","og_url":"https:\/\/behinderung-und-flucht.isl-ev.de\/en\/selbstvertretung-2\/project-we-for-us\/","og_site_name":"Infoseite der Interessenvertretung Selbstbestimmt Leben in Deutschland e.V.","article_modified_time":"2024-12-30T23:44:29+00:00","og_image":[{"url":"https:\/\/behinderung-und-flucht.isl-ev.de\/wp-content\/uploads\/2022\/10\/2021_DSEE_Logo_Dreizeilig-RGB-1c-schwarz-1024x456px-2-3.png"}],"twitter_card":"summary_large_image","twitter_misc":{"Est. reading time":"4 minutes"},"schema":{"@context":"https:\/\/schema.org","@graph":[{"@type":"WebPage","@id":"https:\/\/behinderung-und-flucht.isl-ev.de\/en\/selbstvertretung-2\/project-we-for-us\/","url":"https:\/\/behinderung-und-flucht.isl-ev.de\/en\/selbstvertretung-2\/project-we-for-us\/","name":"Project We for us - Infoseite der Interessenvertretung Selbstbestimmt Leben in Deutschland e.V.","isPartOf":{"@id":"https:\/\/behinderung-und-flucht.isl-ev.de\/en\/#website"},"datePublished":"2023-05-06T15:44:06+00:00","dateModified":"2024-12-30T23:44:29+00:00","breadcrumb":{"@id":"https:\/\/behinderung-und-flucht.isl-ev.de\/en\/selbstvertretung-2\/project-we-for-us\/#breadcrumb"},"inLanguage":"en-US","potentialAction":[{"@type":"ReadAction","target":["https:\/\/behinderung-und-flucht.isl-ev.de\/en\/selbstvertretung-2\/project-we-for-us\/"]}]},{"@type":"BreadcrumbList","@id":"https:\/\/behinderung-und-flucht.isl-ev.de\/en\/selbstvertretung-2\/project-we-for-us\/#breadcrumb","itemListElement":[{"@type":"ListItem","position":1,"name":"Startseite","item":"https:\/\/behinderung-und-flucht.isl-ev.de\/en\/"},{"@type":"ListItem","position":2,"name":"Self-representation","item":"https:\/\/behinderung-und-flucht.isl-ev.de\/en\/selbstvertretung-2\/"},{"@type":"ListItem","position":3,"name":"Project We for us"}]},{"@type":"WebSite","@id":"https:\/\/behinderung-und-flucht.isl-ev.de\/en\/#website","url":"https:\/\/behinderung-und-flucht.isl-ev.de\/en\/","name":"Infoseite f\u00fcr gefl\u00fcchtete Menschen mit Behinderungen oder chronischen Erkrankungen","description":"Informationen f\u00fcr gefl\u00fcchtete Menschen mit Behinderungen oder chronischen Erkrankungen","publisher":{"@id":"https:\/\/behinderung-und-flucht.isl-ev.de\/en\/#organization"},"alternateName":"Infoseite f\u00fcr gefl\u00fcchtete Menschen mit Behinderungen","potentialAction":[{"@type":"SearchAction","target":{"@type":"EntryPoint","urlTemplate":"https:\/\/behinderung-und-flucht.isl-ev.de\/en\/?s={search_term_string}"},"query-input":"required name=search_term_string"}],"inLanguage":"en-US"},{"@type":"Organization","@id":"https:\/\/behinderung-und-flucht.isl-ev.de\/en\/#organization","name":"Infoseite der Interessenvertretung Selbstbestimmt Leben in Deutschland e.V.","url":"https:\/\/behinderung-und-flucht.isl-ev.de\/en\/","logo":{"@type":"ImageObject","inLanguage":"en-US","@id":"https:\/\/behinderung-und-flucht.isl-ev.de\/en\/#\/schema\/logo\/image\/","url":"https:\/\/behinderung-und-flucht.isl-ev.de\/wp-content\/uploads\/2022\/09\/logo-infoseite-04.svg","contentUrl":"https:\/\/behinderung-und-flucht.isl-ev.de\/wp-content\/uploads\/2022\/09\/logo-infoseite-04.svg","caption":"Infoseite der Interessenvertretung Selbstbestimmt Leben in Deutschland e.V."},"image":{"@id":"https:\/\/behinderung-und-flucht.isl-ev.de\/en\/#\/schema\/logo\/image\/"}}]}},"_links":{"self":[{"href":"https:\/\/behinderung-und-flucht.isl-ev.de\/en\/wp-json\/wp\/v2\/pages\/4170","targetHints":{"allow":["GET"]}}],"collection":[{"href":"https:\/\/behinderung-und-flucht.isl-ev.de\/en\/wp-json\/wp\/v2\/pages"}],"about":[{"href":"https:\/\/behinderung-und-flucht.isl-ev.de\/en\/wp-json\/wp\/v2\/types\/page"}],"author":[{"embeddable":true,"href":"https:\/\/behinderung-und-flucht.isl-ev.de\/en\/wp-json\/wp\/v2\/users\/1"}],"replies":[{"embeddable":true,"href":"https:\/\/behinderung-und-flucht.isl-ev.de\/en\/wp-json\/wp\/v2\/comments?post=4170"}],"version-history":[{"count":6,"href":"https:\/\/behinderung-und-flucht.isl-ev.de\/en\/wp-json\/wp\/v2\/pages\/4170\/revisions"}],"predecessor-version":[{"id":5519,"href":"https:\/\/behinderung-und-flucht.isl-ev.de\/en\/wp-json\/wp\/v2\/pages\/4170\/revisions\/5519"}],"up":[{"embeddable":true,"href":"https:\/\/behinderung-und-flucht.isl-ev.de\/en\/wp-json\/wp\/v2\/pages\/1385"}],"wp:attachment":[{"href":"https:\/\/behinderung-und-flucht.isl-ev.de\/en\/wp-json\/wp\/v2\/media?parent=4170"}],"wp:term":[{"taxonomy":"category","embeddable":true,"href":"https:\/\/behinderung-und-flucht.isl-ev.de\/en\/wp-json\/wp\/v2\/categories?post=4170"},{"taxonomy":"post_tag","embeddable":true,"href":"https:\/\/behinderung-und-flucht.isl-ev.de\/en\/wp-json\/wp\/v2\/tags?post=4170"}],"curies":[{"name":"wp","href":"https:\/\/api.w.org\/{rel}","templated":true}]}}