{"id":3846,"date":"2023-02-16T19:33:16","date_gmt":"2023-02-16T18:33:16","guid":{"rendered":"https:\/\/behinderung-und-flucht.isl-ev.de\/?page_id=3846"},"modified":"2023-05-12T22:57:05","modified_gmt":"2023-05-12T20:57:05","slug":"supported-decision-making","status":"publish","type":"page","link":"https:\/\/behinderung-und-flucht.isl-ev.de\/en\/faq-2\/supported-decision-making\/","title":{"rendered":"Supported decision making"},"content":{"rendered":"\n<h4 class=\"wp-block-heading\"><strong>Currently only available in German language.<\/strong><\/h4>\n\n\n\n<div class=\"wp-block-columns is-layout-flex wp-container-core-columns-is-layout-9d6595d7 wp-block-columns-is-layout-flex\">\n<div class=\"wp-block-column is-layout-flow wp-block-column-is-layout-flow\" style=\"flex-basis:66.66%\">\n<h2 class=\"wp-block-heading\">Leicht und gut gemacht<\/h2>\n\n\n\n<p>Unterst\u00fctzte Entscheidungsfindung, Leicht und gut gemacht<\/p>\n\n\n\n<p>Artikel 12 UN-BRK \u2013 Gleiche Anerkennung vor dem Recht<br>[\u2026] (3) Die Vertragsstaaten treffen geeignete Ma\u00dfnahmen, um<br>Menschen mit Behinderungen Zugang zu der Unterst\u00fctzung zu<br>verschaffen, die sie bei der Aus\u00fcbung ihrer Rechts- und Handlungsf\u00e4higkeit<br>gegebenenfalls ben\u00f6tigen.<\/p>\n\n\n\n<p><\/p>\n\n\n\n<p>Die Brosch\u00fcre wurde von Menschen mit Behinderungen oder<br>Beeintr\u00e4chtigungen in Workshops und Redaktionstreffen erstellt.<\/p>\n\n\n\n<p><\/p>\n\n\n\n<p>Die Brosch\u00fcre richtet sich an Menschen, die eine Entscheidung treffen<br>m\u00fcssen und deren Unterst\u00fctzer*innen.<\/p>\n\n\n\n<p><\/p>\n\n\n\n<p>Wof\u00fcr kannst du die Brosch\u00fcre nutzen?<br>Die Brosch\u00fcre soll dich in deiner Entscheidungsfindung unterst\u00fctzen.<\/p>\n\n\n\n<p><\/p>\n\n\n\n<p>Wie unterst\u00fctzt sie dich?<\/p>\n\n\n\n<ul class=\"wp-block-list\">\n<li>Sie erkl\u00e4rt dir verschiedene Aspekte einer Entscheidung.<\/li>\n\n\n\n<li>Sie gibt dir Anregungen, welche M\u00f6glichkeiten der Unterst\u00fctzung du<br>nutzen kannst.<\/li>\n\n\n\n<li>Sie st\u00e4rkt dich, deine eigenen Entscheidungen zu treffen.<\/li>\n\n\n\n<li>Sie hilft dir durch den Prozess deiner Entscheidungsfindung.<\/li>\n<\/ul>\n<\/div>\n\n\n\n<div class=\"wp-block-column is-layout-flow wp-block-column-is-layout-flow\" style=\"flex-basis:33.33%\">\n<figure class=\"wp-block-image alignwide size-large\"><img loading=\"lazy\" decoding=\"async\" width=\"1024\" height=\"982\" src=\"https:\/\/behinderung-und-flucht.isl-ev.de\/wp-content\/uploads\/2023\/03\/wuenschen-1024x982.png\" alt=\"\" class=\"wp-image-3833\" srcset=\"https:\/\/behinderung-und-flucht.isl-ev.de\/wp-content\/uploads\/2023\/03\/wuenschen-1024x982.png 1024w, https:\/\/behinderung-und-flucht.isl-ev.de\/wp-content\/uploads\/2023\/03\/wuenschen-300x288.png 300w, https:\/\/behinderung-und-flucht.isl-ev.de\/wp-content\/uploads\/2023\/03\/wuenschen-768x737.png 768w, https:\/\/behinderung-und-flucht.isl-ev.de\/wp-content\/uploads\/2023\/03\/wuenschen-1536x1474.png 1536w, https:\/\/behinderung-und-flucht.isl-ev.de\/wp-content\/uploads\/2023\/03\/wuenschen-2048x1965.png 2048w, https:\/\/behinderung-und-flucht.isl-ev.de\/wp-content\/uploads\/2023\/03\/wuenschen-1568x1504.png 1568w\" sizes=\"auto, (max-width: 1024px) 100vw, 1024px\" \/><\/figure>\n<\/div>\n<\/div>\n\n\n\n<p>Wie kann dir die Brosch\u00fcre bei deiner eigenen Entscheidung helfen?<br>Hierf\u00fcr wurde ein Mitmachheft erstellt. Nimm die Entscheidung, vor der du stehst, und gehe den Fragenkatalog durch.<br>Du kannst deine Unterst\u00fctzer*innen einladen, diese Brosch\u00fcre gemeinsam mit dir auszuf\u00fcllen.<\/p>\n\n\n\n<div class=\"wp-block-columns has-white-background-color has-background is-layout-flex wp-container-core-columns-is-layout-f5e77106 wp-block-columns-is-layout-flex\" style=\"padding-top:0px;padding-right:0px;padding-bottom:0px;padding-left:0px\">\n<div class=\"wp-block-column is-layout-flow wp-block-column-is-layout-flow\">\n<h4 class=\"wp-block-heading\">Unterst\u00fctzte Entscheidungsfindung, <br>Leicht und gut gemacht<\/h4>\n<\/div>\n\n\n\n<div class=\"wp-block-column is-layout-flow wp-block-column-is-layout-flow\">\n<div class=\"wp-block-buttons is-content-justification-right is-layout-flex wp-container-core-buttons-is-layout-765c4724 wp-block-buttons-is-layout-flex\">\n<div class=\"wp-block-button\"><a class=\"wp-block-button__link wp-element-button\" href=\"https:\/\/behinderung-und-flucht.isl-ev.de\/wp-content\/uploads\/2023\/04\/UE_Leicht_und_gut_gemacht_LS.pdf\" style=\"border-radius:0px\">PDF herunterladen<\/a><\/div>\n<\/div>\n<\/div>\n<\/div>\n\n\n\n<div class=\"wp-block-columns has-white-background-color has-background is-layout-flex wp-container-core-columns-is-layout-f5e77106 wp-block-columns-is-layout-flex\" style=\"padding-top:0px;padding-right:0px;padding-bottom:0px;padding-left:0px\">\n<div class=\"wp-block-column is-layout-flow wp-block-column-is-layout-flow\">\n<h4 class=\"wp-block-heading\">Unterst\u00fctzte Entscheidungsfindung, Mitmachheft<\/h4>\n<\/div>\n\n\n\n<div class=\"wp-block-column is-layout-flow wp-block-column-is-layout-flow\">\n<div class=\"wp-block-buttons is-content-justification-right is-layout-flex wp-container-core-buttons-is-layout-765c4724 wp-block-buttons-is-layout-flex\">\n<div class=\"wp-block-button\"><a class=\"wp-block-button__link wp-element-button\" href=\"https:\/\/behinderung-und-flucht.isl-ev.de\/wp-content\/uploads\/2023\/04\/UE_Mitmachheft_LS.pdf\" style=\"border-radius:0px\">PDF herunterladen<\/a><\/div>\n<\/div>\n<\/div>\n<\/div>\n\n\n\n<p>In deutscher Sprache findest du das Projekt und die Links hier:<\/p>\n\n\n\n<p><a href=\"https:\/\/www.isl-ev.de\/index.php\/aktuelles\/projekte\/unterstuetzte-entscheidungsfindung\">https:\/\/www.isl-ev.de\/index.php\/aktuelles\/projekte\/unterstuetzte-entscheidungsfindung<\/a><\/p>\n\n\n\n<h4 class=\"wp-block-heading\">Download Presentations for supported decision making in ukrainian language:<\/h4>\n\n\n\n<div id=\"wp-block-themeisle-blocks-button-group-d4e3b49f\" class=\"wp-block-themeisle-blocks-button-group wp-block-buttons\">\n<div id=\"wp-block-themeisle-blocks-button-ed68a1bb\" class=\"wp-block-themeisle-blocks-button wp-block-button\"><a href=\"https:\/\/behinderung-und-flucht.isl-ev.de\/wp-content\/uploads\/2023\/05\/Praesentation-1-UKR-1.pptx\" target=\"_self\" rel=\"noopener noreferrer\" class=\"wp-block-button__link\"><span>Presentation 1<\/span><\/a><\/div>\n\n\n\n<div id=\"wp-block-themeisle-blocks-button-dc517d71\" class=\"wp-block-themeisle-blocks-button wp-block-button\"><a href=\"https:\/\/behinderung-und-flucht.isl-ev.de\/wp-content\/uploads\/2023\/05\/Praesentation-2-UKR-1.pptx\" target=\"_self\" rel=\"noopener noreferrer\" class=\"wp-block-button__link\"><span>Presentation 2<\/span><\/a><\/div>\n<\/div>\n","protected":false},"excerpt":{"rendered":"<p>Currently only available in German language. Leicht und gut gemacht Unterst\u00fctzte Entscheidungsfindung, Leicht und gut gemacht Artikel 12 UN-BRK \u2013 Gleiche Anerkennung vor dem Recht[\u2026] (3) Die Vertragsstaaten treffen geeignete Ma\u00dfnahmen, umMenschen mit Behinderungen Zugang zu der Unterst\u00fctzung zuverschaffen, die sie bei der Aus\u00fcbung ihrer Rechts- und Handlungsf\u00e4higkeitgegebenenfalls ben\u00f6tigen. Die Brosch\u00fcre wurde von Menschen mit&hellip; <a class=\"more-link\" href=\"https:\/\/behinderung-und-flucht.isl-ev.de\/en\/faq-2\/supported-decision-making\/\">Continue reading <span class=\"screen-reader-text\">Supported decision making<\/span><\/a><\/p>\n","protected":false},"author":1,"featured_media":0,"parent":2196,"menu_order":2,"comment_status":"closed","ping_status":"closed","template":"","meta":{"ub_ctt_via":"","inline_featured_image":false,"_themeisle_gutenberg_block_has_review":false,"_mc_calendar":[],"footnotes":""},"categories":[],"tags":[],"class_list":["post-3846","page","type-page","status-publish","hentry","entry"],"featured_image_src":null,"yoast_head":"<!-- This site is optimized with the Yoast SEO plugin v21.4 - https:\/\/yoast.com\/wordpress\/plugins\/seo\/ -->\n<title>Supported decision making - Infoseite der Interessenvertretung Selbstbestimmt Leben in Deutschland e.V.<\/title>\n<meta name=\"robots\" content=\"index, follow, max-snippet:-1, max-image-preview:large, max-video-preview:-1\" \/>\n<link rel=\"canonical\" href=\"https:\/\/behinderung-und-flucht.isl-ev.de\/en\/faq-2\/supported-decision-making\/\" \/>\n<meta property=\"og:locale\" content=\"en_US\" \/>\n<meta property=\"og:type\" content=\"article\" \/>\n<meta property=\"og:title\" content=\"Supported decision making - Infoseite der Interessenvertretung Selbstbestimmt Leben in Deutschland e.V.\" \/>\n<meta property=\"og:description\" content=\"Currently only available in German language. Leicht und gut gemacht Unterst\u00fctzte Entscheidungsfindung, Leicht und gut gemacht Artikel 12 UN-BRK \u2013 Gleiche Anerkennung vor dem Recht[\u2026] (3) Die Vertragsstaaten treffen geeignete Ma\u00dfnahmen, umMenschen mit Behinderungen Zugang zu der Unterst\u00fctzung zuverschaffen, die sie bei der Aus\u00fcbung ihrer Rechts- und Handlungsf\u00e4higkeitgegebenenfalls ben\u00f6tigen. Die Brosch\u00fcre wurde von Menschen mit&hellip; Continue reading Supported decision making\" \/>\n<meta property=\"og:url\" content=\"https:\/\/behinderung-und-flucht.isl-ev.de\/en\/faq-2\/supported-decision-making\/\" \/>\n<meta property=\"og:site_name\" content=\"Infoseite der Interessenvertretung Selbstbestimmt Leben in Deutschland e.V.\" \/>\n<meta property=\"article:modified_time\" content=\"2023-05-12T20:57:05+00:00\" \/>\n<meta property=\"og:image\" content=\"https:\/\/behinderung-und-flucht.isl-ev.de\/wp-content\/uploads\/2023\/03\/wuenschen-1024x982.png\" \/>\n<meta name=\"twitter:card\" content=\"summary_large_image\" \/>\n<meta name=\"twitter:label1\" content=\"Est. reading time\" \/>\n\t<meta name=\"twitter:data1\" content=\"2 minutes\" \/>\n<script type=\"application\/ld+json\" class=\"yoast-schema-graph\">{\"@context\":\"https:\/\/schema.org\",\"@graph\":[{\"@type\":\"WebPage\",\"@id\":\"https:\/\/behinderung-und-flucht.isl-ev.de\/en\/faq-2\/supported-decision-making\/\",\"url\":\"https:\/\/behinderung-und-flucht.isl-ev.de\/en\/faq-2\/supported-decision-making\/\",\"name\":\"Supported decision making - Infoseite der Interessenvertretung Selbstbestimmt Leben in Deutschland e.V.\",\"isPartOf\":{\"@id\":\"https:\/\/behinderung-und-flucht.isl-ev.de\/en\/#website\"},\"datePublished\":\"2023-02-16T18:33:16+00:00\",\"dateModified\":\"2023-05-12T20:57:05+00:00\",\"breadcrumb\":{\"@id\":\"https:\/\/behinderung-und-flucht.isl-ev.de\/en\/faq-2\/supported-decision-making\/#breadcrumb\"},\"inLanguage\":\"en-US\",\"potentialAction\":[{\"@type\":\"ReadAction\",\"target\":[\"https:\/\/behinderung-und-flucht.isl-ev.de\/en\/faq-2\/supported-decision-making\/\"]}]},{\"@type\":\"BreadcrumbList\",\"@id\":\"https:\/\/behinderung-und-flucht.isl-ev.de\/en\/faq-2\/supported-decision-making\/#breadcrumb\",\"itemListElement\":[{\"@type\":\"ListItem\",\"position\":1,\"name\":\"Startseite\",\"item\":\"https:\/\/behinderung-und-flucht.isl-ev.de\/en\/\"},{\"@type\":\"ListItem\",\"position\":2,\"name\":\"Informations\",\"item\":\"https:\/\/behinderung-und-flucht.isl-ev.de\/en\/faq-2\/\"},{\"@type\":\"ListItem\",\"position\":3,\"name\":\"Supported decision making\"}]},{\"@type\":\"WebSite\",\"@id\":\"https:\/\/behinderung-und-flucht.isl-ev.de\/en\/#website\",\"url\":\"https:\/\/behinderung-und-flucht.isl-ev.de\/en\/\",\"name\":\"Infoseite f\u00fcr gefl\u00fcchtete Menschen mit Behinderungen oder chronischen Erkrankungen\",\"description\":\"Informationen f\u00fcr gefl\u00fcchtete Menschen mit Behinderungen oder chronischen Erkrankungen\",\"publisher\":{\"@id\":\"https:\/\/behinderung-und-flucht.isl-ev.de\/en\/#organization\"},\"alternateName\":\"Infoseite f\u00fcr gefl\u00fcchtete Menschen mit Behinderungen\",\"potentialAction\":[{\"@type\":\"SearchAction\",\"target\":{\"@type\":\"EntryPoint\",\"urlTemplate\":\"https:\/\/behinderung-und-flucht.isl-ev.de\/en\/?s={search_term_string}\"},\"query-input\":\"required name=search_term_string\"}],\"inLanguage\":\"en-US\"},{\"@type\":\"Organization\",\"@id\":\"https:\/\/behinderung-und-flucht.isl-ev.de\/en\/#organization\",\"name\":\"Infoseite der Interessenvertretung Selbstbestimmt Leben in Deutschland e.V.\",\"url\":\"https:\/\/behinderung-und-flucht.isl-ev.de\/en\/\",\"logo\":{\"@type\":\"ImageObject\",\"inLanguage\":\"en-US\",\"@id\":\"https:\/\/behinderung-und-flucht.isl-ev.de\/en\/#\/schema\/logo\/image\/\",\"url\":\"https:\/\/behinderung-und-flucht.isl-ev.de\/wp-content\/uploads\/2022\/09\/logo-infoseite-04.svg\",\"contentUrl\":\"https:\/\/behinderung-und-flucht.isl-ev.de\/wp-content\/uploads\/2022\/09\/logo-infoseite-04.svg\",\"caption\":\"Infoseite der Interessenvertretung Selbstbestimmt Leben in Deutschland e.V.\"},\"image\":{\"@id\":\"https:\/\/behinderung-und-flucht.isl-ev.de\/en\/#\/schema\/logo\/image\/\"}}]}<\/script>\n<!-- \/ Yoast SEO plugin. -->","yoast_head_json":{"title":"Supported decision making - Infoseite der Interessenvertretung Selbstbestimmt Leben in Deutschland e.V.","robots":{"index":"index","follow":"follow","max-snippet":"max-snippet:-1","max-image-preview":"max-image-preview:large","max-video-preview":"max-video-preview:-1"},"canonical":"https:\/\/behinderung-und-flucht.isl-ev.de\/en\/faq-2\/supported-decision-making\/","og_locale":"en_US","og_type":"article","og_title":"Supported decision making - Infoseite der Interessenvertretung Selbstbestimmt Leben in Deutschland e.V.","og_description":"Currently only available in German language. Leicht und gut gemacht Unterst\u00fctzte Entscheidungsfindung, Leicht und gut gemacht Artikel 12 UN-BRK \u2013 Gleiche Anerkennung vor dem Recht[\u2026] (3) Die Vertragsstaaten treffen geeignete Ma\u00dfnahmen, umMenschen mit Behinderungen Zugang zu der Unterst\u00fctzung zuverschaffen, die sie bei der Aus\u00fcbung ihrer Rechts- und Handlungsf\u00e4higkeitgegebenenfalls ben\u00f6tigen. Die Brosch\u00fcre wurde von Menschen mit&hellip; Continue reading Supported decision making","og_url":"https:\/\/behinderung-und-flucht.isl-ev.de\/en\/faq-2\/supported-decision-making\/","og_site_name":"Infoseite der Interessenvertretung Selbstbestimmt Leben in Deutschland e.V.","article_modified_time":"2023-05-12T20:57:05+00:00","og_image":[{"url":"https:\/\/behinderung-und-flucht.isl-ev.de\/wp-content\/uploads\/2023\/03\/wuenschen-1024x982.png"}],"twitter_card":"summary_large_image","twitter_misc":{"Est. reading time":"2 minutes"},"schema":{"@context":"https:\/\/schema.org","@graph":[{"@type":"WebPage","@id":"https:\/\/behinderung-und-flucht.isl-ev.de\/en\/faq-2\/supported-decision-making\/","url":"https:\/\/behinderung-und-flucht.isl-ev.de\/en\/faq-2\/supported-decision-making\/","name":"Supported decision making - Infoseite der Interessenvertretung Selbstbestimmt Leben in Deutschland e.V.","isPartOf":{"@id":"https:\/\/behinderung-und-flucht.isl-ev.de\/en\/#website"},"datePublished":"2023-02-16T18:33:16+00:00","dateModified":"2023-05-12T20:57:05+00:00","breadcrumb":{"@id":"https:\/\/behinderung-und-flucht.isl-ev.de\/en\/faq-2\/supported-decision-making\/#breadcrumb"},"inLanguage":"en-US","potentialAction":[{"@type":"ReadAction","target":["https:\/\/behinderung-und-flucht.isl-ev.de\/en\/faq-2\/supported-decision-making\/"]}]},{"@type":"BreadcrumbList","@id":"https:\/\/behinderung-und-flucht.isl-ev.de\/en\/faq-2\/supported-decision-making\/#breadcrumb","itemListElement":[{"@type":"ListItem","position":1,"name":"Startseite","item":"https:\/\/behinderung-und-flucht.isl-ev.de\/en\/"},{"@type":"ListItem","position":2,"name":"Informations","item":"https:\/\/behinderung-und-flucht.isl-ev.de\/en\/faq-2\/"},{"@type":"ListItem","position":3,"name":"Supported decision making"}]},{"@type":"WebSite","@id":"https:\/\/behinderung-und-flucht.isl-ev.de\/en\/#website","url":"https:\/\/behinderung-und-flucht.isl-ev.de\/en\/","name":"Infoseite f\u00fcr gefl\u00fcchtete Menschen mit Behinderungen oder chronischen Erkrankungen","description":"Informationen f\u00fcr gefl\u00fcchtete Menschen mit Behinderungen oder chronischen Erkrankungen","publisher":{"@id":"https:\/\/behinderung-und-flucht.isl-ev.de\/en\/#organization"},"alternateName":"Infoseite f\u00fcr gefl\u00fcchtete Menschen mit Behinderungen","potentialAction":[{"@type":"SearchAction","target":{"@type":"EntryPoint","urlTemplate":"https:\/\/behinderung-und-flucht.isl-ev.de\/en\/?s={search_term_string}"},"query-input":"required name=search_term_string"}],"inLanguage":"en-US"},{"@type":"Organization","@id":"https:\/\/behinderung-und-flucht.isl-ev.de\/en\/#organization","name":"Infoseite der Interessenvertretung Selbstbestimmt Leben in Deutschland e.V.","url":"https:\/\/behinderung-und-flucht.isl-ev.de\/en\/","logo":{"@type":"ImageObject","inLanguage":"en-US","@id":"https:\/\/behinderung-und-flucht.isl-ev.de\/en\/#\/schema\/logo\/image\/","url":"https:\/\/behinderung-und-flucht.isl-ev.de\/wp-content\/uploads\/2022\/09\/logo-infoseite-04.svg","contentUrl":"https:\/\/behinderung-und-flucht.isl-ev.de\/wp-content\/uploads\/2022\/09\/logo-infoseite-04.svg","caption":"Infoseite der Interessenvertretung Selbstbestimmt Leben in Deutschland e.V."},"image":{"@id":"https:\/\/behinderung-und-flucht.isl-ev.de\/en\/#\/schema\/logo\/image\/"}}]}},"_links":{"self":[{"href":"https:\/\/behinderung-und-flucht.isl-ev.de\/en\/wp-json\/wp\/v2\/pages\/3846","targetHints":{"allow":["GET"]}}],"collection":[{"href":"https:\/\/behinderung-und-flucht.isl-ev.de\/en\/wp-json\/wp\/v2\/pages"}],"about":[{"href":"https:\/\/behinderung-und-flucht.isl-ev.de\/en\/wp-json\/wp\/v2\/types\/page"}],"author":[{"embeddable":true,"href":"https:\/\/behinderung-und-flucht.isl-ev.de\/en\/wp-json\/wp\/v2\/users\/1"}],"replies":[{"embeddable":true,"href":"https:\/\/behinderung-und-flucht.isl-ev.de\/en\/wp-json\/wp\/v2\/comments?post=3846"}],"version-history":[{"count":5,"href":"https:\/\/behinderung-und-flucht.isl-ev.de\/en\/wp-json\/wp\/v2\/pages\/3846\/revisions"}],"predecessor-version":[{"id":4341,"href":"https:\/\/behinderung-und-flucht.isl-ev.de\/en\/wp-json\/wp\/v2\/pages\/3846\/revisions\/4341"}],"up":[{"embeddable":true,"href":"https:\/\/behinderung-und-flucht.isl-ev.de\/en\/wp-json\/wp\/v2\/pages\/2196"}],"wp:attachment":[{"href":"https:\/\/behinderung-und-flucht.isl-ev.de\/en\/wp-json\/wp\/v2\/media?parent=3846"}],"wp:term":[{"taxonomy":"category","embeddable":true,"href":"https:\/\/behinderung-und-flucht.isl-ev.de\/en\/wp-json\/wp\/v2\/categories?post=3846"},{"taxonomy":"post_tag","embeddable":true,"href":"https:\/\/behinderung-und-flucht.isl-ev.de\/en\/wp-json\/wp\/v2\/tags?post=3846"}],"curies":[{"name":"wp","href":"https:\/\/api.w.org\/{rel}","templated":true}]}}