{"id":1467,"date":"2022-09-30T15:28:56","date_gmt":"2022-09-30T13:28:56","guid":{"rendered":"https:\/\/behinderung-und-flucht.isl-ev.de\/?page_id=1467"},"modified":"2022-09-30T15:28:58","modified_gmt":"2022-09-30T13:28:58","slug":"deaf-refugees","status":"publish","type":"page","link":"https:\/\/behinderung-und-flucht.isl-ev.de\/en\/beratung-selbsthilfe-en\/deaf-refugees\/","title":{"rendered":"Deaf Refugees"},"content":{"rendered":"\n<p><a href=\"https:\/\/www.deafrefugees.de\/en\/\">https:\/\/www.deafrefugees.de\/en\/<\/a><\/p>\n\n\n\n<p>Information on the home page for refugees:<\/p>\n\n\n\n<p>We are a nationwide network of various deaf associations and clubs at federal, state and local level and volunteers who collect barrier-free information especially for deaf refugees and provide contact persons.<\/p>\n\n\n\n<p>Under the heading <strong>&#8220;<a href=\"https:\/\/behinderung-und-flucht.isl-ev.de\/wp-content\/uploads\/2022\/08\/FAQ_Ukraine-Deutsch-Russisch-ukrainisch__2807-22.pdf\" data-type=\"attachment\" data-id=\"874\">FAQ<\/a>&#8220;<\/strong> there is general information such as applications, authorities, advice, interpreting requests and communicative<br>Support.<\/p>\n\n\n\n<p>Under the <strong>heading \u201c<a href=\"https:\/\/www.deafrefugees.de\/de\/dolmetscher\/\">interpreters<\/a>\u201c<\/strong>\u00a0you will find the list of contact points and contact persons.<\/p>\n\n\n\n<p>Under\u00a0<strong>\u201c<a href=\"https:\/\/www.deafrefugees.de\/en\/\">Home page<\/a>\u201c<\/strong>\u00a0there is a list of contact points that support sign language.<\/p>\n\n\n\n<p>On Instagram at\u00a0<a rel=\"noreferrer noopener\" href=\"https:\/\/www.instagram.com\/deafrefugees_de\/\" target=\"_blank\">@deafrefugees_de<\/a>\u00a0we post and share videos and updates in sign languages. Follow us there if you want to be kept up to date!<\/p>\n\n\n\n<p><strong>Deaf and on the run?<br><\/strong>Arriving in countries of asylum is particularly difficult for deaf refugees, since in Germany they are distributed according to the K\u00f6nigsstein key. However, deaf people only have limited offers in their language, the respective sign language. Even &#8220;barrier-free&#8221; advice or offers are not available everywhere. Therefore, it is important not to separate and isolate the deaf refugees, but to tie them together in one place. Among hearing refugees they would be on their own.<\/p>\n","protected":false},"excerpt":{"rendered":"<p>https:\/\/www.deafrefugees.de\/en\/ Information on the home page for refugees: We are a nationwide network of various deaf associations and clubs at federal, state and local level and volunteers who collect barrier-free information especially for deaf refugees and provide contact persons. Under the heading &#8220;FAQ&#8220; there is general information such as applications, authorities, advice, interpreting requests and&hellip; <a class=\"more-link\" href=\"https:\/\/behinderung-und-flucht.isl-ev.de\/en\/beratung-selbsthilfe-en\/deaf-refugees\/\">Continue reading <span class=\"screen-reader-text\">Deaf Refugees<\/span><\/a><\/p>\n","protected":false},"author":1,"featured_media":0,"parent":763,"menu_order":5,"comment_status":"closed","ping_status":"closed","template":"","meta":{"ub_ctt_via":"","inline_featured_image":false,"_themeisle_gutenberg_block_has_review":false,"_mc_calendar":[],"footnotes":""},"categories":[],"tags":[],"class_list":["post-1467","page","type-page","status-publish","hentry","entry"],"featured_image_src":null,"yoast_head":"<!-- This site is optimized with the Yoast SEO plugin v21.4 - https:\/\/yoast.com\/wordpress\/plugins\/seo\/ -->\n<title>Deaf Refugees - Infoseite der Interessenvertretung Selbstbestimmt Leben in Deutschland e.V.<\/title>\n<meta name=\"robots\" content=\"index, follow, max-snippet:-1, max-image-preview:large, max-video-preview:-1\" \/>\n<link rel=\"canonical\" href=\"https:\/\/behinderung-und-flucht.isl-ev.de\/en\/beratung-selbsthilfe-en\/deaf-refugees\/\" \/>\n<meta property=\"og:locale\" content=\"en_US\" \/>\n<meta property=\"og:type\" content=\"article\" \/>\n<meta property=\"og:title\" content=\"Deaf Refugees - Infoseite der Interessenvertretung Selbstbestimmt Leben in Deutschland e.V.\" \/>\n<meta property=\"og:description\" content=\"https:\/\/www.deafrefugees.de\/en\/ Information on the home page for refugees: We are a nationwide network of various deaf associations and clubs at federal, state and local level and volunteers who collect barrier-free information especially for deaf refugees and provide contact persons. Under the heading &#8220;FAQ&#8220; there is general information such as applications, authorities, advice, interpreting requests and&hellip; Continue reading Deaf Refugees\" \/>\n<meta property=\"og:url\" content=\"https:\/\/behinderung-und-flucht.isl-ev.de\/en\/beratung-selbsthilfe-en\/deaf-refugees\/\" \/>\n<meta property=\"og:site_name\" content=\"Infoseite der Interessenvertretung Selbstbestimmt Leben in Deutschland e.V.\" \/>\n<meta property=\"article:modified_time\" content=\"2022-09-30T13:28:58+00:00\" \/>\n<meta name=\"twitter:card\" content=\"summary_large_image\" \/>\n<meta name=\"twitter:label1\" content=\"Est. reading time\" \/>\n\t<meta name=\"twitter:data1\" content=\"1 minute\" \/>\n<script type=\"application\/ld+json\" class=\"yoast-schema-graph\">{\"@context\":\"https:\/\/schema.org\",\"@graph\":[{\"@type\":\"WebPage\",\"@id\":\"https:\/\/behinderung-und-flucht.isl-ev.de\/en\/beratung-selbsthilfe-en\/deaf-refugees\/\",\"url\":\"https:\/\/behinderung-und-flucht.isl-ev.de\/en\/beratung-selbsthilfe-en\/deaf-refugees\/\",\"name\":\"Deaf Refugees - Infoseite der Interessenvertretung Selbstbestimmt Leben in Deutschland e.V.\",\"isPartOf\":{\"@id\":\"https:\/\/behinderung-und-flucht.isl-ev.de\/en\/#website\"},\"datePublished\":\"2022-09-30T13:28:56+00:00\",\"dateModified\":\"2022-09-30T13:28:58+00:00\",\"breadcrumb\":{\"@id\":\"https:\/\/behinderung-und-flucht.isl-ev.de\/en\/beratung-selbsthilfe-en\/deaf-refugees\/#breadcrumb\"},\"inLanguage\":\"en-US\",\"potentialAction\":[{\"@type\":\"ReadAction\",\"target\":[\"https:\/\/behinderung-und-flucht.isl-ev.de\/en\/beratung-selbsthilfe-en\/deaf-refugees\/\"]}]},{\"@type\":\"BreadcrumbList\",\"@id\":\"https:\/\/behinderung-und-flucht.isl-ev.de\/en\/beratung-selbsthilfe-en\/deaf-refugees\/#breadcrumb\",\"itemListElement\":[{\"@type\":\"ListItem\",\"position\":1,\"name\":\"Startseite\",\"item\":\"https:\/\/behinderung-und-flucht.isl-ev.de\/en\/\"},{\"@type\":\"ListItem\",\"position\":2,\"name\":\"Counseling\/self-help\",\"item\":\"https:\/\/behinderung-und-flucht.isl-ev.de\/en\/beratung-selbsthilfe-en\/\"},{\"@type\":\"ListItem\",\"position\":3,\"name\":\"Deaf Refugees\"}]},{\"@type\":\"WebSite\",\"@id\":\"https:\/\/behinderung-und-flucht.isl-ev.de\/en\/#website\",\"url\":\"https:\/\/behinderung-und-flucht.isl-ev.de\/en\/\",\"name\":\"Infoseite f\u00fcr gefl\u00fcchtete Menschen mit Behinderungen oder chronischen Erkrankungen\",\"description\":\"Informationen f\u00fcr gefl\u00fcchtete Menschen mit Behinderungen oder chronischen Erkrankungen\",\"publisher\":{\"@id\":\"https:\/\/behinderung-und-flucht.isl-ev.de\/en\/#organization\"},\"alternateName\":\"Infoseite f\u00fcr gefl\u00fcchtete Menschen mit Behinderungen\",\"potentialAction\":[{\"@type\":\"SearchAction\",\"target\":{\"@type\":\"EntryPoint\",\"urlTemplate\":\"https:\/\/behinderung-und-flucht.isl-ev.de\/en\/?s={search_term_string}\"},\"query-input\":\"required name=search_term_string\"}],\"inLanguage\":\"en-US\"},{\"@type\":\"Organization\",\"@id\":\"https:\/\/behinderung-und-flucht.isl-ev.de\/en\/#organization\",\"name\":\"Infoseite der Interessenvertretung Selbstbestimmt Leben in Deutschland e.V.\",\"url\":\"https:\/\/behinderung-und-flucht.isl-ev.de\/en\/\",\"logo\":{\"@type\":\"ImageObject\",\"inLanguage\":\"en-US\",\"@id\":\"https:\/\/behinderung-und-flucht.isl-ev.de\/en\/#\/schema\/logo\/image\/\",\"url\":\"https:\/\/behinderung-und-flucht.isl-ev.de\/wp-content\/uploads\/2022\/09\/logo-infoseite-04.svg\",\"contentUrl\":\"https:\/\/behinderung-und-flucht.isl-ev.de\/wp-content\/uploads\/2022\/09\/logo-infoseite-04.svg\",\"caption\":\"Infoseite der Interessenvertretung Selbstbestimmt Leben in Deutschland e.V.\"},\"image\":{\"@id\":\"https:\/\/behinderung-und-flucht.isl-ev.de\/en\/#\/schema\/logo\/image\/\"}}]}<\/script>\n<!-- \/ Yoast SEO plugin. -->","yoast_head_json":{"title":"Deaf Refugees - Infoseite der Interessenvertretung Selbstbestimmt Leben in Deutschland e.V.","robots":{"index":"index","follow":"follow","max-snippet":"max-snippet:-1","max-image-preview":"max-image-preview:large","max-video-preview":"max-video-preview:-1"},"canonical":"https:\/\/behinderung-und-flucht.isl-ev.de\/en\/beratung-selbsthilfe-en\/deaf-refugees\/","og_locale":"en_US","og_type":"article","og_title":"Deaf Refugees - Infoseite der Interessenvertretung Selbstbestimmt Leben in Deutschland e.V.","og_description":"https:\/\/www.deafrefugees.de\/en\/ Information on the home page for refugees: We are a nationwide network of various deaf associations and clubs at federal, state and local level and volunteers who collect barrier-free information especially for deaf refugees and provide contact persons. Under the heading &#8220;FAQ&#8220; there is general information such as applications, authorities, advice, interpreting requests and&hellip; Continue reading Deaf Refugees","og_url":"https:\/\/behinderung-und-flucht.isl-ev.de\/en\/beratung-selbsthilfe-en\/deaf-refugees\/","og_site_name":"Infoseite der Interessenvertretung Selbstbestimmt Leben in Deutschland e.V.","article_modified_time":"2022-09-30T13:28:58+00:00","twitter_card":"summary_large_image","twitter_misc":{"Est. reading time":"1 minute"},"schema":{"@context":"https:\/\/schema.org","@graph":[{"@type":"WebPage","@id":"https:\/\/behinderung-und-flucht.isl-ev.de\/en\/beratung-selbsthilfe-en\/deaf-refugees\/","url":"https:\/\/behinderung-und-flucht.isl-ev.de\/en\/beratung-selbsthilfe-en\/deaf-refugees\/","name":"Deaf Refugees - Infoseite der Interessenvertretung Selbstbestimmt Leben in Deutschland e.V.","isPartOf":{"@id":"https:\/\/behinderung-und-flucht.isl-ev.de\/en\/#website"},"datePublished":"2022-09-30T13:28:56+00:00","dateModified":"2022-09-30T13:28:58+00:00","breadcrumb":{"@id":"https:\/\/behinderung-und-flucht.isl-ev.de\/en\/beratung-selbsthilfe-en\/deaf-refugees\/#breadcrumb"},"inLanguage":"en-US","potentialAction":[{"@type":"ReadAction","target":["https:\/\/behinderung-und-flucht.isl-ev.de\/en\/beratung-selbsthilfe-en\/deaf-refugees\/"]}]},{"@type":"BreadcrumbList","@id":"https:\/\/behinderung-und-flucht.isl-ev.de\/en\/beratung-selbsthilfe-en\/deaf-refugees\/#breadcrumb","itemListElement":[{"@type":"ListItem","position":1,"name":"Startseite","item":"https:\/\/behinderung-und-flucht.isl-ev.de\/en\/"},{"@type":"ListItem","position":2,"name":"Counseling\/self-help","item":"https:\/\/behinderung-und-flucht.isl-ev.de\/en\/beratung-selbsthilfe-en\/"},{"@type":"ListItem","position":3,"name":"Deaf Refugees"}]},{"@type":"WebSite","@id":"https:\/\/behinderung-und-flucht.isl-ev.de\/en\/#website","url":"https:\/\/behinderung-und-flucht.isl-ev.de\/en\/","name":"Infoseite f\u00fcr gefl\u00fcchtete Menschen mit Behinderungen oder chronischen Erkrankungen","description":"Informationen f\u00fcr gefl\u00fcchtete Menschen mit Behinderungen oder chronischen Erkrankungen","publisher":{"@id":"https:\/\/behinderung-und-flucht.isl-ev.de\/en\/#organization"},"alternateName":"Infoseite f\u00fcr gefl\u00fcchtete Menschen mit Behinderungen","potentialAction":[{"@type":"SearchAction","target":{"@type":"EntryPoint","urlTemplate":"https:\/\/behinderung-und-flucht.isl-ev.de\/en\/?s={search_term_string}"},"query-input":"required name=search_term_string"}],"inLanguage":"en-US"},{"@type":"Organization","@id":"https:\/\/behinderung-und-flucht.isl-ev.de\/en\/#organization","name":"Infoseite der Interessenvertretung Selbstbestimmt Leben in Deutschland e.V.","url":"https:\/\/behinderung-und-flucht.isl-ev.de\/en\/","logo":{"@type":"ImageObject","inLanguage":"en-US","@id":"https:\/\/behinderung-und-flucht.isl-ev.de\/en\/#\/schema\/logo\/image\/","url":"https:\/\/behinderung-und-flucht.isl-ev.de\/wp-content\/uploads\/2022\/09\/logo-infoseite-04.svg","contentUrl":"https:\/\/behinderung-und-flucht.isl-ev.de\/wp-content\/uploads\/2022\/09\/logo-infoseite-04.svg","caption":"Infoseite der Interessenvertretung Selbstbestimmt Leben in Deutschland e.V."},"image":{"@id":"https:\/\/behinderung-und-flucht.isl-ev.de\/en\/#\/schema\/logo\/image\/"}}]}},"_links":{"self":[{"href":"https:\/\/behinderung-und-flucht.isl-ev.de\/en\/wp-json\/wp\/v2\/pages\/1467","targetHints":{"allow":["GET"]}}],"collection":[{"href":"https:\/\/behinderung-und-flucht.isl-ev.de\/en\/wp-json\/wp\/v2\/pages"}],"about":[{"href":"https:\/\/behinderung-und-flucht.isl-ev.de\/en\/wp-json\/wp\/v2\/types\/page"}],"author":[{"embeddable":true,"href":"https:\/\/behinderung-und-flucht.isl-ev.de\/en\/wp-json\/wp\/v2\/users\/1"}],"replies":[{"embeddable":true,"href":"https:\/\/behinderung-und-flucht.isl-ev.de\/en\/wp-json\/wp\/v2\/comments?post=1467"}],"version-history":[{"count":1,"href":"https:\/\/behinderung-und-flucht.isl-ev.de\/en\/wp-json\/wp\/v2\/pages\/1467\/revisions"}],"predecessor-version":[{"id":1468,"href":"https:\/\/behinderung-und-flucht.isl-ev.de\/en\/wp-json\/wp\/v2\/pages\/1467\/revisions\/1468"}],"up":[{"embeddable":true,"href":"https:\/\/behinderung-und-flucht.isl-ev.de\/en\/wp-json\/wp\/v2\/pages\/763"}],"wp:attachment":[{"href":"https:\/\/behinderung-und-flucht.isl-ev.de\/en\/wp-json\/wp\/v2\/media?parent=1467"}],"wp:term":[{"taxonomy":"category","embeddable":true,"href":"https:\/\/behinderung-und-flucht.isl-ev.de\/en\/wp-json\/wp\/v2\/categories?post=1467"},{"taxonomy":"post_tag","embeddable":true,"href":"https:\/\/behinderung-und-flucht.isl-ev.de\/en\/wp-json\/wp\/v2\/tags?post=1467"}],"curies":[{"name":"wp","href":"https:\/\/api.w.org\/{rel}","templated":true}]}}